{"id":5014,"date":"2021-11-02T01:41:48","date_gmt":"2021-11-02T01:41:48","guid":{"rendered":"https:\/\/viisona.com\/shop\/non%20class\u00e9\/ic90pu-sonde-de-prelevement-dovules-et-poignee-pour-bouquetin\/"},"modified":"2024-08-01T21:38:20","modified_gmt":"2024-08-01T21:38:20","slug":"ic90pu-sonde-de-prelevement-dovules-et-poignee-pour-bouquetin","status":"publish","type":"product","link":"https:\/\/viisona.com\/fr\/product\/ic90pu-sonde-de-prelevement-dovules-et-poignee-pour-bouquetin\/","title":{"rendered":"iC90PU Sonde de pr\u00e9l\u00e8vement d&#8217;ovules et poign\u00e9e pour bouquetin"},"content":{"rendered":"<p><span style=\"font-weight: 400\">La sonde iC90PU et la poign\u00e9e d&#8217;aspiration OPU pour une \u00e9chographie transvaginale guid\u00e9e par aiguille pour les chevaux et les bovins. Utilis\u00e9 avec des aiguilles longues ou courtes pour la r\u00e9duction des follicules dominants, le pr\u00e9l\u00e8vement d&#8217;ovules, les biopsies, les perfusions ovariennes et la recherche scientifique. Avec une gamme de fr\u00e9quences de 5 \u00e0 10 MHz et une profondeur de balayage allant jusqu&#8217;\u00e0 14 cm, il s&#8217;agit d&#8217;un appareil l\u00e9ger et de petite taille, dot\u00e9 d&#8217;une poign\u00e9e r\u00e9glable et d&#8217;un positionnement am\u00e9lior\u00e9 du r\u00e9seau de transducteurs et de la sortie de l&#8217;aiguille pour les travaux sur l&#8217;OPU des \u00e9quid\u00e9s et des bovins et pour le balayage abdominal des petits animaux. <\/span><\/p>\n<p><span style=\"font-weight: 400\">Tous les c\u00e2bles EI Medical ont \u00e9t\u00e9 test\u00e9s \u00e0 1,2 million de cycles de flexion, ont une gaine de c\u00e2ble con\u00e7ue sur mesure pour une durabilit\u00e9 extr\u00eame, sont r\u00e9sistants aux produits chimiques et biocompatibles. Les c\u00e2bles de sonde d&#8217;EI Medical sont sp\u00e9cialement con\u00e7us pour \u00eatre utilis\u00e9s dans des environnements animaux difficiles. La gaine du c\u00e2ble en polyur\u00e9thane est extr\u00eamement durable, r\u00e9sistante aux produits chimiques et biocompatible conform\u00e9ment \u00e0 la classe VI de l&#8217;USP, le coaxial en alliage de cuivre et le blindage en alliage de cuivre ont \u00e9t\u00e9 d\u00e9velopp\u00e9s pour un allongement contr\u00f4l\u00e9, et des \u00e9l\u00e9ments de r\u00e9sistance en kevlar sont incorpor\u00e9s dans le faisceau de c\u00e2bles pour prot\u00e9ger le coaxial contre les ruptures.<\/span><\/p>\n","protected":false},"excerpt":{"rendered":"<p><span style=\"font-weight: 400\">iC90PU Sonde de pr\u00e9l\u00e8vement de l&#8217;ovule et poign\u00e9e pour les syst\u00e8mes d&#8217;\u00e9chographie PRO, LITE et HR <\/span><span style=\"font-weight: 400\">PRO, LITE et HR <\/span> <span style=\"font-weight: 400\">offre une profondeur de balayage allant jusqu&#8217;\u00e0 14 cm, une gamme de fr\u00e9quences de 5 \u00e0 10 MHz, et est con\u00e7u pour le pr\u00e9l\u00e8vement d&#8217;ovules chez les \u00e9quid\u00e9s et les bovins et pour le balayage abdominal des petits animaux. Tous les transducteurs sont con\u00e7us sp\u00e9cifiquement pour les environnements difficiles, mais si le pire se produit, <\/span><span style=\"font-weight: 400\">ils peuvent aussi \u00eatre r\u00e9par\u00e9s !<\/span><\/p>\n","protected":false},"featured_media":4590,"template":"","meta":{"_acf_changed":false,"inline_featured_image":false},"product_cat":[542,490,501,483],"product_tag":[820,790,800,818,819],"berocket_brand":[446],"class_list":{"0":"post-5014","1":"product","2":"type-product","3":"status-publish","4":"has-post-thumbnail","6":"product_cat-accessoires","7":"product_cat-producteurs","8":"product_cat-sondes","9":"product_cat-veterinaires","10":"product_tag-concues-pour-les-systemes-dechographie-ibex","11":"product_tag-ibex-fr","12":"product_tag-ibex-sonde","13":"product_tag-ic9opu-sonde","14":"product_tag-la-sonde-opu-ic9opu","15":"product_shipping_class-livraison-gratuite","16":"pa_applications-ramassage-de-lovule","17":"pa_species-bovins-de-boucherie","18":"pa_species-bovins-laitiers","19":"berocket_brand-ibex-fr","21":"first","22":"instock","23":"taxable","24":"shipping-taxable","25":"purchasable","26":"product-type-simple"},"acf":[],"yoast_head":"<!-- This site is optimized with the Yoast SEO plugin v26.8 - https:\/\/yoast.com\/product\/yoast-seo-wordpress\/ -->\n<title>iBex iC90PU Sonde de pr\u00e9l\u00e8vement d&#039;ovules et poign\u00e9e pour bouquetin | ViiSona<\/title>\n<meta name=\"description\" content=\"D\u00e9bloquez des diagnostics v\u00e9t\u00e9rinaires avanc\u00e9s avec la sonde OPU iC9OPU, con\u00e7ues pour les syst\u00e8mes d&#039;\u00e9chographie iBex. Con\u00e7ue pour le pr\u00e9l\u00e8vement d&#039;ovules chez les \u00e9quid\u00e9s et les bovins et pour l&#039;\u00e9chographie abdominale des petits animaux, elle offre une profondeur de balayage allant jusqu&#039;\u00e0 14 cm et une gamme de fr\u00e9quences de 5 \u00e0 10 MHz. Id\u00e9al pour les proc\u00e9dures \u00e9chographiques transvaginales guid\u00e9es par aiguille chez les chevaux et les bovins, il facilite la r\u00e9duction des follicules dominants, le pr\u00e9l\u00e8vement d&#039;ovules, la biopsie, etc. Gr\u00e2ce \u00e0 sa conception l\u00e9g\u00e8re et \u00e0 sa poign\u00e9e r\u00e9glable, il garantit un positionnement pr\u00e9cis pour des r\u00e9sultats exacts. De plus, sa construction robuste et ses c\u00e2bles durables r\u00e9sistent aux environnements exigeants, offrant ainsi une grande tranquillit\u00e9 d&#039;esprit. Compatible avec les syst\u00e8mes d&#039;\u00e9chographie iBex PRO, LITE et HR pour une int\u00e9gration transparente dans votre cabinet v\u00e9t\u00e9rinaire.\" \/>\n<meta name=\"robots\" content=\"index, follow, max-snippet:-1, max-image-preview:large, max-video-preview:-1\" \/>\n<link rel=\"canonical\" href=\"https:\/\/viisona.com\/fr\/product\/ic90pu-sonde-de-prelevement-dovules-et-poignee-pour-bouquetin\/\" \/>\n<meta property=\"og:locale\" content=\"fr_FR\" \/>\n<meta property=\"og:type\" content=\"article\" \/>\n<meta property=\"og:title\" content=\"iBex iC90PU Sonde de pr\u00e9l\u00e8vement d&#039;ovules et poign\u00e9e pour bouquetin | ViiSona\" \/>\n<meta property=\"og:description\" content=\"D\u00e9bloquez des diagnostics v\u00e9t\u00e9rinaires avanc\u00e9s avec la sonde OPU iC9OPU, con\u00e7ues pour les syst\u00e8mes d&#039;\u00e9chographie iBex. Con\u00e7ue pour le pr\u00e9l\u00e8vement d&#039;ovules chez les \u00e9quid\u00e9s et les bovins et pour l&#039;\u00e9chographie abdominale des petits animaux, elle offre une profondeur de balayage allant jusqu&#039;\u00e0 14 cm et une gamme de fr\u00e9quences de 5 \u00e0 10 MHz. Id\u00e9al pour les proc\u00e9dures \u00e9chographiques transvaginales guid\u00e9es par aiguille chez les chevaux et les bovins, il facilite la r\u00e9duction des follicules dominants, le pr\u00e9l\u00e8vement d&#039;ovules, la biopsie, etc. Gr\u00e2ce \u00e0 sa conception l\u00e9g\u00e8re et \u00e0 sa poign\u00e9e r\u00e9glable, il garantit un positionnement pr\u00e9cis pour des r\u00e9sultats exacts. De plus, sa construction robuste et ses c\u00e2bles durables r\u00e9sistent aux environnements exigeants, offrant ainsi une grande tranquillit\u00e9 d&#039;esprit. Compatible avec les syst\u00e8mes d&#039;\u00e9chographie iBex PRO, LITE et HR pour une int\u00e9gration transparente dans votre cabinet v\u00e9t\u00e9rinaire.\" \/>\n<meta property=\"og:url\" content=\"https:\/\/viisona.com\/fr\/product\/ic90pu-sonde-de-prelevement-dovules-et-poignee-pour-bouquetin\/\" \/>\n<meta property=\"og:site_name\" content=\"ViiSona\" \/>\n<meta property=\"article:modified_time\" content=\"2024-08-01T21:38:20+00:00\" \/>\n<meta property=\"og:image\" content=\"https:\/\/viisona.com\/wp-content\/uploads\/2021\/02\/highres_product_TEMPLATE_ibex_extension_arm.jpg\" \/>\n\t<meta property=\"og:image:width\" content=\"1080\" \/>\n\t<meta property=\"og:image:height\" content=\"1080\" \/>\n\t<meta property=\"og:image:type\" content=\"image\/jpeg\" \/>\n<meta name=\"twitter:card\" content=\"summary_large_image\" \/>\n<meta name=\"twitter:label1\" content=\"Dur\u00e9e de lecture estim\u00e9e\" \/>\n\t<meta name=\"twitter:data1\" content=\"2 minutes\" \/>\n<script type=\"application\/ld+json\" class=\"yoast-schema-graph\">{\"@context\":\"https:\/\/schema.org\",\"@graph\":[{\"@type\":\"WebPage\",\"@id\":\"https:\/\/viisona.com\/fr\/product\/ic90pu-sonde-de-prelevement-dovules-et-poignee-pour-bouquetin\/\",\"url\":\"https:\/\/viisona.com\/fr\/product\/ic90pu-sonde-de-prelevement-dovules-et-poignee-pour-bouquetin\/\",\"name\":\"iBex iC90PU Sonde de pr\u00e9l\u00e8vement d'ovules et poign\u00e9e pour bouquetin | ViiSona\",\"isPartOf\":{\"@id\":\"https:\/\/viisona.com\/fr\/#website\"},\"primaryImageOfPage\":{\"@id\":\"https:\/\/viisona.com\/fr\/product\/ic90pu-sonde-de-prelevement-dovules-et-poignee-pour-bouquetin\/#primaryimage\"},\"image\":{\"@id\":\"https:\/\/viisona.com\/fr\/product\/ic90pu-sonde-de-prelevement-dovules-et-poignee-pour-bouquetin\/#primaryimage\"},\"thumbnailUrl\":\"https:\/\/viisona.com\/wp-content\/uploads\/2021\/02\/highres_product_TEMPLATE_ibex_extension_arm.jpg\",\"datePublished\":\"2021-11-02T01:41:48+00:00\",\"dateModified\":\"2024-08-01T21:38:20+00:00\",\"description\":\"D\u00e9bloquez des diagnostics v\u00e9t\u00e9rinaires avanc\u00e9s avec la sonde OPU iC9OPU, con\u00e7ues pour les syst\u00e8mes d'\u00e9chographie iBex. Con\u00e7ue pour le pr\u00e9l\u00e8vement d'ovules chez les \u00e9quid\u00e9s et les bovins et pour l'\u00e9chographie abdominale des petits animaux, elle offre une profondeur de balayage allant jusqu'\u00e0 14 cm et une gamme de fr\u00e9quences de 5 \u00e0 10 MHz. Id\u00e9al pour les proc\u00e9dures \u00e9chographiques transvaginales guid\u00e9es par aiguille chez les chevaux et les bovins, il facilite la r\u00e9duction des follicules dominants, le pr\u00e9l\u00e8vement d'ovules, la biopsie, etc. Gr\u00e2ce \u00e0 sa conception l\u00e9g\u00e8re et \u00e0 sa poign\u00e9e r\u00e9glable, il garantit un positionnement pr\u00e9cis pour des r\u00e9sultats exacts. De plus, sa construction robuste et ses c\u00e2bles durables r\u00e9sistent aux environnements exigeants, offrant ainsi une grande tranquillit\u00e9 d'esprit. Compatible avec les syst\u00e8mes d'\u00e9chographie iBex PRO, LITE et HR pour une int\u00e9gration transparente dans votre cabinet v\u00e9t\u00e9rinaire.\",\"breadcrumb\":{\"@id\":\"https:\/\/viisona.com\/fr\/product\/ic90pu-sonde-de-prelevement-dovules-et-poignee-pour-bouquetin\/#breadcrumb\"},\"inLanguage\":\"fr-FR\",\"potentialAction\":[{\"@type\":\"ReadAction\",\"target\":[\"https:\/\/viisona.com\/fr\/product\/ic90pu-sonde-de-prelevement-dovules-et-poignee-pour-bouquetin\/\"]}]},{\"@type\":\"ImageObject\",\"inLanguage\":\"fr-FR\",\"@id\":\"https:\/\/viisona.com\/fr\/product\/ic90pu-sonde-de-prelevement-dovules-et-poignee-pour-bouquetin\/#primaryimage\",\"url\":\"https:\/\/viisona.com\/wp-content\/uploads\/2021\/02\/highres_product_TEMPLATE_ibex_extension_arm.jpg\",\"contentUrl\":\"https:\/\/viisona.com\/wp-content\/uploads\/2021\/02\/highres_product_TEMPLATE_ibex_extension_arm.jpg\",\"width\":1080,\"height\":1080},{\"@type\":\"BreadcrumbList\",\"@id\":\"https:\/\/viisona.com\/fr\/product\/ic90pu-sonde-de-prelevement-dovules-et-poignee-pour-bouquetin\/#breadcrumb\",\"itemListElement\":[{\"@type\":\"ListItem\",\"position\":1,\"name\":\"Home\",\"item\":\"https:\/\/viisona.com\/fr\/accueil\/\"},{\"@type\":\"ListItem\",\"position\":2,\"name\":\"Boutique\",\"item\":\"https:\/\/viisona.com\/fr\/boutique\/\"},{\"@type\":\"ListItem\",\"position\":3,\"name\":\"iC90PU Sonde de pr\u00e9l\u00e8vement d&rsquo;ovules et poign\u00e9e pour bouquetin\"}]},{\"@type\":\"WebSite\",\"@id\":\"https:\/\/viisona.com\/fr\/#website\",\"url\":\"https:\/\/viisona.com\/fr\/\",\"name\":\"ViiSona\",\"description\":\"Am\u00e9liorer les r\u00e9sultats pour les agriculteurs et les s\u00e9lectionneurs dans les communaut\u00e9s agricoles et de s\u00e9lection.\",\"publisher\":{\"@id\":\"https:\/\/viisona.com\/fr\/#organization\"},\"potentialAction\":[{\"@type\":\"SearchAction\",\"target\":{\"@type\":\"EntryPoint\",\"urlTemplate\":\"https:\/\/viisona.com\/fr\/?s={search_term_string}\"},\"query-input\":{\"@type\":\"PropertyValueSpecification\",\"valueRequired\":true,\"valueName\":\"search_term_string\"}}],\"inLanguage\":\"fr-FR\"},{\"@type\":\"Organization\",\"@id\":\"https:\/\/viisona.com\/fr\/#organization\",\"name\":\"ViiSona\",\"url\":\"https:\/\/viisona.com\/fr\/\",\"logo\":{\"@type\":\"ImageObject\",\"inLanguage\":\"fr-FR\",\"@id\":\"https:\/\/viisona.com\/fr\/#\/schema\/logo\/image\/\",\"url\":\"https:\/\/viisona.com\/wp-content\/uploads\/2020\/08\/viisona_1_FULLY_RASTERED.png\",\"contentUrl\":\"https:\/\/viisona.com\/wp-content\/uploads\/2020\/08\/viisona_1_FULLY_RASTERED.png\",\"width\":1080,\"height\":307,\"caption\":\"ViiSona\"},\"image\":{\"@id\":\"https:\/\/viisona.com\/fr\/#\/schema\/logo\/image\/\"}}]}<\/script>\n<!-- \/ Yoast SEO plugin. -->","yoast_head_json":{"title":"iBex iC90PU Sonde de pr\u00e9l\u00e8vement d'ovules et poign\u00e9e pour bouquetin | ViiSona","description":"D\u00e9bloquez des diagnostics v\u00e9t\u00e9rinaires avanc\u00e9s avec la sonde OPU iC9OPU, con\u00e7ues pour les syst\u00e8mes d'\u00e9chographie iBex. Con\u00e7ue pour le pr\u00e9l\u00e8vement d'ovules chez les \u00e9quid\u00e9s et les bovins et pour l'\u00e9chographie abdominale des petits animaux, elle offre une profondeur de balayage allant jusqu'\u00e0 14 cm et une gamme de fr\u00e9quences de 5 \u00e0 10 MHz. Id\u00e9al pour les proc\u00e9dures \u00e9chographiques transvaginales guid\u00e9es par aiguille chez les chevaux et les bovins, il facilite la r\u00e9duction des follicules dominants, le pr\u00e9l\u00e8vement d'ovules, la biopsie, etc. Gr\u00e2ce \u00e0 sa conception l\u00e9g\u00e8re et \u00e0 sa poign\u00e9e r\u00e9glable, il garantit un positionnement pr\u00e9cis pour des r\u00e9sultats exacts. De plus, sa construction robuste et ses c\u00e2bles durables r\u00e9sistent aux environnements exigeants, offrant ainsi une grande tranquillit\u00e9 d'esprit. Compatible avec les syst\u00e8mes d'\u00e9chographie iBex PRO, LITE et HR pour une int\u00e9gration transparente dans votre cabinet v\u00e9t\u00e9rinaire.","robots":{"index":"index","follow":"follow","max-snippet":"max-snippet:-1","max-image-preview":"max-image-preview:large","max-video-preview":"max-video-preview:-1"},"canonical":"https:\/\/viisona.com\/fr\/product\/ic90pu-sonde-de-prelevement-dovules-et-poignee-pour-bouquetin\/","og_locale":"fr_FR","og_type":"article","og_title":"iBex iC90PU Sonde de pr\u00e9l\u00e8vement d'ovules et poign\u00e9e pour bouquetin | ViiSona","og_description":"D\u00e9bloquez des diagnostics v\u00e9t\u00e9rinaires avanc\u00e9s avec la sonde OPU iC9OPU, con\u00e7ues pour les syst\u00e8mes d'\u00e9chographie iBex. Con\u00e7ue pour le pr\u00e9l\u00e8vement d'ovules chez les \u00e9quid\u00e9s et les bovins et pour l'\u00e9chographie abdominale des petits animaux, elle offre une profondeur de balayage allant jusqu'\u00e0 14 cm et une gamme de fr\u00e9quences de 5 \u00e0 10 MHz. Id\u00e9al pour les proc\u00e9dures \u00e9chographiques transvaginales guid\u00e9es par aiguille chez les chevaux et les bovins, il facilite la r\u00e9duction des follicules dominants, le pr\u00e9l\u00e8vement d'ovules, la biopsie, etc. Gr\u00e2ce \u00e0 sa conception l\u00e9g\u00e8re et \u00e0 sa poign\u00e9e r\u00e9glable, il garantit un positionnement pr\u00e9cis pour des r\u00e9sultats exacts. De plus, sa construction robuste et ses c\u00e2bles durables r\u00e9sistent aux environnements exigeants, offrant ainsi une grande tranquillit\u00e9 d'esprit. Compatible avec les syst\u00e8mes d'\u00e9chographie iBex PRO, LITE et HR pour une int\u00e9gration transparente dans votre cabinet v\u00e9t\u00e9rinaire.","og_url":"https:\/\/viisona.com\/fr\/product\/ic90pu-sonde-de-prelevement-dovules-et-poignee-pour-bouquetin\/","og_site_name":"ViiSona","article_modified_time":"2024-08-01T21:38:20+00:00","og_image":[{"width":1080,"height":1080,"url":"https:\/\/viisona.com\/wp-content\/uploads\/2021\/02\/highres_product_TEMPLATE_ibex_extension_arm.jpg","type":"image\/jpeg"}],"twitter_card":"summary_large_image","twitter_misc":{"Dur\u00e9e de lecture estim\u00e9e":"2 minutes"},"schema":{"@context":"https:\/\/schema.org","@graph":[{"@type":"WebPage","@id":"https:\/\/viisona.com\/fr\/product\/ic90pu-sonde-de-prelevement-dovules-et-poignee-pour-bouquetin\/","url":"https:\/\/viisona.com\/fr\/product\/ic90pu-sonde-de-prelevement-dovules-et-poignee-pour-bouquetin\/","name":"iBex iC90PU Sonde de pr\u00e9l\u00e8vement d'ovules et poign\u00e9e pour bouquetin | ViiSona","isPartOf":{"@id":"https:\/\/viisona.com\/fr\/#website"},"primaryImageOfPage":{"@id":"https:\/\/viisona.com\/fr\/product\/ic90pu-sonde-de-prelevement-dovules-et-poignee-pour-bouquetin\/#primaryimage"},"image":{"@id":"https:\/\/viisona.com\/fr\/product\/ic90pu-sonde-de-prelevement-dovules-et-poignee-pour-bouquetin\/#primaryimage"},"thumbnailUrl":"https:\/\/viisona.com\/wp-content\/uploads\/2021\/02\/highres_product_TEMPLATE_ibex_extension_arm.jpg","datePublished":"2021-11-02T01:41:48+00:00","dateModified":"2024-08-01T21:38:20+00:00","description":"D\u00e9bloquez des diagnostics v\u00e9t\u00e9rinaires avanc\u00e9s avec la sonde OPU iC9OPU, con\u00e7ues pour les syst\u00e8mes d'\u00e9chographie iBex. Con\u00e7ue pour le pr\u00e9l\u00e8vement d'ovules chez les \u00e9quid\u00e9s et les bovins et pour l'\u00e9chographie abdominale des petits animaux, elle offre une profondeur de balayage allant jusqu'\u00e0 14 cm et une gamme de fr\u00e9quences de 5 \u00e0 10 MHz. Id\u00e9al pour les proc\u00e9dures \u00e9chographiques transvaginales guid\u00e9es par aiguille chez les chevaux et les bovins, il facilite la r\u00e9duction des follicules dominants, le pr\u00e9l\u00e8vement d'ovules, la biopsie, etc. Gr\u00e2ce \u00e0 sa conception l\u00e9g\u00e8re et \u00e0 sa poign\u00e9e r\u00e9glable, il garantit un positionnement pr\u00e9cis pour des r\u00e9sultats exacts. De plus, sa construction robuste et ses c\u00e2bles durables r\u00e9sistent aux environnements exigeants, offrant ainsi une grande tranquillit\u00e9 d'esprit. Compatible avec les syst\u00e8mes d'\u00e9chographie iBex PRO, LITE et HR pour une int\u00e9gration transparente dans votre cabinet v\u00e9t\u00e9rinaire.","breadcrumb":{"@id":"https:\/\/viisona.com\/fr\/product\/ic90pu-sonde-de-prelevement-dovules-et-poignee-pour-bouquetin\/#breadcrumb"},"inLanguage":"fr-FR","potentialAction":[{"@type":"ReadAction","target":["https:\/\/viisona.com\/fr\/product\/ic90pu-sonde-de-prelevement-dovules-et-poignee-pour-bouquetin\/"]}]},{"@type":"ImageObject","inLanguage":"fr-FR","@id":"https:\/\/viisona.com\/fr\/product\/ic90pu-sonde-de-prelevement-dovules-et-poignee-pour-bouquetin\/#primaryimage","url":"https:\/\/viisona.com\/wp-content\/uploads\/2021\/02\/highres_product_TEMPLATE_ibex_extension_arm.jpg","contentUrl":"https:\/\/viisona.com\/wp-content\/uploads\/2021\/02\/highres_product_TEMPLATE_ibex_extension_arm.jpg","width":1080,"height":1080},{"@type":"BreadcrumbList","@id":"https:\/\/viisona.com\/fr\/product\/ic90pu-sonde-de-prelevement-dovules-et-poignee-pour-bouquetin\/#breadcrumb","itemListElement":[{"@type":"ListItem","position":1,"name":"Home","item":"https:\/\/viisona.com\/fr\/accueil\/"},{"@type":"ListItem","position":2,"name":"Boutique","item":"https:\/\/viisona.com\/fr\/boutique\/"},{"@type":"ListItem","position":3,"name":"iC90PU Sonde de pr\u00e9l\u00e8vement d&rsquo;ovules et poign\u00e9e pour bouquetin"}]},{"@type":"WebSite","@id":"https:\/\/viisona.com\/fr\/#website","url":"https:\/\/viisona.com\/fr\/","name":"ViiSona","description":"Am\u00e9liorer les r\u00e9sultats pour les agriculteurs et les s\u00e9lectionneurs dans les communaut\u00e9s agricoles et de s\u00e9lection.","publisher":{"@id":"https:\/\/viisona.com\/fr\/#organization"},"potentialAction":[{"@type":"SearchAction","target":{"@type":"EntryPoint","urlTemplate":"https:\/\/viisona.com\/fr\/?s={search_term_string}"},"query-input":{"@type":"PropertyValueSpecification","valueRequired":true,"valueName":"search_term_string"}}],"inLanguage":"fr-FR"},{"@type":"Organization","@id":"https:\/\/viisona.com\/fr\/#organization","name":"ViiSona","url":"https:\/\/viisona.com\/fr\/","logo":{"@type":"ImageObject","inLanguage":"fr-FR","@id":"https:\/\/viisona.com\/fr\/#\/schema\/logo\/image\/","url":"https:\/\/viisona.com\/wp-content\/uploads\/2020\/08\/viisona_1_FULLY_RASTERED.png","contentUrl":"https:\/\/viisona.com\/wp-content\/uploads\/2020\/08\/viisona_1_FULLY_RASTERED.png","width":1080,"height":307,"caption":"ViiSona"},"image":{"@id":"https:\/\/viisona.com\/fr\/#\/schema\/logo\/image\/"}}]}},"jetpack_sharing_enabled":true,"_links":{"self":[{"href":"https:\/\/viisona.com\/fr\/wp-json\/wp\/v2\/product\/5014","targetHints":{"allow":["GET"]}}],"collection":[{"href":"https:\/\/viisona.com\/fr\/wp-json\/wp\/v2\/product"}],"about":[{"href":"https:\/\/viisona.com\/fr\/wp-json\/wp\/v2\/types\/product"}],"wp:featuredmedia":[{"embeddable":true,"href":"https:\/\/viisona.com\/fr\/wp-json\/wp\/v2\/media\/4590"}],"wp:attachment":[{"href":"https:\/\/viisona.com\/fr\/wp-json\/wp\/v2\/media?parent=5014"}],"wp:term":[{"taxonomy":"product_cat","embeddable":true,"href":"https:\/\/viisona.com\/fr\/wp-json\/wp\/v2\/product_cat?post=5014"},{"taxonomy":"product_tag","embeddable":true,"href":"https:\/\/viisona.com\/fr\/wp-json\/wp\/v2\/product_tag?post=5014"},{"taxonomy":"berocket_brand","embeddable":true,"href":"https:\/\/viisona.com\/fr\/wp-json\/wp\/v2\/berocket_brand?post=5014"}],"curies":[{"name":"wp","href":"https:\/\/api.w.org\/{rel}","templated":true}]}}