{"id":5012,"date":"2021-12-02T02:32:59","date_gmt":"2021-12-02T02:32:59","guid":{"rendered":"https:\/\/viisona.com\/shop\/non%20class\u00e9\/l3-8as-transducteur-lineaire-pour-ibex\/"},"modified":"2024-08-01T21:25:11","modified_gmt":"2024-08-01T21:25:11","slug":"l3-8as-transducteur-lineaire-pour-ibex","status":"publish","type":"product","link":"https:\/\/viisona.com\/fr\/product\/l3-8as-transducteur-lineaire-pour-ibex\/","title":{"rendered":"L3.8As Transducteur lin\u00e9aire pour iBex"},"content":{"rendered":"<p><span style=\"font-weight: 400\">Le transducteur lin\u00e9aire \u00e0 basse fr\u00e9quence (2,5-5 MHz) offre une profondeur de balayage de 17 cm. Gr\u00e2ce \u00e0 sa basse fr\u00e9quence, \u00e0 sa profondeur de p\u00e9n\u00e9tration et \u00e0 sa grande empreinte, la sonde L3.8As est con\u00e7ue pour l&#8217;examen du m\u00e9rite des carcasses de bovins et s&#8217;associe aux syst\u00e8mes d&#8217;\u00e9chographie PRO, LITE et HR. <\/span><\/p>\n<p><span style=\"font-weight: 400\">Tous les c\u00e2bles EI Medical ont \u00e9t\u00e9 test\u00e9s \u00e0 1,2 million de cycles de flexion, ont une gaine de c\u00e2ble con\u00e7ue sur mesure pour une durabilit\u00e9 extr\u00eame, sont r\u00e9sistants aux produits chimiques et biocompatibles. Les c\u00e2bles de sonde d&#8217;EI Medical sont sp\u00e9cialement con\u00e7us pour \u00eatre utilis\u00e9s dans des environnements animaux difficiles. La gaine du c\u00e2ble en polyur\u00e9thane est extr\u00eamement durable, r\u00e9sistante aux produits chimiques et biocompatible selon USP Class VI, le coaxial en alliage de cuivre et le blindage en alliage de cuivre ont \u00e9t\u00e9 d\u00e9velopp\u00e9s pour un allongement contr\u00f4l\u00e9, et des \u00e9l\u00e9ments de r\u00e9sistance en kevlar sont incorpor\u00e9s dans le faisceau de c\u00e2bles pour prot\u00e9ger le coaxial contre les ruptures.<\/span><\/p>\n<p><span style=\"font-weight: 400\">Compatible avec les mod\u00e8les PRO, LITE et HR Ultrasound. <\/span><\/p>\n<p><span style=\"font-weight: 400\">Garantie du fabricant &#8211; 1 an<\/span><\/p>\n","protected":false},"excerpt":{"rendered":"<p><span style=\"font-weight: 400\">Le transducteur lin\u00e9aire basse fr\u00e9quence 2,5-5 MHz offre une profondeur de balayage jusqu&#8217;\u00e0 17 cm. Il est con\u00e7u pour le m\u00e9rite des carcasses de bovins et s&#8217;associe aux syst\u00e8mes d&#8217;\u00e9chographie des mod\u00e8les PRO, LITE et HR. Tous les transducteurs sont con\u00e7us sp\u00e9cifiquement pour les environnements difficiles, mais si le pire se produit, ils peuvent \u00e9galement \u00eatre r\u00e9par\u00e9s !<\/span><\/p>\n<p>&nbsp;<\/p>\n<p>&nbsp;<\/p>\n","protected":false},"featured_media":4830,"template":"","meta":{"_acf_changed":false,"inline_featured_image":false},"product_cat":[500,490,501,483],"product_tag":[790],"berocket_brand":[446],"class_list":{"0":"post-5012","1":"product","2":"type-product","3":"status-publish","4":"has-post-thumbnail","6":"product_cat-eleveurs","7":"product_cat-producteurs","8":"product_cat-sondes","9":"product_cat-veterinaires","10":"product_tag-ibex-fr","11":"product_shipping_class-livraison-gratuite","12":"pa_applications-carcas-merit-fr","13":"pa_species-bovins-de-boucherie","14":"berocket_brand-ibex-fr","16":"first","17":"instock","18":"taxable","19":"shipping-taxable","20":"purchasable","21":"product-type-simple"},"acf":[],"yoast_head":"<!-- This site is optimized with the Yoast SEO plugin v26.8 - https:\/\/yoast.com\/product\/yoast-seo-wordpress\/ -->\n<title>iBex L3.8As Transducteur lin\u00e9aire pour iBex | ViiSona<\/title>\n<meta name=\"description\" content=\"La sonde lin\u00e9aire EI Medical L3.8AS Bovine - Carcasse est con\u00e7ue pour des performances d&#039;imagerie robustes, sp\u00e9cialement adapt\u00e9es aux examens de m\u00e9rite des carcasses de bovins. Fonctionnant \u00e0 une basse fr\u00e9quence de 2,5-5 MHz avec 128 cristaux, ce transducteur lin\u00e9aire offre une profondeur de balayage remarquable de 17 cm, id\u00e9ale pour les \u00e9valuations approfondies. Con\u00e7u pour s&#039;int\u00e9grer parfaitement aux syst\u00e8mes d&#039;\u00e9chographie PRO, LITE et HR, il garantit la compatibilit\u00e9 et la polyvalence dans diverses configurations. Con\u00e7ue pour r\u00e9sister aux environnements difficiles, cette sonde est tr\u00e8s durable et r\u00e9parable si n\u00e9cessaire. Les c\u00e2bles d&#039;EI Medical sont soumis \u00e0 des tests rigoureux pour assurer leur durabilit\u00e9, leur r\u00e9sistance chimique et leur biocompatibilit\u00e9, ce qui garantit des performances fiables dans les environnements animaliers difficiles.\" \/>\n<meta name=\"robots\" content=\"index, follow, max-snippet:-1, max-image-preview:large, max-video-preview:-1\" \/>\n<link rel=\"canonical\" href=\"https:\/\/viisona.com\/fr\/product\/l3-8as-transducteur-lineaire-pour-ibex\/\" \/>\n<meta property=\"og:locale\" content=\"fr_FR\" \/>\n<meta property=\"og:type\" content=\"article\" \/>\n<meta property=\"og:title\" content=\"iBex L3.8As Transducteur lin\u00e9aire pour iBex | ViiSona\" \/>\n<meta property=\"og:description\" content=\"La sonde lin\u00e9aire EI Medical L3.8AS Bovine - Carcasse est con\u00e7ue pour des performances d&#039;imagerie robustes, sp\u00e9cialement adapt\u00e9es aux examens de m\u00e9rite des carcasses de bovins. Fonctionnant \u00e0 une basse fr\u00e9quence de 2,5-5 MHz avec 128 cristaux, ce transducteur lin\u00e9aire offre une profondeur de balayage remarquable de 17 cm, id\u00e9ale pour les \u00e9valuations approfondies. Con\u00e7u pour s&#039;int\u00e9grer parfaitement aux syst\u00e8mes d&#039;\u00e9chographie PRO, LITE et HR, il garantit la compatibilit\u00e9 et la polyvalence dans diverses configurations. Con\u00e7ue pour r\u00e9sister aux environnements difficiles, cette sonde est tr\u00e8s durable et r\u00e9parable si n\u00e9cessaire. Les c\u00e2bles d&#039;EI Medical sont soumis \u00e0 des tests rigoureux pour assurer leur durabilit\u00e9, leur r\u00e9sistance chimique et leur biocompatibilit\u00e9, ce qui garantit des performances fiables dans les environnements animaliers difficiles.\" \/>\n<meta property=\"og:url\" content=\"https:\/\/viisona.com\/fr\/product\/l3-8as-transducteur-lineaire-pour-ibex\/\" \/>\n<meta property=\"og:site_name\" content=\"ViiSona\" \/>\n<meta property=\"article:modified_time\" content=\"2024-08-01T21:25:11+00:00\" \/>\n<meta property=\"og:image\" content=\"https:\/\/viisona.com\/wp-content\/uploads\/2021\/12\/L38AS-PRO-LITE-square.jpg\" \/>\n\t<meta property=\"og:image:width\" content=\"1920\" \/>\n\t<meta property=\"og:image:height\" content=\"1920\" \/>\n\t<meta property=\"og:image:type\" content=\"image\/jpeg\" \/>\n<meta name=\"twitter:card\" content=\"summary_large_image\" \/>\n<meta name=\"twitter:label1\" content=\"Dur\u00e9e de lecture estim\u00e9e\" \/>\n\t<meta name=\"twitter:data1\" content=\"1 minute\" \/>\n<script type=\"application\/ld+json\" class=\"yoast-schema-graph\">{\"@context\":\"https:\/\/schema.org\",\"@graph\":[{\"@type\":\"WebPage\",\"@id\":\"https:\/\/viisona.com\/fr\/product\/l3-8as-transducteur-lineaire-pour-ibex\/\",\"url\":\"https:\/\/viisona.com\/fr\/product\/l3-8as-transducteur-lineaire-pour-ibex\/\",\"name\":\"iBex L3.8As Transducteur lin\u00e9aire pour iBex | ViiSona\",\"isPartOf\":{\"@id\":\"https:\/\/viisona.com\/fr\/#website\"},\"primaryImageOfPage\":{\"@id\":\"https:\/\/viisona.com\/fr\/product\/l3-8as-transducteur-lineaire-pour-ibex\/#primaryimage\"},\"image\":{\"@id\":\"https:\/\/viisona.com\/fr\/product\/l3-8as-transducteur-lineaire-pour-ibex\/#primaryimage\"},\"thumbnailUrl\":\"https:\/\/viisona.com\/wp-content\/uploads\/2021\/12\/L38AS-PRO-LITE-square.jpg\",\"datePublished\":\"2021-12-02T02:32:59+00:00\",\"dateModified\":\"2024-08-01T21:25:11+00:00\",\"description\":\"La sonde lin\u00e9aire EI Medical L3.8AS Bovine - Carcasse est con\u00e7ue pour des performances d'imagerie robustes, sp\u00e9cialement adapt\u00e9es aux examens de m\u00e9rite des carcasses de bovins. Fonctionnant \u00e0 une basse fr\u00e9quence de 2,5-5 MHz avec 128 cristaux, ce transducteur lin\u00e9aire offre une profondeur de balayage remarquable de 17 cm, id\u00e9ale pour les \u00e9valuations approfondies. Con\u00e7u pour s'int\u00e9grer parfaitement aux syst\u00e8mes d'\u00e9chographie PRO, LITE et HR, il garantit la compatibilit\u00e9 et la polyvalence dans diverses configurations. Con\u00e7ue pour r\u00e9sister aux environnements difficiles, cette sonde est tr\u00e8s durable et r\u00e9parable si n\u00e9cessaire. Les c\u00e2bles d'EI Medical sont soumis \u00e0 des tests rigoureux pour assurer leur durabilit\u00e9, leur r\u00e9sistance chimique et leur biocompatibilit\u00e9, ce qui garantit des performances fiables dans les environnements animaliers difficiles.\",\"breadcrumb\":{\"@id\":\"https:\/\/viisona.com\/fr\/product\/l3-8as-transducteur-lineaire-pour-ibex\/#breadcrumb\"},\"inLanguage\":\"fr-FR\",\"potentialAction\":[{\"@type\":\"ReadAction\",\"target\":[\"https:\/\/viisona.com\/fr\/product\/l3-8as-transducteur-lineaire-pour-ibex\/\"]}]},{\"@type\":\"ImageObject\",\"inLanguage\":\"fr-FR\",\"@id\":\"https:\/\/viisona.com\/fr\/product\/l3-8as-transducteur-lineaire-pour-ibex\/#primaryimage\",\"url\":\"https:\/\/viisona.com\/wp-content\/uploads\/2021\/12\/L38AS-PRO-LITE-square.jpg\",\"contentUrl\":\"https:\/\/viisona.com\/wp-content\/uploads\/2021\/12\/L38AS-PRO-LITE-square.jpg\",\"width\":1920,\"height\":1920},{\"@type\":\"BreadcrumbList\",\"@id\":\"https:\/\/viisona.com\/fr\/product\/l3-8as-transducteur-lineaire-pour-ibex\/#breadcrumb\",\"itemListElement\":[{\"@type\":\"ListItem\",\"position\":1,\"name\":\"Home\",\"item\":\"https:\/\/viisona.com\/fr\/accueil\/\"},{\"@type\":\"ListItem\",\"position\":2,\"name\":\"Boutique\",\"item\":\"https:\/\/viisona.com\/fr\/boutique\/\"},{\"@type\":\"ListItem\",\"position\":3,\"name\":\"L3.8As Transducteur lin\u00e9aire pour iBex\"}]},{\"@type\":\"WebSite\",\"@id\":\"https:\/\/viisona.com\/fr\/#website\",\"url\":\"https:\/\/viisona.com\/fr\/\",\"name\":\"ViiSona\",\"description\":\"Am\u00e9liorer les r\u00e9sultats pour les agriculteurs et les s\u00e9lectionneurs dans les communaut\u00e9s agricoles et de s\u00e9lection.\",\"publisher\":{\"@id\":\"https:\/\/viisona.com\/fr\/#organization\"},\"potentialAction\":[{\"@type\":\"SearchAction\",\"target\":{\"@type\":\"EntryPoint\",\"urlTemplate\":\"https:\/\/viisona.com\/fr\/?s={search_term_string}\"},\"query-input\":{\"@type\":\"PropertyValueSpecification\",\"valueRequired\":true,\"valueName\":\"search_term_string\"}}],\"inLanguage\":\"fr-FR\"},{\"@type\":\"Organization\",\"@id\":\"https:\/\/viisona.com\/fr\/#organization\",\"name\":\"ViiSona\",\"url\":\"https:\/\/viisona.com\/fr\/\",\"logo\":{\"@type\":\"ImageObject\",\"inLanguage\":\"fr-FR\",\"@id\":\"https:\/\/viisona.com\/fr\/#\/schema\/logo\/image\/\",\"url\":\"https:\/\/viisona.com\/wp-content\/uploads\/2020\/08\/viisona_1_FULLY_RASTERED.png\",\"contentUrl\":\"https:\/\/viisona.com\/wp-content\/uploads\/2020\/08\/viisona_1_FULLY_RASTERED.png\",\"width\":1080,\"height\":307,\"caption\":\"ViiSona\"},\"image\":{\"@id\":\"https:\/\/viisona.com\/fr\/#\/schema\/logo\/image\/\"}}]}<\/script>\n<!-- \/ Yoast SEO plugin. -->","yoast_head_json":{"title":"iBex L3.8As Transducteur lin\u00e9aire pour iBex | ViiSona","description":"La sonde lin\u00e9aire EI Medical L3.8AS Bovine - Carcasse est con\u00e7ue pour des performances d'imagerie robustes, sp\u00e9cialement adapt\u00e9es aux examens de m\u00e9rite des carcasses de bovins. Fonctionnant \u00e0 une basse fr\u00e9quence de 2,5-5 MHz avec 128 cristaux, ce transducteur lin\u00e9aire offre une profondeur de balayage remarquable de 17 cm, id\u00e9ale pour les \u00e9valuations approfondies. Con\u00e7u pour s'int\u00e9grer parfaitement aux syst\u00e8mes d'\u00e9chographie PRO, LITE et HR, il garantit la compatibilit\u00e9 et la polyvalence dans diverses configurations. Con\u00e7ue pour r\u00e9sister aux environnements difficiles, cette sonde est tr\u00e8s durable et r\u00e9parable si n\u00e9cessaire. Les c\u00e2bles d'EI Medical sont soumis \u00e0 des tests rigoureux pour assurer leur durabilit\u00e9, leur r\u00e9sistance chimique et leur biocompatibilit\u00e9, ce qui garantit des performances fiables dans les environnements animaliers difficiles.","robots":{"index":"index","follow":"follow","max-snippet":"max-snippet:-1","max-image-preview":"max-image-preview:large","max-video-preview":"max-video-preview:-1"},"canonical":"https:\/\/viisona.com\/fr\/product\/l3-8as-transducteur-lineaire-pour-ibex\/","og_locale":"fr_FR","og_type":"article","og_title":"iBex L3.8As Transducteur lin\u00e9aire pour iBex | ViiSona","og_description":"La sonde lin\u00e9aire EI Medical L3.8AS Bovine - Carcasse est con\u00e7ue pour des performances d'imagerie robustes, sp\u00e9cialement adapt\u00e9es aux examens de m\u00e9rite des carcasses de bovins. Fonctionnant \u00e0 une basse fr\u00e9quence de 2,5-5 MHz avec 128 cristaux, ce transducteur lin\u00e9aire offre une profondeur de balayage remarquable de 17 cm, id\u00e9ale pour les \u00e9valuations approfondies. Con\u00e7u pour s'int\u00e9grer parfaitement aux syst\u00e8mes d'\u00e9chographie PRO, LITE et HR, il garantit la compatibilit\u00e9 et la polyvalence dans diverses configurations. Con\u00e7ue pour r\u00e9sister aux environnements difficiles, cette sonde est tr\u00e8s durable et r\u00e9parable si n\u00e9cessaire. Les c\u00e2bles d'EI Medical sont soumis \u00e0 des tests rigoureux pour assurer leur durabilit\u00e9, leur r\u00e9sistance chimique et leur biocompatibilit\u00e9, ce qui garantit des performances fiables dans les environnements animaliers difficiles.","og_url":"https:\/\/viisona.com\/fr\/product\/l3-8as-transducteur-lineaire-pour-ibex\/","og_site_name":"ViiSona","article_modified_time":"2024-08-01T21:25:11+00:00","og_image":[{"width":1920,"height":1920,"url":"https:\/\/viisona.com\/wp-content\/uploads\/2021\/12\/L38AS-PRO-LITE-square.jpg","type":"image\/jpeg"}],"twitter_card":"summary_large_image","twitter_misc":{"Dur\u00e9e de lecture estim\u00e9e":"1 minute"},"schema":{"@context":"https:\/\/schema.org","@graph":[{"@type":"WebPage","@id":"https:\/\/viisona.com\/fr\/product\/l3-8as-transducteur-lineaire-pour-ibex\/","url":"https:\/\/viisona.com\/fr\/product\/l3-8as-transducteur-lineaire-pour-ibex\/","name":"iBex L3.8As Transducteur lin\u00e9aire pour iBex | ViiSona","isPartOf":{"@id":"https:\/\/viisona.com\/fr\/#website"},"primaryImageOfPage":{"@id":"https:\/\/viisona.com\/fr\/product\/l3-8as-transducteur-lineaire-pour-ibex\/#primaryimage"},"image":{"@id":"https:\/\/viisona.com\/fr\/product\/l3-8as-transducteur-lineaire-pour-ibex\/#primaryimage"},"thumbnailUrl":"https:\/\/viisona.com\/wp-content\/uploads\/2021\/12\/L38AS-PRO-LITE-square.jpg","datePublished":"2021-12-02T02:32:59+00:00","dateModified":"2024-08-01T21:25:11+00:00","description":"La sonde lin\u00e9aire EI Medical L3.8AS Bovine - Carcasse est con\u00e7ue pour des performances d'imagerie robustes, sp\u00e9cialement adapt\u00e9es aux examens de m\u00e9rite des carcasses de bovins. Fonctionnant \u00e0 une basse fr\u00e9quence de 2,5-5 MHz avec 128 cristaux, ce transducteur lin\u00e9aire offre une profondeur de balayage remarquable de 17 cm, id\u00e9ale pour les \u00e9valuations approfondies. Con\u00e7u pour s'int\u00e9grer parfaitement aux syst\u00e8mes d'\u00e9chographie PRO, LITE et HR, il garantit la compatibilit\u00e9 et la polyvalence dans diverses configurations. Con\u00e7ue pour r\u00e9sister aux environnements difficiles, cette sonde est tr\u00e8s durable et r\u00e9parable si n\u00e9cessaire. Les c\u00e2bles d'EI Medical sont soumis \u00e0 des tests rigoureux pour assurer leur durabilit\u00e9, leur r\u00e9sistance chimique et leur biocompatibilit\u00e9, ce qui garantit des performances fiables dans les environnements animaliers difficiles.","breadcrumb":{"@id":"https:\/\/viisona.com\/fr\/product\/l3-8as-transducteur-lineaire-pour-ibex\/#breadcrumb"},"inLanguage":"fr-FR","potentialAction":[{"@type":"ReadAction","target":["https:\/\/viisona.com\/fr\/product\/l3-8as-transducteur-lineaire-pour-ibex\/"]}]},{"@type":"ImageObject","inLanguage":"fr-FR","@id":"https:\/\/viisona.com\/fr\/product\/l3-8as-transducteur-lineaire-pour-ibex\/#primaryimage","url":"https:\/\/viisona.com\/wp-content\/uploads\/2021\/12\/L38AS-PRO-LITE-square.jpg","contentUrl":"https:\/\/viisona.com\/wp-content\/uploads\/2021\/12\/L38AS-PRO-LITE-square.jpg","width":1920,"height":1920},{"@type":"BreadcrumbList","@id":"https:\/\/viisona.com\/fr\/product\/l3-8as-transducteur-lineaire-pour-ibex\/#breadcrumb","itemListElement":[{"@type":"ListItem","position":1,"name":"Home","item":"https:\/\/viisona.com\/fr\/accueil\/"},{"@type":"ListItem","position":2,"name":"Boutique","item":"https:\/\/viisona.com\/fr\/boutique\/"},{"@type":"ListItem","position":3,"name":"L3.8As Transducteur lin\u00e9aire pour iBex"}]},{"@type":"WebSite","@id":"https:\/\/viisona.com\/fr\/#website","url":"https:\/\/viisona.com\/fr\/","name":"ViiSona","description":"Am\u00e9liorer les r\u00e9sultats pour les agriculteurs et les s\u00e9lectionneurs dans les communaut\u00e9s agricoles et de s\u00e9lection.","publisher":{"@id":"https:\/\/viisona.com\/fr\/#organization"},"potentialAction":[{"@type":"SearchAction","target":{"@type":"EntryPoint","urlTemplate":"https:\/\/viisona.com\/fr\/?s={search_term_string}"},"query-input":{"@type":"PropertyValueSpecification","valueRequired":true,"valueName":"search_term_string"}}],"inLanguage":"fr-FR"},{"@type":"Organization","@id":"https:\/\/viisona.com\/fr\/#organization","name":"ViiSona","url":"https:\/\/viisona.com\/fr\/","logo":{"@type":"ImageObject","inLanguage":"fr-FR","@id":"https:\/\/viisona.com\/fr\/#\/schema\/logo\/image\/","url":"https:\/\/viisona.com\/wp-content\/uploads\/2020\/08\/viisona_1_FULLY_RASTERED.png","contentUrl":"https:\/\/viisona.com\/wp-content\/uploads\/2020\/08\/viisona_1_FULLY_RASTERED.png","width":1080,"height":307,"caption":"ViiSona"},"image":{"@id":"https:\/\/viisona.com\/fr\/#\/schema\/logo\/image\/"}}]}},"jetpack_sharing_enabled":true,"_links":{"self":[{"href":"https:\/\/viisona.com\/fr\/wp-json\/wp\/v2\/product\/5012","targetHints":{"allow":["GET"]}}],"collection":[{"href":"https:\/\/viisona.com\/fr\/wp-json\/wp\/v2\/product"}],"about":[{"href":"https:\/\/viisona.com\/fr\/wp-json\/wp\/v2\/types\/product"}],"wp:featuredmedia":[{"embeddable":true,"href":"https:\/\/viisona.com\/fr\/wp-json\/wp\/v2\/media\/4830"}],"wp:attachment":[{"href":"https:\/\/viisona.com\/fr\/wp-json\/wp\/v2\/media?parent=5012"}],"wp:term":[{"taxonomy":"product_cat","embeddable":true,"href":"https:\/\/viisona.com\/fr\/wp-json\/wp\/v2\/product_cat?post=5012"},{"taxonomy":"product_tag","embeddable":true,"href":"https:\/\/viisona.com\/fr\/wp-json\/wp\/v2\/product_tag?post=5012"},{"taxonomy":"berocket_brand","embeddable":true,"href":"https:\/\/viisona.com\/fr\/wp-json\/wp\/v2\/berocket_brand?post=5012"}],"curies":[{"name":"wp","href":"https:\/\/api.w.org\/{rel}","templated":true}]}}