{"id":5010,"date":"2020-09-15T18:14:33","date_gmt":"2020-09-15T18:14:33","guid":{"rendered":"https:\/\/viisona.com\/shop\/non%20class\u00e9\/4vet-slim-ultrasound\/"},"modified":"2026-02-18T05:53:39","modified_gmt":"2026-02-18T05:53:39","slug":"4vet-slim-ultrasound","status":"publish","type":"product","link":"https:\/\/viisona.com\/fr\/product\/4vet-slim-ultrasound\/","title":{"rendered":"4Vet Slim Ultrasound"},"content":{"rendered":"<p><span style=\"font-weight: 400;\">Le syst\u00e8me d&#8217;\u00e9chographie portable 4Vet Slim Colour Doppler est id\u00e9al pour les examens \u00e9chographiques sur le lieu de soins sur une vari\u00e9t\u00e9 d&#8217;esp\u00e8ces dans une vari\u00e9t\u00e9 d&#8217;environnements et est con\u00e7u pour les examens des \u00e9quid\u00e9s et des animaux de compagnie. Le logiciel de guidage par aiguille facilite les injections, tandis que les fonctions Doppler couleur permettent de diff\u00e9rencier les vaisseaux sanguins des autres structures. Dot\u00e9e d&#8217;un grand \u00e9cran tactile lumineux de 10 pouces, la batterie lithium-ion de haute qualit\u00e9 se charge rapidement et offre jusqu&#8217;\u00e0 4 heures sur une seule charge, et comprend un adaptateur secteur pour un fonctionnement continu.<\/span><\/p>\n<p><span style=\"font-weight: 400;\">GARANTIE DU FABRICANT : 24 mois \u00e9chographe &#8211; 1 an sondes &#8211; 6 mois batteries<\/span><\/p>\n<p><b>L&#8217;ensemble comprend  <\/b><\/p>\n<p><span style=\"font-weight: 400;\">\u00c9chographe avec batterie int\u00e9gr\u00e9e<br \/>\n<\/span><span style=\"font-weight: 400;\">Sondes au choix<br \/>\n<\/span><span style=\"font-weight: 400;\">Support<br \/>\n<\/span><span style=\"font-weight: 400;\">Bloc d&#8217;alimentation<br \/>\n<\/span><span style=\"font-weight: 400;\">Manuel d&#8217;utilisation<br \/>\n<\/span><span style=\"font-weight: 400;\">Mallette rigide personnalis\u00e9e<\/span><\/p>\n<p><strong>Options de la sonde<\/strong><\/p>\n<p><b>ABDOMINAL :<\/b><\/p>\n<ul>\n<li style=\"font-weight: 400;\"><span style=\"font-weight: 400;\">Convexe : rayon de 50 mm, port\u00e9e de 2 \u00e0 8 MHz<\/span><\/li>\n<li style=\"font-weight: 400;\"><span style=\"font-weight: 400;\">Lin\u00e9aire, rayon de 60 mm, gamme de 5 \u00e0 10 MHz<\/span><\/li>\n<li style=\"font-weight: 400;\"><span style=\"font-weight: 400;\">Lin\u00e9aire : rayon de 40 mm, plage de 6 \u00e0 14 MHz<\/span><\/li>\n<li style=\"font-weight: 400;\"><span style=\"font-weight: 400;\">Microconvexe : rayon de 15 mm, plage de 4 \u00e0 9 MHz<\/span><\/li>\n<\/ul>\n<p><b>RECTAL :<\/b><\/p>\n<ul>\n<li style=\"font-weight: 400;\"><span style=\"font-weight: 400;\">Rectale lin\u00e9aire : rayon de 60 mm, gamme de 4 \u00e0 9 MHz<\/span><\/li>\n<li style=\"font-weight: 400;\"><span style=\"font-weight: 400;\">Rectale convexe : rayon de 61,2 mm, plage de 3 \u00e0 7,5 MHz<\/span><\/li>\n<li style=\"font-weight: 400;\"><span style=\"font-weight: 400;\">Microconvexe rectal : rayon de 20 mm, plage de 4 \u00e0 9 MHz<\/span><\/li>\n<\/ul>\n<p><b>SP\u00c9CIALIS\u00c9 :<\/b><\/p>\n<ul>\n<li style=\"font-weight: 400;\"><span style=\"font-weight: 400;\">OPU : rayon de 11 mm, gamme de 4 \u00e0 9 MHz<\/span><\/li>\n<li style=\"font-weight: 400;\"><span style=\"font-weight: 400;\">Lin\u00e9aire pour porcs : gamme active de 15 mm, gamme de 2 \u00e0 5 MHz<\/span><\/li>\n<li style=\"font-weight: 400;\"><span style=\"font-weight: 400;\">Lin\u00e9aire pour bovins : gamme active de 18 mm, gamme de 2 \u00e0 5 MHz<\/span><\/li>\n<li style=\"font-weight: 400;\"><span style=\"font-weight: 400;\">Endocavit\u00e9 micro-convexe 4-9 MHz<\/span><\/li>\n<li style=\"font-weight: 400;\"><span style=\"font-weight: 400;\">Endocavit\u00e9 lin\u00e9aire 4-9 MHz<\/span><\/li>\n<\/ul>\n","protected":false},"excerpt":{"rendered":"<p><span style=\"font-weight: 400;\">Magnifique \u00e9cran tactile LED LCD haute r\u00e9solution de 10,4 pouces avec sondes interchangeables pour toutes les esp\u00e8ces. Le syst\u00e8me d&#8217;\u00e9chographie portable 4Vet Slim Colour Doppler est id\u00e9al pour les examens d&#8217;\u00e9chographie sur le lieu de soins sur une vari\u00e9t\u00e9 d&#8217;esp\u00e8ces dans une vari\u00e9t\u00e9 d&#8217;environnements. Excellent choix pour les examens d&#8217;\u00e9quid\u00e9s et d&#8217;animaux de compagnie.<\/span><\/p>\n","protected":false},"featured_media":4267,"template":"","meta":{"_acf_changed":false,"inline_featured_image":false},"product_cat":[484,483],"product_tag":[531],"berocket_brand":[502],"class_list":{"0":"post-5010","1":"product","2":"type-product","3":"status-publish","4":"has-post-thumbnail","6":"product_cat-echographie-veterinaire-portable","7":"product_cat-veterinaires","8":"product_tag-draminski-fr","9":"pa_applications-abdominal-fr","10":"pa_applications-carcas-merit-fr","11":"pa_applications-cardiologie","12":"pa_applications-diagnostic-de-base-des-petits-animaux","13":"pa_applications-diagnostic-des-tissus-mous","14":"pa_applications-grossesse","15":"pa_applications-mesures-du-gras-dorsal","16":"pa_applications-pis","17":"pa_applications-poumons","18":"pa_applications-reproduction-fr","19":"pa_applications-sabots-de-chevaux","20":"pa_applications-tendons-fr","21":"pa_applications-testicules","22":"pa_applications-urologie","23":"pa_applications-uterus-fr","24":"pa_species-animaux-exotiques","25":"pa_species-bovins-de-boucherie","26":"pa_species-bovins-laitiers","27":"pa_species-chevaux","28":"pa_species-chevres","29":"pa_species-moutons","30":"pa_species-petits-animaux","31":"pa_species-porcs","32":"berocket_brand-draminski-fr","34":"first","35":"instock","36":"taxable","37":"shipping-taxable","38":"purchasable","39":"product-type-simple"},"acf":[],"yoast_head":"<!-- This site is optimized with the Yoast SEO plugin v26.8 - https:\/\/yoast.com\/product\/yoast-seo-wordpress\/ -->\n<title>Draminski 4Vet Slim Ultrasound | ViiSona<\/title>\n<meta name=\"description\" content=\"Am\u00e9liorez vos examens \u00e9chographiques sur le lieu de soins avec le syst\u00e8me d&#039;\u00e9chographie portable 4Vet Slim. Con\u00e7u pour l&#039;examen des \u00e9quid\u00e9s et des animaux de compagnie, ce syst\u00e8me offre une polyvalence et une clart\u00e9 exceptionnelles. Avec une large gamme de fr\u00e9quences, des sondes interchangeables et un logiciel de guidage par aiguille, il est parfait pour diverses esp\u00e8ces et proc\u00e9dures. Dot\u00e9 d&#039;un bel \u00e9cran tactile de 10,4 pouces, d&#039;une portabilit\u00e9 l\u00e9g\u00e8re et de fonctions Doppler avanc\u00e9es, il est id\u00e9al pour une utilisation dans divers environnements. De plus, gr\u00e2ce \u00e0 sa grande m\u00e9moire et \u00e0 sa compatibilit\u00e9 DICOM 3.0, il assure une gestion efficace des donn\u00e9es. Avec le 4Vet Slim, vous b\u00e9n\u00e9ficiez d&#039;un diagnostic pr\u00e9cis \u00e0 tout moment et en tout lieu.\" \/>\n<meta name=\"robots\" content=\"index, follow, max-snippet:-1, max-image-preview:large, max-video-preview:-1\" \/>\n<link rel=\"canonical\" href=\"https:\/\/viisona.com\/fr\/product\/4vet-slim-ultrasound\/\" \/>\n<meta property=\"og:locale\" content=\"fr_FR\" \/>\n<meta property=\"og:type\" content=\"article\" \/>\n<meta property=\"og:title\" content=\"Draminski 4Vet Slim Ultrasound | ViiSona\" \/>\n<meta property=\"og:description\" content=\"Am\u00e9liorez vos examens \u00e9chographiques sur le lieu de soins avec le syst\u00e8me d&#039;\u00e9chographie portable 4Vet Slim. Con\u00e7u pour l&#039;examen des \u00e9quid\u00e9s et des animaux de compagnie, ce syst\u00e8me offre une polyvalence et une clart\u00e9 exceptionnelles. Avec une large gamme de fr\u00e9quences, des sondes interchangeables et un logiciel de guidage par aiguille, il est parfait pour diverses esp\u00e8ces et proc\u00e9dures. Dot\u00e9 d&#039;un bel \u00e9cran tactile de 10,4 pouces, d&#039;une portabilit\u00e9 l\u00e9g\u00e8re et de fonctions Doppler avanc\u00e9es, il est id\u00e9al pour une utilisation dans divers environnements. De plus, gr\u00e2ce \u00e0 sa grande m\u00e9moire et \u00e0 sa compatibilit\u00e9 DICOM 3.0, il assure une gestion efficace des donn\u00e9es. Avec le 4Vet Slim, vous b\u00e9n\u00e9ficiez d&#039;un diagnostic pr\u00e9cis \u00e0 tout moment et en tout lieu.\" \/>\n<meta property=\"og:url\" content=\"https:\/\/viisona.com\/fr\/product\/4vet-slim-ultrasound\/\" \/>\n<meta property=\"og:site_name\" content=\"ViiSona\" \/>\n<meta property=\"article:modified_time\" content=\"2026-02-18T05:53:39+00:00\" \/>\n<meta property=\"og:image\" content=\"https:\/\/viisona.com\/wp-content\/uploads\/2020\/09\/highres_product_TEMPLATE4VET_SLIM_ULTRASOUND.jpg\" \/>\n\t<meta property=\"og:image:width\" content=\"1080\" \/>\n\t<meta property=\"og:image:height\" content=\"1080\" \/>\n\t<meta property=\"og:image:type\" content=\"image\/jpeg\" \/>\n<meta name=\"twitter:card\" content=\"summary_large_image\" \/>\n<meta name=\"twitter:label1\" content=\"Dur\u00e9e de lecture estim\u00e9e\" \/>\n\t<meta name=\"twitter:data1\" content=\"2 minutes\" \/>\n<script type=\"application\/ld+json\" class=\"yoast-schema-graph\">{\"@context\":\"https:\/\/schema.org\",\"@graph\":[{\"@type\":\"WebPage\",\"@id\":\"https:\/\/viisona.com\/fr\/product\/4vet-slim-ultrasound\/\",\"url\":\"https:\/\/viisona.com\/fr\/product\/4vet-slim-ultrasound\/\",\"name\":\"Draminski 4Vet Slim Ultrasound | ViiSona\",\"isPartOf\":{\"@id\":\"https:\/\/viisona.com\/fr\/#website\"},\"primaryImageOfPage\":{\"@id\":\"https:\/\/viisona.com\/fr\/product\/4vet-slim-ultrasound\/#primaryimage\"},\"image\":{\"@id\":\"https:\/\/viisona.com\/fr\/product\/4vet-slim-ultrasound\/#primaryimage\"},\"thumbnailUrl\":\"https:\/\/viisona.com\/wp-content\/uploads\/2020\/09\/highres_product_TEMPLATE4VET_SLIM_ULTRASOUND.jpg\",\"datePublished\":\"2020-09-15T18:14:33+00:00\",\"dateModified\":\"2026-02-18T05:53:39+00:00\",\"description\":\"Am\u00e9liorez vos examens \u00e9chographiques sur le lieu de soins avec le syst\u00e8me d'\u00e9chographie portable 4Vet Slim. Con\u00e7u pour l'examen des \u00e9quid\u00e9s et des animaux de compagnie, ce syst\u00e8me offre une polyvalence et une clart\u00e9 exceptionnelles. Avec une large gamme de fr\u00e9quences, des sondes interchangeables et un logiciel de guidage par aiguille, il est parfait pour diverses esp\u00e8ces et proc\u00e9dures. Dot\u00e9 d'un bel \u00e9cran tactile de 10,4 pouces, d'une portabilit\u00e9 l\u00e9g\u00e8re et de fonctions Doppler avanc\u00e9es, il est id\u00e9al pour une utilisation dans divers environnements. De plus, gr\u00e2ce \u00e0 sa grande m\u00e9moire et \u00e0 sa compatibilit\u00e9 DICOM 3.0, il assure une gestion efficace des donn\u00e9es. Avec le 4Vet Slim, vous b\u00e9n\u00e9ficiez d'un diagnostic pr\u00e9cis \u00e0 tout moment et en tout lieu.\",\"breadcrumb\":{\"@id\":\"https:\/\/viisona.com\/fr\/product\/4vet-slim-ultrasound\/#breadcrumb\"},\"inLanguage\":\"fr-FR\",\"potentialAction\":[{\"@type\":\"ReadAction\",\"target\":[\"https:\/\/viisona.com\/fr\/product\/4vet-slim-ultrasound\/\"]}]},{\"@type\":\"ImageObject\",\"inLanguage\":\"fr-FR\",\"@id\":\"https:\/\/viisona.com\/fr\/product\/4vet-slim-ultrasound\/#primaryimage\",\"url\":\"https:\/\/viisona.com\/wp-content\/uploads\/2020\/09\/highres_product_TEMPLATE4VET_SLIM_ULTRASOUND.jpg\",\"contentUrl\":\"https:\/\/viisona.com\/wp-content\/uploads\/2020\/09\/highres_product_TEMPLATE4VET_SLIM_ULTRASOUND.jpg\",\"width\":1080,\"height\":1080},{\"@type\":\"BreadcrumbList\",\"@id\":\"https:\/\/viisona.com\/fr\/product\/4vet-slim-ultrasound\/#breadcrumb\",\"itemListElement\":[{\"@type\":\"ListItem\",\"position\":1,\"name\":\"Home\",\"item\":\"https:\/\/viisona.com\/fr\/accueil\/\"},{\"@type\":\"ListItem\",\"position\":2,\"name\":\"Boutique\",\"item\":\"https:\/\/viisona.com\/fr\/boutique\/\"},{\"@type\":\"ListItem\",\"position\":3,\"name\":\"4Vet Slim Ultrasound\"}]},{\"@type\":\"WebSite\",\"@id\":\"https:\/\/viisona.com\/fr\/#website\",\"url\":\"https:\/\/viisona.com\/fr\/\",\"name\":\"ViiSona\",\"description\":\"Am\u00e9liorer les r\u00e9sultats pour les agriculteurs et les s\u00e9lectionneurs dans les communaut\u00e9s agricoles et de s\u00e9lection.\",\"publisher\":{\"@id\":\"https:\/\/viisona.com\/fr\/#organization\"},\"potentialAction\":[{\"@type\":\"SearchAction\",\"target\":{\"@type\":\"EntryPoint\",\"urlTemplate\":\"https:\/\/viisona.com\/fr\/?s={search_term_string}\"},\"query-input\":{\"@type\":\"PropertyValueSpecification\",\"valueRequired\":true,\"valueName\":\"search_term_string\"}}],\"inLanguage\":\"fr-FR\"},{\"@type\":\"Organization\",\"@id\":\"https:\/\/viisona.com\/fr\/#organization\",\"name\":\"ViiSona\",\"url\":\"https:\/\/viisona.com\/fr\/\",\"logo\":{\"@type\":\"ImageObject\",\"inLanguage\":\"fr-FR\",\"@id\":\"https:\/\/viisona.com\/fr\/#\/schema\/logo\/image\/\",\"url\":\"https:\/\/viisona.com\/wp-content\/uploads\/2020\/08\/viisona_1_FULLY_RASTERED.png\",\"contentUrl\":\"https:\/\/viisona.com\/wp-content\/uploads\/2020\/08\/viisona_1_FULLY_RASTERED.png\",\"width\":1080,\"height\":307,\"caption\":\"ViiSona\"},\"image\":{\"@id\":\"https:\/\/viisona.com\/fr\/#\/schema\/logo\/image\/\"}}]}<\/script>\n<!-- \/ Yoast SEO plugin. -->","yoast_head_json":{"title":"Draminski 4Vet Slim Ultrasound | ViiSona","description":"Am\u00e9liorez vos examens \u00e9chographiques sur le lieu de soins avec le syst\u00e8me d'\u00e9chographie portable 4Vet Slim. Con\u00e7u pour l'examen des \u00e9quid\u00e9s et des animaux de compagnie, ce syst\u00e8me offre une polyvalence et une clart\u00e9 exceptionnelles. Avec une large gamme de fr\u00e9quences, des sondes interchangeables et un logiciel de guidage par aiguille, il est parfait pour diverses esp\u00e8ces et proc\u00e9dures. Dot\u00e9 d'un bel \u00e9cran tactile de 10,4 pouces, d'une portabilit\u00e9 l\u00e9g\u00e8re et de fonctions Doppler avanc\u00e9es, il est id\u00e9al pour une utilisation dans divers environnements. De plus, gr\u00e2ce \u00e0 sa grande m\u00e9moire et \u00e0 sa compatibilit\u00e9 DICOM 3.0, il assure une gestion efficace des donn\u00e9es. Avec le 4Vet Slim, vous b\u00e9n\u00e9ficiez d'un diagnostic pr\u00e9cis \u00e0 tout moment et en tout lieu.","robots":{"index":"index","follow":"follow","max-snippet":"max-snippet:-1","max-image-preview":"max-image-preview:large","max-video-preview":"max-video-preview:-1"},"canonical":"https:\/\/viisona.com\/fr\/product\/4vet-slim-ultrasound\/","og_locale":"fr_FR","og_type":"article","og_title":"Draminski 4Vet Slim Ultrasound | ViiSona","og_description":"Am\u00e9liorez vos examens \u00e9chographiques sur le lieu de soins avec le syst\u00e8me d'\u00e9chographie portable 4Vet Slim. Con\u00e7u pour l'examen des \u00e9quid\u00e9s et des animaux de compagnie, ce syst\u00e8me offre une polyvalence et une clart\u00e9 exceptionnelles. Avec une large gamme de fr\u00e9quences, des sondes interchangeables et un logiciel de guidage par aiguille, il est parfait pour diverses esp\u00e8ces et proc\u00e9dures. Dot\u00e9 d'un bel \u00e9cran tactile de 10,4 pouces, d'une portabilit\u00e9 l\u00e9g\u00e8re et de fonctions Doppler avanc\u00e9es, il est id\u00e9al pour une utilisation dans divers environnements. De plus, gr\u00e2ce \u00e0 sa grande m\u00e9moire et \u00e0 sa compatibilit\u00e9 DICOM 3.0, il assure une gestion efficace des donn\u00e9es. Avec le 4Vet Slim, vous b\u00e9n\u00e9ficiez d'un diagnostic pr\u00e9cis \u00e0 tout moment et en tout lieu.","og_url":"https:\/\/viisona.com\/fr\/product\/4vet-slim-ultrasound\/","og_site_name":"ViiSona","article_modified_time":"2026-02-18T05:53:39+00:00","og_image":[{"width":1080,"height":1080,"url":"https:\/\/viisona.com\/wp-content\/uploads\/2020\/09\/highres_product_TEMPLATE4VET_SLIM_ULTRASOUND.jpg","type":"image\/jpeg"}],"twitter_card":"summary_large_image","twitter_misc":{"Dur\u00e9e de lecture estim\u00e9e":"2 minutes"},"schema":{"@context":"https:\/\/schema.org","@graph":[{"@type":"WebPage","@id":"https:\/\/viisona.com\/fr\/product\/4vet-slim-ultrasound\/","url":"https:\/\/viisona.com\/fr\/product\/4vet-slim-ultrasound\/","name":"Draminski 4Vet Slim Ultrasound | ViiSona","isPartOf":{"@id":"https:\/\/viisona.com\/fr\/#website"},"primaryImageOfPage":{"@id":"https:\/\/viisona.com\/fr\/product\/4vet-slim-ultrasound\/#primaryimage"},"image":{"@id":"https:\/\/viisona.com\/fr\/product\/4vet-slim-ultrasound\/#primaryimage"},"thumbnailUrl":"https:\/\/viisona.com\/wp-content\/uploads\/2020\/09\/highres_product_TEMPLATE4VET_SLIM_ULTRASOUND.jpg","datePublished":"2020-09-15T18:14:33+00:00","dateModified":"2026-02-18T05:53:39+00:00","description":"Am\u00e9liorez vos examens \u00e9chographiques sur le lieu de soins avec le syst\u00e8me d'\u00e9chographie portable 4Vet Slim. Con\u00e7u pour l'examen des \u00e9quid\u00e9s et des animaux de compagnie, ce syst\u00e8me offre une polyvalence et une clart\u00e9 exceptionnelles. Avec une large gamme de fr\u00e9quences, des sondes interchangeables et un logiciel de guidage par aiguille, il est parfait pour diverses esp\u00e8ces et proc\u00e9dures. Dot\u00e9 d'un bel \u00e9cran tactile de 10,4 pouces, d'une portabilit\u00e9 l\u00e9g\u00e8re et de fonctions Doppler avanc\u00e9es, il est id\u00e9al pour une utilisation dans divers environnements. De plus, gr\u00e2ce \u00e0 sa grande m\u00e9moire et \u00e0 sa compatibilit\u00e9 DICOM 3.0, il assure une gestion efficace des donn\u00e9es. Avec le 4Vet Slim, vous b\u00e9n\u00e9ficiez d'un diagnostic pr\u00e9cis \u00e0 tout moment et en tout lieu.","breadcrumb":{"@id":"https:\/\/viisona.com\/fr\/product\/4vet-slim-ultrasound\/#breadcrumb"},"inLanguage":"fr-FR","potentialAction":[{"@type":"ReadAction","target":["https:\/\/viisona.com\/fr\/product\/4vet-slim-ultrasound\/"]}]},{"@type":"ImageObject","inLanguage":"fr-FR","@id":"https:\/\/viisona.com\/fr\/product\/4vet-slim-ultrasound\/#primaryimage","url":"https:\/\/viisona.com\/wp-content\/uploads\/2020\/09\/highres_product_TEMPLATE4VET_SLIM_ULTRASOUND.jpg","contentUrl":"https:\/\/viisona.com\/wp-content\/uploads\/2020\/09\/highres_product_TEMPLATE4VET_SLIM_ULTRASOUND.jpg","width":1080,"height":1080},{"@type":"BreadcrumbList","@id":"https:\/\/viisona.com\/fr\/product\/4vet-slim-ultrasound\/#breadcrumb","itemListElement":[{"@type":"ListItem","position":1,"name":"Home","item":"https:\/\/viisona.com\/fr\/accueil\/"},{"@type":"ListItem","position":2,"name":"Boutique","item":"https:\/\/viisona.com\/fr\/boutique\/"},{"@type":"ListItem","position":3,"name":"4Vet Slim Ultrasound"}]},{"@type":"WebSite","@id":"https:\/\/viisona.com\/fr\/#website","url":"https:\/\/viisona.com\/fr\/","name":"ViiSona","description":"Am\u00e9liorer les r\u00e9sultats pour les agriculteurs et les s\u00e9lectionneurs dans les communaut\u00e9s agricoles et de s\u00e9lection.","publisher":{"@id":"https:\/\/viisona.com\/fr\/#organization"},"potentialAction":[{"@type":"SearchAction","target":{"@type":"EntryPoint","urlTemplate":"https:\/\/viisona.com\/fr\/?s={search_term_string}"},"query-input":{"@type":"PropertyValueSpecification","valueRequired":true,"valueName":"search_term_string"}}],"inLanguage":"fr-FR"},{"@type":"Organization","@id":"https:\/\/viisona.com\/fr\/#organization","name":"ViiSona","url":"https:\/\/viisona.com\/fr\/","logo":{"@type":"ImageObject","inLanguage":"fr-FR","@id":"https:\/\/viisona.com\/fr\/#\/schema\/logo\/image\/","url":"https:\/\/viisona.com\/wp-content\/uploads\/2020\/08\/viisona_1_FULLY_RASTERED.png","contentUrl":"https:\/\/viisona.com\/wp-content\/uploads\/2020\/08\/viisona_1_FULLY_RASTERED.png","width":1080,"height":307,"caption":"ViiSona"},"image":{"@id":"https:\/\/viisona.com\/fr\/#\/schema\/logo\/image\/"}}]}},"jetpack_sharing_enabled":true,"_links":{"self":[{"href":"https:\/\/viisona.com\/fr\/wp-json\/wp\/v2\/product\/5010","targetHints":{"allow":["GET"]}}],"collection":[{"href":"https:\/\/viisona.com\/fr\/wp-json\/wp\/v2\/product"}],"about":[{"href":"https:\/\/viisona.com\/fr\/wp-json\/wp\/v2\/types\/product"}],"wp:featuredmedia":[{"embeddable":true,"href":"https:\/\/viisona.com\/fr\/wp-json\/wp\/v2\/media\/4267"}],"wp:attachment":[{"href":"https:\/\/viisona.com\/fr\/wp-json\/wp\/v2\/media?parent=5010"}],"wp:term":[{"taxonomy":"product_cat","embeddable":true,"href":"https:\/\/viisona.com\/fr\/wp-json\/wp\/v2\/product_cat?post=5010"},{"taxonomy":"product_tag","embeddable":true,"href":"https:\/\/viisona.com\/fr\/wp-json\/wp\/v2\/product_tag?post=5010"},{"taxonomy":"berocket_brand","embeddable":true,"href":"https:\/\/viisona.com\/fr\/wp-json\/wp\/v2\/berocket_brand?post=5010"}],"curies":[{"name":"wp","href":"https:\/\/api.w.org\/{rel}","templated":true}]}}