{"id":5007,"date":"2020-09-10T19:46:44","date_gmt":"2020-09-10T19:46:44","guid":{"rendered":"https:\/\/viisona.com\/shop\/non%20class\u00e9\/4vet-blue-ultrasound\/"},"modified":"2025-05-28T05:16:19","modified_gmt":"2025-05-28T05:16:19","slug":"4vet-blue-ultrasound","status":"publish","type":"product","link":"https:\/\/viisona.com\/fr\/product\/4vet-blue-ultrasound\/","title":{"rendered":"Syst\u00e8me d&#8217;\u00e9chographie 4Vet Blue"},"content":{"rendered":"<p><span style=\"font-weight: 400;\">Id\u00e9al pour les examens \u00e9chographiques au point d&#8217;intervention sur une vari\u00e9t\u00e9 d&#8217;esp\u00e8ces dans une vari\u00e9t\u00e9 d&#8217;environnements. Ce syst\u00e8me portable est dot\u00e9 d&#8217;un \u00e9cran LCD de 12 pouces et d&#8217;options pour une vari\u00e9t\u00e9 de sondes interchangeables, y compris des sondes \u00e0 r\u00e9seau phas\u00e9 et des fonctions Doppler couleur.<\/span><\/p>\n<p><span style=\"font-weight: 400;\">La batterie lithium-ion de haute qualit\u00e9 se charge rapidement et offre jusqu&#8217;\u00e0 2,5 heures sur une seule charge. Elle est fournie avec un adaptateur secteur pour un fonctionnement continu. Les caract\u00e9ristiques LUCID, D-CURVE et Vi-Probe sont uniques au 4Vet Blue. <\/span><\/p>\n<p><b>LuciD\u2122 &#8211; <\/b><span style=\"font-weight: 400;\">un syst\u00e8me qui am\u00e9liore le contraste, la nettet\u00e9 et la diff\u00e9renciation des tissus, rendant les images lisibles et faciles \u00e0 interpr\u00e9ter.<\/span><\/p>\n<p><b>D-Curve\u2122 <\/b><span style=\"font-weight: 400;\">distingue les l\u00e9g\u00e8res diff\u00e9rences d&#8217;\u00e9chog\u00e9nicit\u00e9 &#8211; une courbe de transfert id\u00e9alement adapt\u00e9e \u00e0 la perception de l&#8217;\u0153il humain.<\/span><\/p>\n<p><b>Vi-Probe\u2122 <\/b><span style=\"font-weight: 400;\">est une technologie unique qui fournit une image de type r\u00e9seau phas\u00e9 sur la sonde convexe et une image convexe sur la sonde lin\u00e9aire. BLUE offre une meilleure vision, m\u00eame \u00e0 travers une petite fen\u00eatre acoustique.<\/span><\/p>\n<p><span style=\"font-weight: 400;\">Doppler couleur, Doppler puissance et Doppler onde de pouls<\/span><\/p>\n<p><b>L&#8217;ensemble comprend <\/b><\/p>\n<p><span style=\"font-weight: 400;\">\u00c9chographe avec batterie int\u00e9gr\u00e9e<br \/>\n<\/span><span style=\"font-weight: 400;\">Sondes au choix<br \/>\n<\/span><span style=\"font-weight: 400;\">Support<br \/>\n<\/span><span style=\"font-weight: 400;\">Alimentation \u00e9lectrique<br \/>\n<\/span><span style=\"font-weight: 400;\">Manuel de l&#8217;utilisateur<br \/>\n<\/span><span style=\"font-weight: 400;\">\u00c9tui rigide personnalis\u00e9<br \/>\n<\/span><\/p>\n<p><b>Sondes disponibles (tous les 128 transducteurs \u00e0 cristal) :<\/b><\/p>\n<p><b>ABDOMINAL :<\/b><\/p>\n<ul>\n<li style=\"font-weight: 400;\"><span style=\"font-weight: 400;\">Convexe : rayon de 50 mm, port\u00e9e de 2 \u00e0 8 MHz<\/span><\/li>\n<li style=\"font-weight: 400;\"><span style=\"font-weight: 400;\">Lin\u00e9aire, rayon de 60 mm, gamme de 5 \u00e0 10 MHz<\/span><\/li>\n<li style=\"font-weight: 400;\"><span style=\"font-weight: 400;\">Lin\u00e9aire : rayon de 40 mm, plage de 6 \u00e0 14 MHz<\/span><\/li>\n<li style=\"font-weight: 400;\"><span style=\"font-weight: 400;\">Microconvexe : rayon de 15 mm, plage de 4 \u00e0 9 MHz<\/span><\/li>\n<\/ul>\n<p><b>RECTAL :<\/b><\/p>\n<ul>\n<li style=\"font-weight: 400;\"><span style=\"font-weight: 400;\">Rectale lin\u00e9aire : rayon de 60 mm, gamme de 4 \u00e0 9 MHz<\/span><\/li>\n<li style=\"font-weight: 400;\"><span style=\"font-weight: 400;\">Rectale convexe : rayon de 61,2 mm, plage de 3 \u00e0 7,5 MHz<\/span><\/li>\n<li style=\"font-weight: 400;\"><span style=\"font-weight: 400;\">Microconvexe rectal : rayon de 20 mm, plage de 4 \u00e0 9 MHz<\/span><\/li>\n<\/ul>\n<p><b>SP\u00c9CIALIS\u00c9 :<\/b><\/p>\n<ul>\n<li style=\"font-weight: 400;\"><span style=\"font-weight: 400;\">OPU : rayon de 11 mm, gamme de 4 \u00e0 9 MHz<\/span><\/li>\n<li style=\"font-weight: 400;\"><span style=\"font-weight: 400;\">Lin\u00e9aire pour porcs : gamme active de 15 mm, gamme de 2 \u00e0 5 MHz<\/span><\/li>\n<li style=\"font-weight: 400;\"><span style=\"font-weight: 400;\">Lin\u00e9aire pour bovins : gamme active de 18 mm, gamme de 2 \u00e0 5 MHz<\/span><\/li>\n<li style=\"font-weight: 400;\"><span style=\"font-weight: 400;\">Endocavit\u00e9 micro-convexe 4-9 MHz<\/span><\/li>\n<li style=\"font-weight: 400;\"><span style=\"font-weight: 400;\">Endocavit\u00e9 lin\u00e9aire 4-9 MHz<\/span><\/li>\n<\/ul>\n<p>&nbsp;<\/p>\n","protected":false},"excerpt":{"rendered":"<p><span style=\"font-weight: 400;\">Cet \u00e9chographe portable, destin\u00e9 aux points de soins, offre une qualit\u00e9 d&#8217;image exceptionnelle gr\u00e2ce \u00e0 son \u00e9cran tactile LCD LED 12&#8243; haute r\u00e9solution et \u00e0 ses multiples fonctions Doppler couleur. Le 4Vet Blue est con\u00e7u pour le pr\u00e9l\u00e8vement d&#8217;ovules \u00e0 l&#8217;aide d&#8217;un logiciel guid\u00e9 par aiguille, les transferts d&#8217;embryons et est id\u00e9al pour une grande vari\u00e9t\u00e9 d&#8217;esp\u00e8ces. Parfait pour les examens des zoos, des animaux \u00e9quins, aquatiques et de compagnie.<\/span><\/p>\n","protected":false},"featured_media":4266,"template":"","meta":{"_acf_changed":false,"inline_featured_image":false},"product_cat":[484,483],"product_tag":[531],"berocket_brand":[502],"class_list":{"0":"post-5007","1":"product","2":"type-product","3":"status-publish","4":"has-post-thumbnail","6":"product_cat-echographie-veterinaire-portable","7":"product_cat-veterinaires","8":"product_tag-draminski-fr","9":"pa_applications-abdominal-fr","10":"pa_applications-carcas-merit-fr","11":"pa_applications-cardiologie","12":"pa_applications-diagnostic-de-base-des-petits-animaux","13":"pa_applications-diagnostic-des-tissus-mous","14":"pa_applications-doppler-ovarien","15":"pa_applications-examens-de-structure-superficielle","16":"pa_applications-follicules","17":"pa_applications-grossesse","18":"pa_applications-mesures-du-gras-dorsal","19":"pa_applications-neurovasculaire","20":"pa_applications-pis","21":"pa_applications-poumons","22":"pa_applications-ramassage-de-lovule","23":"pa_applications-reproduction-fr","24":"pa_applications-tendons-fr","25":"pa_applications-testicules","26":"pa_applications-transfert-dembryons","27":"pa_applications-urologie","28":"pa_applications-uterus-fr","29":"pa_species-animaux-exotiques","30":"pa_species-bovins-de-boucherie","31":"pa_species-bovins-laitiers","32":"pa_species-chevaux","33":"pa_species-chevres","34":"pa_species-moutons","35":"pa_species-petits-animaux","36":"pa_species-porcs","37":"berocket_brand-draminski-fr","39":"first","40":"instock","41":"featured","42":"taxable","43":"shipping-taxable","44":"purchasable","45":"product-type-simple"},"acf":[],"yoast_head":"<!-- This site is optimized with the Yoast SEO plugin v26.8 - https:\/\/yoast.com\/product\/yoast-seo-wordpress\/ -->\n<title>Draminski Syst\u00e8me d&#039;\u00e9chographie 4Vet Blue | ViiSona<\/title>\n<meta name=\"description\" content=\"Am\u00e9liorez vos capacit\u00e9s d&#039;\u00e9chographie au point d&#039;intervention avec le syst\u00e8me d&#039;\u00e9chographie Blue Vet. Con\u00e7u pour l\u2019aspiration des ovules, les transferts d&#039;embryons et une vari\u00e9t\u00e9 d&#039;examens de toutes les esp\u00e8ces, ce syst\u00e8me portable offre une qualit\u00e9 d&#039;image et une polyvalence exceptionnelle. Avec un \u00e9cran tactile haute r\u00e9solution de 12 pouces et dispose de trois modes de pr\u00e9sentation de l\u2019image doppler : Color Doppler, Power Doppler, Pulse Wave Doppler, il garantit des diagnostics pr\u00e9cis dans divers environnements. Dot\u00e9 d&#039;une reconnaissance automatique des sondes, d&#039;un logiciel de t\u00e9l\u00e9guidage pour l\u2019aiguille et de fonctionnalit\u00e9s uniques telles que LUCID et Vi-Probe, il est parfait pour les zoos, les \u00e9quid\u00e9s et les examens des animaux de compagnie. De plus, avec la compatibilit\u00e9 DICOM 3.0 et une m\u00e9moire suffisante, il assure une gestion efficace des donn\u00e9es. D\u00e9couvrez la commodit\u00e9 et la fiabilit\u00e9 de l&#039;\u00e9chographie au point d&#039;intervention avec le Blue Vet.\" \/>\n<meta name=\"robots\" content=\"index, follow, max-snippet:-1, max-image-preview:large, max-video-preview:-1\" \/>\n<link rel=\"canonical\" href=\"https:\/\/viisona.com\/fr\/product\/4vet-blue-ultrasound\/\" \/>\n<meta property=\"og:locale\" content=\"fr_FR\" \/>\n<meta property=\"og:type\" content=\"article\" \/>\n<meta property=\"og:title\" content=\"Draminski Syst\u00e8me d&#039;\u00e9chographie 4Vet Blue | ViiSona\" \/>\n<meta property=\"og:description\" content=\"Am\u00e9liorez vos capacit\u00e9s d&#039;\u00e9chographie au point d&#039;intervention avec le syst\u00e8me d&#039;\u00e9chographie Blue Vet. Con\u00e7u pour l\u2019aspiration des ovules, les transferts d&#039;embryons et une vari\u00e9t\u00e9 d&#039;examens de toutes les esp\u00e8ces, ce syst\u00e8me portable offre une qualit\u00e9 d&#039;image et une polyvalence exceptionnelle. Avec un \u00e9cran tactile haute r\u00e9solution de 12 pouces et dispose de trois modes de pr\u00e9sentation de l\u2019image doppler : Color Doppler, Power Doppler, Pulse Wave Doppler, il garantit des diagnostics pr\u00e9cis dans divers environnements. Dot\u00e9 d&#039;une reconnaissance automatique des sondes, d&#039;un logiciel de t\u00e9l\u00e9guidage pour l\u2019aiguille et de fonctionnalit\u00e9s uniques telles que LUCID et Vi-Probe, il est parfait pour les zoos, les \u00e9quid\u00e9s et les examens des animaux de compagnie. De plus, avec la compatibilit\u00e9 DICOM 3.0 et une m\u00e9moire suffisante, il assure une gestion efficace des donn\u00e9es. D\u00e9couvrez la commodit\u00e9 et la fiabilit\u00e9 de l&#039;\u00e9chographie au point d&#039;intervention avec le Blue Vet.\" \/>\n<meta property=\"og:url\" content=\"https:\/\/viisona.com\/fr\/product\/4vet-blue-ultrasound\/\" \/>\n<meta property=\"og:site_name\" content=\"ViiSona\" \/>\n<meta property=\"article:modified_time\" content=\"2025-05-28T05:16:19+00:00\" \/>\n<meta property=\"og:image\" content=\"https:\/\/viisona.com\/wp-content\/uploads\/2020\/09\/highres_product_4VET_BLUE_ULTRASOUND.jpg\" \/>\n\t<meta property=\"og:image:width\" content=\"1080\" \/>\n\t<meta property=\"og:image:height\" content=\"1080\" \/>\n\t<meta property=\"og:image:type\" content=\"image\/jpeg\" \/>\n<meta name=\"twitter:card\" content=\"summary_large_image\" \/>\n<meta name=\"twitter:label1\" content=\"Dur\u00e9e de lecture estim\u00e9e\" \/>\n\t<meta name=\"twitter:data1\" content=\"2 minutes\" \/>\n<script type=\"application\/ld+json\" class=\"yoast-schema-graph\">{\"@context\":\"https:\/\/schema.org\",\"@graph\":[{\"@type\":\"WebPage\",\"@id\":\"https:\/\/viisona.com\/fr\/product\/4vet-blue-ultrasound\/\",\"url\":\"https:\/\/viisona.com\/fr\/product\/4vet-blue-ultrasound\/\",\"name\":\"Draminski Syst\u00e8me d'\u00e9chographie 4Vet Blue | ViiSona\",\"isPartOf\":{\"@id\":\"https:\/\/viisona.com\/fr\/#website\"},\"primaryImageOfPage\":{\"@id\":\"https:\/\/viisona.com\/fr\/product\/4vet-blue-ultrasound\/#primaryimage\"},\"image\":{\"@id\":\"https:\/\/viisona.com\/fr\/product\/4vet-blue-ultrasound\/#primaryimage\"},\"thumbnailUrl\":\"https:\/\/viisona.com\/wp-content\/uploads\/2020\/09\/highres_product_4VET_BLUE_ULTRASOUND.jpg\",\"datePublished\":\"2020-09-10T19:46:44+00:00\",\"dateModified\":\"2025-05-28T05:16:19+00:00\",\"description\":\"Am\u00e9liorez vos capacit\u00e9s d'\u00e9chographie au point d'intervention avec le syst\u00e8me d'\u00e9chographie Blue Vet. Con\u00e7u pour l\u2019aspiration des ovules, les transferts d'embryons et une vari\u00e9t\u00e9 d'examens de toutes les esp\u00e8ces, ce syst\u00e8me portable offre une qualit\u00e9 d'image et une polyvalence exceptionnelle. Avec un \u00e9cran tactile haute r\u00e9solution de 12 pouces et dispose de trois modes de pr\u00e9sentation de l\u2019image doppler : Color Doppler, Power Doppler, Pulse Wave Doppler, il garantit des diagnostics pr\u00e9cis dans divers environnements. Dot\u00e9 d'une reconnaissance automatique des sondes, d'un logiciel de t\u00e9l\u00e9guidage pour l\u2019aiguille et de fonctionnalit\u00e9s uniques telles que LUCID et Vi-Probe, il est parfait pour les zoos, les \u00e9quid\u00e9s et les examens des animaux de compagnie. De plus, avec la compatibilit\u00e9 DICOM 3.0 et une m\u00e9moire suffisante, il assure une gestion efficace des donn\u00e9es. D\u00e9couvrez la commodit\u00e9 et la fiabilit\u00e9 de l'\u00e9chographie au point d'intervention avec le Blue Vet.\",\"breadcrumb\":{\"@id\":\"https:\/\/viisona.com\/fr\/product\/4vet-blue-ultrasound\/#breadcrumb\"},\"inLanguage\":\"fr-FR\",\"potentialAction\":[{\"@type\":\"ReadAction\",\"target\":[\"https:\/\/viisona.com\/fr\/product\/4vet-blue-ultrasound\/\"]}]},{\"@type\":\"ImageObject\",\"inLanguage\":\"fr-FR\",\"@id\":\"https:\/\/viisona.com\/fr\/product\/4vet-blue-ultrasound\/#primaryimage\",\"url\":\"https:\/\/viisona.com\/wp-content\/uploads\/2020\/09\/highres_product_4VET_BLUE_ULTRASOUND.jpg\",\"contentUrl\":\"https:\/\/viisona.com\/wp-content\/uploads\/2020\/09\/highres_product_4VET_BLUE_ULTRASOUND.jpg\",\"width\":1080,\"height\":1080,\"caption\":\"Draminski 4Vet Blue Point of Care Ultrasound for Companion Animals and Equine Examinations\"},{\"@type\":\"BreadcrumbList\",\"@id\":\"https:\/\/viisona.com\/fr\/product\/4vet-blue-ultrasound\/#breadcrumb\",\"itemListElement\":[{\"@type\":\"ListItem\",\"position\":1,\"name\":\"Home\",\"item\":\"https:\/\/viisona.com\/fr\/accueil\/\"},{\"@type\":\"ListItem\",\"position\":2,\"name\":\"Boutique\",\"item\":\"https:\/\/viisona.com\/fr\/boutique\/\"},{\"@type\":\"ListItem\",\"position\":3,\"name\":\"Syst\u00e8me d&#8217;\u00e9chographie 4Vet Blue\"}]},{\"@type\":\"WebSite\",\"@id\":\"https:\/\/viisona.com\/fr\/#website\",\"url\":\"https:\/\/viisona.com\/fr\/\",\"name\":\"ViiSona\",\"description\":\"Am\u00e9liorer les r\u00e9sultats pour les agriculteurs et les s\u00e9lectionneurs dans les communaut\u00e9s agricoles et de s\u00e9lection.\",\"publisher\":{\"@id\":\"https:\/\/viisona.com\/fr\/#organization\"},\"potentialAction\":[{\"@type\":\"SearchAction\",\"target\":{\"@type\":\"EntryPoint\",\"urlTemplate\":\"https:\/\/viisona.com\/fr\/?s={search_term_string}\"},\"query-input\":{\"@type\":\"PropertyValueSpecification\",\"valueRequired\":true,\"valueName\":\"search_term_string\"}}],\"inLanguage\":\"fr-FR\"},{\"@type\":\"Organization\",\"@id\":\"https:\/\/viisona.com\/fr\/#organization\",\"name\":\"ViiSona\",\"url\":\"https:\/\/viisona.com\/fr\/\",\"logo\":{\"@type\":\"ImageObject\",\"inLanguage\":\"fr-FR\",\"@id\":\"https:\/\/viisona.com\/fr\/#\/schema\/logo\/image\/\",\"url\":\"https:\/\/viisona.com\/wp-content\/uploads\/2020\/08\/viisona_1_FULLY_RASTERED.png\",\"contentUrl\":\"https:\/\/viisona.com\/wp-content\/uploads\/2020\/08\/viisona_1_FULLY_RASTERED.png\",\"width\":1080,\"height\":307,\"caption\":\"ViiSona\"},\"image\":{\"@id\":\"https:\/\/viisona.com\/fr\/#\/schema\/logo\/image\/\"}}]}<\/script>\n<!-- \/ Yoast SEO plugin. -->","yoast_head_json":{"title":"Draminski Syst\u00e8me d'\u00e9chographie 4Vet Blue | ViiSona","description":"Am\u00e9liorez vos capacit\u00e9s d'\u00e9chographie au point d'intervention avec le syst\u00e8me d'\u00e9chographie Blue Vet. Con\u00e7u pour l\u2019aspiration des ovules, les transferts d'embryons et une vari\u00e9t\u00e9 d'examens de toutes les esp\u00e8ces, ce syst\u00e8me portable offre une qualit\u00e9 d'image et une polyvalence exceptionnelle. Avec un \u00e9cran tactile haute r\u00e9solution de 12 pouces et dispose de trois modes de pr\u00e9sentation de l\u2019image doppler : Color Doppler, Power Doppler, Pulse Wave Doppler, il garantit des diagnostics pr\u00e9cis dans divers environnements. Dot\u00e9 d'une reconnaissance automatique des sondes, d'un logiciel de t\u00e9l\u00e9guidage pour l\u2019aiguille et de fonctionnalit\u00e9s uniques telles que LUCID et Vi-Probe, il est parfait pour les zoos, les \u00e9quid\u00e9s et les examens des animaux de compagnie. De plus, avec la compatibilit\u00e9 DICOM 3.0 et une m\u00e9moire suffisante, il assure une gestion efficace des donn\u00e9es. D\u00e9couvrez la commodit\u00e9 et la fiabilit\u00e9 de l'\u00e9chographie au point d'intervention avec le Blue Vet.","robots":{"index":"index","follow":"follow","max-snippet":"max-snippet:-1","max-image-preview":"max-image-preview:large","max-video-preview":"max-video-preview:-1"},"canonical":"https:\/\/viisona.com\/fr\/product\/4vet-blue-ultrasound\/","og_locale":"fr_FR","og_type":"article","og_title":"Draminski Syst\u00e8me d'\u00e9chographie 4Vet Blue | ViiSona","og_description":"Am\u00e9liorez vos capacit\u00e9s d'\u00e9chographie au point d'intervention avec le syst\u00e8me d'\u00e9chographie Blue Vet. Con\u00e7u pour l\u2019aspiration des ovules, les transferts d'embryons et une vari\u00e9t\u00e9 d'examens de toutes les esp\u00e8ces, ce syst\u00e8me portable offre une qualit\u00e9 d'image et une polyvalence exceptionnelle. Avec un \u00e9cran tactile haute r\u00e9solution de 12 pouces et dispose de trois modes de pr\u00e9sentation de l\u2019image doppler : Color Doppler, Power Doppler, Pulse Wave Doppler, il garantit des diagnostics pr\u00e9cis dans divers environnements. Dot\u00e9 d'une reconnaissance automatique des sondes, d'un logiciel de t\u00e9l\u00e9guidage pour l\u2019aiguille et de fonctionnalit\u00e9s uniques telles que LUCID et Vi-Probe, il est parfait pour les zoos, les \u00e9quid\u00e9s et les examens des animaux de compagnie. De plus, avec la compatibilit\u00e9 DICOM 3.0 et une m\u00e9moire suffisante, il assure une gestion efficace des donn\u00e9es. D\u00e9couvrez la commodit\u00e9 et la fiabilit\u00e9 de l'\u00e9chographie au point d'intervention avec le Blue Vet.","og_url":"https:\/\/viisona.com\/fr\/product\/4vet-blue-ultrasound\/","og_site_name":"ViiSona","article_modified_time":"2025-05-28T05:16:19+00:00","og_image":[{"width":1080,"height":1080,"url":"https:\/\/viisona.com\/wp-content\/uploads\/2020\/09\/highres_product_4VET_BLUE_ULTRASOUND.jpg","type":"image\/jpeg"}],"twitter_card":"summary_large_image","twitter_misc":{"Dur\u00e9e de lecture estim\u00e9e":"2 minutes"},"schema":{"@context":"https:\/\/schema.org","@graph":[{"@type":"WebPage","@id":"https:\/\/viisona.com\/fr\/product\/4vet-blue-ultrasound\/","url":"https:\/\/viisona.com\/fr\/product\/4vet-blue-ultrasound\/","name":"Draminski Syst\u00e8me d'\u00e9chographie 4Vet Blue | ViiSona","isPartOf":{"@id":"https:\/\/viisona.com\/fr\/#website"},"primaryImageOfPage":{"@id":"https:\/\/viisona.com\/fr\/product\/4vet-blue-ultrasound\/#primaryimage"},"image":{"@id":"https:\/\/viisona.com\/fr\/product\/4vet-blue-ultrasound\/#primaryimage"},"thumbnailUrl":"https:\/\/viisona.com\/wp-content\/uploads\/2020\/09\/highres_product_4VET_BLUE_ULTRASOUND.jpg","datePublished":"2020-09-10T19:46:44+00:00","dateModified":"2025-05-28T05:16:19+00:00","description":"Am\u00e9liorez vos capacit\u00e9s d'\u00e9chographie au point d'intervention avec le syst\u00e8me d'\u00e9chographie Blue Vet. Con\u00e7u pour l\u2019aspiration des ovules, les transferts d'embryons et une vari\u00e9t\u00e9 d'examens de toutes les esp\u00e8ces, ce syst\u00e8me portable offre une qualit\u00e9 d'image et une polyvalence exceptionnelle. Avec un \u00e9cran tactile haute r\u00e9solution de 12 pouces et dispose de trois modes de pr\u00e9sentation de l\u2019image doppler : Color Doppler, Power Doppler, Pulse Wave Doppler, il garantit des diagnostics pr\u00e9cis dans divers environnements. Dot\u00e9 d'une reconnaissance automatique des sondes, d'un logiciel de t\u00e9l\u00e9guidage pour l\u2019aiguille et de fonctionnalit\u00e9s uniques telles que LUCID et Vi-Probe, il est parfait pour les zoos, les \u00e9quid\u00e9s et les examens des animaux de compagnie. De plus, avec la compatibilit\u00e9 DICOM 3.0 et une m\u00e9moire suffisante, il assure une gestion efficace des donn\u00e9es. D\u00e9couvrez la commodit\u00e9 et la fiabilit\u00e9 de l'\u00e9chographie au point d'intervention avec le Blue Vet.","breadcrumb":{"@id":"https:\/\/viisona.com\/fr\/product\/4vet-blue-ultrasound\/#breadcrumb"},"inLanguage":"fr-FR","potentialAction":[{"@type":"ReadAction","target":["https:\/\/viisona.com\/fr\/product\/4vet-blue-ultrasound\/"]}]},{"@type":"ImageObject","inLanguage":"fr-FR","@id":"https:\/\/viisona.com\/fr\/product\/4vet-blue-ultrasound\/#primaryimage","url":"https:\/\/viisona.com\/wp-content\/uploads\/2020\/09\/highres_product_4VET_BLUE_ULTRASOUND.jpg","contentUrl":"https:\/\/viisona.com\/wp-content\/uploads\/2020\/09\/highres_product_4VET_BLUE_ULTRASOUND.jpg","width":1080,"height":1080,"caption":"Draminski 4Vet Blue Point of Care Ultrasound for Companion Animals and Equine Examinations"},{"@type":"BreadcrumbList","@id":"https:\/\/viisona.com\/fr\/product\/4vet-blue-ultrasound\/#breadcrumb","itemListElement":[{"@type":"ListItem","position":1,"name":"Home","item":"https:\/\/viisona.com\/fr\/accueil\/"},{"@type":"ListItem","position":2,"name":"Boutique","item":"https:\/\/viisona.com\/fr\/boutique\/"},{"@type":"ListItem","position":3,"name":"Syst\u00e8me d&#8217;\u00e9chographie 4Vet Blue"}]},{"@type":"WebSite","@id":"https:\/\/viisona.com\/fr\/#website","url":"https:\/\/viisona.com\/fr\/","name":"ViiSona","description":"Am\u00e9liorer les r\u00e9sultats pour les agriculteurs et les s\u00e9lectionneurs dans les communaut\u00e9s agricoles et de s\u00e9lection.","publisher":{"@id":"https:\/\/viisona.com\/fr\/#organization"},"potentialAction":[{"@type":"SearchAction","target":{"@type":"EntryPoint","urlTemplate":"https:\/\/viisona.com\/fr\/?s={search_term_string}"},"query-input":{"@type":"PropertyValueSpecification","valueRequired":true,"valueName":"search_term_string"}}],"inLanguage":"fr-FR"},{"@type":"Organization","@id":"https:\/\/viisona.com\/fr\/#organization","name":"ViiSona","url":"https:\/\/viisona.com\/fr\/","logo":{"@type":"ImageObject","inLanguage":"fr-FR","@id":"https:\/\/viisona.com\/fr\/#\/schema\/logo\/image\/","url":"https:\/\/viisona.com\/wp-content\/uploads\/2020\/08\/viisona_1_FULLY_RASTERED.png","contentUrl":"https:\/\/viisona.com\/wp-content\/uploads\/2020\/08\/viisona_1_FULLY_RASTERED.png","width":1080,"height":307,"caption":"ViiSona"},"image":{"@id":"https:\/\/viisona.com\/fr\/#\/schema\/logo\/image\/"}}]}},"jetpack_sharing_enabled":true,"_links":{"self":[{"href":"https:\/\/viisona.com\/fr\/wp-json\/wp\/v2\/product\/5007","targetHints":{"allow":["GET"]}}],"collection":[{"href":"https:\/\/viisona.com\/fr\/wp-json\/wp\/v2\/product"}],"about":[{"href":"https:\/\/viisona.com\/fr\/wp-json\/wp\/v2\/types\/product"}],"wp:featuredmedia":[{"embeddable":true,"href":"https:\/\/viisona.com\/fr\/wp-json\/wp\/v2\/media\/4266"}],"wp:attachment":[{"href":"https:\/\/viisona.com\/fr\/wp-json\/wp\/v2\/media?parent=5007"}],"wp:term":[{"taxonomy":"product_cat","embeddable":true,"href":"https:\/\/viisona.com\/fr\/wp-json\/wp\/v2\/product_cat?post=5007"},{"taxonomy":"product_tag","embeddable":true,"href":"https:\/\/viisona.com\/fr\/wp-json\/wp\/v2\/product_tag?post=5007"},{"taxonomy":"berocket_brand","embeddable":true,"href":"https:\/\/viisona.com\/fr\/wp-json\/wp\/v2\/berocket_brand?post=5007"}],"curies":[{"name":"wp","href":"https:\/\/api.w.org\/{rel}","templated":true}]}}