{"id":5006,"date":"2021-12-02T02:28:00","date_gmt":"2021-12-02T02:28:00","guid":{"rendered":"https:\/\/viisona.com\/shop\/non%20class\u00e9\/l3ase-transducteur-lineaire-pour-evo\/"},"modified":"2026-02-18T05:55:58","modified_gmt":"2026-02-18T05:55:58","slug":"l3ase-transducteur-lineaire-pour-evo","status":"publish","type":"product","link":"https:\/\/viisona.com\/fr\/product\/l3ase-transducteur-lineaire-pour-evo\/","title":{"rendered":"L3ASE &#8211; Transducteur lin\u00e9aire pour EVO"},"content":{"rendered":"<p><span style=\"font-weight: 400;\">Transducteur lin\u00e9aire \u00e0 basse fr\u00e9quence (3-6 MHz), \u00e0 p\u00e9n\u00e9tration profonde, offrant une profondeur de balayage de 30 cm. Gr\u00e2ce \u00e0 sa basse fr\u00e9quence, \u00e0 sa profondeur de p\u00e9n\u00e9tration et \u00e0 sa grande empreinte, la sonde L3ASE est con\u00e7ue pour les examens du m\u00e9rite des carcasses des bovins et des paires de bovins avec le syst\u00e8me d&#8217;\u00e9chographie EVO.  <\/span><\/p>\n<p><span style=\"font-weight: 400;\">Tous les c\u00e2bles EI Medical ont \u00e9t\u00e9 test\u00e9s \u00e0 1,2 million de cycles de flexion. Ils sont dot\u00e9s d&#8217;une gaine de c\u00e2ble con\u00e7ue sur mesure pour une durabilit\u00e9 extr\u00eame, ils sont r\u00e9sistants aux produits chimiques et biocompatibles. Les c\u00e2bles de sonde d&#8217;EI Medical sont sp\u00e9cialement con\u00e7us pour \u00eatre utilis\u00e9s dans des environnements animaux difficiles. La gaine du c\u00e2ble en polyur\u00e9thane est extr\u00eamement durable, r\u00e9sistante aux produits chimiques et biocompatible selon USP Class VI, le coaxial en alliage de cuivre et le blindage en alliage de cuivre ont \u00e9t\u00e9 d\u00e9velopp\u00e9s pour un allongement contr\u00f4l\u00e9, et des \u00e9l\u00e9ments de r\u00e9sistance en kevlar sont incorpor\u00e9s dans le faisceau de c\u00e2bles pour prot\u00e9ger le coaxial contre les ruptures.<\/span><\/p>\n<p><span style=\"font-weight: 400;\">Compatible avec le syst\u00e8me d&#8217;\u00e9chographie EVO.  <\/span><\/p>\n<p><span style=\"font-weight: 400;\">Garantie du fabricant &#8211; 1 an<\/span><\/p>\n","protected":false},"excerpt":{"rendered":"<p><span style=\"font-weight: 400;\">Un transducteur basse fr\u00e9quence \u00e0 p\u00e9n\u00e9tration profonde et \u00e0 grande empreinte est con\u00e7u pour les examens de m\u00e9rite des carcasses de bovins. Tous les transducteurs sont con\u00e7us sp\u00e9cifiquement pour les environnements difficiles, mais si le pire se produit, ils peuvent \u00e9galement \u00eatre r\u00e9par\u00e9s !<\/span><\/p>\n<p><span style=\"font-weight: 400;\">Compatible avec le syst\u00e8me d&#8217;\u00e9chographie EVO.<\/span><\/p>\n","protected":false},"featured_media":4826,"template":"","meta":{"_acf_changed":false,"inline_featured_image":false},"product_cat":[500,490,501,483],"product_tag":[790],"berocket_brand":[446],"class_list":{"0":"post-5006","1":"product","2":"type-product","3":"status-publish","4":"has-post-thumbnail","6":"product_cat-eleveurs","7":"product_cat-producteurs","8":"product_cat-sondes","9":"product_cat-veterinaires","10":"product_tag-ibex-fr","11":"pa_applications-carcas-merit-fr","12":"pa_applications-mesures-du-gras-dorsal","13":"pa_species-animaux-exotiques","14":"pa_species-bovins-de-boucherie","15":"berocket_brand-ibex-fr","17":"first","18":"instock","19":"taxable","20":"shipping-taxable","21":"purchasable","22":"product-type-simple"},"acf":[],"yoast_head":"<!-- This site is optimized with the Yoast SEO plugin v26.8 - https:\/\/yoast.com\/product\/yoast-seo-wordpress\/ -->\n<title>iBex L3ASE - Transducteur lin\u00e9aire pour EVO | ViiSona<\/title>\n<meta name=\"description\" content=\"La sonde lin\u00e9aire EI Medical L3ASE Bovine Carcass Merit est con\u00e7ue pour une p\u00e9n\u00e9tration profonde et une imagerie \u00e0 basse fr\u00e9quence, sp\u00e9cialement pour les examens de m\u00e9rite des carcasses de bovins. Dot\u00e9e d&#039;une gamme de fr\u00e9quences de 3 \u00e0 6 MHz et de 128 cristaux, cette sonde offre une profondeur de balayage substantielle de 30 cm, id\u00e9ale pour des \u00e9valuations approfondies. Gr\u00e2ce \u00e0 sa grande empreinte et \u00e0 sa conception optimis\u00e9e, elle garantit une imagerie compl\u00e8te des carcasses de bovins. Con\u00e7ue pour les environnements difficiles, elle peut r\u00e9sister \u00e0 des conditions difficiles et peut \u00eatre r\u00e9par\u00e9e si n\u00e9cessaire. Compatible avec le syst\u00e8me d&#039;\u00e9chographie EVO, il s&#039;int\u00e8gre parfaitement aux installations existantes. Les c\u00e2bles d&#039;EI Medical sont rigoureusement test\u00e9s en termes de durabilit\u00e9, de r\u00e9sistance chimique et de biocompatibilit\u00e9, ce qui garantit des performances fiables dans les environnements animaliers exigeants.\" \/>\n<meta name=\"robots\" content=\"index, follow, max-snippet:-1, max-image-preview:large, max-video-preview:-1\" \/>\n<link rel=\"canonical\" href=\"https:\/\/viisona.com\/fr\/product\/l3ase-transducteur-lineaire-pour-evo\/\" \/>\n<meta property=\"og:locale\" content=\"fr_FR\" \/>\n<meta property=\"og:type\" content=\"article\" \/>\n<meta property=\"og:title\" content=\"iBex L3ASE - Transducteur lin\u00e9aire pour EVO | ViiSona\" \/>\n<meta property=\"og:description\" content=\"La sonde lin\u00e9aire EI Medical L3ASE Bovine Carcass Merit est con\u00e7ue pour une p\u00e9n\u00e9tration profonde et une imagerie \u00e0 basse fr\u00e9quence, sp\u00e9cialement pour les examens de m\u00e9rite des carcasses de bovins. Dot\u00e9e d&#039;une gamme de fr\u00e9quences de 3 \u00e0 6 MHz et de 128 cristaux, cette sonde offre une profondeur de balayage substantielle de 30 cm, id\u00e9ale pour des \u00e9valuations approfondies. Gr\u00e2ce \u00e0 sa grande empreinte et \u00e0 sa conception optimis\u00e9e, elle garantit une imagerie compl\u00e8te des carcasses de bovins. Con\u00e7ue pour les environnements difficiles, elle peut r\u00e9sister \u00e0 des conditions difficiles et peut \u00eatre r\u00e9par\u00e9e si n\u00e9cessaire. Compatible avec le syst\u00e8me d&#039;\u00e9chographie EVO, il s&#039;int\u00e8gre parfaitement aux installations existantes. Les c\u00e2bles d&#039;EI Medical sont rigoureusement test\u00e9s en termes de durabilit\u00e9, de r\u00e9sistance chimique et de biocompatibilit\u00e9, ce qui garantit des performances fiables dans les environnements animaliers exigeants.\" \/>\n<meta property=\"og:url\" content=\"https:\/\/viisona.com\/fr\/product\/l3ase-transducteur-lineaire-pour-evo\/\" \/>\n<meta property=\"og:site_name\" content=\"ViiSona\" \/>\n<meta property=\"article:modified_time\" content=\"2026-02-18T05:55:58+00:00\" \/>\n<meta property=\"og:image\" content=\"https:\/\/viisona.com\/wp-content\/uploads\/2021\/12\/L3ASE-EVO-square.jpg\" \/>\n\t<meta property=\"og:image:width\" content=\"1920\" \/>\n\t<meta property=\"og:image:height\" content=\"1920\" \/>\n\t<meta property=\"og:image:type\" content=\"image\/jpeg\" \/>\n<meta name=\"twitter:card\" content=\"summary_large_image\" \/>\n<meta name=\"twitter:label1\" content=\"Dur\u00e9e de lecture estim\u00e9e\" \/>\n\t<meta name=\"twitter:data1\" content=\"1 minute\" \/>\n<script type=\"application\/ld+json\" class=\"yoast-schema-graph\">{\"@context\":\"https:\/\/schema.org\",\"@graph\":[{\"@type\":\"WebPage\",\"@id\":\"https:\/\/viisona.com\/fr\/product\/l3ase-transducteur-lineaire-pour-evo\/\",\"url\":\"https:\/\/viisona.com\/fr\/product\/l3ase-transducteur-lineaire-pour-evo\/\",\"name\":\"iBex L3ASE - Transducteur lin\u00e9aire pour EVO | ViiSona\",\"isPartOf\":{\"@id\":\"https:\/\/viisona.com\/fr\/#website\"},\"primaryImageOfPage\":{\"@id\":\"https:\/\/viisona.com\/fr\/product\/l3ase-transducteur-lineaire-pour-evo\/#primaryimage\"},\"image\":{\"@id\":\"https:\/\/viisona.com\/fr\/product\/l3ase-transducteur-lineaire-pour-evo\/#primaryimage\"},\"thumbnailUrl\":\"https:\/\/viisona.com\/wp-content\/uploads\/2021\/12\/L3ASE-EVO-square.jpg\",\"datePublished\":\"2021-12-02T02:28:00+00:00\",\"dateModified\":\"2026-02-18T05:55:58+00:00\",\"description\":\"La sonde lin\u00e9aire EI Medical L3ASE Bovine Carcass Merit est con\u00e7ue pour une p\u00e9n\u00e9tration profonde et une imagerie \u00e0 basse fr\u00e9quence, sp\u00e9cialement pour les examens de m\u00e9rite des carcasses de bovins. Dot\u00e9e d'une gamme de fr\u00e9quences de 3 \u00e0 6 MHz et de 128 cristaux, cette sonde offre une profondeur de balayage substantielle de 30 cm, id\u00e9ale pour des \u00e9valuations approfondies. Gr\u00e2ce \u00e0 sa grande empreinte et \u00e0 sa conception optimis\u00e9e, elle garantit une imagerie compl\u00e8te des carcasses de bovins. Con\u00e7ue pour les environnements difficiles, elle peut r\u00e9sister \u00e0 des conditions difficiles et peut \u00eatre r\u00e9par\u00e9e si n\u00e9cessaire. Compatible avec le syst\u00e8me d'\u00e9chographie EVO, il s'int\u00e8gre parfaitement aux installations existantes. Les c\u00e2bles d'EI Medical sont rigoureusement test\u00e9s en termes de durabilit\u00e9, de r\u00e9sistance chimique et de biocompatibilit\u00e9, ce qui garantit des performances fiables dans les environnements animaliers exigeants.\",\"breadcrumb\":{\"@id\":\"https:\/\/viisona.com\/fr\/product\/l3ase-transducteur-lineaire-pour-evo\/#breadcrumb\"},\"inLanguage\":\"fr-FR\",\"potentialAction\":[{\"@type\":\"ReadAction\",\"target\":[\"https:\/\/viisona.com\/fr\/product\/l3ase-transducteur-lineaire-pour-evo\/\"]}]},{\"@type\":\"ImageObject\",\"inLanguage\":\"fr-FR\",\"@id\":\"https:\/\/viisona.com\/fr\/product\/l3ase-transducteur-lineaire-pour-evo\/#primaryimage\",\"url\":\"https:\/\/viisona.com\/wp-content\/uploads\/2021\/12\/L3ASE-EVO-square.jpg\",\"contentUrl\":\"https:\/\/viisona.com\/wp-content\/uploads\/2021\/12\/L3ASE-EVO-square.jpg\",\"width\":1920,\"height\":1920},{\"@type\":\"BreadcrumbList\",\"@id\":\"https:\/\/viisona.com\/fr\/product\/l3ase-transducteur-lineaire-pour-evo\/#breadcrumb\",\"itemListElement\":[{\"@type\":\"ListItem\",\"position\":1,\"name\":\"Home\",\"item\":\"https:\/\/viisona.com\/fr\/accueil\/\"},{\"@type\":\"ListItem\",\"position\":2,\"name\":\"Boutique\",\"item\":\"https:\/\/viisona.com\/fr\/boutique\/\"},{\"@type\":\"ListItem\",\"position\":3,\"name\":\"L3ASE &#8211; Transducteur lin\u00e9aire pour EVO\"}]},{\"@type\":\"WebSite\",\"@id\":\"https:\/\/viisona.com\/fr\/#website\",\"url\":\"https:\/\/viisona.com\/fr\/\",\"name\":\"ViiSona\",\"description\":\"Am\u00e9liorer les r\u00e9sultats pour les agriculteurs et les s\u00e9lectionneurs dans les communaut\u00e9s agricoles et de s\u00e9lection.\",\"publisher\":{\"@id\":\"https:\/\/viisona.com\/fr\/#organization\"},\"potentialAction\":[{\"@type\":\"SearchAction\",\"target\":{\"@type\":\"EntryPoint\",\"urlTemplate\":\"https:\/\/viisona.com\/fr\/?s={search_term_string}\"},\"query-input\":{\"@type\":\"PropertyValueSpecification\",\"valueRequired\":true,\"valueName\":\"search_term_string\"}}],\"inLanguage\":\"fr-FR\"},{\"@type\":\"Organization\",\"@id\":\"https:\/\/viisona.com\/fr\/#organization\",\"name\":\"ViiSona\",\"url\":\"https:\/\/viisona.com\/fr\/\",\"logo\":{\"@type\":\"ImageObject\",\"inLanguage\":\"fr-FR\",\"@id\":\"https:\/\/viisona.com\/fr\/#\/schema\/logo\/image\/\",\"url\":\"https:\/\/viisona.com\/wp-content\/uploads\/2020\/08\/viisona_1_FULLY_RASTERED.png\",\"contentUrl\":\"https:\/\/viisona.com\/wp-content\/uploads\/2020\/08\/viisona_1_FULLY_RASTERED.png\",\"width\":1080,\"height\":307,\"caption\":\"ViiSona\"},\"image\":{\"@id\":\"https:\/\/viisona.com\/fr\/#\/schema\/logo\/image\/\"}}]}<\/script>\n<!-- \/ Yoast SEO plugin. -->","yoast_head_json":{"title":"iBex L3ASE - Transducteur lin\u00e9aire pour EVO | ViiSona","description":"La sonde lin\u00e9aire EI Medical L3ASE Bovine Carcass Merit est con\u00e7ue pour une p\u00e9n\u00e9tration profonde et une imagerie \u00e0 basse fr\u00e9quence, sp\u00e9cialement pour les examens de m\u00e9rite des carcasses de bovins. Dot\u00e9e d'une gamme de fr\u00e9quences de 3 \u00e0 6 MHz et de 128 cristaux, cette sonde offre une profondeur de balayage substantielle de 30 cm, id\u00e9ale pour des \u00e9valuations approfondies. Gr\u00e2ce \u00e0 sa grande empreinte et \u00e0 sa conception optimis\u00e9e, elle garantit une imagerie compl\u00e8te des carcasses de bovins. Con\u00e7ue pour les environnements difficiles, elle peut r\u00e9sister \u00e0 des conditions difficiles et peut \u00eatre r\u00e9par\u00e9e si n\u00e9cessaire. Compatible avec le syst\u00e8me d'\u00e9chographie EVO, il s'int\u00e8gre parfaitement aux installations existantes. Les c\u00e2bles d'EI Medical sont rigoureusement test\u00e9s en termes de durabilit\u00e9, de r\u00e9sistance chimique et de biocompatibilit\u00e9, ce qui garantit des performances fiables dans les environnements animaliers exigeants.","robots":{"index":"index","follow":"follow","max-snippet":"max-snippet:-1","max-image-preview":"max-image-preview:large","max-video-preview":"max-video-preview:-1"},"canonical":"https:\/\/viisona.com\/fr\/product\/l3ase-transducteur-lineaire-pour-evo\/","og_locale":"fr_FR","og_type":"article","og_title":"iBex L3ASE - Transducteur lin\u00e9aire pour EVO | ViiSona","og_description":"La sonde lin\u00e9aire EI Medical L3ASE Bovine Carcass Merit est con\u00e7ue pour une p\u00e9n\u00e9tration profonde et une imagerie \u00e0 basse fr\u00e9quence, sp\u00e9cialement pour les examens de m\u00e9rite des carcasses de bovins. Dot\u00e9e d'une gamme de fr\u00e9quences de 3 \u00e0 6 MHz et de 128 cristaux, cette sonde offre une profondeur de balayage substantielle de 30 cm, id\u00e9ale pour des \u00e9valuations approfondies. Gr\u00e2ce \u00e0 sa grande empreinte et \u00e0 sa conception optimis\u00e9e, elle garantit une imagerie compl\u00e8te des carcasses de bovins. Con\u00e7ue pour les environnements difficiles, elle peut r\u00e9sister \u00e0 des conditions difficiles et peut \u00eatre r\u00e9par\u00e9e si n\u00e9cessaire. Compatible avec le syst\u00e8me d'\u00e9chographie EVO, il s'int\u00e8gre parfaitement aux installations existantes. Les c\u00e2bles d'EI Medical sont rigoureusement test\u00e9s en termes de durabilit\u00e9, de r\u00e9sistance chimique et de biocompatibilit\u00e9, ce qui garantit des performances fiables dans les environnements animaliers exigeants.","og_url":"https:\/\/viisona.com\/fr\/product\/l3ase-transducteur-lineaire-pour-evo\/","og_site_name":"ViiSona","article_modified_time":"2026-02-18T05:55:58+00:00","og_image":[{"width":1920,"height":1920,"url":"https:\/\/viisona.com\/wp-content\/uploads\/2021\/12\/L3ASE-EVO-square.jpg","type":"image\/jpeg"}],"twitter_card":"summary_large_image","twitter_misc":{"Dur\u00e9e de lecture estim\u00e9e":"1 minute"},"schema":{"@context":"https:\/\/schema.org","@graph":[{"@type":"WebPage","@id":"https:\/\/viisona.com\/fr\/product\/l3ase-transducteur-lineaire-pour-evo\/","url":"https:\/\/viisona.com\/fr\/product\/l3ase-transducteur-lineaire-pour-evo\/","name":"iBex L3ASE - Transducteur lin\u00e9aire pour EVO | ViiSona","isPartOf":{"@id":"https:\/\/viisona.com\/fr\/#website"},"primaryImageOfPage":{"@id":"https:\/\/viisona.com\/fr\/product\/l3ase-transducteur-lineaire-pour-evo\/#primaryimage"},"image":{"@id":"https:\/\/viisona.com\/fr\/product\/l3ase-transducteur-lineaire-pour-evo\/#primaryimage"},"thumbnailUrl":"https:\/\/viisona.com\/wp-content\/uploads\/2021\/12\/L3ASE-EVO-square.jpg","datePublished":"2021-12-02T02:28:00+00:00","dateModified":"2026-02-18T05:55:58+00:00","description":"La sonde lin\u00e9aire EI Medical L3ASE Bovine Carcass Merit est con\u00e7ue pour une p\u00e9n\u00e9tration profonde et une imagerie \u00e0 basse fr\u00e9quence, sp\u00e9cialement pour les examens de m\u00e9rite des carcasses de bovins. Dot\u00e9e d'une gamme de fr\u00e9quences de 3 \u00e0 6 MHz et de 128 cristaux, cette sonde offre une profondeur de balayage substantielle de 30 cm, id\u00e9ale pour des \u00e9valuations approfondies. Gr\u00e2ce \u00e0 sa grande empreinte et \u00e0 sa conception optimis\u00e9e, elle garantit une imagerie compl\u00e8te des carcasses de bovins. Con\u00e7ue pour les environnements difficiles, elle peut r\u00e9sister \u00e0 des conditions difficiles et peut \u00eatre r\u00e9par\u00e9e si n\u00e9cessaire. Compatible avec le syst\u00e8me d'\u00e9chographie EVO, il s'int\u00e8gre parfaitement aux installations existantes. Les c\u00e2bles d'EI Medical sont rigoureusement test\u00e9s en termes de durabilit\u00e9, de r\u00e9sistance chimique et de biocompatibilit\u00e9, ce qui garantit des performances fiables dans les environnements animaliers exigeants.","breadcrumb":{"@id":"https:\/\/viisona.com\/fr\/product\/l3ase-transducteur-lineaire-pour-evo\/#breadcrumb"},"inLanguage":"fr-FR","potentialAction":[{"@type":"ReadAction","target":["https:\/\/viisona.com\/fr\/product\/l3ase-transducteur-lineaire-pour-evo\/"]}]},{"@type":"ImageObject","inLanguage":"fr-FR","@id":"https:\/\/viisona.com\/fr\/product\/l3ase-transducteur-lineaire-pour-evo\/#primaryimage","url":"https:\/\/viisona.com\/wp-content\/uploads\/2021\/12\/L3ASE-EVO-square.jpg","contentUrl":"https:\/\/viisona.com\/wp-content\/uploads\/2021\/12\/L3ASE-EVO-square.jpg","width":1920,"height":1920},{"@type":"BreadcrumbList","@id":"https:\/\/viisona.com\/fr\/product\/l3ase-transducteur-lineaire-pour-evo\/#breadcrumb","itemListElement":[{"@type":"ListItem","position":1,"name":"Home","item":"https:\/\/viisona.com\/fr\/accueil\/"},{"@type":"ListItem","position":2,"name":"Boutique","item":"https:\/\/viisona.com\/fr\/boutique\/"},{"@type":"ListItem","position":3,"name":"L3ASE &#8211; Transducteur lin\u00e9aire pour EVO"}]},{"@type":"WebSite","@id":"https:\/\/viisona.com\/fr\/#website","url":"https:\/\/viisona.com\/fr\/","name":"ViiSona","description":"Am\u00e9liorer les r\u00e9sultats pour les agriculteurs et les s\u00e9lectionneurs dans les communaut\u00e9s agricoles et de s\u00e9lection.","publisher":{"@id":"https:\/\/viisona.com\/fr\/#organization"},"potentialAction":[{"@type":"SearchAction","target":{"@type":"EntryPoint","urlTemplate":"https:\/\/viisona.com\/fr\/?s={search_term_string}"},"query-input":{"@type":"PropertyValueSpecification","valueRequired":true,"valueName":"search_term_string"}}],"inLanguage":"fr-FR"},{"@type":"Organization","@id":"https:\/\/viisona.com\/fr\/#organization","name":"ViiSona","url":"https:\/\/viisona.com\/fr\/","logo":{"@type":"ImageObject","inLanguage":"fr-FR","@id":"https:\/\/viisona.com\/fr\/#\/schema\/logo\/image\/","url":"https:\/\/viisona.com\/wp-content\/uploads\/2020\/08\/viisona_1_FULLY_RASTERED.png","contentUrl":"https:\/\/viisona.com\/wp-content\/uploads\/2020\/08\/viisona_1_FULLY_RASTERED.png","width":1080,"height":307,"caption":"ViiSona"},"image":{"@id":"https:\/\/viisona.com\/fr\/#\/schema\/logo\/image\/"}}]}},"jetpack_sharing_enabled":true,"_links":{"self":[{"href":"https:\/\/viisona.com\/fr\/wp-json\/wp\/v2\/product\/5006","targetHints":{"allow":["GET"]}}],"collection":[{"href":"https:\/\/viisona.com\/fr\/wp-json\/wp\/v2\/product"}],"about":[{"href":"https:\/\/viisona.com\/fr\/wp-json\/wp\/v2\/types\/product"}],"wp:featuredmedia":[{"embeddable":true,"href":"https:\/\/viisona.com\/fr\/wp-json\/wp\/v2\/media\/4826"}],"wp:attachment":[{"href":"https:\/\/viisona.com\/fr\/wp-json\/wp\/v2\/media?parent=5006"}],"wp:term":[{"taxonomy":"product_cat","embeddable":true,"href":"https:\/\/viisona.com\/fr\/wp-json\/wp\/v2\/product_cat?post=5006"},{"taxonomy":"product_tag","embeddable":true,"href":"https:\/\/viisona.com\/fr\/wp-json\/wp\/v2\/product_tag?post=5006"},{"taxonomy":"berocket_brand","embeddable":true,"href":"https:\/\/viisona.com\/fr\/wp-json\/wp\/v2\/berocket_brand?post=5006"}],"curies":[{"name":"wp","href":"https:\/\/api.w.org\/{rel}","templated":true}]}}