{"id":5003,"date":"2020-10-16T17:47:15","date_gmt":"2020-10-16T17:47:15","guid":{"rendered":"https:\/\/viisona.com\/shop\/non%20class\u00e9\/echographie-evo-iii\/"},"modified":"2026-02-18T06:00:37","modified_gmt":"2026-02-18T06:00:37","slug":"echographie-evo-iii","status":"publish","type":"product","link":"https:\/\/viisona.com\/fr\/product\/echographie-evo-iii\/","title":{"rendered":"Echographie EVO III"},"content":{"rendered":"<p class=\"p1\">EI Medical EVO III Ultrasound au Canada !<\/p>\n<p class=\"p1\">EVO III est le mod\u00e8le le plus avanc\u00e9 de notre famille, la nouvelle g\u00e9n\u00e9ration de notre plateforme EVO. Avec une r\u00e9solution d&#8217;image nettement sup\u00e9rieure, un Doppler couleur, des fonctions am\u00e9lior\u00e9es et des applications de visualisation d&#8217;images \u00e0 distance, ce dernier EVO est id\u00e9al pour les pratiques \u00e9quines et les animaux de compagnie, les zoos et tous ceux qui exigent une image de haute qualit\u00e9 dans un syst\u00e8me robuste.<\/p>\n<ul>\n<li class=\"p1\">Nouveaux transducteurs haute r\u00e9solution pour toutes les esp\u00e8ces<\/li>\n<li class=\"p1\">Batterie longue dur\u00e9e, rempla\u00e7able sur place<\/li>\n<li class=\"p1\">Mises \u00e0 jour permanentes du micrologiciel&#8230; am\u00e9lioration de la qualit\u00e9 de l&#8217;image et de l&#8217;ensemble des fonctions pendant toute la dur\u00e9e de vie du syst\u00e8me<\/li>\n<\/ul>\n<p class=\"p1\">Robuste, r\u00e9sistant aux \u00e9claboussures et portable, avec une nouvelle gamme de transducteurs haute r\u00e9solution \u00e0 fr\u00e9quence variable, EVO III fournit une imagerie optimale. Le nouvel EVO peut \u00e9galement accueillir des casques vid\u00e9o en option, parfaits pour la visualisation en plein soleil ou dans des situations de faible luminosit\u00e9.<\/p>\n<p>Regardez le <em><a href=\"https:\/\/www.youtube.com\/watch?v=Ogo7Pvnj9VU&amp;t=58s\" target=\"_blank\" rel=\"noopener\">EVO Unboxing<\/a><\/em> pour vous familiariser avec la mani\u00e8re de fixer et de retirer vos transducteurs, d&#8217;installer la batterie, de brancher et de charger l&#8217;\u00e9chographe, et de localiser les ports USB et HDMI. <em>Remarque : assurez-vous toujours que le syst\u00e8me est hors tension lorsque vous installez, changez ou retirez des transducteurs.<\/em><\/p>\n<p>Regardez <a href=\"https:\/\/www.eimedical.com\/blog\/setting-up-an-ultrasound-exam-with-your-evo\">comment pr\u00e9parer un examen<\/a> avec le syst\u00e8me d&#8217;\u00e9chographie portable EVO III. Utilisation de la fonction de <a href=\"https:\/\/f.hubspotusercontent30.net\/hubfs\/80236\/Images%202017-18\/EIMI%202017-2018\/video\/Using%20the%20EVOStream%20App.mp4\">diffusion Wi-Fi EVOStream<\/a>. <\/p>\n<p>N&#8217;oubliez pas de consulter les <em><a href=\"https:\/\/www.youtube.com\/playlist?list=PLsXoj-Pa0hthjng83FhcDMm0O9DEG2xYx\" target=\"_blank\" rel=\"noopener\">Tutoriels EVO<\/a><\/em> et les <em><a href=\"https:\/\/www.youtube.com\/playlist?list=PLsXoj-Pa0htjXJM5-GfoVjgik44vee5t8\" target=\"_blank\" rel=\"noopener\">EVO Shorts<\/a><\/em> sur la <a href=\"https:\/\/www.youtube.com\/channel\/UC3cx983SMnGdFsgzI4eUCRA\" target=\"_blank\" rel=\"noopener\">cha\u00eene YouTube de l&#8217;Universit\u00e9 EIMI<\/a> pour plus de d\u00e9tails sur les diff\u00e9rentes fonctions de votre \u00e9chographe ! Vous y apprendrez \u00e0 prendre des mesures, \u00e0 utiliser les tables de gestation, \u00e0 stocker des images fixes et des boucles vid\u00e9o, et bien d&#8217;autres choses encore ! <\/p>\n","protected":false},"excerpt":{"rendered":"<p><span style=\"font-weight: 400;\">Syst\u00e8me d&#8217;\u00e9chographie portable EVO III avec flux d&#8217;images WiFi EVOstream, t\u00e9l\u00e9commande, applications de visualisation d&#8217;images \u00e0 distance et Doppler couleur. La batterie rempla\u00e7able sur place est  <\/span><span style=\"font-weight: 400;\">Id\u00e9al pour les cabinets \u00e9quins, les cabinets d&#8217;animaux de compagnie, les zoos et tous ceux qui exigent une image de haute qualit\u00e9 dans un syst\u00e8me robuste et une imagerie avanc\u00e9e telle que l&#8217;OPU\/TVA.  <\/span><\/p>\n","protected":false},"featured_media":5544,"template":"","meta":{"_acf_changed":false,"inline_featured_image":false},"product_cat":[484,483],"product_tag":[1003,1001,1002,946,833,1004],"berocket_brand":[446],"class_list":{"0":"post-5003","1":"product","2":"type-product","3":"status-publish","4":"has-post-thumbnail","6":"product_cat-echographie-veterinaire-portable","7":"product_cat-veterinaires","8":"product_tag-echographie-evo-2","9":"product_tag-ei-medical-evo","10":"product_tag-ei-medical-evo-iii","11":"product_tag-ei-medical-ultrasound-fr","12":"product_tag-evo-fr","13":"product_tag-evo-iii","14":"pa_applications-abdominal-fr","15":"pa_applications-carcas-merit-fr","16":"pa_applications-diagnostic-de-base-des-petits-animaux","17":"pa_applications-diagnostic-des-tissus-mous","18":"pa_applications-doppler-ovarien","19":"pa_applications-examens-de-structure-superficielle","20":"pa_applications-follicules","21":"pa_applications-grossesse","22":"pa_applications-mesures-du-gras-dorsal","23":"pa_applications-neurovasculaire","24":"pa_applications-pis","25":"pa_applications-poumons","26":"pa_applications-ramassage-de-lovule","27":"pa_applications-reproduction-fr","28":"pa_applications-tendons-fr","29":"pa_applications-testicules","30":"pa_applications-transfert-dembryons","31":"pa_applications-urologie","32":"pa_applications-uterus-fr","33":"pa_species-animaux-exotiques","34":"pa_species-bovins-de-boucherie","35":"pa_species-bovins-laitiers","36":"pa_species-chevaux","37":"pa_species-chevres","38":"pa_species-moutons","39":"pa_species-petits-animaux","40":"pa_species-porcs","41":"berocket_brand-ibex-fr","43":"first","44":"instock","45":"taxable","46":"shipping-taxable","47":"purchasable","48":"product-type-simple"},"acf":[],"yoast_head":"<!-- This site is optimized with the Yoast SEO plugin v26.8 - https:\/\/yoast.com\/product\/yoast-seo-wordpress\/ -->\n<title>iBex Echographie EVO III | ViiSona<\/title>\n<meta name=\"description\" content=\"D\u00e9couvrez l&#039;EVO III, le summum des syst\u00e8mes d&#039;\u00e9chographie v\u00e9t\u00e9rinaire portables et robustes, id\u00e9al pour les pratiques \u00e9quines, les animaux de compagnie et les pratiques mixtes. Dot\u00e9 de nouveaux transducteurs \u00e0 large bande haute r\u00e9solution et d&#039;un logiciel d&#039;imagerie avanc\u00e9, l&#039;EVO III offre une qualit\u00e9 d&#039;image sup\u00e9rieure pour toutes les esp\u00e8ces. Sa conception r\u00e9sistante aux \u00e9claboussures et l&#039;autonomie prolong\u00e9e de la batterie garantissent des performances dans tous les environnements, qu&#039;il s&#039;agisse de cliniques ou de champs. Dot\u00e9 de capacit\u00e9s Wi-Fi et Bluetooth, l&#039;EVO III offre flexibilit\u00e9 et facilit\u00e9 d&#039;utilisation aux v\u00e9t\u00e9rinaires canadiens \u00e0 la recherche d&#039;un outil de diagnostic durable et polyvalent.\" \/>\n<meta name=\"robots\" content=\"index, follow, max-snippet:-1, max-image-preview:large, max-video-preview:-1\" \/>\n<link rel=\"canonical\" href=\"https:\/\/viisona.com\/fr\/product\/echographie-evo-iii\/\" \/>\n<meta property=\"og:locale\" content=\"fr_FR\" \/>\n<meta property=\"og:type\" content=\"article\" \/>\n<meta property=\"og:title\" content=\"iBex Echographie EVO III | ViiSona\" \/>\n<meta property=\"og:description\" content=\"D\u00e9couvrez l&#039;EVO III, le summum des syst\u00e8mes d&#039;\u00e9chographie v\u00e9t\u00e9rinaire portables et robustes, id\u00e9al pour les pratiques \u00e9quines, les animaux de compagnie et les pratiques mixtes. Dot\u00e9 de nouveaux transducteurs \u00e0 large bande haute r\u00e9solution et d&#039;un logiciel d&#039;imagerie avanc\u00e9, l&#039;EVO III offre une qualit\u00e9 d&#039;image sup\u00e9rieure pour toutes les esp\u00e8ces. Sa conception r\u00e9sistante aux \u00e9claboussures et l&#039;autonomie prolong\u00e9e de la batterie garantissent des performances dans tous les environnements, qu&#039;il s&#039;agisse de cliniques ou de champs. Dot\u00e9 de capacit\u00e9s Wi-Fi et Bluetooth, l&#039;EVO III offre flexibilit\u00e9 et facilit\u00e9 d&#039;utilisation aux v\u00e9t\u00e9rinaires canadiens \u00e0 la recherche d&#039;un outil de diagnostic durable et polyvalent.\" \/>\n<meta property=\"og:url\" content=\"https:\/\/viisona.com\/fr\/product\/echographie-evo-iii\/\" \/>\n<meta property=\"og:site_name\" content=\"ViiSona\" \/>\n<meta property=\"article:modified_time\" content=\"2026-02-18T06:00:37+00:00\" \/>\n<meta property=\"og:image\" content=\"https:\/\/viisona.com\/wp-content\/uploads\/2020\/10\/EVO3-mock-up-V2-WEB-3.jpg\" \/>\n\t<meta property=\"og:image:width\" content=\"2500\" \/>\n\t<meta property=\"og:image:height\" content=\"2500\" \/>\n\t<meta property=\"og:image:type\" content=\"image\/jpeg\" \/>\n<meta name=\"twitter:card\" content=\"summary_large_image\" \/>\n<meta name=\"twitter:label1\" content=\"Dur\u00e9e de lecture estim\u00e9e\" \/>\n\t<meta name=\"twitter:data1\" content=\"1 minute\" \/>\n<script type=\"application\/ld+json\" class=\"yoast-schema-graph\">{\"@context\":\"https:\/\/schema.org\",\"@graph\":[{\"@type\":\"WebPage\",\"@id\":\"https:\/\/viisona.com\/fr\/product\/echographie-evo-iii\/\",\"url\":\"https:\/\/viisona.com\/fr\/product\/echographie-evo-iii\/\",\"name\":\"iBex Echographie EVO III | ViiSona\",\"isPartOf\":{\"@id\":\"https:\/\/viisona.com\/fr\/#website\"},\"primaryImageOfPage\":{\"@id\":\"https:\/\/viisona.com\/fr\/product\/echographie-evo-iii\/#primaryimage\"},\"image\":{\"@id\":\"https:\/\/viisona.com\/fr\/product\/echographie-evo-iii\/#primaryimage\"},\"thumbnailUrl\":\"https:\/\/viisona.com\/wp-content\/uploads\/2020\/10\/EVO3-mock-up-V2-WEB-3.jpg\",\"datePublished\":\"2020-10-16T17:47:15+00:00\",\"dateModified\":\"2026-02-18T06:00:37+00:00\",\"description\":\"D\u00e9couvrez l'EVO III, le summum des syst\u00e8mes d'\u00e9chographie v\u00e9t\u00e9rinaire portables et robustes, id\u00e9al pour les pratiques \u00e9quines, les animaux de compagnie et les pratiques mixtes. Dot\u00e9 de nouveaux transducteurs \u00e0 large bande haute r\u00e9solution et d'un logiciel d'imagerie avanc\u00e9, l'EVO III offre une qualit\u00e9 d'image sup\u00e9rieure pour toutes les esp\u00e8ces. Sa conception r\u00e9sistante aux \u00e9claboussures et l'autonomie prolong\u00e9e de la batterie garantissent des performances dans tous les environnements, qu'il s'agisse de cliniques ou de champs. Dot\u00e9 de capacit\u00e9s Wi-Fi et Bluetooth, l'EVO III offre flexibilit\u00e9 et facilit\u00e9 d'utilisation aux v\u00e9t\u00e9rinaires canadiens \u00e0 la recherche d'un outil de diagnostic durable et polyvalent.\",\"breadcrumb\":{\"@id\":\"https:\/\/viisona.com\/fr\/product\/echographie-evo-iii\/#breadcrumb\"},\"inLanguage\":\"fr-FR\",\"potentialAction\":[{\"@type\":\"ReadAction\",\"target\":[\"https:\/\/viisona.com\/fr\/product\/echographie-evo-iii\/\"]}]},{\"@type\":\"ImageObject\",\"inLanguage\":\"fr-FR\",\"@id\":\"https:\/\/viisona.com\/fr\/product\/echographie-evo-iii\/#primaryimage\",\"url\":\"https:\/\/viisona.com\/wp-content\/uploads\/2020\/10\/EVO3-mock-up-V2-WEB-3.jpg\",\"contentUrl\":\"https:\/\/viisona.com\/wp-content\/uploads\/2020\/10\/EVO3-mock-up-V2-WEB-3.jpg\",\"width\":2500,\"height\":2500},{\"@type\":\"BreadcrumbList\",\"@id\":\"https:\/\/viisona.com\/fr\/product\/echographie-evo-iii\/#breadcrumb\",\"itemListElement\":[{\"@type\":\"ListItem\",\"position\":1,\"name\":\"Home\",\"item\":\"https:\/\/viisona.com\/fr\/accueil\/\"},{\"@type\":\"ListItem\",\"position\":2,\"name\":\"Boutique\",\"item\":\"https:\/\/viisona.com\/fr\/boutique\/\"},{\"@type\":\"ListItem\",\"position\":3,\"name\":\"Echographie EVO III\"}]},{\"@type\":\"WebSite\",\"@id\":\"https:\/\/viisona.com\/fr\/#website\",\"url\":\"https:\/\/viisona.com\/fr\/\",\"name\":\"ViiSona\",\"description\":\"Am\u00e9liorer les r\u00e9sultats pour les agriculteurs et les s\u00e9lectionneurs dans les communaut\u00e9s agricoles et de s\u00e9lection.\",\"publisher\":{\"@id\":\"https:\/\/viisona.com\/fr\/#organization\"},\"potentialAction\":[{\"@type\":\"SearchAction\",\"target\":{\"@type\":\"EntryPoint\",\"urlTemplate\":\"https:\/\/viisona.com\/fr\/?s={search_term_string}\"},\"query-input\":{\"@type\":\"PropertyValueSpecification\",\"valueRequired\":true,\"valueName\":\"search_term_string\"}}],\"inLanguage\":\"fr-FR\"},{\"@type\":\"Organization\",\"@id\":\"https:\/\/viisona.com\/fr\/#organization\",\"name\":\"ViiSona\",\"url\":\"https:\/\/viisona.com\/fr\/\",\"logo\":{\"@type\":\"ImageObject\",\"inLanguage\":\"fr-FR\",\"@id\":\"https:\/\/viisona.com\/fr\/#\/schema\/logo\/image\/\",\"url\":\"https:\/\/viisona.com\/wp-content\/uploads\/2020\/08\/viisona_1_FULLY_RASTERED.png\",\"contentUrl\":\"https:\/\/viisona.com\/wp-content\/uploads\/2020\/08\/viisona_1_FULLY_RASTERED.png\",\"width\":1080,\"height\":307,\"caption\":\"ViiSona\"},\"image\":{\"@id\":\"https:\/\/viisona.com\/fr\/#\/schema\/logo\/image\/\"}}]}<\/script>\n<!-- \/ Yoast SEO plugin. -->","yoast_head_json":{"title":"iBex Echographie EVO III | ViiSona","description":"D\u00e9couvrez l'EVO III, le summum des syst\u00e8mes d'\u00e9chographie v\u00e9t\u00e9rinaire portables et robustes, id\u00e9al pour les pratiques \u00e9quines, les animaux de compagnie et les pratiques mixtes. Dot\u00e9 de nouveaux transducteurs \u00e0 large bande haute r\u00e9solution et d'un logiciel d'imagerie avanc\u00e9, l'EVO III offre une qualit\u00e9 d'image sup\u00e9rieure pour toutes les esp\u00e8ces. Sa conception r\u00e9sistante aux \u00e9claboussures et l'autonomie prolong\u00e9e de la batterie garantissent des performances dans tous les environnements, qu'il s'agisse de cliniques ou de champs. Dot\u00e9 de capacit\u00e9s Wi-Fi et Bluetooth, l'EVO III offre flexibilit\u00e9 et facilit\u00e9 d'utilisation aux v\u00e9t\u00e9rinaires canadiens \u00e0 la recherche d'un outil de diagnostic durable et polyvalent.","robots":{"index":"index","follow":"follow","max-snippet":"max-snippet:-1","max-image-preview":"max-image-preview:large","max-video-preview":"max-video-preview:-1"},"canonical":"https:\/\/viisona.com\/fr\/product\/echographie-evo-iii\/","og_locale":"fr_FR","og_type":"article","og_title":"iBex Echographie EVO III | ViiSona","og_description":"D\u00e9couvrez l'EVO III, le summum des syst\u00e8mes d'\u00e9chographie v\u00e9t\u00e9rinaire portables et robustes, id\u00e9al pour les pratiques \u00e9quines, les animaux de compagnie et les pratiques mixtes. Dot\u00e9 de nouveaux transducteurs \u00e0 large bande haute r\u00e9solution et d'un logiciel d'imagerie avanc\u00e9, l'EVO III offre une qualit\u00e9 d'image sup\u00e9rieure pour toutes les esp\u00e8ces. Sa conception r\u00e9sistante aux \u00e9claboussures et l'autonomie prolong\u00e9e de la batterie garantissent des performances dans tous les environnements, qu'il s'agisse de cliniques ou de champs. Dot\u00e9 de capacit\u00e9s Wi-Fi et Bluetooth, l'EVO III offre flexibilit\u00e9 et facilit\u00e9 d'utilisation aux v\u00e9t\u00e9rinaires canadiens \u00e0 la recherche d'un outil de diagnostic durable et polyvalent.","og_url":"https:\/\/viisona.com\/fr\/product\/echographie-evo-iii\/","og_site_name":"ViiSona","article_modified_time":"2026-02-18T06:00:37+00:00","og_image":[{"width":2500,"height":2500,"url":"https:\/\/viisona.com\/wp-content\/uploads\/2020\/10\/EVO3-mock-up-V2-WEB-3.jpg","type":"image\/jpeg"}],"twitter_card":"summary_large_image","twitter_misc":{"Dur\u00e9e de lecture estim\u00e9e":"1 minute"},"schema":{"@context":"https:\/\/schema.org","@graph":[{"@type":"WebPage","@id":"https:\/\/viisona.com\/fr\/product\/echographie-evo-iii\/","url":"https:\/\/viisona.com\/fr\/product\/echographie-evo-iii\/","name":"iBex Echographie EVO III | ViiSona","isPartOf":{"@id":"https:\/\/viisona.com\/fr\/#website"},"primaryImageOfPage":{"@id":"https:\/\/viisona.com\/fr\/product\/echographie-evo-iii\/#primaryimage"},"image":{"@id":"https:\/\/viisona.com\/fr\/product\/echographie-evo-iii\/#primaryimage"},"thumbnailUrl":"https:\/\/viisona.com\/wp-content\/uploads\/2020\/10\/EVO3-mock-up-V2-WEB-3.jpg","datePublished":"2020-10-16T17:47:15+00:00","dateModified":"2026-02-18T06:00:37+00:00","description":"D\u00e9couvrez l'EVO III, le summum des syst\u00e8mes d'\u00e9chographie v\u00e9t\u00e9rinaire portables et robustes, id\u00e9al pour les pratiques \u00e9quines, les animaux de compagnie et les pratiques mixtes. Dot\u00e9 de nouveaux transducteurs \u00e0 large bande haute r\u00e9solution et d'un logiciel d'imagerie avanc\u00e9, l'EVO III offre une qualit\u00e9 d'image sup\u00e9rieure pour toutes les esp\u00e8ces. Sa conception r\u00e9sistante aux \u00e9claboussures et l'autonomie prolong\u00e9e de la batterie garantissent des performances dans tous les environnements, qu'il s'agisse de cliniques ou de champs. Dot\u00e9 de capacit\u00e9s Wi-Fi et Bluetooth, l'EVO III offre flexibilit\u00e9 et facilit\u00e9 d'utilisation aux v\u00e9t\u00e9rinaires canadiens \u00e0 la recherche d'un outil de diagnostic durable et polyvalent.","breadcrumb":{"@id":"https:\/\/viisona.com\/fr\/product\/echographie-evo-iii\/#breadcrumb"},"inLanguage":"fr-FR","potentialAction":[{"@type":"ReadAction","target":["https:\/\/viisona.com\/fr\/product\/echographie-evo-iii\/"]}]},{"@type":"ImageObject","inLanguage":"fr-FR","@id":"https:\/\/viisona.com\/fr\/product\/echographie-evo-iii\/#primaryimage","url":"https:\/\/viisona.com\/wp-content\/uploads\/2020\/10\/EVO3-mock-up-V2-WEB-3.jpg","contentUrl":"https:\/\/viisona.com\/wp-content\/uploads\/2020\/10\/EVO3-mock-up-V2-WEB-3.jpg","width":2500,"height":2500},{"@type":"BreadcrumbList","@id":"https:\/\/viisona.com\/fr\/product\/echographie-evo-iii\/#breadcrumb","itemListElement":[{"@type":"ListItem","position":1,"name":"Home","item":"https:\/\/viisona.com\/fr\/accueil\/"},{"@type":"ListItem","position":2,"name":"Boutique","item":"https:\/\/viisona.com\/fr\/boutique\/"},{"@type":"ListItem","position":3,"name":"Echographie EVO III"}]},{"@type":"WebSite","@id":"https:\/\/viisona.com\/fr\/#website","url":"https:\/\/viisona.com\/fr\/","name":"ViiSona","description":"Am\u00e9liorer les r\u00e9sultats pour les agriculteurs et les s\u00e9lectionneurs dans les communaut\u00e9s agricoles et de s\u00e9lection.","publisher":{"@id":"https:\/\/viisona.com\/fr\/#organization"},"potentialAction":[{"@type":"SearchAction","target":{"@type":"EntryPoint","urlTemplate":"https:\/\/viisona.com\/fr\/?s={search_term_string}"},"query-input":{"@type":"PropertyValueSpecification","valueRequired":true,"valueName":"search_term_string"}}],"inLanguage":"fr-FR"},{"@type":"Organization","@id":"https:\/\/viisona.com\/fr\/#organization","name":"ViiSona","url":"https:\/\/viisona.com\/fr\/","logo":{"@type":"ImageObject","inLanguage":"fr-FR","@id":"https:\/\/viisona.com\/fr\/#\/schema\/logo\/image\/","url":"https:\/\/viisona.com\/wp-content\/uploads\/2020\/08\/viisona_1_FULLY_RASTERED.png","contentUrl":"https:\/\/viisona.com\/wp-content\/uploads\/2020\/08\/viisona_1_FULLY_RASTERED.png","width":1080,"height":307,"caption":"ViiSona"},"image":{"@id":"https:\/\/viisona.com\/fr\/#\/schema\/logo\/image\/"}}]}},"jetpack_sharing_enabled":true,"_links":{"self":[{"href":"https:\/\/viisona.com\/fr\/wp-json\/wp\/v2\/product\/5003","targetHints":{"allow":["GET"]}}],"collection":[{"href":"https:\/\/viisona.com\/fr\/wp-json\/wp\/v2\/product"}],"about":[{"href":"https:\/\/viisona.com\/fr\/wp-json\/wp\/v2\/types\/product"}],"wp:featuredmedia":[{"embeddable":true,"href":"https:\/\/viisona.com\/fr\/wp-json\/wp\/v2\/media\/5544"}],"wp:attachment":[{"href":"https:\/\/viisona.com\/fr\/wp-json\/wp\/v2\/media?parent=5003"}],"wp:term":[{"taxonomy":"product_cat","embeddable":true,"href":"https:\/\/viisona.com\/fr\/wp-json\/wp\/v2\/product_cat?post=5003"},{"taxonomy":"product_tag","embeddable":true,"href":"https:\/\/viisona.com\/fr\/wp-json\/wp\/v2\/product_tag?post=5003"},{"taxonomy":"berocket_brand","embeddable":true,"href":"https:\/\/viisona.com\/fr\/wp-json\/wp\/v2\/berocket_brand?post=5003"}],"curies":[{"name":"wp","href":"https:\/\/api.w.org\/{rel}","templated":true}]}}