{"id":4998,"date":"2023-01-31T17:03:28","date_gmt":"2023-01-31T17:03:28","guid":{"rendered":"https:\/\/viisona.com\/shop\/non%20class\u00e9\/cours-de-formation-a-lechographie-reproductive-des-bovins-laitiers\/"},"modified":"2026-04-03T03:04:51","modified_gmt":"2026-04-03T03:04:51","slug":"cours-de-formation-a-lechographie-reproductive-des-bovins-laitiers-eleveurs-de-betail","status":"publish","type":"product","link":"https:\/\/viisona.com\/fr\/product\/cours-de-formation-a-lechographie-reproductive-des-bovins-laitiers-eleveurs-de-betail\/","title":{"rendered":"Cours sur l&#8217;\u00e9chographie reproductive des bovins"},"content":{"rendered":"<p><span style=\"text-decoration: underline;\"><strong>Politique d&#8217;annulation<\/strong><\/span><\/p>\n<p><strong>Annulation un mois ou plus avant la date de d\u00e9but :<\/strong><\/p>\n<p>Si vous devez annuler votre r\u00e9servation de cours au moins un mois avant la date de d\u00e9but pr\u00e9vue, des frais d&#8217;annulation de 25 % seront d\u00e9duits de vos frais de scolarit\u00e9. Le solde des frais de scolarit\u00e9 vous sera rembours\u00e9.<\/p>\n<p><strong>Annulation moins d&#8217;un mois avant la date de d\u00e9but du cours :<\/strong><\/p>\n<p>Annulation moins d&#8217;un mois avant le d\u00e9but du cours Si vous devez annuler votre cours moins d&#8217;un mois avant la date de d\u00e9but pr\u00e9vue, des frais d&#8217;annulation de 50 % seront appliqu\u00e9s : Toutefois, le solde des frais de scolarit\u00e9 vous sera rembours\u00e9.<\/p>\n<p><strong>Annulation dans les 15 jours pr\u00e9c\u00e9dant la date de d\u00e9but du cours :<\/strong><\/p>\n<p>En raison des frais de pr\u00e9paration et de mat\u00e9riel engag\u00e9s, si vous annulez votre inscription dans les 15 jours pr\u00e9c\u00e9dant la date de d\u00e9but pr\u00e9vue, 100 % des frais de scolarit\u00e9 seront perdus sans remboursement.<\/p>\n","protected":false},"excerpt":{"rendered":"<p>Ajoutez en toute confiance l&#8217;\u00e9chographie \u00e0 la gestion de votre troupeau de bovins reproducteurs gr\u00e2ce \u00e0 une formation cibl\u00e9e, \u00e0 des exercices pratiques approfondis et \u00e0 un soutien continu.<\/p>\n<p><strong>Con\u00e7u pour :<\/strong> Les v\u00e9t\u00e9rinaires, les \u00e9tudiants en m\u00e9decine v\u00e9t\u00e9rinaire, les techniciens, les producteurs de lait et de viande bovine et les producteurs de viande bovine d\u00e9sireux d&#8217;acqu\u00e9rir des comp\u00e9tences plus pouss\u00e9es en mati\u00e8re d&#8217;\u00e9chographie reproductive.<\/p>\n<p><strong>Format :<\/strong> ~5 heures de th\u00e9orie en classe + 7 heures d&#8217;analyse pratique guid\u00e9e \u00e0 la ferme avec du b\u00e9tail vivant.<\/p>\n<p><strong>Cr\u00e9dits CE :<\/strong> Approuv\u00e9 par RACE (12 cr\u00e9dits CE pour les v\u00e9t\u00e9rinaires).<\/p>\n<p><strong>Langue :<\/strong> Anglais en Alberta, Saskatchewan, Ontario et Nouvelle-\u00c9cosse.<\/p>\n<p><strong>\u00c9conomies pour ceux qui s&#8217;inscrivent t\u00f4t : <\/strong>Inscrivez-vous t\u00f4t et \u00e9conomisez 100 $ sur les frais de scolarit\u00e9.<\/p>\n<p><strong data-start=\"61\" data-end=\"81\">Frais de formation<\/strong><br data-start=\"81\" data-end=\"84\">Nous nous effor\u00e7ons de vous apporter une formation pratique \u00e0 l&#8217;\u00e9chographie directement chez vous, ce qui implique souvent de voyager \u00e0 travers le pays avec notre \u00e9quipe, nos formateurs v\u00e9t\u00e9rinaires et notre \u00e9quipement. Pour cette raison, les frais de scolarit\u00e9 varient d&#8217;un endroit \u00e0 l&#8217;autre, mais notre objectif est toujours d&#8217;offrir la meilleure exp\u00e9rience et le meilleur rapport qualit\u00e9-prix, o\u00f9 que nous allions.  Les frais de scolarit\u00e9 comprennent tout le mat\u00e9riel de formation, l&#8217;\u00e9quipement d&#8217;\u00e9chographie \u00e0 utiliser pendant l&#8217;entra\u00eenement et des d\u00e9jeuners chauds chaque jour.<\/p>\n<p>Vous souhaitez acqu\u00e9rir un \u00e9chographe ? Appliquez 50 % de vos frais de scolarit\u00e9 pour obtenir une remise sur votre nouvel \u00e9chographe si vous l&#8217;achetez dans le mois qui suit votre formation. Nous aurons plusieurs de nos syst\u00e8mes d&#8217;\u00e9chographie bovine les plus populaires \u00e0 essayer pendant les travaux pratiques.  <\/p>\n<p><span style=\"text-decoration: underline;\"><strong>Pr\u00e9requis &#8211; \u00cates-vous pr\u00eat ?<\/strong><\/span><br \/>\nAfin de garantir une exp\u00e9rience d&#8217;apprentissage positive, les participants doivent avoir des connaissances de base sur la reproduction des bovins, telles que<\/p>\n<ul>\n<li>Exp\u00e9rience dans l&#8217;\u00e9levage de bovins<\/li>\n<li>Avoir suivi un cours sur l&#8217;IA<\/li>\n<li>Capacit\u00e9 \u00e0 palper manuellement une vache et \u00e0 localiser le col de l&#8217;ut\u00e9rus<\/li>\n<li>Si vous poss\u00e9dez ces comp\u00e9tences, vous \u00eates pr\u00eat \u00e0 d\u00e9velopper votre expertise en mati\u00e8re d&#8217;\u00e9chographie.<\/li>\n<\/ul>\n<p><span style=\"text-decoration: underline;\"><strong>Ce que vous serez capable de faire apr\u00e8s ce cours<\/strong><\/span><\/p>\n<p>Au bout de deux jours, vous aurez confiance en vous :<\/p>\n<ul>\n<li>Effectuer des examens \u00e9chographiques syst\u00e9matiques de la reproduction chez les vaches laiti\u00e8res<\/li>\n<li>Identifier les ut\u00e9rus ouverts, les probl\u00e8mes de sant\u00e9 de l&#8217;ut\u00e9rus et les infections<\/li>\n<li>\u00c9valuer les ovaires (corps jaune, kystes, structures folliculaires)<\/li>\n<li>D\u00e9terminer et classer les grossesses en fonction de l&#8217;\u00e2ge gestationnel<\/li>\n<li>D\u00e9terminer la viabilit\u00e9 du f\u0153tus<\/li>\n<li>Identifier les jumeaux<\/li>\n<li>Reconna\u00eetre les anomalies f\u0153tales courantes et le d\u00e9c\u00e8s du f\u0153tus<\/li>\n<li>Optimisez les r\u00e9glages de la machine, quelle que soit la marque ou le mod\u00e8le, pour obtenir des images plus nettes.<\/li>\n<\/ul>\n<p>Ce cours associe l&#8217;interpr\u00e9tation claire des images \u00e0 la r\u00e9p\u00e9tition de scanners du monde r\u00e9el afin que vous soyez pr\u00eat \u00e0 appliquer l&#8217;\u00e9chographie dans la pratique.<br \/>\n<strong>Apprenez. Appliquer. \u00c9quiper. R\u00e9ussir.   <\/strong><br \/>\nTirez le meilleur parti de votre formation gr\u00e2ce \u00e0 des \u00e9quipements, des outils et une assistance con\u00e7us pour vous aider \u00e0 scanner en toute confiance, que ce soit de fa\u00e7on hebdomadaire dans une ferme laiti\u00e8re ou de fa\u00e7on saisonni\u00e8re dans un ranch de bovins.<br \/>\n<strong>Pr\u00e9-commande Early-Adopter<\/strong><br \/>\n(Commandez 3+ semaines avant votre cours)<\/p>\n<ul>\n<li>50 % de cr\u00e9dit de scolarit\u00e9 pour votre nouvel \u00e9chographe<\/li>\n<li>Accessoire bonus de votre choix, livr\u00e9 avec votre machine. Choisissez parmi :\n<ul>\n<li>1 an d&#8217;assistant de grossesse HerdIQ AI (valeur de 700 $)<\/li>\n<li>Bras d&#8217;extension ou batterie de rechange (valeur de 700 \u00e0 900 $)<br \/>\nPlus :<\/p>\n<ul>\n<li>Machine pr\u00eate d\u00e8s le premier jour &#8211; commencez \u00e0 num\u00e9riser imm\u00e9diatement<\/li>\n<li>Configuration personnalis\u00e9e pendant votre formation<\/li>\n<\/ul>\n<p><strong>Achat apr\u00e8s le cours<\/strong><br \/>\n(dans le mois qui suit votre cours)<\/p>\n<ul>\n<li>50% de cr\u00e9dit de scolarit\u00e9 appliqu\u00e9 \u00e0 votre nouvelle machine<\/li>\n<li>Livraison 2-4 semaines apr\u00e8s votre cours<\/li>\n<\/ul>\n<p><strong>Pratique. Soutenu. Pr\u00eat \u00e0 l&#8217;emploi.  <\/strong><br \/>\nVotre formation et votre \u00e9quipement se compl\u00e8tent pour vous permettre de prendre un bon d\u00e9part et de continuer \u00e0 r\u00e9ussir.<\/p>\n<p><span style=\"text-decoration: underline;\"><strong>Formateurs<\/strong><\/span><br \/>\nLes cours sont anim\u00e9s par des \u00e9ducateurs exp\u00e9riment\u00e9s en m\u00e9decine v\u00e9t\u00e9rinaire bovine. En fonction du lieu et de la date, votre cours<br \/>\npeut \u00eatre dispens\u00e9 par : <\/p>\n<ul>\n<li>R\u00e9jean C. Lefebvre, DMV, PhD, Dipl. ACT<\/li>\n<li>Dr. Jolene Vermeulen<\/li>\n<li>Dr. Rachel Budd<\/li>\n<li>Dr. Robyn Elgie<\/li>\n<li>Dr. Tom Wheal<\/li>\n<\/ul>\n<p>Si vous avez des questions sur les conditions pr\u00e9alables, l&#8217;\u00e9quipement ou si ce cours vous convient, nous serons heureux de vous aider. Nous nous r\u00e9jouissons de vous accueillir \u00e0 la ferme. <\/li>\n<\/ul>\n<\/li>\n<\/ul>\n","protected":false},"featured_media":4915,"template":"","meta":{"_acf_changed":false,"inline_featured_image":false},"product_cat":[442,443],"product_tag":[904,902,900,899,898,901,906,905,907,908,903],"berocket_brand":[897],"class_list":{"0":"post-4998","1":"product","2":"type-product","3":"status-publish","4":"has-post-thumbnail","6":"product_cat-formation-a-lechographie","7":"product_cat-formation-en-personne","8":"product_tag-controle-de-la-gestation-des-vaches-laitieres","9":"product_tag-cours-de-formation-a-lechographie-reproductive-des-bovins-laitiers","10":"product_tag-cours-sur-lechographie-des-vaches-laitieres","11":"product_tag-formation-fr-2","12":"product_tag-formation-a-lechographie","13":"product_tag-formation-a-lechographie-des-bovins-laitiers","14":"product_tag-formation-a-lechographie-des-bovins-laitiers-pour-les-producteurs","15":"product_tag-formation-a-lechographie-du-betail-laitier-pour-les-agriculteurs","16":"product_tag-formation-a-lechographie-reproductive-des-bovins-laitiers-pour-les-techniciens-veterinaires","17":"product_tag-formation-des-veterinaires-a-lechographie-reproductive-des-bovins-laitiers","18":"product_tag-reproduction-des-bovins-laitiers","19":"product_shipping_class-livraison-gratuite","20":"pa_species-bovins-de-boucherie","21":"pa_species-bovins-laitiers","22":"berocket_brand-viisona-fr","24":"first","25":"instock","26":"sale","27":"taxable","28":"shipping-taxable","29":"purchasable","30":"product-type-variable","31":"has-default-attributes"},"acf":[],"yoast_head":"<!-- This site is optimized with the Yoast SEO plugin v26.8 - https:\/\/yoast.com\/product\/yoast-seo-wordpress\/ -->\n<title>ViiSona Cours sur l&#039;\u00e9chographie reproductive des bovins | ViiSona<\/title>\n<meta name=\"description\" content=\"Participez \u00e0 notre cours de formation sur l&#039;\u00e9chographie reproductive des bovins, dispens\u00e9 dans tout le Canada et con\u00e7u pour les v\u00e9t\u00e9rinaires, les techniciens v\u00e9t\u00e9rinaires et les producteurs. Anim\u00e9 par des v\u00e9t\u00e9rinaires bovins experts, ce cours complet couvre tous les aspects, des bases de l&#039;\u00e9chographie aux techniques de reproduction avanc\u00e9es. Profitez d&#039;une exp\u00e9rience d&#039;apprentissage pratique avec de nombreux exercices, des d\u00e9monstrations guid\u00e9es et des discussions dans un environnement convivial. Apprenez \u00e0 \u00e9valuer les ovaires, \u00e0 d\u00e9tecter les jumeaux, \u00e0 \u00e9valuer la sant\u00e9 de l&#039;ut\u00e9rus et \u00e0 d\u00e9terminer le stade de la grossesse, puis mettez-les en pratique imm\u00e9diatement gr\u00e2ce \u00e0 des exercices pratiques approfondis.\" \/>\n<meta name=\"robots\" content=\"index, follow, max-snippet:-1, max-image-preview:large, max-video-preview:-1\" \/>\n<link rel=\"canonical\" href=\"https:\/\/viisona.com\/fr\/product\/cours-de-formation-a-lechographie-reproductive-des-bovins-laitiers-eleveurs-de-betail\/\" \/>\n<meta property=\"og:locale\" content=\"fr_FR\" \/>\n<meta property=\"og:type\" content=\"article\" \/>\n<meta property=\"og:title\" content=\"ViiSona Cours sur l&#039;\u00e9chographie reproductive des bovins | ViiSona\" \/>\n<meta property=\"og:description\" content=\"Participez \u00e0 notre cours de formation sur l&#039;\u00e9chographie reproductive des bovins, dispens\u00e9 dans tout le Canada et con\u00e7u pour les v\u00e9t\u00e9rinaires, les techniciens v\u00e9t\u00e9rinaires et les producteurs. Anim\u00e9 par des v\u00e9t\u00e9rinaires bovins experts, ce cours complet couvre tous les aspects, des bases de l&#039;\u00e9chographie aux techniques de reproduction avanc\u00e9es. Profitez d&#039;une exp\u00e9rience d&#039;apprentissage pratique avec de nombreux exercices, des d\u00e9monstrations guid\u00e9es et des discussions dans un environnement convivial. Apprenez \u00e0 \u00e9valuer les ovaires, \u00e0 d\u00e9tecter les jumeaux, \u00e0 \u00e9valuer la sant\u00e9 de l&#039;ut\u00e9rus et \u00e0 d\u00e9terminer le stade de la grossesse, puis mettez-les en pratique imm\u00e9diatement gr\u00e2ce \u00e0 des exercices pratiques approfondis.\" \/>\n<meta property=\"og:url\" content=\"https:\/\/viisona.com\/fr\/product\/cours-de-formation-a-lechographie-reproductive-des-bovins-laitiers-eleveurs-de-betail\/\" \/>\n<meta property=\"og:site_name\" content=\"ViiSona\" \/>\n<meta property=\"article:modified_time\" content=\"2026-04-03T03:04:51+00:00\" \/>\n<meta property=\"og:image\" content=\"https:\/\/viisona.com\/wp-content\/uploads\/2023\/01\/Cattle-Ultrasound-Scanning.jpg\" \/>\n\t<meta property=\"og:image:width\" content=\"600\" \/>\n\t<meta property=\"og:image:height\" content=\"577\" \/>\n\t<meta property=\"og:image:type\" content=\"image\/jpeg\" \/>\n<meta name=\"twitter:card\" content=\"summary_large_image\" \/>\n<meta name=\"twitter:label1\" content=\"Dur\u00e9e de lecture estim\u00e9e\" \/>\n\t<meta name=\"twitter:data1\" content=\"2 minutes\" \/>\n<script type=\"application\/ld+json\" class=\"yoast-schema-graph\">{\"@context\":\"https:\/\/schema.org\",\"@graph\":[{\"@type\":\"WebPage\",\"@id\":\"https:\/\/viisona.com\/fr\/product\/cours-de-formation-a-lechographie-reproductive-des-bovins-laitiers-eleveurs-de-betail\/\",\"url\":\"https:\/\/viisona.com\/fr\/product\/cours-de-formation-a-lechographie-reproductive-des-bovins-laitiers-eleveurs-de-betail\/\",\"name\":\"ViiSona Cours sur l'\u00e9chographie reproductive des bovins | ViiSona\",\"isPartOf\":{\"@id\":\"https:\/\/viisona.com\/fr\/#website\"},\"primaryImageOfPage\":{\"@id\":\"https:\/\/viisona.com\/fr\/product\/cours-de-formation-a-lechographie-reproductive-des-bovins-laitiers-eleveurs-de-betail\/#primaryimage\"},\"image\":{\"@id\":\"https:\/\/viisona.com\/fr\/product\/cours-de-formation-a-lechographie-reproductive-des-bovins-laitiers-eleveurs-de-betail\/#primaryimage\"},\"thumbnailUrl\":\"https:\/\/viisona.com\/wp-content\/uploads\/2023\/01\/Cattle-Ultrasound-Scanning.jpg\",\"datePublished\":\"2023-01-31T17:03:28+00:00\",\"dateModified\":\"2026-04-03T03:04:51+00:00\",\"description\":\"Participez \u00e0 notre cours de formation sur l'\u00e9chographie reproductive des bovins, dispens\u00e9 dans tout le Canada et con\u00e7u pour les v\u00e9t\u00e9rinaires, les techniciens v\u00e9t\u00e9rinaires et les producteurs. Anim\u00e9 par des v\u00e9t\u00e9rinaires bovins experts, ce cours complet couvre tous les aspects, des bases de l'\u00e9chographie aux techniques de reproduction avanc\u00e9es. Profitez d'une exp\u00e9rience d'apprentissage pratique avec de nombreux exercices, des d\u00e9monstrations guid\u00e9es et des discussions dans un environnement convivial. Apprenez \u00e0 \u00e9valuer les ovaires, \u00e0 d\u00e9tecter les jumeaux, \u00e0 \u00e9valuer la sant\u00e9 de l'ut\u00e9rus et \u00e0 d\u00e9terminer le stade de la grossesse, puis mettez-les en pratique imm\u00e9diatement gr\u00e2ce \u00e0 des exercices pratiques approfondis.\",\"breadcrumb\":{\"@id\":\"https:\/\/viisona.com\/fr\/product\/cours-de-formation-a-lechographie-reproductive-des-bovins-laitiers-eleveurs-de-betail\/#breadcrumb\"},\"inLanguage\":\"fr-FR\",\"potentialAction\":[{\"@type\":\"ReadAction\",\"target\":[\"https:\/\/viisona.com\/fr\/product\/cours-de-formation-a-lechographie-reproductive-des-bovins-laitiers-eleveurs-de-betail\/\"]}]},{\"@type\":\"ImageObject\",\"inLanguage\":\"fr-FR\",\"@id\":\"https:\/\/viisona.com\/fr\/product\/cours-de-formation-a-lechographie-reproductive-des-bovins-laitiers-eleveurs-de-betail\/#primaryimage\",\"url\":\"https:\/\/viisona.com\/wp-content\/uploads\/2023\/01\/Cattle-Ultrasound-Scanning.jpg\",\"contentUrl\":\"https:\/\/viisona.com\/wp-content\/uploads\/2023\/01\/Cattle-Ultrasound-Scanning.jpg\",\"width\":600,\"height\":577,\"caption\":\"Formation \u00e0 l'\u00e9chographie reproductive des bovins laitiers\"},{\"@type\":\"BreadcrumbList\",\"@id\":\"https:\/\/viisona.com\/fr\/product\/cours-de-formation-a-lechographie-reproductive-des-bovins-laitiers-eleveurs-de-betail\/#breadcrumb\",\"itemListElement\":[{\"@type\":\"ListItem\",\"position\":1,\"name\":\"Home\",\"item\":\"https:\/\/viisona.com\/fr\/accueil\/\"},{\"@type\":\"ListItem\",\"position\":2,\"name\":\"Boutique\",\"item\":\"https:\/\/viisona.com\/fr\/boutique\/\"},{\"@type\":\"ListItem\",\"position\":3,\"name\":\"Cours sur l&#8217;\u00e9chographie reproductive des bovins\"}]},{\"@type\":\"WebSite\",\"@id\":\"https:\/\/viisona.com\/fr\/#website\",\"url\":\"https:\/\/viisona.com\/fr\/\",\"name\":\"ViiSona\",\"description\":\"Am\u00e9liorer les r\u00e9sultats pour les agriculteurs et les s\u00e9lectionneurs dans les communaut\u00e9s agricoles et de s\u00e9lection.\",\"publisher\":{\"@id\":\"https:\/\/viisona.com\/fr\/#organization\"},\"potentialAction\":[{\"@type\":\"SearchAction\",\"target\":{\"@type\":\"EntryPoint\",\"urlTemplate\":\"https:\/\/viisona.com\/fr\/?s={search_term_string}\"},\"query-input\":{\"@type\":\"PropertyValueSpecification\",\"valueRequired\":true,\"valueName\":\"search_term_string\"}}],\"inLanguage\":\"fr-FR\"},{\"@type\":\"Organization\",\"@id\":\"https:\/\/viisona.com\/fr\/#organization\",\"name\":\"ViiSona\",\"url\":\"https:\/\/viisona.com\/fr\/\",\"logo\":{\"@type\":\"ImageObject\",\"inLanguage\":\"fr-FR\",\"@id\":\"https:\/\/viisona.com\/fr\/#\/schema\/logo\/image\/\",\"url\":\"https:\/\/viisona.com\/wp-content\/uploads\/2020\/08\/viisona_1_FULLY_RASTERED.png\",\"contentUrl\":\"https:\/\/viisona.com\/wp-content\/uploads\/2020\/08\/viisona_1_FULLY_RASTERED.png\",\"width\":1080,\"height\":307,\"caption\":\"ViiSona\"},\"image\":{\"@id\":\"https:\/\/viisona.com\/fr\/#\/schema\/logo\/image\/\"}}]}<\/script>\n<!-- \/ Yoast SEO plugin. -->","yoast_head_json":{"title":"ViiSona Cours sur l'\u00e9chographie reproductive des bovins | ViiSona","description":"Participez \u00e0 notre cours de formation sur l'\u00e9chographie reproductive des bovins, dispens\u00e9 dans tout le Canada et con\u00e7u pour les v\u00e9t\u00e9rinaires, les techniciens v\u00e9t\u00e9rinaires et les producteurs. Anim\u00e9 par des v\u00e9t\u00e9rinaires bovins experts, ce cours complet couvre tous les aspects, des bases de l'\u00e9chographie aux techniques de reproduction avanc\u00e9es. Profitez d'une exp\u00e9rience d'apprentissage pratique avec de nombreux exercices, des d\u00e9monstrations guid\u00e9es et des discussions dans un environnement convivial. Apprenez \u00e0 \u00e9valuer les ovaires, \u00e0 d\u00e9tecter les jumeaux, \u00e0 \u00e9valuer la sant\u00e9 de l'ut\u00e9rus et \u00e0 d\u00e9terminer le stade de la grossesse, puis mettez-les en pratique imm\u00e9diatement gr\u00e2ce \u00e0 des exercices pratiques approfondis.","robots":{"index":"index","follow":"follow","max-snippet":"max-snippet:-1","max-image-preview":"max-image-preview:large","max-video-preview":"max-video-preview:-1"},"canonical":"https:\/\/viisona.com\/fr\/product\/cours-de-formation-a-lechographie-reproductive-des-bovins-laitiers-eleveurs-de-betail\/","og_locale":"fr_FR","og_type":"article","og_title":"ViiSona Cours sur l'\u00e9chographie reproductive des bovins | ViiSona","og_description":"Participez \u00e0 notre cours de formation sur l'\u00e9chographie reproductive des bovins, dispens\u00e9 dans tout le Canada et con\u00e7u pour les v\u00e9t\u00e9rinaires, les techniciens v\u00e9t\u00e9rinaires et les producteurs. Anim\u00e9 par des v\u00e9t\u00e9rinaires bovins experts, ce cours complet couvre tous les aspects, des bases de l'\u00e9chographie aux techniques de reproduction avanc\u00e9es. Profitez d'une exp\u00e9rience d'apprentissage pratique avec de nombreux exercices, des d\u00e9monstrations guid\u00e9es et des discussions dans un environnement convivial. Apprenez \u00e0 \u00e9valuer les ovaires, \u00e0 d\u00e9tecter les jumeaux, \u00e0 \u00e9valuer la sant\u00e9 de l'ut\u00e9rus et \u00e0 d\u00e9terminer le stade de la grossesse, puis mettez-les en pratique imm\u00e9diatement gr\u00e2ce \u00e0 des exercices pratiques approfondis.","og_url":"https:\/\/viisona.com\/fr\/product\/cours-de-formation-a-lechographie-reproductive-des-bovins-laitiers-eleveurs-de-betail\/","og_site_name":"ViiSona","article_modified_time":"2026-04-03T03:04:51+00:00","og_image":[{"width":600,"height":577,"url":"https:\/\/viisona.com\/wp-content\/uploads\/2023\/01\/Cattle-Ultrasound-Scanning.jpg","type":"image\/jpeg"}],"twitter_card":"summary_large_image","twitter_misc":{"Dur\u00e9e de lecture estim\u00e9e":"2 minutes"},"schema":{"@context":"https:\/\/schema.org","@graph":[{"@type":"WebPage","@id":"https:\/\/viisona.com\/fr\/product\/cours-de-formation-a-lechographie-reproductive-des-bovins-laitiers-eleveurs-de-betail\/","url":"https:\/\/viisona.com\/fr\/product\/cours-de-formation-a-lechographie-reproductive-des-bovins-laitiers-eleveurs-de-betail\/","name":"ViiSona Cours sur l'\u00e9chographie reproductive des bovins | ViiSona","isPartOf":{"@id":"https:\/\/viisona.com\/fr\/#website"},"primaryImageOfPage":{"@id":"https:\/\/viisona.com\/fr\/product\/cours-de-formation-a-lechographie-reproductive-des-bovins-laitiers-eleveurs-de-betail\/#primaryimage"},"image":{"@id":"https:\/\/viisona.com\/fr\/product\/cours-de-formation-a-lechographie-reproductive-des-bovins-laitiers-eleveurs-de-betail\/#primaryimage"},"thumbnailUrl":"https:\/\/viisona.com\/wp-content\/uploads\/2023\/01\/Cattle-Ultrasound-Scanning.jpg","datePublished":"2023-01-31T17:03:28+00:00","dateModified":"2026-04-03T03:04:51+00:00","description":"Participez \u00e0 notre cours de formation sur l'\u00e9chographie reproductive des bovins, dispens\u00e9 dans tout le Canada et con\u00e7u pour les v\u00e9t\u00e9rinaires, les techniciens v\u00e9t\u00e9rinaires et les producteurs. Anim\u00e9 par des v\u00e9t\u00e9rinaires bovins experts, ce cours complet couvre tous les aspects, des bases de l'\u00e9chographie aux techniques de reproduction avanc\u00e9es. Profitez d'une exp\u00e9rience d'apprentissage pratique avec de nombreux exercices, des d\u00e9monstrations guid\u00e9es et des discussions dans un environnement convivial. Apprenez \u00e0 \u00e9valuer les ovaires, \u00e0 d\u00e9tecter les jumeaux, \u00e0 \u00e9valuer la sant\u00e9 de l'ut\u00e9rus et \u00e0 d\u00e9terminer le stade de la grossesse, puis mettez-les en pratique imm\u00e9diatement gr\u00e2ce \u00e0 des exercices pratiques approfondis.","breadcrumb":{"@id":"https:\/\/viisona.com\/fr\/product\/cours-de-formation-a-lechographie-reproductive-des-bovins-laitiers-eleveurs-de-betail\/#breadcrumb"},"inLanguage":"fr-FR","potentialAction":[{"@type":"ReadAction","target":["https:\/\/viisona.com\/fr\/product\/cours-de-formation-a-lechographie-reproductive-des-bovins-laitiers-eleveurs-de-betail\/"]}]},{"@type":"ImageObject","inLanguage":"fr-FR","@id":"https:\/\/viisona.com\/fr\/product\/cours-de-formation-a-lechographie-reproductive-des-bovins-laitiers-eleveurs-de-betail\/#primaryimage","url":"https:\/\/viisona.com\/wp-content\/uploads\/2023\/01\/Cattle-Ultrasound-Scanning.jpg","contentUrl":"https:\/\/viisona.com\/wp-content\/uploads\/2023\/01\/Cattle-Ultrasound-Scanning.jpg","width":600,"height":577,"caption":"Formation \u00e0 l'\u00e9chographie reproductive des bovins laitiers"},{"@type":"BreadcrumbList","@id":"https:\/\/viisona.com\/fr\/product\/cours-de-formation-a-lechographie-reproductive-des-bovins-laitiers-eleveurs-de-betail\/#breadcrumb","itemListElement":[{"@type":"ListItem","position":1,"name":"Home","item":"https:\/\/viisona.com\/fr\/accueil\/"},{"@type":"ListItem","position":2,"name":"Boutique","item":"https:\/\/viisona.com\/fr\/boutique\/"},{"@type":"ListItem","position":3,"name":"Cours sur l&#8217;\u00e9chographie reproductive des bovins"}]},{"@type":"WebSite","@id":"https:\/\/viisona.com\/fr\/#website","url":"https:\/\/viisona.com\/fr\/","name":"ViiSona","description":"Am\u00e9liorer les r\u00e9sultats pour les agriculteurs et les s\u00e9lectionneurs dans les communaut\u00e9s agricoles et de s\u00e9lection.","publisher":{"@id":"https:\/\/viisona.com\/fr\/#organization"},"potentialAction":[{"@type":"SearchAction","target":{"@type":"EntryPoint","urlTemplate":"https:\/\/viisona.com\/fr\/?s={search_term_string}"},"query-input":{"@type":"PropertyValueSpecification","valueRequired":true,"valueName":"search_term_string"}}],"inLanguage":"fr-FR"},{"@type":"Organization","@id":"https:\/\/viisona.com\/fr\/#organization","name":"ViiSona","url":"https:\/\/viisona.com\/fr\/","logo":{"@type":"ImageObject","inLanguage":"fr-FR","@id":"https:\/\/viisona.com\/fr\/#\/schema\/logo\/image\/","url":"https:\/\/viisona.com\/wp-content\/uploads\/2020\/08\/viisona_1_FULLY_RASTERED.png","contentUrl":"https:\/\/viisona.com\/wp-content\/uploads\/2020\/08\/viisona_1_FULLY_RASTERED.png","width":1080,"height":307,"caption":"ViiSona"},"image":{"@id":"https:\/\/viisona.com\/fr\/#\/schema\/logo\/image\/"}}]}},"jetpack_sharing_enabled":true,"_links":{"self":[{"href":"https:\/\/viisona.com\/fr\/wp-json\/wp\/v2\/product\/4998","targetHints":{"allow":["GET"]}}],"collection":[{"href":"https:\/\/viisona.com\/fr\/wp-json\/wp\/v2\/product"}],"about":[{"href":"https:\/\/viisona.com\/fr\/wp-json\/wp\/v2\/types\/product"}],"wp:featuredmedia":[{"embeddable":true,"href":"https:\/\/viisona.com\/fr\/wp-json\/wp\/v2\/media\/4915"}],"wp:attachment":[{"href":"https:\/\/viisona.com\/fr\/wp-json\/wp\/v2\/media?parent=4998"}],"wp:term":[{"taxonomy":"product_cat","embeddable":true,"href":"https:\/\/viisona.com\/fr\/wp-json\/wp\/v2\/product_cat?post=4998"},{"taxonomy":"product_tag","embeddable":true,"href":"https:\/\/viisona.com\/fr\/wp-json\/wp\/v2\/product_tag?post=4998"},{"taxonomy":"berocket_brand","embeddable":true,"href":"https:\/\/viisona.com\/fr\/wp-json\/wp\/v2\/berocket_brand?post=4998"}],"curies":[{"name":"wp","href":"https:\/\/api.w.org\/{rel}","templated":true}]}}