{"id":6305,"date":"2025-12-05T14:41:33","date_gmt":"2025-12-05T14:41:33","guid":{"rendered":"https:\/\/viisona.com\/herdiq-ai\/"},"modified":"2026-02-18T05:53:00","modified_gmt":"2026-02-18T05:53:00","slug":"herdiq-ai","status":"publish","type":"page","link":"https:\/\/viisona.com\/fr\/soutien\/herdiq-ai\/","title":{"rendered":"HerdIQ AI"},"content":{"rendered":"<section class=\"wpb-content-wrapper\">[vc_row][vc_column][vc_empty_space][\/vc_column][\/vc_row][vc_row][vc_column][vc_video link=&#8221;https:\/\/www.youtube.com\/watch?v=HknRQl85sZw&#8221; align=&#8221;center&#8221;][\/vc_column][\/vc_row][vc_row][vc_column][vc_empty_space][\/vc_column][\/vc_row][vc_row el_class=&#8221;align-center&#8221;][vc_column width=&#8221;3\/4&#8243;][vc_column_text el_class=&#8221;mb-5&#8243;]\n<h2>HerdIQ\u2122 &#8211; L&#8217;assistant \u00e9chographique intelligent pour la reproduction des bovins<\/h2>\n<p>&nbsp;<\/p>\n<h3>Num\u00e9risation plus intelligente. Des d\u00e9cisions plus claires. Des troupeaux plus forts.  <\/h3>\n<p>&nbsp;<\/p>\n<p>HerdIQ\u2122 est une plateforme d&#8217;intelligence artificielle (IA) r\u00e9volutionnaire int\u00e9gr\u00e9e directement \u00e0 tous les syst\u00e8mes d&#8217;\u00e9chographie v\u00e9t\u00e9rinaire iBex NXT. Con\u00e7ue pour soutenir les v\u00e9t\u00e9rinaires, les \u00e9ducateurs et les producteurs, HerdIQ agit comme un assistant \u00e9chographique virtuel &#8211; interpr\u00e9tant les images en temps r\u00e9el pour confirmer les grossesses, mettre en \u00e9vidence l&#8217;anatomie cl\u00e9 et am\u00e9liorer la confiance dans le diagnostic. <\/p>\n<p>&nbsp;<\/p>\n<h4><strong>Ce que fait HerdIQ\u2122<\/strong><\/h4>\n<p>Gr\u00e2ce \u00e0 un apprentissage automatique avanc\u00e9, form\u00e9 sur des dizaines de milliers d&#8217;images d&#8217;\u00e9chographie bovine, HerdIQ peut.. :<\/p>\n<ul>\n<li>D\u00e9tection confirm\u00e9e de la grossesse avec une pr\u00e9cision de 99 % \u00e0 plus de 28 jours de gestation<\/li>\n<li>D\u00e9tecter et mettre en \u00e9vidence les ovaires, en guidant les utilisateurs vers les structures reproductives cl\u00e9s.<\/li>\n<li>Interpr\u00e9ter les scanners en temps r\u00e9el, en affichant un message clair &#8220;Grossesse d\u00e9tect\u00e9e&#8221; en cas de confirmation.<\/li>\n<li>R\u00e9duire la fatigue mentale et am\u00e9liorer la concentration pendant les sessions de num\u00e9risation \u00e0 haut volume<\/li>\n<li>Acc\u00e9l\u00e9rer l&#8217;apprentissage pour les nouveaux utilisateurs et am\u00e9liorer la coh\u00e9rence dans l&#8217;enseignement et les environnements cliniques<\/li>\n<\/ul>\n<p>&nbsp;<\/p>\n<h4><strong>Pour qui ?<\/strong><\/h4>\n<p>HerdIQ apporte une valeur ajout\u00e9e \u00e0 l&#8217;ensemble des utilisateurs du scanner de reproduction bovine :<\/p>\n<ul>\n<li>Les v\u00e9t\u00e9rinaires \u00e0 la recherche d&#8217;outils de validation et d&#8217;efficacit\u00e9<\/li>\n<li>Les nouveaux associ\u00e9s ou stagiaires gagnent en pr\u00e9cision et en confiance<\/li>\n<li>Les producteurs de lait et de viande b\u00e9n\u00e9ficient d&#8217;un suivi v\u00e9t\u00e9rinaire pour am\u00e9liorer la gestion de leur troupeau<\/li>\n<li>Institutions acad\u00e9miques formant des \u00e9tudiants et faisant la d\u00e9monstration de l&#8217;imagerie assist\u00e9e par l&#8217;IA<\/li>\n<\/ul>\n<p>&nbsp;<\/p>\n<h4><strong>Pourquoi c&#8217;est important<\/strong><\/h4>\n<p>L&#8217;efficacit\u00e9 de la reproduction est essentielle \u00e0 la rentabilit\u00e9 des exploitations laiti\u00e8res. HerdIQ aide les utilisateurs : <\/p>\n<ul>\n<li>D\u00e9tecter les grossesses plus t\u00f4t et avec plus de pr\u00e9cision<\/li>\n<li>Confirmer les r\u00e9sultats en toute confiance, m\u00eame dans des conditions de terrain<\/li>\n<li>Soutenir les objectifs de reproduction du troupeau par des analyses plus fr\u00e9quentes et mieux inform\u00e9es.<\/li>\n<li>Renforcer la collaboration entre les producteurs et les v\u00e9t\u00e9rinaires<\/li>\n<\/ul>\n<p>&nbsp;<\/p>\n<h4><strong>Facile \u00e0 utiliser, directement int\u00e9gr\u00e9<\/strong><\/h4>\n<ul>\n<li>Enti\u00e8rement int\u00e9gr\u00e9 \u00e0 tous les mod\u00e8les d&#8217;\u00e9chographie iBex LiteNXT et iBex ProNXT<\/li>\n<li>Essai gratuit de 90 jours pour tout achat d&#8217;un syst\u00e8me NXT<\/li>\n<li>Abonnement facultatif de 500 USD par an ensuite<\/li>\n<li>Activation et d\u00e9sactivation instantan\u00e9es dans les param\u00e8tres du syst\u00e8me &#8211; un contr\u00f4le total au bout des doigts<\/li>\n<\/ul>\n<p>&nbsp;<\/p>\n<h4><strong>L&#8217;innovation au service d&#8217;un objectif<\/strong><\/h4>\n<p>HerdIQ repr\u00e9sente la prochaine \u00e9volution de l&#8217;imagerie reproductive bovine &#8211; un m\u00e9lange d&#8217;expertise v\u00e9t\u00e9rinaire, de pr\u00e9cision de l&#8217;IA et de performance pratique sur le terrain.<\/p>\n<p>&nbsp;<\/p>\n<p>Il ne remplace pas l&#8217;expertise humaine, il l&#8217;amplifie.<\/p>\n<h4><strong>HerdIQ\u2122 &#8211; Voir plus. Savoir plus t\u00f4t. Travaillez plus intelligemment.  <\/strong><\/h4>\n<p>&nbsp;<\/p>\n<p><a href=\"https:\/\/www.eimedical.com\/nxt-firmware-download\">T\u00e9l\u00e9chargez le micrologiciel HerdIQ\u2122 pour votre LITENXT et PRONXT ici.<\/a>[\/vc_column_text][vc_empty_space height=&#8221;16px&#8221;][\/vc_column][\/vc_row][vc_row][vc_column][vc_empty_space height=&#8221;96px&#8221;][\/vc_column][\/vc_row]\n<\/section>","protected":false},"excerpt":{"rendered":"<p>[vc_row][vc_column][vc_empty_space][\/vc_column][\/vc_row][vc_row][vc_column][vc_video link=&#8221;https:\/\/www.youtube.com\/watch?v=HknRQl85sZw&#8221; align=&#8221;center&#8221;][\/vc_column][\/vc_row][vc_row][vc_column][vc_empty_space][\/vc_column][\/vc_row][vc_row el_class=&#8221;align-center&#8221;][vc_column width=&#8221;3\/4&#8243;][vc_column_text el_class=&#8221;mb-5&#8243;] HerdIQ\u2122 &#8211; L&#8217;assistant \u00e9chographique intelligent pour la reproduction des bovins &nbsp; Num\u00e9risation plus intelligente. Des d\u00e9cisions plus claires. Des troupeaux plus forts. &nbsp; HerdIQ\u2122 est une plateforme d&#8217;intelligence artificielle (IA) r\u00e9volutionnaire int\u00e9gr\u00e9e directement \u00e0 tous les syst\u00e8mes d&#8217;\u00e9chographie v\u00e9t\u00e9rinaire iBex NXT. Con\u00e7ue pour soutenir les v\u00e9t\u00e9rinaires, les \u00e9ducateurs et&hellip;<\/p>\n","protected":false},"author":1,"featured_media":0,"parent":5131,"menu_order":0,"comment_status":"closed","ping_status":"closed","template":"page-info.php","meta":{"_acf_changed":false,"inline_featured_image":false,"footnotes":""},"class_list":["post-6305","page","type-page","status-publish","hentry"],"acf":[],"yoast_head":"<!-- This site is optimized with the Yoast SEO plugin v26.8 - https:\/\/yoast.com\/product\/yoast-seo-wordpress\/ -->\n<title>HerdIQ AI | ViiSona<\/title>\n<meta name=\"robots\" content=\"index, follow, max-snippet:-1, max-image-preview:large, max-video-preview:-1\" \/>\n<link rel=\"canonical\" href=\"https:\/\/viisona.com\/fr\/soutien\/herdiq-ai\/\" \/>\n<meta property=\"og:locale\" content=\"fr_FR\" \/>\n<meta property=\"og:type\" content=\"article\" \/>\n<meta property=\"og:title\" content=\"HerdIQ AI | ViiSona\" \/>\n<meta property=\"og:description\" content=\"[vc_row][vc_column][vc_empty_space][\/vc_column][\/vc_row][vc_row][vc_column][vc_video link=&#8221;https:\/\/www.youtube.com\/watch?v=HknRQl85sZw&#8221; align=&#8221;center&#8221;][\/vc_column][\/vc_row][vc_row][vc_column][vc_empty_space][\/vc_column][\/vc_row][vc_row el_class=&#8221;align-center&#8221;][vc_column width=&#8221;3\/4&#8243;][vc_column_text el_class=&#8221;mb-5&#8243;] HerdIQ\u2122 &#8211; L&#8217;assistant \u00e9chographique intelligent pour la reproduction des bovins &nbsp; Num\u00e9risation plus intelligente. Des d\u00e9cisions plus claires. Des troupeaux plus forts. &nbsp; HerdIQ\u2122 est une plateforme d&#8217;intelligence artificielle (IA) r\u00e9volutionnaire int\u00e9gr\u00e9e directement \u00e0 tous les syst\u00e8mes d&#8217;\u00e9chographie v\u00e9t\u00e9rinaire iBex NXT. Con\u00e7ue pour soutenir les v\u00e9t\u00e9rinaires, les \u00e9ducateurs et&hellip;\" \/>\n<meta property=\"og:url\" content=\"https:\/\/viisona.com\/fr\/soutien\/herdiq-ai\/\" \/>\n<meta property=\"og:site_name\" content=\"ViiSona\" \/>\n<meta property=\"article:modified_time\" content=\"2026-02-18T05:53:00+00:00\" \/>\n<meta name=\"twitter:card\" content=\"summary_large_image\" \/>\n<meta name=\"twitter:label1\" content=\"Dur\u00e9e de lecture estim\u00e9e\" \/>\n\t<meta name=\"twitter:data1\" content=\"3 minutes\" \/>\n<script type=\"application\/ld+json\" class=\"yoast-schema-graph\">{\"@context\":\"https:\/\/schema.org\",\"@graph\":[{\"@type\":\"WebPage\",\"@id\":\"https:\/\/viisona.com\/fr\/soutien\/herdiq-ai\/\",\"url\":\"https:\/\/viisona.com\/fr\/soutien\/herdiq-ai\/\",\"name\":\"HerdIQ AI | ViiSona\",\"isPartOf\":{\"@id\":\"https:\/\/viisona.com\/fr\/#website\"},\"datePublished\":\"2025-12-05T14:41:33+00:00\",\"dateModified\":\"2026-02-18T05:53:00+00:00\",\"breadcrumb\":{\"@id\":\"https:\/\/viisona.com\/fr\/soutien\/herdiq-ai\/#breadcrumb\"},\"inLanguage\":\"fr-FR\",\"potentialAction\":[{\"@type\":\"ReadAction\",\"target\":[\"https:\/\/viisona.com\/fr\/soutien\/herdiq-ai\/\"]}]},{\"@type\":\"BreadcrumbList\",\"@id\":\"https:\/\/viisona.com\/fr\/soutien\/herdiq-ai\/#breadcrumb\",\"itemListElement\":[{\"@type\":\"ListItem\",\"position\":1,\"name\":\"Home\",\"item\":\"https:\/\/viisona.com\/fr\/accueil\/\"},{\"@type\":\"ListItem\",\"position\":2,\"name\":\"Soutien\",\"item\":\"https:\/\/viisona.com\/fr\/soutien\/\"},{\"@type\":\"ListItem\",\"position\":3,\"name\":\"HerdIQ AI\"}]},{\"@type\":\"WebSite\",\"@id\":\"https:\/\/viisona.com\/fr\/#website\",\"url\":\"https:\/\/viisona.com\/fr\/\",\"name\":\"ViiSona\",\"description\":\"Am\u00e9liorer les r\u00e9sultats pour les agriculteurs et les s\u00e9lectionneurs dans les communaut\u00e9s agricoles et de s\u00e9lection.\",\"publisher\":{\"@id\":\"https:\/\/viisona.com\/fr\/#organization\"},\"potentialAction\":[{\"@type\":\"SearchAction\",\"target\":{\"@type\":\"EntryPoint\",\"urlTemplate\":\"https:\/\/viisona.com\/fr\/?s={search_term_string}\"},\"query-input\":{\"@type\":\"PropertyValueSpecification\",\"valueRequired\":true,\"valueName\":\"search_term_string\"}}],\"inLanguage\":\"fr-FR\"},{\"@type\":\"Organization\",\"@id\":\"https:\/\/viisona.com\/fr\/#organization\",\"name\":\"ViiSona\",\"url\":\"https:\/\/viisona.com\/fr\/\",\"logo\":{\"@type\":\"ImageObject\",\"inLanguage\":\"fr-FR\",\"@id\":\"https:\/\/viisona.com\/fr\/#\/schema\/logo\/image\/\",\"url\":\"https:\/\/viisona.com\/wp-content\/uploads\/2020\/08\/viisona_1_FULLY_RASTERED.png\",\"contentUrl\":\"https:\/\/viisona.com\/wp-content\/uploads\/2020\/08\/viisona_1_FULLY_RASTERED.png\",\"width\":1080,\"height\":307,\"caption\":\"ViiSona\"},\"image\":{\"@id\":\"https:\/\/viisona.com\/fr\/#\/schema\/logo\/image\/\"}}]}<\/script>\n<!-- \/ Yoast SEO plugin. -->","yoast_head_json":{"title":"HerdIQ AI | ViiSona","robots":{"index":"index","follow":"follow","max-snippet":"max-snippet:-1","max-image-preview":"max-image-preview:large","max-video-preview":"max-video-preview:-1"},"canonical":"https:\/\/viisona.com\/fr\/soutien\/herdiq-ai\/","og_locale":"fr_FR","og_type":"article","og_title":"HerdIQ AI | ViiSona","og_description":"[vc_row][vc_column][vc_empty_space][\/vc_column][\/vc_row][vc_row][vc_column][vc_video link=&#8221;https:\/\/www.youtube.com\/watch?v=HknRQl85sZw&#8221; align=&#8221;center&#8221;][\/vc_column][\/vc_row][vc_row][vc_column][vc_empty_space][\/vc_column][\/vc_row][vc_row el_class=&#8221;align-center&#8221;][vc_column width=&#8221;3\/4&#8243;][vc_column_text el_class=&#8221;mb-5&#8243;] HerdIQ\u2122 &#8211; L&#8217;assistant \u00e9chographique intelligent pour la reproduction des bovins &nbsp; Num\u00e9risation plus intelligente. Des d\u00e9cisions plus claires. Des troupeaux plus forts. &nbsp; HerdIQ\u2122 est une plateforme d&#8217;intelligence artificielle (IA) r\u00e9volutionnaire int\u00e9gr\u00e9e directement \u00e0 tous les syst\u00e8mes d&#8217;\u00e9chographie v\u00e9t\u00e9rinaire iBex NXT. Con\u00e7ue pour soutenir les v\u00e9t\u00e9rinaires, les \u00e9ducateurs et&hellip;","og_url":"https:\/\/viisona.com\/fr\/soutien\/herdiq-ai\/","og_site_name":"ViiSona","article_modified_time":"2026-02-18T05:53:00+00:00","twitter_card":"summary_large_image","twitter_misc":{"Dur\u00e9e de lecture estim\u00e9e":"3 minutes"},"schema":{"@context":"https:\/\/schema.org","@graph":[{"@type":"WebPage","@id":"https:\/\/viisona.com\/fr\/soutien\/herdiq-ai\/","url":"https:\/\/viisona.com\/fr\/soutien\/herdiq-ai\/","name":"HerdIQ AI | ViiSona","isPartOf":{"@id":"https:\/\/viisona.com\/fr\/#website"},"datePublished":"2025-12-05T14:41:33+00:00","dateModified":"2026-02-18T05:53:00+00:00","breadcrumb":{"@id":"https:\/\/viisona.com\/fr\/soutien\/herdiq-ai\/#breadcrumb"},"inLanguage":"fr-FR","potentialAction":[{"@type":"ReadAction","target":["https:\/\/viisona.com\/fr\/soutien\/herdiq-ai\/"]}]},{"@type":"BreadcrumbList","@id":"https:\/\/viisona.com\/fr\/soutien\/herdiq-ai\/#breadcrumb","itemListElement":[{"@type":"ListItem","position":1,"name":"Home","item":"https:\/\/viisona.com\/fr\/accueil\/"},{"@type":"ListItem","position":2,"name":"Soutien","item":"https:\/\/viisona.com\/fr\/soutien\/"},{"@type":"ListItem","position":3,"name":"HerdIQ AI"}]},{"@type":"WebSite","@id":"https:\/\/viisona.com\/fr\/#website","url":"https:\/\/viisona.com\/fr\/","name":"ViiSona","description":"Am\u00e9liorer les r\u00e9sultats pour les agriculteurs et les s\u00e9lectionneurs dans les communaut\u00e9s agricoles et de s\u00e9lection.","publisher":{"@id":"https:\/\/viisona.com\/fr\/#organization"},"potentialAction":[{"@type":"SearchAction","target":{"@type":"EntryPoint","urlTemplate":"https:\/\/viisona.com\/fr\/?s={search_term_string}"},"query-input":{"@type":"PropertyValueSpecification","valueRequired":true,"valueName":"search_term_string"}}],"inLanguage":"fr-FR"},{"@type":"Organization","@id":"https:\/\/viisona.com\/fr\/#organization","name":"ViiSona","url":"https:\/\/viisona.com\/fr\/","logo":{"@type":"ImageObject","inLanguage":"fr-FR","@id":"https:\/\/viisona.com\/fr\/#\/schema\/logo\/image\/","url":"https:\/\/viisona.com\/wp-content\/uploads\/2020\/08\/viisona_1_FULLY_RASTERED.png","contentUrl":"https:\/\/viisona.com\/wp-content\/uploads\/2020\/08\/viisona_1_FULLY_RASTERED.png","width":1080,"height":307,"caption":"ViiSona"},"image":{"@id":"https:\/\/viisona.com\/fr\/#\/schema\/logo\/image\/"}}]}},"jetpack_sharing_enabled":true,"_links":{"self":[{"href":"https:\/\/viisona.com\/fr\/wp-json\/wp\/v2\/pages\/6305","targetHints":{"allow":["GET"]}}],"collection":[{"href":"https:\/\/viisona.com\/fr\/wp-json\/wp\/v2\/pages"}],"about":[{"href":"https:\/\/viisona.com\/fr\/wp-json\/wp\/v2\/types\/page"}],"author":[{"embeddable":true,"href":"https:\/\/viisona.com\/fr\/wp-json\/wp\/v2\/users\/1"}],"replies":[{"embeddable":true,"href":"https:\/\/viisona.com\/fr\/wp-json\/wp\/v2\/comments?post=6305"}],"version-history":[{"count":12,"href":"https:\/\/viisona.com\/fr\/wp-json\/wp\/v2\/pages\/6305\/revisions"}],"predecessor-version":[{"id":6418,"href":"https:\/\/viisona.com\/fr\/wp-json\/wp\/v2\/pages\/6305\/revisions\/6418"}],"up":[{"embeddable":true,"href":"https:\/\/viisona.com\/fr\/wp-json\/wp\/v2\/pages\/5131"}],"wp:attachment":[{"href":"https:\/\/viisona.com\/fr\/wp-json\/wp\/v2\/media?parent=6305"}],"curies":[{"name":"wp","href":"https:\/\/api.w.org\/{rel}","templated":true}]}}