{"id":5931,"date":"2022-12-19T21:05:23","date_gmt":"2022-12-19T21:05:23","guid":{"rendered":"https:\/\/viisona.com\/soutien\/merci-de-votre-attention\/"},"modified":"2025-05-21T09:34:53","modified_gmt":"2025-05-21T09:34:53","slug":"merci-de-votre-attention","status":"publish","type":"page","link":"https:\/\/viisona.com\/fr\/soutien\/merci-de-votre-attention\/","title":{"rendered":"Merci de votre attention"},"content":{"rendered":"<section class=\"wpb-content-wrapper\">[vc_row][vc_column][vc_empty_space height=&#8221;54px&#8221;][\/vc_column][\/vc_row][vc_row][vc_column][vc_column_text]\n<h2>Obtenez la mise \u00e0 jour de votre micrologiciel<\/h2>\n<p>Veuillez suivre les instructions ci-dessous pour obtenir la mise \u00e0 jour de votre micrologiciel.[\/vc_column_text][\/vc_column][\/vc_row][vc_row][vc_column][vc_empty_space][\/vc_column][\/vc_row]\n<\/section>","protected":false},"excerpt":{"rendered":"<p>[vc_row][vc_column][vc_empty_space height=&#8221;54px&#8221;][\/vc_column][\/vc_row][vc_row][vc_column][vc_column_text] Obtenez la mise \u00e0 jour de votre micrologiciel Veuillez suivre les instructions ci-dessous pour obtenir la mise \u00e0 jour de votre micrologiciel.[\/vc_column_text][\/vc_column][\/vc_row][vc_row][vc_column][vc_empty_space][\/vc_column][\/vc_row]<\/p>\n","protected":false},"author":1,"featured_media":0,"parent":5131,"menu_order":0,"comment_status":"closed","ping_status":"closed","template":"page-info.php","meta":{"_acf_changed":false,"inline_featured_image":false,"footnotes":""},"class_list":["post-5931","page","type-page","status-publish","hentry"],"acf":[],"yoast_head":"<!-- This site is optimized with the Yoast SEO plugin v26.8 - https:\/\/yoast.com\/product\/yoast-seo-wordpress\/ -->\n<title>Merci de votre attention | ViiSona<\/title>\n<meta name=\"robots\" content=\"index, follow, max-snippet:-1, max-image-preview:large, max-video-preview:-1\" \/>\n<link rel=\"canonical\" href=\"https:\/\/viisona.com\/fr\/soutien\/merci-de-votre-attention\/\" \/>\n<meta property=\"og:locale\" content=\"fr_FR\" \/>\n<meta property=\"og:type\" content=\"article\" \/>\n<meta property=\"og:title\" content=\"Merci de votre attention | ViiSona\" \/>\n<meta property=\"og:description\" content=\"[vc_row][vc_column][vc_empty_space height=&#8221;54px&#8221;][\/vc_column][\/vc_row][vc_row][vc_column][vc_column_text] Obtenez la mise \u00e0 jour de votre micrologiciel Veuillez suivre les instructions ci-dessous pour obtenir la mise \u00e0 jour de votre micrologiciel.[\/vc_column_text][\/vc_column][\/vc_row][vc_row][vc_column][vc_empty_space][\/vc_column][\/vc_row]\" \/>\n<meta property=\"og:url\" content=\"https:\/\/viisona.com\/fr\/soutien\/merci-de-votre-attention\/\" \/>\n<meta property=\"og:site_name\" content=\"ViiSona\" \/>\n<meta property=\"article:modified_time\" content=\"2025-05-21T09:34:53+00:00\" \/>\n<meta name=\"twitter:card\" content=\"summary_large_image\" \/>\n<script type=\"application\/ld+json\" class=\"yoast-schema-graph\">{\"@context\":\"https:\/\/schema.org\",\"@graph\":[{\"@type\":\"WebPage\",\"@id\":\"https:\/\/viisona.com\/fr\/soutien\/merci-de-votre-attention\/\",\"url\":\"https:\/\/viisona.com\/fr\/soutien\/merci-de-votre-attention\/\",\"name\":\"Merci de votre attention | ViiSona\",\"isPartOf\":{\"@id\":\"https:\/\/viisona.com\/fr\/#website\"},\"datePublished\":\"2022-12-19T21:05:23+00:00\",\"dateModified\":\"2025-05-21T09:34:53+00:00\",\"breadcrumb\":{\"@id\":\"https:\/\/viisona.com\/fr\/soutien\/merci-de-votre-attention\/#breadcrumb\"},\"inLanguage\":\"fr-FR\",\"potentialAction\":[{\"@type\":\"ReadAction\",\"target\":[\"https:\/\/viisona.com\/fr\/soutien\/merci-de-votre-attention\/\"]}]},{\"@type\":\"BreadcrumbList\",\"@id\":\"https:\/\/viisona.com\/fr\/soutien\/merci-de-votre-attention\/#breadcrumb\",\"itemListElement\":[{\"@type\":\"ListItem\",\"position\":1,\"name\":\"Home\",\"item\":\"https:\/\/viisona.com\/fr\/accueil\/\"},{\"@type\":\"ListItem\",\"position\":2,\"name\":\"Soutien\",\"item\":\"https:\/\/viisona.com\/fr\/soutien\/\"},{\"@type\":\"ListItem\",\"position\":3,\"name\":\"Merci de votre attention\"}]},{\"@type\":\"WebSite\",\"@id\":\"https:\/\/viisona.com\/fr\/#website\",\"url\":\"https:\/\/viisona.com\/fr\/\",\"name\":\"ViiSona\",\"description\":\"Am\u00e9liorer les r\u00e9sultats pour les agriculteurs et les s\u00e9lectionneurs dans les communaut\u00e9s agricoles et de s\u00e9lection.\",\"publisher\":{\"@id\":\"https:\/\/viisona.com\/fr\/#organization\"},\"potentialAction\":[{\"@type\":\"SearchAction\",\"target\":{\"@type\":\"EntryPoint\",\"urlTemplate\":\"https:\/\/viisona.com\/fr\/?s={search_term_string}\"},\"query-input\":{\"@type\":\"PropertyValueSpecification\",\"valueRequired\":true,\"valueName\":\"search_term_string\"}}],\"inLanguage\":\"fr-FR\"},{\"@type\":\"Organization\",\"@id\":\"https:\/\/viisona.com\/fr\/#organization\",\"name\":\"ViiSona\",\"url\":\"https:\/\/viisona.com\/fr\/\",\"logo\":{\"@type\":\"ImageObject\",\"inLanguage\":\"fr-FR\",\"@id\":\"https:\/\/viisona.com\/fr\/#\/schema\/logo\/image\/\",\"url\":\"https:\/\/viisona.com\/wp-content\/uploads\/2020\/08\/viisona_1_FULLY_RASTERED.png\",\"contentUrl\":\"https:\/\/viisona.com\/wp-content\/uploads\/2020\/08\/viisona_1_FULLY_RASTERED.png\",\"width\":1080,\"height\":307,\"caption\":\"ViiSona\"},\"image\":{\"@id\":\"https:\/\/viisona.com\/fr\/#\/schema\/logo\/image\/\"}}]}<\/script>\n<!-- \/ Yoast SEO plugin. -->","yoast_head_json":{"title":"Merci de votre attention | ViiSona","robots":{"index":"index","follow":"follow","max-snippet":"max-snippet:-1","max-image-preview":"max-image-preview:large","max-video-preview":"max-video-preview:-1"},"canonical":"https:\/\/viisona.com\/fr\/soutien\/merci-de-votre-attention\/","og_locale":"fr_FR","og_type":"article","og_title":"Merci de votre attention | ViiSona","og_description":"[vc_row][vc_column][vc_empty_space height=&#8221;54px&#8221;][\/vc_column][\/vc_row][vc_row][vc_column][vc_column_text] Obtenez la mise \u00e0 jour de votre micrologiciel Veuillez suivre les instructions ci-dessous pour obtenir la mise \u00e0 jour de votre micrologiciel.[\/vc_column_text][\/vc_column][\/vc_row][vc_row][vc_column][vc_empty_space][\/vc_column][\/vc_row]","og_url":"https:\/\/viisona.com\/fr\/soutien\/merci-de-votre-attention\/","og_site_name":"ViiSona","article_modified_time":"2025-05-21T09:34:53+00:00","twitter_card":"summary_large_image","schema":{"@context":"https:\/\/schema.org","@graph":[{"@type":"WebPage","@id":"https:\/\/viisona.com\/fr\/soutien\/merci-de-votre-attention\/","url":"https:\/\/viisona.com\/fr\/soutien\/merci-de-votre-attention\/","name":"Merci de votre attention | ViiSona","isPartOf":{"@id":"https:\/\/viisona.com\/fr\/#website"},"datePublished":"2022-12-19T21:05:23+00:00","dateModified":"2025-05-21T09:34:53+00:00","breadcrumb":{"@id":"https:\/\/viisona.com\/fr\/soutien\/merci-de-votre-attention\/#breadcrumb"},"inLanguage":"fr-FR","potentialAction":[{"@type":"ReadAction","target":["https:\/\/viisona.com\/fr\/soutien\/merci-de-votre-attention\/"]}]},{"@type":"BreadcrumbList","@id":"https:\/\/viisona.com\/fr\/soutien\/merci-de-votre-attention\/#breadcrumb","itemListElement":[{"@type":"ListItem","position":1,"name":"Home","item":"https:\/\/viisona.com\/fr\/accueil\/"},{"@type":"ListItem","position":2,"name":"Soutien","item":"https:\/\/viisona.com\/fr\/soutien\/"},{"@type":"ListItem","position":3,"name":"Merci de votre attention"}]},{"@type":"WebSite","@id":"https:\/\/viisona.com\/fr\/#website","url":"https:\/\/viisona.com\/fr\/","name":"ViiSona","description":"Am\u00e9liorer les r\u00e9sultats pour les agriculteurs et les s\u00e9lectionneurs dans les communaut\u00e9s agricoles et de s\u00e9lection.","publisher":{"@id":"https:\/\/viisona.com\/fr\/#organization"},"potentialAction":[{"@type":"SearchAction","target":{"@type":"EntryPoint","urlTemplate":"https:\/\/viisona.com\/fr\/?s={search_term_string}"},"query-input":{"@type":"PropertyValueSpecification","valueRequired":true,"valueName":"search_term_string"}}],"inLanguage":"fr-FR"},{"@type":"Organization","@id":"https:\/\/viisona.com\/fr\/#organization","name":"ViiSona","url":"https:\/\/viisona.com\/fr\/","logo":{"@type":"ImageObject","inLanguage":"fr-FR","@id":"https:\/\/viisona.com\/fr\/#\/schema\/logo\/image\/","url":"https:\/\/viisona.com\/wp-content\/uploads\/2020\/08\/viisona_1_FULLY_RASTERED.png","contentUrl":"https:\/\/viisona.com\/wp-content\/uploads\/2020\/08\/viisona_1_FULLY_RASTERED.png","width":1080,"height":307,"caption":"ViiSona"},"image":{"@id":"https:\/\/viisona.com\/fr\/#\/schema\/logo\/image\/"}}]}},"jetpack_sharing_enabled":true,"_links":{"self":[{"href":"https:\/\/viisona.com\/fr\/wp-json\/wp\/v2\/pages\/5931","targetHints":{"allow":["GET"]}}],"collection":[{"href":"https:\/\/viisona.com\/fr\/wp-json\/wp\/v2\/pages"}],"about":[{"href":"https:\/\/viisona.com\/fr\/wp-json\/wp\/v2\/types\/page"}],"author":[{"embeddable":true,"href":"https:\/\/viisona.com\/fr\/wp-json\/wp\/v2\/users\/1"}],"replies":[{"embeddable":true,"href":"https:\/\/viisona.com\/fr\/wp-json\/wp\/v2\/comments?post=5931"}],"version-history":[{"count":1,"href":"https:\/\/viisona.com\/fr\/wp-json\/wp\/v2\/pages\/5931\/revisions"}],"predecessor-version":[{"id":5934,"href":"https:\/\/viisona.com\/fr\/wp-json\/wp\/v2\/pages\/5931\/revisions\/5934"}],"up":[{"embeddable":true,"href":"https:\/\/viisona.com\/fr\/wp-json\/wp\/v2\/pages\/5131"}],"wp:attachment":[{"href":"https:\/\/viisona.com\/fr\/wp-json\/wp\/v2\/media?parent=5931"}],"curies":[{"name":"wp","href":"https:\/\/api.w.org\/{rel}","templated":true}]}}