{"id":5847,"date":"2022-12-19T20:58:47","date_gmt":"2022-12-19T20:58:47","guid":{"rendered":"https:\/\/viisona.com\/soutien\/manuels-des-produits\/"},"modified":"2026-02-18T05:52:50","modified_gmt":"2026-02-18T05:52:50","slug":"manuels-des-produits","status":"publish","type":"page","link":"https:\/\/viisona.com\/fr\/soutien\/manuels-des-produits\/","title":{"rendered":"Manuels des produits"},"content":{"rendered":"<section class=\"wpb-content-wrapper\">[vc_row][vc_column][vc_empty_space height=&#8221;54px&#8221;][\/vc_column][\/vc_row][vc_row el_class=&#8221;product-manual-row&#8221;][vc_column][vc_column_text]\n<ul>\n<li><a href=\"https:\/\/cdn2.hubspot.net\/hubfs\/80236\/Images%202017-18\/EIMI%202017-2018\/PDFs%20etc\/Ibex_qugA2_120417.pdf\" target=\"_blank\" rel=\"noopener\">Manuel de l&#8217;utilisateur Ibex PRO\/LITE<\/a><\/li>\n<li><a href=\"https:\/\/cdn2.hubspot.net\/hubfs\/80236\/Images%202017-18\/EIMI%202017-2018\/PDFs%20etc\/EVO%20Manual%20%5B09-2018%5D.pdf\" target=\"_blank\" rel=\"noopener\">Manuel de l&#8217;utilisateur Ibex EVO<\/a><\/li>\n<li><a href=\"https:\/\/80236.fs1.hubspotusercontent-na1.net\/hubfs\/80236\/Images%202017-18\/EIMI%202017-2018\/PDFs%20etc\/EVO%202%2c3%20Quick%20Reference%20INTERACTIVE.pdf\" target=\"_blank\" rel=\"noopener\">Ibex EVO Quick Reference<\/a> [Manuel interactif pour tablette ou smartphone].<\/li>\n<li><a href=\"https:\/\/viisona.com\/wp-content\/uploads\/2025\/05\/LITENXT-Fast-Track-Manual-Updated-4-25-1.pdf\" target=\"_blank\" rel=\"noopener\">Manuel de l&#8217;utilisateur Ibex liteNXT<\/a><\/li>\n<li><a href=\"https:\/\/viisona.com\/wp-content\/uploads\/2024\/05\/SA2-Quick-Reference-FINAL-INTERACTIVE.pdf\" target=\"_blank\" rel=\"noopener\">Manuel de l&#8217;utilisateur Ibex SA2<\/a> [Manuel interactif pour tablette ou smartphone].<\/li>\n<li><a href=\"https:\/\/viisona.com\/wp-content\/uploads\/2024\/02\/Blue-User-Manual-EN.pdf\" target=\"_blank\" rel=\"noopener\">Manuel de l&#8217;utilisateur Draminski Blue<\/a><\/li>\n<li><a href=\"https:\/\/viisona.com\/wp-content\/uploads\/2020\/09\/4Vet-Slim-Manual-EN-2-min.pdf\" target=\"_blank\" rel=\"noopener\">Manuel de l&#8217;utilisateur Draminski 4Vet Slim<\/a><\/li>\n<li><a href=\"https:\/\/viisona.com\/wp-content\/uploads\/2024\/02\/iScan-2-User-Manual-EN.pdf\" target=\"_blank\" rel=\"noopener\">Manuel de l&#8217;utilisateur Draminski iScan 2<\/a><\/li>\n<li><a href=\"https:\/\/viisona.com\/wp-content\/uploads\/2024\/02\/iScan-Mini-User-Manual-EN.pdf\" target=\"_blank\" rel=\"noopener\">Manuel de l&#8217;utilisateur Draminski iScan Mini<\/a><\/li>\n<li><a href=\"https:\/\/viisona.com\/wp-content\/uploads\/2024\/02\/iScan-Multi-User-Manual-EN.pdf\" target=\"_blank\" rel=\"noopener\">Manuel de l&#8217;utilisateur Draminski iScan Multi<\/a><\/li>\n<li><a href=\"https:\/\/viisona.com\/wp-content\/uploads\/2024\/02\/SFmini_EN-2016.pdf\" target=\"_blank\" rel=\"noopener\">Manuel de l&#8217;utilisateur Draminski SonoFarm Mini<\/a><\/li>\n<li><a href=\"https:\/\/viisona.com\/wp-content\/uploads\/2024\/02\/ScanX-User-Guide-2023.pdf\" target=\"_blank\" rel=\"noopener\">Guide de l&#8217;utilisateur ScanX<\/a><\/li>\n<\/ul>\n[\/vc_column_text][\/vc_column][\/vc_row][vc_row][vc_column][vc_empty_space][\/vc_column][\/vc_row]\n<\/section>","protected":false},"excerpt":{"rendered":"<p>[vc_row][vc_column][vc_empty_space height=&#8221;54px&#8221;][\/vc_column][\/vc_row][vc_row el_class=&#8221;product-manual-row&#8221;][vc_column][vc_column_text] Manuel de l&#8217;utilisateur Ibex PRO\/LITE Manuel de l&#8217;utilisateur Ibex EVO Ibex EVO Quick Reference [Manuel interactif pour tablette ou smartphone]. Manuel de l&#8217;utilisateur Ibex liteNXT Manuel de l&#8217;utilisateur Ibex SA2 [Manuel interactif pour tablette ou smartphone]. Manuel de l&#8217;utilisateur Draminski Blue Manuel de l&#8217;utilisateur Draminski 4Vet Slim Manuel de l&#8217;utilisateur Draminski iScan&hellip;<\/p>\n","protected":false},"author":1,"featured_media":0,"parent":5131,"menu_order":0,"comment_status":"closed","ping_status":"closed","template":"page-info.php","meta":{"_acf_changed":false,"inline_featured_image":false,"footnotes":""},"class_list":["post-5847","page","type-page","status-publish","hentry"],"acf":[],"yoast_head":"<!-- This site is optimized with the Yoast SEO plugin v26.8 - https:\/\/yoast.com\/product\/yoast-seo-wordpress\/ -->\n<title>Manuels des produits | ViiSona<\/title>\n<meta name=\"robots\" content=\"index, follow, max-snippet:-1, max-image-preview:large, max-video-preview:-1\" \/>\n<link rel=\"canonical\" href=\"https:\/\/viisona.com\/fr\/soutien\/manuels-des-produits\/\" \/>\n<meta property=\"og:locale\" content=\"fr_FR\" \/>\n<meta property=\"og:type\" content=\"article\" \/>\n<meta property=\"og:title\" content=\"Manuels des produits | ViiSona\" \/>\n<meta property=\"og:description\" content=\"[vc_row][vc_column][vc_empty_space height=&#8221;54px&#8221;][\/vc_column][\/vc_row][vc_row el_class=&#8221;product-manual-row&#8221;][vc_column][vc_column_text] Manuel de l&#8217;utilisateur Ibex PRO\/LITE Manuel de l&#8217;utilisateur Ibex EVO Ibex EVO Quick Reference [Manuel interactif pour tablette ou smartphone]. Manuel de l&#8217;utilisateur Ibex liteNXT Manuel de l&#8217;utilisateur Ibex SA2 [Manuel interactif pour tablette ou smartphone]. Manuel de l&#8217;utilisateur Draminski Blue Manuel de l&#8217;utilisateur Draminski 4Vet Slim Manuel de l&#8217;utilisateur Draminski iScan&hellip;\" \/>\n<meta property=\"og:url\" content=\"https:\/\/viisona.com\/fr\/soutien\/manuels-des-produits\/\" \/>\n<meta property=\"og:site_name\" content=\"ViiSona\" \/>\n<meta property=\"article:modified_time\" content=\"2026-02-18T05:52:50+00:00\" \/>\n<meta name=\"twitter:card\" content=\"summary_large_image\" \/>\n<meta name=\"twitter:label1\" content=\"Dur\u00e9e de lecture estim\u00e9e\" \/>\n\t<meta name=\"twitter:data1\" content=\"1 minute\" \/>\n<script type=\"application\/ld+json\" class=\"yoast-schema-graph\">{\"@context\":\"https:\/\/schema.org\",\"@graph\":[{\"@type\":\"WebPage\",\"@id\":\"https:\/\/viisona.com\/fr\/soutien\/manuels-des-produits\/\",\"url\":\"https:\/\/viisona.com\/fr\/soutien\/manuels-des-produits\/\",\"name\":\"Manuels des produits | ViiSona\",\"isPartOf\":{\"@id\":\"https:\/\/viisona.com\/fr\/#website\"},\"datePublished\":\"2022-12-19T20:58:47+00:00\",\"dateModified\":\"2026-02-18T05:52:50+00:00\",\"breadcrumb\":{\"@id\":\"https:\/\/viisona.com\/fr\/soutien\/manuels-des-produits\/#breadcrumb\"},\"inLanguage\":\"fr-FR\",\"potentialAction\":[{\"@type\":\"ReadAction\",\"target\":[\"https:\/\/viisona.com\/fr\/soutien\/manuels-des-produits\/\"]}]},{\"@type\":\"BreadcrumbList\",\"@id\":\"https:\/\/viisona.com\/fr\/soutien\/manuels-des-produits\/#breadcrumb\",\"itemListElement\":[{\"@type\":\"ListItem\",\"position\":1,\"name\":\"Home\",\"item\":\"https:\/\/viisona.com\/fr\/accueil\/\"},{\"@type\":\"ListItem\",\"position\":2,\"name\":\"Soutien\",\"item\":\"https:\/\/viisona.com\/fr\/soutien\/\"},{\"@type\":\"ListItem\",\"position\":3,\"name\":\"Manuels des produits\"}]},{\"@type\":\"WebSite\",\"@id\":\"https:\/\/viisona.com\/fr\/#website\",\"url\":\"https:\/\/viisona.com\/fr\/\",\"name\":\"ViiSona\",\"description\":\"Am\u00e9liorer les r\u00e9sultats pour les agriculteurs et les s\u00e9lectionneurs dans les communaut\u00e9s agricoles et de s\u00e9lection.\",\"publisher\":{\"@id\":\"https:\/\/viisona.com\/fr\/#organization\"},\"potentialAction\":[{\"@type\":\"SearchAction\",\"target\":{\"@type\":\"EntryPoint\",\"urlTemplate\":\"https:\/\/viisona.com\/fr\/?s={search_term_string}\"},\"query-input\":{\"@type\":\"PropertyValueSpecification\",\"valueRequired\":true,\"valueName\":\"search_term_string\"}}],\"inLanguage\":\"fr-FR\"},{\"@type\":\"Organization\",\"@id\":\"https:\/\/viisona.com\/fr\/#organization\",\"name\":\"ViiSona\",\"url\":\"https:\/\/viisona.com\/fr\/\",\"logo\":{\"@type\":\"ImageObject\",\"inLanguage\":\"fr-FR\",\"@id\":\"https:\/\/viisona.com\/fr\/#\/schema\/logo\/image\/\",\"url\":\"https:\/\/viisona.com\/wp-content\/uploads\/2020\/08\/viisona_1_FULLY_RASTERED.png\",\"contentUrl\":\"https:\/\/viisona.com\/wp-content\/uploads\/2020\/08\/viisona_1_FULLY_RASTERED.png\",\"width\":1080,\"height\":307,\"caption\":\"ViiSona\"},\"image\":{\"@id\":\"https:\/\/viisona.com\/fr\/#\/schema\/logo\/image\/\"}}]}<\/script>\n<!-- \/ Yoast SEO plugin. -->","yoast_head_json":{"title":"Manuels des produits | ViiSona","robots":{"index":"index","follow":"follow","max-snippet":"max-snippet:-1","max-image-preview":"max-image-preview:large","max-video-preview":"max-video-preview:-1"},"canonical":"https:\/\/viisona.com\/fr\/soutien\/manuels-des-produits\/","og_locale":"fr_FR","og_type":"article","og_title":"Manuels des produits | ViiSona","og_description":"[vc_row][vc_column][vc_empty_space height=&#8221;54px&#8221;][\/vc_column][\/vc_row][vc_row el_class=&#8221;product-manual-row&#8221;][vc_column][vc_column_text] Manuel de l&#8217;utilisateur Ibex PRO\/LITE Manuel de l&#8217;utilisateur Ibex EVO Ibex EVO Quick Reference [Manuel interactif pour tablette ou smartphone]. Manuel de l&#8217;utilisateur Ibex liteNXT Manuel de l&#8217;utilisateur Ibex SA2 [Manuel interactif pour tablette ou smartphone]. Manuel de l&#8217;utilisateur Draminski Blue Manuel de l&#8217;utilisateur Draminski 4Vet Slim Manuel de l&#8217;utilisateur Draminski iScan&hellip;","og_url":"https:\/\/viisona.com\/fr\/soutien\/manuels-des-produits\/","og_site_name":"ViiSona","article_modified_time":"2026-02-18T05:52:50+00:00","twitter_card":"summary_large_image","twitter_misc":{"Dur\u00e9e de lecture estim\u00e9e":"1 minute"},"schema":{"@context":"https:\/\/schema.org","@graph":[{"@type":"WebPage","@id":"https:\/\/viisona.com\/fr\/soutien\/manuels-des-produits\/","url":"https:\/\/viisona.com\/fr\/soutien\/manuels-des-produits\/","name":"Manuels des produits | ViiSona","isPartOf":{"@id":"https:\/\/viisona.com\/fr\/#website"},"datePublished":"2022-12-19T20:58:47+00:00","dateModified":"2026-02-18T05:52:50+00:00","breadcrumb":{"@id":"https:\/\/viisona.com\/fr\/soutien\/manuels-des-produits\/#breadcrumb"},"inLanguage":"fr-FR","potentialAction":[{"@type":"ReadAction","target":["https:\/\/viisona.com\/fr\/soutien\/manuels-des-produits\/"]}]},{"@type":"BreadcrumbList","@id":"https:\/\/viisona.com\/fr\/soutien\/manuels-des-produits\/#breadcrumb","itemListElement":[{"@type":"ListItem","position":1,"name":"Home","item":"https:\/\/viisona.com\/fr\/accueil\/"},{"@type":"ListItem","position":2,"name":"Soutien","item":"https:\/\/viisona.com\/fr\/soutien\/"},{"@type":"ListItem","position":3,"name":"Manuels des produits"}]},{"@type":"WebSite","@id":"https:\/\/viisona.com\/fr\/#website","url":"https:\/\/viisona.com\/fr\/","name":"ViiSona","description":"Am\u00e9liorer les r\u00e9sultats pour les agriculteurs et les s\u00e9lectionneurs dans les communaut\u00e9s agricoles et de s\u00e9lection.","publisher":{"@id":"https:\/\/viisona.com\/fr\/#organization"},"potentialAction":[{"@type":"SearchAction","target":{"@type":"EntryPoint","urlTemplate":"https:\/\/viisona.com\/fr\/?s={search_term_string}"},"query-input":{"@type":"PropertyValueSpecification","valueRequired":true,"valueName":"search_term_string"}}],"inLanguage":"fr-FR"},{"@type":"Organization","@id":"https:\/\/viisona.com\/fr\/#organization","name":"ViiSona","url":"https:\/\/viisona.com\/fr\/","logo":{"@type":"ImageObject","inLanguage":"fr-FR","@id":"https:\/\/viisona.com\/fr\/#\/schema\/logo\/image\/","url":"https:\/\/viisona.com\/wp-content\/uploads\/2020\/08\/viisona_1_FULLY_RASTERED.png","contentUrl":"https:\/\/viisona.com\/wp-content\/uploads\/2020\/08\/viisona_1_FULLY_RASTERED.png","width":1080,"height":307,"caption":"ViiSona"},"image":{"@id":"https:\/\/viisona.com\/fr\/#\/schema\/logo\/image\/"}}]}},"jetpack_sharing_enabled":true,"_links":{"self":[{"href":"https:\/\/viisona.com\/fr\/wp-json\/wp\/v2\/pages\/5847","targetHints":{"allow":["GET"]}}],"collection":[{"href":"https:\/\/viisona.com\/fr\/wp-json\/wp\/v2\/pages"}],"about":[{"href":"https:\/\/viisona.com\/fr\/wp-json\/wp\/v2\/types\/page"}],"author":[{"embeddable":true,"href":"https:\/\/viisona.com\/fr\/wp-json\/wp\/v2\/users\/1"}],"replies":[{"embeddable":true,"href":"https:\/\/viisona.com\/fr\/wp-json\/wp\/v2\/comments?post=5847"}],"version-history":[{"count":19,"href":"https:\/\/viisona.com\/fr\/wp-json\/wp\/v2\/pages\/5847\/revisions"}],"predecessor-version":[{"id":6415,"href":"https:\/\/viisona.com\/fr\/wp-json\/wp\/v2\/pages\/5847\/revisions\/6415"}],"up":[{"embeddable":true,"href":"https:\/\/viisona.com\/fr\/wp-json\/wp\/v2\/pages\/5131"}],"wp:attachment":[{"href":"https:\/\/viisona.com\/fr\/wp-json\/wp\/v2\/media?parent=5847"}],"curies":[{"name":"wp","href":"https:\/\/api.w.org\/{rel}","templated":true}]}}