{"id":5218,"date":"2021-02-03T23:42:43","date_gmt":"2021-02-03T23:42:43","guid":{"rendered":"https:\/\/viisona.com\/les-concessionnaires\/devenir-revendeur\/"},"modified":"2024-04-11T20:21:00","modified_gmt":"2024-04-11T20:21:00","slug":"devenir-revendeur","status":"publish","type":"page","link":"https:\/\/viisona.com\/fr\/les-concessionnaires\/devenir-revendeur\/","title":{"rendered":"Devenir revendeur"},"content":{"rendered":"<section class=\"wpb-content-wrapper\">[vc_row thb_full_width=&#8221;true&#8221; thb_row_padding=&#8221;true&#8221; thb_column_padding=&#8221;true&#8221;][vc_column]\t<div id=\"thb-image-69e5c68a46bc0\" class=\"caption-style1  aligncenter  image-banner-hack thb_image_link wp-caption \">\n\t\t\t<div class=\"thb-image-inner size_100\">\n\t\t\t<img loading=\"lazy\" decoding=\"async\" width=\"1850\" height=\"720\" src=\"data:image\/gif;base64,R0lGODlhAQABAAAAACH5BAEKAAEALAAAAAABAAEAAAICTAEAOw==\" class=\"thb_image    attachment-full thb-lazyload lazyload\" alt=\"\" title=\"become-a-dealer_banner\" sizes=\"auto, (max-width: 1850px) 100vw, 1850px\" data-src=\"https:\/\/viisona.com\/wp-content\/uploads\/2021\/02\/become-a-dealer_banner.jpg\" data-sizes=\"auto\" data-srcset=\"https:\/\/viisona.com\/wp-content\/uploads\/2021\/02\/become-a-dealer_banner.jpg 1850w, https:\/\/viisona.com\/wp-content\/uploads\/2021\/02\/become-a-dealer_banner-400x156.jpg 400w, https:\/\/viisona.com\/wp-content\/uploads\/2021\/02\/become-a-dealer_banner-1024x399.jpg 1024w, https:\/\/viisona.com\/wp-content\/uploads\/2021\/02\/become-a-dealer_banner-768x299.jpg 768w, https:\/\/viisona.com\/wp-content\/uploads\/2021\/02\/become-a-dealer_banner-1536x598.jpg 1536w, https:\/\/viisona.com\/wp-content\/uploads\/2021\/02\/become-a-dealer_banner-855x333.jpg 855w, https:\/\/viisona.com\/wp-content\/uploads\/2021\/02\/become-a-dealer_banner-20x8.jpg 20w, https:\/\/viisona.com\/wp-content\/uploads\/2021\/02\/become-a-dealer_banner-290x113.jpg 290w, https:\/\/viisona.com\/wp-content\/uploads\/2021\/02\/become-a-dealer_banner-1710x666.jpg 1710w\" \/>\t\t\t\t\t<\/div>\n\t\t\t\t\t<\/div>\n  [\/vc_column][\/vc_row][vc_row][vc_column][vc_empty_space height=&#8221;64px&#8221;][\/vc_column][\/vc_row][vc_row][vc_column][vc_column_text el_class=&#8221;text-center&#8221;]\n<h2>Choisissez le programme qui vous convient le mieux<\/h2>\n<p>Avec deux <strong>programmes de partenariat<\/strong> au choix, vous d\u00e9cidez du mod\u00e8le qui correspond le mieux \u00e0 votre approche commerciale pr\u00e9f\u00e9r\u00e9e.[\/vc_column_text][\/vc_column][\/vc_row][vc_row][vc_column][vc_empty_space height=&#8221;64px&#8221;][\/vc_column][\/vc_row][vc_row][vc_column width=&#8221;1\/3&#8243; el_class=&#8221;pr-md-4&#8243;][vc_column_text el_class=&#8221;icon-header deal-net mt-md-1&#8243;]\n<h3>Partenaire du r\u00e9seau<\/h3>\n[\/vc_column_text][\/vc_column][vc_column width=&#8221;2\/3&#8243; el_class=&#8221;pl-md-4&#8243;][vc_column_text]Un service complet d&#8217;interaction avec vos clients, comprenant l&#8217;information, les d\u00e9monstrations de produits, la facilitation de la transaction de vente et l&#8217;ex\u00e9cution de la commande \u00e0 partir de votre stock disponible.<\/p>\n<p>Les partenaires du r\u00e9seau gagnent une plus grande part du g\u00e2teau pour leur plus grande implication. Il s&#8217;agit d&#8217;une solution id\u00e9ale pour les activit\u00e9s de vente au d\u00e9tail existantes qui ont des relations avec les clients, des emplacements physiques et un mod\u00e8le d&#8217;entreprise align\u00e9.[\/vc_column_text][\/vc_column][\/vc_row][vc_row][vc_column][vc_empty_space height=&#8221;64px&#8221;][\/vc_column][\/vc_row][vc_row][vc_column][vc_column_text el_class=&#8221;hr-snippet&#8221;][\/vc_column_text][\/vc_column][\/vc_row][vc_row][vc_column][vc_empty_space height=&#8221;80px&#8221;][\/vc_column][\/vc_row][vc_row][vc_column width=&#8221;1\/3&#8243; el_class=&#8221;pr-md-4&#8243;][vc_column_text el_class=&#8221;icon-header deal-special mt-md-1&#8243;]\n<h3>Sp\u00e9cialiste<\/h3>\n[\/vc_column_text][\/vc_column][vc_column width=&#8221;2\/3&#8243; el_class=&#8221;pl-md-4&#8243;][vc_column_text]Un r\u00f4le d&#8217;entremetteur qui permet de cr\u00e9er des opportunit\u00e9s, de g\u00e9rer les relations avec les clients et de proposer des ventes ax\u00e9es sur les solutions.<\/p>\n<p>Vous n&#8217;avez pas besoin de tenir des stocks ou de remplir des commandes, nous nous en chargeons pour vous. Il s&#8217;agit d&#8217;une excellente activit\u00e9 compl\u00e9mentaire \u00e0 un service ou \u00e0 un r\u00f4le existant. Par exemple, un sp\u00e9cialiste de la reproduction \u00e9quine serait bien plac\u00e9 pour vendre des d\u00e9tecteurs d&#8217;ovaires \u00e0 sa client\u00e8le.[\/vc_column_text][\/vc_column][\/vc_row][vc_row][vc_column][vc_empty_space height=&#8221;100px&#8221;][\/vc_column][\/vc_row][vc_row][vc_column width=&#8221;2\/3&#8243; el_class=&#8221;pr-md-4&#8243;][vc_column_text]\n<h2>Notre mission<\/h2>\n<p>Nous cr\u00e9ons et d\u00e9veloppons des opportunit\u00e9s prosp\u00e8res avec nos partenaires du r\u00e9seau sur des march\u00e9s strat\u00e9giques gr\u00e2ce \u00e0 des solutions pour la sant\u00e9 animale, des solutions d&#8217;\u00e9chographie portables et des formations. Soucieux de maximiser la valeur pour l&#8217;utilisateur final, nous nous associons \u00e0 des entreprises et \u00e0 des sp\u00e9cialistes partageant les m\u00eames valeurs afin de garantir une excellente exp\u00e9rience client \u00e0 tous les stades et \u00e0 tous les points de contact. Nous aidons les agriculteurs, les \u00e9leveurs et les v\u00e9t\u00e9rinaires \u00e0 am\u00e9liorer la sant\u00e9 des animaux, \u00e0 accro\u00eetre la productivit\u00e9 et \u00e0 r\u00e9duire les pertes gr\u00e2ce \u00e0 des solutions technologiques pratiques et \u00e0 une assistance compl\u00e8te.<\/p>\n<p>Notre objectif est de vous aider \u00e0 mettre en relation des solutions de qualit\u00e9 avec les besoins de vos clients.[\/vc_column_text][\/vc_column][vc_column width=&#8221;1\/3&#8243; el_class=&#8221;banner cta-banner banner-sm pl-md-4 my-auto&#8221;][vc_column_text]<div class=\"contact-details new-contact\"><h5>Our Offices<\/h5><div class=\"blockwrap\"><address class=\"main-address mb-1\">\n                <span class=\"address-header\" style=\"color: var(--text);\"><strong>Sales & Technical Services<\/strong><\/span>\n                <span>38 Rue Canvin<\/span>\n\t\t\t\t<span>Kirkland, QC H9H 4S4<\/span>\n                <span>Canada<\/span>\n\t\t\t\t<\/address><address class=\"main-address secondary-address mt-3 mb-1\">\n                <span class=\"address-header\" style=\"color: var(--text);\"><strong>Administration<\/strong><\/span>\n                <span>PO Box 93088<\/span>\n                <span>West Vancouver, BC  V7W 3G4<\/span>\n                <span>Canada<\/span>\n                <\/address><div class=\"contact-links mt-2 pb-2\"><span class=\"contact-link\"><a href=\"mailto:info@viisona.com\">info@viisona.com<\/a><\/span><span class=\"contact-link\"><a href=\"tel:+18006729182\">1 (800) 672-9182<\/a><\/span><\/div><\/div> <\/div>[\/vc_column_text][vc_empty_space height=&#8221;18px&#8221;]\t<div id=\"thb-social-links-69e5c68a47f07\" class=\"thb-social-links-element style3\">\n\t\t\t\t\t<div class=\"thb-social-links-container style3\">\n\t\t\t\t\t<a href=\"https:\/\/facebook.com\/viisona\" target=\"_blank\" class=\"thb-social-link social-link-facebook\" rel=\"noreferrer\">\n\t\t\t\t<div class=\"thb-social-icon-container\"><i class=\"thb-icon-facebook\"><\/i><\/div>\n\t\t\t\t\t\t\t<\/a>\n\t\t\t\t\t<a href=\"https:\/\/twitter.com\/farmtechsol\" target=\"_blank\" class=\"thb-social-link social-link-twitter\" rel=\"noreferrer\">\n\t\t\t\t<div class=\"thb-social-icon-container\"><i class=\"thb-icon-twitter\"><\/i><\/div>\n\t\t\t\t\t\t\t<\/a>\n\t\t\t\t\t<a href=\"https:\/\/youtube.com\/channel\/UCknV8j-JmENizDmAIyMYjHQ\" target=\"_blank\" class=\"thb-social-link social-link-youtube\" rel=\"noreferrer\">\n\t\t\t\t<div class=\"thb-social-icon-container\"><i class=\"thb-icon-youtube\"><\/i><\/div>\n\t\t\t\t\t\t\t<\/a>\n\t\t\t\t<\/div>\n\t\t\t<\/div>\n\t[\/vc_column][\/vc_row][vc_row][vc_column][vc_empty_space height=&#8221;80px&#8221;][\/vc_column][\/vc_row][vc_row][vc_column width=&#8221;1\/2&#8243; el_class=&#8221;pr-md-4 my-auto&#8221;][vc_column_text]\n<h2>Discutons-en<\/h2>\n<p>N&#8217;h\u00e9sitez pas \u00e0 nous contacter par t\u00e9l\u00e9phone, par courrier \u00e9lectronique ou en utilisant le formulaire de contact fourni.<\/p>\n<div class=\"row media-row\">\n                <div class=\"small-12 columns\">\n                    <ul class=\"unstyled d-flex contact-iconbox\">\n                  <li>\n                    <img decoding=\"async\" class=\"media-icon lazyload\" draggable=\"false\" alt=\"phone icon\" src=\"data:image\/gif;base64,R0lGODlhAQABAAAAACH5BAEKAAEALAAAAAABAAEAAAICTAEAOw==\" data-src=\"https:\/\/viisona.com\/wp-content\/uploads\/2020\/10\/260E.svg\">\n                    <a href=\"tel:18006729182\">1 (800) 672-9182<\/a>\n                  <\/li>\n                   <li>\n                    <img decoding=\"async\" class=\"media-icon lazyload\" draggable=\"false\" alt=\"email icon\" src=\"data:image\/gif;base64,R0lGODlhAQABAAAAACH5BAEKAAEALAAAAAABAAEAAAICTAEAOw==\" data-src=\"https:\/\/viisona.com\/wp-content\/uploads\/2020\/11\/2709-1.svg\">\n                    <a href=\"mailto:info@viisona.com\">info@viisona.com<\/a>\n                  <\/li>\n\n                <\/ul>\n                <\/div>\n                <\/div>[\/vc_column_text][\/vc_column][vc_column width=&#8221;1\/2&#8243; el_class=&#8221;pl-md-4&#8243;]\n<div class=\"wpcf7 no-js\" id=\"wpcf7-f5238-o1\" lang=\"fr-FR\" dir=\"ltr\" data-wpcf7-id=\"5238\">\n<div class=\"screen-reader-response\"><p role=\"status\" aria-live=\"polite\" aria-atomic=\"true\"><\/p> <ul><\/ul><\/div>\n<form action=\"\/fr\/wp-json\/wp\/v2\/pages\/5218#wpcf7-f5238-o1\" method=\"post\" class=\"wpcf7-form init\" aria-label=\"Formulaire de contact\" novalidate=\"novalidate\" data-status=\"init\">\n<fieldset class=\"hidden-fields-container\"><input type=\"hidden\" name=\"_wpcf7\" value=\"5238\" \/><input type=\"hidden\" name=\"_wpcf7_version\" value=\"6.1.4\" \/><input type=\"hidden\" name=\"_wpcf7_locale\" value=\"fr_FR\" \/><input type=\"hidden\" name=\"_wpcf7_unit_tag\" value=\"wpcf7-f5238-o1\" \/><input type=\"hidden\" name=\"_wpcf7_container_post\" value=\"0\" \/><input type=\"hidden\" name=\"_wpcf7_posted_data_hash\" value=\"\" \/><input type=\"hidden\" name=\"_wpcf7_recaptcha_response\" value=\"\" \/>\n<\/fieldset>\n<div class=\"size1of2-wrapper\">\n\t<p class=\"size1of2\"><br \/>\n<label> Votre nom *<br \/>\n<span class=\"wpcf7-form-control-wrap\" data-name=\"your-name\"><input size=\"40\" maxlength=\"400\" class=\"wpcf7-form-control wpcf7-text wpcf7-validates-as-required\" aria-required=\"true\" aria-invalid=\"false\" value=\"\" type=\"text\" name=\"your-name\" \/><\/span> <\/label>\n\t<\/p>\n\t<p class=\"size1of2\"><br \/>\n<label> Votre Email *<br \/>\n<span class=\"wpcf7-form-control-wrap\" data-name=\"your-email\"><input size=\"40\" maxlength=\"400\" class=\"wpcf7-form-control wpcf7-email wpcf7-validates-as-required wpcf7-text wpcf7-validates-as-email\" aria-required=\"true\" aria-invalid=\"false\" value=\"\" type=\"email\" name=\"your-email\" \/><\/span> <\/label>\n\t<\/p>\n<\/div>\n<p class=\"select-wrapper\"><br \/>\n<label> Quelle est votre question ?<br \/>\n<span class=\"wpcf7-form-control-wrap\" data-name=\"menu-324\"><select class=\"wpcf7-form-control wpcf7-select\" aria-invalid=\"false\" name=\"menu-324\"><option value=\"Demande de devis\">Demande de devis<\/option><option value=\"Planifier une d\u00e9monstration ou un essai\">Planifier une d\u00e9monstration ou un essai<\/option><option value=\"Demande de reprise\/mise \u00e0 niveau\">Demande de reprise\/mise \u00e0 niveau<\/option><option value=\"Question sur un produit particulier\">Question sur un produit particulier<\/option><option value=\"Service ou assistance technique\">Service ou assistance technique<\/option><option value=\"Demande de pr\u00eat \u00e9tudiant\">Demande de pr\u00eat \u00e9tudiant<\/option><\/select><\/span> <\/label>\n<\/p>\n<p><span id=\"wpcf7-69e5c68a4a8b9-wrapper\" class=\"wpcf7-form-control-wrap your-website-link-wrap\" style=\"display:none !important; visibility:hidden !important;\"><label for=\"wpcf7-69e5c68a4a8b9-field\" class=\"hp-message\">Veuillez laisser ce champ vide.<\/label><input id=\"wpcf7-69e5c68a4a8b9-field\"  class=\"wpcf7-form-control wpcf7-text\" type=\"text\" name=\"your-website-link\" value=\"\" size=\"40\" tabindex=\"-1\" autocomplete=\"new-password\" \/><\/span>\n<\/p>\n<p class=\"message-wrapper\"><br \/>\n<label> Votre message<br \/>\n<span class=\"wpcf7-form-control-wrap\" data-name=\"your-message\"><textarea cols=\"40\" rows=\"10\" maxlength=\"2000\" class=\"wpcf7-form-control wpcf7-textarea\" aria-invalid=\"false\" name=\"your-message\"><\/textarea><\/span> <\/label>\n<\/p>\n<div class=\"captcha-message\" style=\"margin-bottom:2.5em;margin-top: -1em;font-size: 11.5px;color:var(--text)\">\n\t<p><span>Ce site est prot\u00e9g\u00e9 par reCAPTCHA et les <a style=\"text-decoration:underline;color:var(--text)\" href=\"https:\/\/policies.google.com\/privacy\">r\u00e8gles de confidentialit\u00e9 de<\/a> Google<br \/>\nainsi que les <a style=\"text-decoration:underline;color:var(--text)\" href=\"https:\/\/policies.google.com\/terms\">conditions d'utilisation<\/a> de<br \/>\ns'appliquent.<\/span>\n\t<\/p>\n<\/div>\n<p class=\"submit-wrapper\"><br \/>\n<input class=\"wpcf7-form-control wpcf7-submit has-spinner\" type=\"submit\" value=\"Envoyer\" \/>\n<\/p><div class=\"wpcf7-response-output\" aria-hidden=\"true\"><\/div>\n<\/form>\n<\/div>\n[\/vc_column][\/vc_row]\n<\/section>","protected":false},"excerpt":{"rendered":"<p>[vc_row thb_full_width=&#8221;true&#8221; thb_row_padding=&#8221;true&#8221; thb_column_padding=&#8221;true&#8221;][vc_column][\/vc_column][\/vc_row][vc_row][vc_column][vc_empty_space height=&#8221;64px&#8221;][\/vc_column][\/vc_row][vc_row][vc_column][vc_column_text el_class=&#8221;text-center&#8221;] Choisissez le programme qui vous convient le mieux Avec deux programmes de partenariat au choix, vous d\u00e9cidez du mod\u00e8le qui correspond le mieux \u00e0 votre approche commerciale pr\u00e9f\u00e9r\u00e9e.[\/vc_column_text][\/vc_column][\/vc_row][vc_row][vc_column][vc_empty_space height=&#8221;64px&#8221;][\/vc_column][\/vc_row][vc_row][vc_column width=&#8221;1\/3&#8243; el_class=&#8221;pr-md-4&#8243;][vc_column_text el_class=&#8221;icon-header deal-net mt-md-1&#8243;] Partenaire du r\u00e9seau [\/vc_column_text][\/vc_column][vc_column width=&#8221;2\/3&#8243; el_class=&#8221;pl-md-4&#8243;][vc_column_text]Un service complet d&#8217;interaction avec vos clients, comprenant l&#8217;information, les&hellip;<\/p>\n","protected":false},"author":1,"featured_media":0,"parent":5130,"menu_order":0,"comment_status":"closed","ping_status":"closed","template":"page-default.php","meta":{"_acf_changed":false,"inline_featured_image":false,"footnotes":""},"class_list":["post-5218","page","type-page","status-publish","hentry"],"acf":[],"yoast_head":"<!-- This site is optimized with the Yoast SEO plugin v26.8 - https:\/\/yoast.com\/product\/yoast-seo-wordpress\/ -->\n<title>Devenir revendeur | ViiSona<\/title>\n<meta name=\"robots\" content=\"index, follow, max-snippet:-1, max-image-preview:large, max-video-preview:-1\" \/>\n<link rel=\"canonical\" href=\"https:\/\/viisona.com\/fr\/les-concessionnaires\/devenir-revendeur\/\" \/>\n<meta property=\"og:locale\" content=\"fr_FR\" \/>\n<meta property=\"og:type\" content=\"article\" \/>\n<meta property=\"og:title\" content=\"Devenir revendeur | ViiSona\" \/>\n<meta property=\"og:description\" content=\"[vc_row thb_full_width=&#8221;true&#8221; thb_row_padding=&#8221;true&#8221; thb_column_padding=&#8221;true&#8221;][vc_column][\/vc_column][\/vc_row][vc_row][vc_column][vc_empty_space height=&#8221;64px&#8221;][\/vc_column][\/vc_row][vc_row][vc_column][vc_column_text el_class=&#8221;text-center&#8221;] Choisissez le programme qui vous convient le mieux Avec deux programmes de partenariat au choix, vous d\u00e9cidez du mod\u00e8le qui correspond le mieux \u00e0 votre approche commerciale pr\u00e9f\u00e9r\u00e9e.[\/vc_column_text][\/vc_column][\/vc_row][vc_row][vc_column][vc_empty_space height=&#8221;64px&#8221;][\/vc_column][\/vc_row][vc_row][vc_column width=&#8221;1\/3&#8243; el_class=&#8221;pr-md-4&#8243;][vc_column_text el_class=&#8221;icon-header deal-net mt-md-1&#8243;] Partenaire du r\u00e9seau [\/vc_column_text][\/vc_column][vc_column width=&#8221;2\/3&#8243; el_class=&#8221;pl-md-4&#8243;][vc_column_text]Un service complet d&#8217;interaction avec vos clients, comprenant l&#8217;information, les&hellip;\" \/>\n<meta property=\"og:url\" content=\"https:\/\/viisona.com\/fr\/les-concessionnaires\/devenir-revendeur\/\" \/>\n<meta property=\"og:site_name\" content=\"ViiSona\" \/>\n<meta property=\"article:modified_time\" content=\"2024-04-11T20:21:00+00:00\" \/>\n<meta name=\"twitter:card\" content=\"summary_large_image\" \/>\n<meta name=\"twitter:label1\" content=\"Dur\u00e9e de lecture estim\u00e9e\" \/>\n\t<meta name=\"twitter:data1\" content=\"3 minutes\" \/>\n<script type=\"application\/ld+json\" class=\"yoast-schema-graph\">{\"@context\":\"https:\/\/schema.org\",\"@graph\":[{\"@type\":\"WebPage\",\"@id\":\"https:\/\/viisona.com\/fr\/les-concessionnaires\/devenir-revendeur\/\",\"url\":\"https:\/\/viisona.com\/fr\/les-concessionnaires\/devenir-revendeur\/\",\"name\":\"Devenir revendeur | ViiSona\",\"isPartOf\":{\"@id\":\"https:\/\/viisona.com\/fr\/#website\"},\"datePublished\":\"2021-02-03T23:42:43+00:00\",\"dateModified\":\"2024-04-11T20:21:00+00:00\",\"breadcrumb\":{\"@id\":\"https:\/\/viisona.com\/fr\/les-concessionnaires\/devenir-revendeur\/#breadcrumb\"},\"inLanguage\":\"fr-FR\",\"potentialAction\":[{\"@type\":\"ReadAction\",\"target\":[\"https:\/\/viisona.com\/fr\/les-concessionnaires\/devenir-revendeur\/\"]}]},{\"@type\":\"BreadcrumbList\",\"@id\":\"https:\/\/viisona.com\/fr\/les-concessionnaires\/devenir-revendeur\/#breadcrumb\",\"itemListElement\":[{\"@type\":\"ListItem\",\"position\":1,\"name\":\"Home\",\"item\":\"https:\/\/viisona.com\/fr\/accueil\/\"},{\"@type\":\"ListItem\",\"position\":2,\"name\":\"Les concessionnaires\",\"item\":\"https:\/\/viisona.com\/fr\/les-concessionnaires\/\"},{\"@type\":\"ListItem\",\"position\":3,\"name\":\"Devenir revendeur\"}]},{\"@type\":\"WebSite\",\"@id\":\"https:\/\/viisona.com\/fr\/#website\",\"url\":\"https:\/\/viisona.com\/fr\/\",\"name\":\"ViiSona\",\"description\":\"Am\u00e9liorer les r\u00e9sultats pour les agriculteurs et les s\u00e9lectionneurs dans les communaut\u00e9s agricoles et de s\u00e9lection.\",\"publisher\":{\"@id\":\"https:\/\/viisona.com\/fr\/#organization\"},\"potentialAction\":[{\"@type\":\"SearchAction\",\"target\":{\"@type\":\"EntryPoint\",\"urlTemplate\":\"https:\/\/viisona.com\/fr\/?s={search_term_string}\"},\"query-input\":{\"@type\":\"PropertyValueSpecification\",\"valueRequired\":true,\"valueName\":\"search_term_string\"}}],\"inLanguage\":\"fr-FR\"},{\"@type\":\"Organization\",\"@id\":\"https:\/\/viisona.com\/fr\/#organization\",\"name\":\"ViiSona\",\"url\":\"https:\/\/viisona.com\/fr\/\",\"logo\":{\"@type\":\"ImageObject\",\"inLanguage\":\"fr-FR\",\"@id\":\"https:\/\/viisona.com\/fr\/#\/schema\/logo\/image\/\",\"url\":\"https:\/\/viisona.com\/wp-content\/uploads\/2020\/08\/viisona_1_FULLY_RASTERED.png\",\"contentUrl\":\"https:\/\/viisona.com\/wp-content\/uploads\/2020\/08\/viisona_1_FULLY_RASTERED.png\",\"width\":1080,\"height\":307,\"caption\":\"ViiSona\"},\"image\":{\"@id\":\"https:\/\/viisona.com\/fr\/#\/schema\/logo\/image\/\"}}]}<\/script>\n<!-- \/ Yoast SEO plugin. -->","yoast_head_json":{"title":"Devenir revendeur | ViiSona","robots":{"index":"index","follow":"follow","max-snippet":"max-snippet:-1","max-image-preview":"max-image-preview:large","max-video-preview":"max-video-preview:-1"},"canonical":"https:\/\/viisona.com\/fr\/les-concessionnaires\/devenir-revendeur\/","og_locale":"fr_FR","og_type":"article","og_title":"Devenir revendeur | ViiSona","og_description":"[vc_row thb_full_width=&#8221;true&#8221; thb_row_padding=&#8221;true&#8221; thb_column_padding=&#8221;true&#8221;][vc_column][\/vc_column][\/vc_row][vc_row][vc_column][vc_empty_space height=&#8221;64px&#8221;][\/vc_column][\/vc_row][vc_row][vc_column][vc_column_text el_class=&#8221;text-center&#8221;] Choisissez le programme qui vous convient le mieux Avec deux programmes de partenariat au choix, vous d\u00e9cidez du mod\u00e8le qui correspond le mieux \u00e0 votre approche commerciale pr\u00e9f\u00e9r\u00e9e.[\/vc_column_text][\/vc_column][\/vc_row][vc_row][vc_column][vc_empty_space height=&#8221;64px&#8221;][\/vc_column][\/vc_row][vc_row][vc_column width=&#8221;1\/3&#8243; el_class=&#8221;pr-md-4&#8243;][vc_column_text el_class=&#8221;icon-header deal-net mt-md-1&#8243;] Partenaire du r\u00e9seau [\/vc_column_text][\/vc_column][vc_column width=&#8221;2\/3&#8243; el_class=&#8221;pl-md-4&#8243;][vc_column_text]Un service complet d&#8217;interaction avec vos clients, comprenant l&#8217;information, les&hellip;","og_url":"https:\/\/viisona.com\/fr\/les-concessionnaires\/devenir-revendeur\/","og_site_name":"ViiSona","article_modified_time":"2024-04-11T20:21:00+00:00","twitter_card":"summary_large_image","twitter_misc":{"Dur\u00e9e de lecture estim\u00e9e":"3 minutes"},"schema":{"@context":"https:\/\/schema.org","@graph":[{"@type":"WebPage","@id":"https:\/\/viisona.com\/fr\/les-concessionnaires\/devenir-revendeur\/","url":"https:\/\/viisona.com\/fr\/les-concessionnaires\/devenir-revendeur\/","name":"Devenir revendeur | ViiSona","isPartOf":{"@id":"https:\/\/viisona.com\/fr\/#website"},"datePublished":"2021-02-03T23:42:43+00:00","dateModified":"2024-04-11T20:21:00+00:00","breadcrumb":{"@id":"https:\/\/viisona.com\/fr\/les-concessionnaires\/devenir-revendeur\/#breadcrumb"},"inLanguage":"fr-FR","potentialAction":[{"@type":"ReadAction","target":["https:\/\/viisona.com\/fr\/les-concessionnaires\/devenir-revendeur\/"]}]},{"@type":"BreadcrumbList","@id":"https:\/\/viisona.com\/fr\/les-concessionnaires\/devenir-revendeur\/#breadcrumb","itemListElement":[{"@type":"ListItem","position":1,"name":"Home","item":"https:\/\/viisona.com\/fr\/accueil\/"},{"@type":"ListItem","position":2,"name":"Les concessionnaires","item":"https:\/\/viisona.com\/fr\/les-concessionnaires\/"},{"@type":"ListItem","position":3,"name":"Devenir revendeur"}]},{"@type":"WebSite","@id":"https:\/\/viisona.com\/fr\/#website","url":"https:\/\/viisona.com\/fr\/","name":"ViiSona","description":"Am\u00e9liorer les r\u00e9sultats pour les agriculteurs et les s\u00e9lectionneurs dans les communaut\u00e9s agricoles et de s\u00e9lection.","publisher":{"@id":"https:\/\/viisona.com\/fr\/#organization"},"potentialAction":[{"@type":"SearchAction","target":{"@type":"EntryPoint","urlTemplate":"https:\/\/viisona.com\/fr\/?s={search_term_string}"},"query-input":{"@type":"PropertyValueSpecification","valueRequired":true,"valueName":"search_term_string"}}],"inLanguage":"fr-FR"},{"@type":"Organization","@id":"https:\/\/viisona.com\/fr\/#organization","name":"ViiSona","url":"https:\/\/viisona.com\/fr\/","logo":{"@type":"ImageObject","inLanguage":"fr-FR","@id":"https:\/\/viisona.com\/fr\/#\/schema\/logo\/image\/","url":"https:\/\/viisona.com\/wp-content\/uploads\/2020\/08\/viisona_1_FULLY_RASTERED.png","contentUrl":"https:\/\/viisona.com\/wp-content\/uploads\/2020\/08\/viisona_1_FULLY_RASTERED.png","width":1080,"height":307,"caption":"ViiSona"},"image":{"@id":"https:\/\/viisona.com\/fr\/#\/schema\/logo\/image\/"}}]}},"jetpack_sharing_enabled":true,"_links":{"self":[{"href":"https:\/\/viisona.com\/fr\/wp-json\/wp\/v2\/pages\/5218","targetHints":{"allow":["GET"]}}],"collection":[{"href":"https:\/\/viisona.com\/fr\/wp-json\/wp\/v2\/pages"}],"about":[{"href":"https:\/\/viisona.com\/fr\/wp-json\/wp\/v2\/types\/page"}],"author":[{"embeddable":true,"href":"https:\/\/viisona.com\/fr\/wp-json\/wp\/v2\/users\/1"}],"replies":[{"embeddable":true,"href":"https:\/\/viisona.com\/fr\/wp-json\/wp\/v2\/comments?post=5218"}],"version-history":[{"count":2,"href":"https:\/\/viisona.com\/fr\/wp-json\/wp\/v2\/pages\/5218\/revisions"}],"predecessor-version":[{"id":5220,"href":"https:\/\/viisona.com\/fr\/wp-json\/wp\/v2\/pages\/5218\/revisions\/5220"}],"up":[{"embeddable":true,"href":"https:\/\/viisona.com\/fr\/wp-json\/wp\/v2\/pages\/5130"}],"wp:attachment":[{"href":"https:\/\/viisona.com\/fr\/wp-json\/wp\/v2\/media?parent=5218"}],"curies":[{"name":"wp","href":"https:\/\/api.w.org\/{rel}","templated":true}]}}