{"id":5216,"date":"2020-08-28T19:25:53","date_gmt":"2020-08-28T19:25:53","guid":{"rendered":"https:\/\/viisona.com\/politique-de-confidentialite\/"},"modified":"2024-04-11T20:14:25","modified_gmt":"2024-04-11T20:14:25","slug":"politique-de-confidentialite","status":"publish","type":"page","link":"https:\/\/viisona.com\/fr\/politique-de-confidentialite\/","title":{"rendered":"Politique de confidentialit\u00e9"},"content":{"rendered":"\n<h2 class=\"wp-block-heading\">Qui sommes-nous ?<\/h2>\n\n<p>L&#8217;adresse de notre site web est la suivante : https:\/\/fsi5.fairfld.com.<\/p>\n\n<p>FarmTech Solutions Inc. a pour politique de respecter votre vie priv\u00e9e et celle de tous les utilisateurs de nos services. (&#8220;Services&#8221; comprend l&#8217;utilisation de nos sites Web, de nos magasins en ligne et l&#8217;\u00e9change d&#8217;informations de personne \u00e0 personne).<\/p>\n\n<p>La pr\u00e9sente politique de confidentialit\u00e9 a \u00e9t\u00e9 \u00e9tablie pour vous aider \u00e0 comprendre notre engagement \u00e0 prot\u00e9ger votre vie priv\u00e9e et vos donn\u00e9es personnelles, ainsi que les mesures que nous prenons pour y parvenir. En visitant et\/ou en utilisant l&#8217;un des services, vous acceptez d&#8217;\u00eatre li\u00e9 par les conditions de la pr\u00e9sente politique de protection de la vie priv\u00e9e (la &#8220;politique de protection de la vie priv\u00e9e&#8221;).<\/p>\n\n<p>Nous recueillons des informations personnelles aupr\u00e8s de nos clients dans le cadre normal de nos activit\u00e9s. Cette politique r\u00e9pond \u00e0 certaines des questions les plus fr\u00e9quemment pos\u00e9es et vous permet de savoir exactement comment nous prot\u00e9geons les informations que vous nous confiez.<\/p>\n\n<h3 class=\"wp-block-heading\">Quelles informations personnelles recueillez-vous \u00e0 mon sujet ?<\/h3>\n\n<p>Nous recueillons les informations suivantes \u00e0 votre sujet :<\/p>\n\n<ul class=\"list-special list-breakup wp-block-list\"><li>Nom<\/li><li>Adresse<\/li><li>Code postal<\/li><li>Num\u00e9ro de t\u00e9l\u00e9phone<\/li><li>Adresse \u00e9lectronique<\/li><li>Genre<\/li><li>Num\u00e9ro de la carte de paiement<\/li><li>Date d&#8217;expiration de la carte de paiement<\/li><li>Informations bancaires<\/li><li>Dossier de cr\u00e9dit<\/li><li>Historique des achats<\/li><li>Pr\u00e9f\u00e9rences en mati\u00e8re de produits\/services<\/li><li>Opinions sur les produits et services<\/li><\/ul>\n\n<p>Lorsque vous visitez notre site web, nous collectons \u00e9galement des donn\u00e9es :<\/p>\n\n<ul class=\"list-special wp-block-list\"><li>des informations sur votre ordinateur, y compris votre adresse IP, le type de syst\u00e8me d&#8217;exploitation et de navigateur que vous utilisez, et l&#8217;emplacement de votre ordinateur<\/li><li>les pages que vous visitez sur notre site et les liens sur lesquels vous cliquez<\/li><li>Quels sont les autres sites que vous avez visit\u00e9s r\u00e9cemment ?<\/li><\/ul>\n\n<h3 class=\"wp-block-heading\">Comment ces informations sont-elles utilis\u00e9es ?<\/h3>\n\n<p>Les principales raisons pour lesquelles nous recueillons des informations personnelles vous concernant sont les suivantes :<\/p>\n\n<ul class=\"list-special list-breakup wp-block-list\"><li>Commandes<\/li><li>Effectuer une vente\/transaction<\/li><li>V\u00e9rification du cr\u00e9dit<\/li><li>Gestion de la relation client<\/li><li>Service \u00e0 la client\u00e8le<\/li><li>Services de livraison<\/li><li>Marketing<\/li><li>Retours et\/ou garanties<\/li><li>Formulaires de demande<\/li><li>Parce que cela peut \u00eatre utile \u00e0 l&#8217;avenir<\/li><li>Parce que notre logiciel informatique le demande<\/li><\/ul>\n\n<p>Si cela s&#8217;av\u00e8re n\u00e9cessaire dans le cadre de l&#8217;une de ces transactions, nous pouvons divulguer vos informations \u00e0 une autre soci\u00e9t\u00e9. Par exemple, lorsque vous demandez un cr\u00e9dit, nous transmettons vos informations personnelles \u00e0 une agence d&#8217;\u00e9valuation du cr\u00e9dit afin de proc\u00e9der \u00e0 une v\u00e9rification du cr\u00e9dit. Nous transmettons \u00e9galement votre nom et votre adresse \u00e0 une soci\u00e9t\u00e9 de messagerie pour effectuer une livraison.<\/p>\n\n<h3 class=\"wp-block-heading\">Utilisation d&#8217;informations personnelles \u00e0 des fins secondaires<\/h3>\n\n<p>Nous pouvons \u00e9galement utiliser vos informations personnelles pour d&#8217;autres raisons secondaires, notamment :<\/p>\n\n<h3 class=\"wp-block-heading\">Pour conclure une vente ou une transaction<\/h3>\n\n<ul class=\"list-special list-breakup mt-1 wp-block-list\"><li>Nom<\/li><li>Adresse<\/li><li>Code postal<\/li><li>Num\u00e9ro de t\u00e9l\u00e9phone<\/li><li>Adresse \u00e9lectronique<\/li><li>Num\u00e9ro de la carte de paiement<\/li><li>Date d&#8217;expiration de la carte de paiement<\/li><li>Informations bancaires<\/li><li>Dossier de cr\u00e9dit<\/li><li>Historique des achats<\/li><li>Pr\u00e9f\u00e9rences en mati\u00e8re de produits\/services<\/li><\/ul>\n\n<h3 class=\"wp-block-heading\">Marketing<\/h3>\n\n<ul class=\"list-special mt-1 wp-block-list\"><li>Genre<\/li><li>Historique des achats<\/li><li>Pr\u00e9f\u00e9rences en mati\u00e8re de produits\/services<\/li><li>Opinions sur les produits et services<\/li><\/ul>\n\n<h3 class=\"wp-block-heading\">Service \u00e0 la client\u00e8le<\/h3>\n\n<ul class=\"list-special list-breakup mt-1 wp-block-list\"><li>Nom<\/li><li>Adresse<\/li><li>Code postal<\/li><li>Num\u00e9ro de t\u00e9l\u00e9phone<\/li><li>Adresse \u00e9lectronique<\/li><li>Num\u00e9ro de la carte de paiement<\/li><li>Date d&#8217;expiration de la carte de paiement<\/li><li>Informations bancaires<\/li><li>Dossier de cr\u00e9dit<\/li><li>Historique des achats<\/li><li>Pr\u00e9f\u00e9rences en mati\u00e8re de produits\/services<\/li><li>Opinions sur les produits et services<\/li><\/ul>\n\n<h3 class=\"wp-block-heading\">V\u00e9rification du cr\u00e9dit<\/h3>\n\n<ul class=\"list-special mt-1 wp-block-list\"><li>Nom<\/li><li>Adresse<\/li><li>Code postal<\/li><li>Num\u00e9ro de t\u00e9l\u00e9phone<\/li><li>Adresse \u00e9lectronique<\/li><li>Num\u00e9ro de la carte de paiement<\/li><li>Date d&#8217;expiration de la carte de paiement<\/li><li>Informations bancaires<\/li><li>Dossier de cr\u00e9dit<\/li><\/ul>\n\n<h3 class=\"wp-block-heading\">Gestion de la relation client<\/h3>\n\n<ul class=\"list-special mt-1 wp-block-list\"><li>Nom<\/li><li>Adresse<\/li><li>Code postal<\/li><li>Num\u00e9ro de t\u00e9l\u00e9phone<\/li><li>Adresse \u00e9lectronique<\/li><li>Opinions sur les produits et services<\/li><\/ul>\n\n<h3 class=\"wp-block-heading\">Services de livraison<\/h3>\n\n<ul class=\"list-special mt-1 wp-block-list\"><li>Nom<\/li><li>Adresse<\/li><li>Code postal<\/li><li>Num\u00e9ro de t\u00e9l\u00e9phone<\/li><li>Adresse \u00e9lectronique<\/li><li>Num\u00e9ro de la carte de paiement<\/li><li>Date d&#8217;expiration de la carte de paiement<\/li><\/ul>\n\n<h3 class=\"wp-block-heading\">Retours et\/ou garanties<\/h3>\n\n<ul class=\"list-special mt-1 wp-block-list\"><li>Nom<\/li><li>Adresse<\/li><li>Code postal<\/li><li>Num\u00e9ro de t\u00e9l\u00e9phone<\/li><li>Adresse \u00e9lectronique<\/li><li>Historique des achats<\/li><li>Pr\u00e9f\u00e9rences en mati\u00e8re de produits\/services<\/li><\/ul>\n\n<h3 class=\"wp-block-heading\">Commandes<\/h3>\n\n<ul class=\"list-special list-breakup mt-1 wp-block-list\"><li>Nom<\/li><li>Adresse<\/li><li>Code postal<\/li><li>Num\u00e9ro de t\u00e9l\u00e9phone<\/li><li>Adresse \u00e9lectronique<\/li><li>Num\u00e9ro de la carte de paiement<\/li><li>Date d&#8217;expiration de la carte de paiement<\/li><li>Informations bancaires<\/li><li>Dossier de cr\u00e9dit<\/li><li>Historique des achats<\/li><li>Pr\u00e9f\u00e9rences en mati\u00e8re de produits\/services<\/li><\/ul>\n\n<h3 class=\"wp-block-heading\">Formulaires de demande<\/h3>\n\n<ul class=\"list-special mt-1 wp-block-list\"><li>Nom<\/li><li>Adresse<\/li><li>Code postal<\/li><li>Num\u00e9ro de t\u00e9l\u00e9phone<\/li><li>Adresse \u00e9lectronique<\/li><\/ul>\n\n<h3 class=\"wp-block-heading\">Parce que notre logiciel informatique le demande<\/h3>\n\n<ul class=\"list-special mt-1 wp-block-list\"><li>Num\u00e9ro de la carte de paiement<\/li><li>Date d&#8217;expiration de la carte de paiement<\/li><li>Informations bancaires<\/li><li>Dossier de cr\u00e9dit<\/li><li>Historique des achats<\/li><li>Pr\u00e9f\u00e9rences en mati\u00e8re de produits\/services<\/li><\/ul>\n\n<h3 class=\"wp-block-heading\">Parce que cela peut \u00eatre utile \u00e0 l&#8217;avenir<\/h3>\n\n<ul class=\"list-special mt-1 wp-block-list\"><li>Opinions sur les produits et services<\/li><\/ul>\n\n<h3 class=\"wp-block-heading\">Partage des informations personnelles avec des tiers<\/h3>\n\n<p>Parfois, nous partageons \u00e9galement vos informations personnelles avec d&#8217;autres entreprises, notamment :<\/p>\n\n<ul class=\"list-special mt-1 wp-block-list\"><li>Agences d&#8217;\u00e9valuation du cr\u00e9dit<\/li><li>Fournisseurs de services de traitement des paiements par carte de cr\u00e9dit<\/li><li>Partenaires<\/li><li>Fournisseurs<\/li><li>Contractants tiers (par exemple, une soci\u00e9t\u00e9 de messagerie)<\/li><\/ul>\n\n<p>Nous divulguerons \u00e9galement vos informations personnelles si nous sommes tenus par la loi de le faire.<\/p>\n\n<h3 class=\"wp-block-heading\">Comment obtenir mon consentement ?<\/h3>\n\n<p>Lorsque vous nous fournissez des informations personnelles pour effectuer une transaction, v\u00e9rifier votre carte de cr\u00e9dit, passer une commande, organiser une livraison ou retourner un achat, nous supposons que vous consentez \u00e0 ce que nous les recueillions et les utilisions uniquement pour cette raison sp\u00e9cifique.<\/p>\n\n<p>Si nous vous demandons des informations personnelles pour une raison secondaire, comme le marketing, nous vous demanderons directement votre consentement ou vous donnerons la possibilit\u00e9 de refuser. Dire non s&#8217;appelle &#8220;opting out&#8221;. En vous d\u00e9sinscrivant, vous pouvez nous demander de ne pas collecter les informations et\/ou de ne pas les partager avec d&#8217;autres entreprises.<\/p>\n\n<h3 class=\"wp-block-heading\">Comment puis-je me d\u00e9sinscrire ?<\/h3>\n\n<p>Pour refuser que nous collections ou partagions des informations personnelles pour une raison secondaire, veuillez contacter le responsable de la protection de la vie priv\u00e9e comme indiqu\u00e9 dans le paragraphe suivant.<\/p>\n\n<h3 class=\"wp-block-heading\">S\u00e9curit\u00e9 et stockage des informations<\/h3>\n\n<p>Pour prot\u00e9ger vos informations personnelles, nous prenons des pr\u00e9cautions raisonnables et suivons les meilleures pratiques du secteur pour nous assurer qu&#8217;elles ne sont pas perdues, mal utilis\u00e9es, consult\u00e9es, divulgu\u00e9es, modifi\u00e9es ou d\u00e9truites de mani\u00e8re inappropri\u00e9e.<\/p>\n\n<p>Si vous nous fournissez des informations relatives \u00e0 votre carte de cr\u00e9dit, celles-ci sont crypt\u00e9es \u00e0 l&#8217;aide de la technologie SSL (Secure Socket Layer) et stock\u00e9es avec un cryptage AES-256. Bien qu&#8217;aucune m\u00e9thode de transmission sur Internet ou de stockage \u00e9lectronique ne soit s\u00fbre \u00e0 100 %, nous respectons toutes les exigences de la norme PCI-DSS et appliquons d&#8217;autres normes industrielles g\u00e9n\u00e9ralement accept\u00e9es.<\/p>\n\n<p>Les services sont principalement fournis \u00e0 partir de nos bureaux au Canada. Toutefois, en raison de la nature m\u00eame des services, les donn\u00e9es consult\u00e9es, collect\u00e9es, stock\u00e9es ou publi\u00e9es sur ou par l&#8217;interm\u00e9diaire des services doivent \u00e9galement \u00eatre transf\u00e9r\u00e9es de l&#8217;endroit o\u00f9 vous vous trouvez dans le monde vers l&#8217;endroit o\u00f9 nos plateformes de soutien stockent les m\u00eames donn\u00e9es (c&#8217;est-\u00e0-dire, dans la plupart des cas, au Canada et aux \u00c9tats-Unis). En outre, nous faisons appel \u00e0 des prestataires de services tiers (tels que des fournisseurs d&#8217;h\u00e9bergement g\u00e9r\u00e9, des processeurs de cartes, des syst\u00e8mes de gestion de la relation client, des sous-traitants du contenu des clients et des partenaires technologiques) pour fournir le mat\u00e9riel, les logiciels, la mise en r\u00e9seau, le stockage et les autres services n\u00e9cessaires que nous utilisons pour exploiter les services. Ces fournisseurs tiers peuvent traiter ou stocker le m\u00eame contenu client sur des serveurs situ\u00e9s au Canada ou aux \u00c9tats-Unis.<\/p>\n\n<p>En utilisant l&#8217;un des services, ou en soumettant ou en recueillant des renseignements personnels par l&#8217;interm\u00e9diaire des services, vous autorisez FarmTech Solutions Inc. et ses partenaires de service autoris\u00e9s \u00e0 utiliser et \u00e0 traiter le contenu du client et nos donn\u00e9es (y compris tout renseignement personnel) dans ces pays.<\/p>\n\n<h3 class=\"wp-block-heading\">Modifications de la politique de confidentialit\u00e9 et comment obtenir plus d&#8217;informations<\/h3>\n\n<p>Notre personnel se fera un plaisir de r\u00e9pondre \u00e0 toutes les questions que vous pourriez avoir au sujet de vos informations personnelles.<\/p>\n\n<p>Nous nous r\u00e9servons le droit de modifier cette politique de confidentialit\u00e9 \u00e0 tout moment, c&#8217;est pourquoi nous vous invitons \u00e0 la consulter r\u00e9guli\u00e8rement. Les modifications et clarifications prendront effet imm\u00e9diatement apr\u00e8s leur publication sur le site web. Si nous apportons des modifications importantes \u00e0 cette politique, nous vous informerons ici qu&#8217;elle a \u00e9t\u00e9 mise \u00e0 jour, afin que vous sachiez quelles informations nous recueillons, comment nous les utilisons et dans quelles circonstances, le cas \u00e9ch\u00e9ant, nous les utilisons et\/ou les divulguons.<\/p>\n\n<p>Si vous souhaitez obtenir de plus amples informations sur nos politiques, si vous voulez savoir exactement quelles sont les informations personnelles vous concernant que nous d\u00e9tenons dans nos dossiers ou si vous souhaitez d\u00e9poser une plainte, veuillez vous adresser \u00e0<\/p>\n\n<p>Larry Straith, directeur financier<br\/>FarmTech Solutions Inc.<br\/>32 Rue de Calais, Kirkland, QC H9H 3V3<br\/>T\u00e9l\u00e9phone : 800 672-9182<br\/>Courriel : larry@farmtechsolutions.com<\/p>\n\n<p>Vous pouvez \u00e9galement contacter le Commissaire \u00e0 la protection de la vie priv\u00e9e du Canada pour obtenir de l&#8217;aide entre 8h30 et 16h30 (heure de l&#8217;Est), \u00e0 l&#8217;adresse suivante :<\/p>\n\n<p>Sans frais : 1-800-282-1376<br\/>T\u00e9l\u00e9phone : (819)994-5444<br\/>Fax : (819)994-5424<br\/>TTY : (819)994-6591<\/p>\n\n<p>Ou par courrier \u00e0 l&#8217;adresse suivante<\/p>\n\n<p>30 rue Victoria<br\/>Gatineau, Qu\u00e9bec<br\/>K1A 1H3<\/p>\n\n<p>Ou sur le web \u00e0 l&#8217;adresse suivante <a href=\"http:\/\/www.priv.gc.ca\" target=\"_blank\" rel=\"noreferrer noopener\">: http:\/\/www.priv.gc.ca.<\/a><\/p>\n\n<p>Vous pouvez \u00e9galement contacter le bureau du commissaire \u00e0 la protection de la vie priv\u00e9e de votre province ou territoire pour plus d&#8217;informations.<\/p>\n","protected":false},"excerpt":{"rendered":"<p>Qui sommes-nous ? L&#8217;adresse de notre site web est la suivante : https:\/\/fsi5.fairfld.com. FarmTech Solutions Inc. a pour politique de respecter votre vie priv\u00e9e et celle de tous les utilisateurs de nos services. (&#8220;Services&#8221; comprend l&#8217;utilisation de nos sites Web, de nos magasins en ligne et l&#8217;\u00e9change d&#8217;informations de personne \u00e0 personne). La pr\u00e9sente politique&hellip;<\/p>\n","protected":false},"author":1,"featured_media":0,"parent":0,"menu_order":0,"comment_status":"closed","ping_status":"open","template":"page-legal.php","meta":{"_acf_changed":false,"inline_featured_image":false,"footnotes":""},"class_list":["post-5216","page","type-page","status-publish","hentry"],"acf":[],"yoast_head":"<!-- This site is optimized with the Yoast SEO plugin v26.8 - https:\/\/yoast.com\/product\/yoast-seo-wordpress\/ -->\n<title>Politique de confidentialit\u00e9 | ViiSona<\/title>\n<meta name=\"robots\" content=\"index, follow, max-snippet:-1, max-image-preview:large, max-video-preview:-1\" \/>\n<link rel=\"canonical\" href=\"https:\/\/viisona.com\/fr\/politique-de-confidentialite\/\" \/>\n<meta property=\"og:locale\" content=\"fr_FR\" \/>\n<meta property=\"og:type\" content=\"article\" \/>\n<meta property=\"og:title\" content=\"Politique de confidentialit\u00e9 | ViiSona\" \/>\n<meta property=\"og:description\" content=\"Qui sommes-nous ? L&#8217;adresse de notre site web est la suivante : https:\/\/fsi5.fairfld.com. FarmTech Solutions Inc. a pour politique de respecter votre vie priv\u00e9e et celle de tous les utilisateurs de nos services. (&#8220;Services&#8221; comprend l&#8217;utilisation de nos sites Web, de nos magasins en ligne et l&#8217;\u00e9change d&#8217;informations de personne \u00e0 personne). La pr\u00e9sente politique&hellip;\" \/>\n<meta property=\"og:url\" content=\"https:\/\/viisona.com\/fr\/politique-de-confidentialite\/\" \/>\n<meta property=\"og:site_name\" content=\"ViiSona\" \/>\n<meta property=\"article:modified_time\" content=\"2024-04-11T20:14:25+00:00\" \/>\n<meta name=\"twitter:card\" content=\"summary_large_image\" \/>\n<meta name=\"twitter:label1\" content=\"Dur\u00e9e de lecture estim\u00e9e\" \/>\n\t<meta name=\"twitter:data1\" content=\"8 minutes\" \/>\n<script type=\"application\/ld+json\" class=\"yoast-schema-graph\">{\"@context\":\"https:\/\/schema.org\",\"@graph\":[{\"@type\":\"WebPage\",\"@id\":\"https:\/\/viisona.com\/fr\/politique-de-confidentialite\/\",\"url\":\"https:\/\/viisona.com\/fr\/politique-de-confidentialite\/\",\"name\":\"Politique de confidentialit\u00e9 | ViiSona\",\"isPartOf\":{\"@id\":\"https:\/\/viisona.com\/fr\/#website\"},\"datePublished\":\"2020-08-28T19:25:53+00:00\",\"dateModified\":\"2024-04-11T20:14:25+00:00\",\"breadcrumb\":{\"@id\":\"https:\/\/viisona.com\/fr\/politique-de-confidentialite\/#breadcrumb\"},\"inLanguage\":\"fr-FR\",\"potentialAction\":[{\"@type\":\"ReadAction\",\"target\":[\"https:\/\/viisona.com\/fr\/politique-de-confidentialite\/\"]}]},{\"@type\":\"BreadcrumbList\",\"@id\":\"https:\/\/viisona.com\/fr\/politique-de-confidentialite\/#breadcrumb\",\"itemListElement\":[{\"@type\":\"ListItem\",\"position\":1,\"name\":\"Home\",\"item\":\"https:\/\/viisona.com\/fr\/accueil\/\"},{\"@type\":\"ListItem\",\"position\":2,\"name\":\"Politique de confidentialit\u00e9\"}]},{\"@type\":\"WebSite\",\"@id\":\"https:\/\/viisona.com\/fr\/#website\",\"url\":\"https:\/\/viisona.com\/fr\/\",\"name\":\"ViiSona\",\"description\":\"Am\u00e9liorer les r\u00e9sultats pour les agriculteurs et les s\u00e9lectionneurs dans les communaut\u00e9s agricoles et de s\u00e9lection.\",\"publisher\":{\"@id\":\"https:\/\/viisona.com\/fr\/#organization\"},\"potentialAction\":[{\"@type\":\"SearchAction\",\"target\":{\"@type\":\"EntryPoint\",\"urlTemplate\":\"https:\/\/viisona.com\/fr\/?s={search_term_string}\"},\"query-input\":{\"@type\":\"PropertyValueSpecification\",\"valueRequired\":true,\"valueName\":\"search_term_string\"}}],\"inLanguage\":\"fr-FR\"},{\"@type\":\"Organization\",\"@id\":\"https:\/\/viisona.com\/fr\/#organization\",\"name\":\"ViiSona\",\"url\":\"https:\/\/viisona.com\/fr\/\",\"logo\":{\"@type\":\"ImageObject\",\"inLanguage\":\"fr-FR\",\"@id\":\"https:\/\/viisona.com\/fr\/#\/schema\/logo\/image\/\",\"url\":\"https:\/\/viisona.com\/wp-content\/uploads\/2020\/08\/viisona_1_FULLY_RASTERED.png\",\"contentUrl\":\"https:\/\/viisona.com\/wp-content\/uploads\/2020\/08\/viisona_1_FULLY_RASTERED.png\",\"width\":1080,\"height\":307,\"caption\":\"ViiSona\"},\"image\":{\"@id\":\"https:\/\/viisona.com\/fr\/#\/schema\/logo\/image\/\"}}]}<\/script>\n<!-- \/ Yoast SEO plugin. -->","yoast_head_json":{"title":"Politique de confidentialit\u00e9 | ViiSona","robots":{"index":"index","follow":"follow","max-snippet":"max-snippet:-1","max-image-preview":"max-image-preview:large","max-video-preview":"max-video-preview:-1"},"canonical":"https:\/\/viisona.com\/fr\/politique-de-confidentialite\/","og_locale":"fr_FR","og_type":"article","og_title":"Politique de confidentialit\u00e9 | ViiSona","og_description":"Qui sommes-nous ? L&#8217;adresse de notre site web est la suivante : https:\/\/fsi5.fairfld.com. FarmTech Solutions Inc. a pour politique de respecter votre vie priv\u00e9e et celle de tous les utilisateurs de nos services. (&#8220;Services&#8221; comprend l&#8217;utilisation de nos sites Web, de nos magasins en ligne et l&#8217;\u00e9change d&#8217;informations de personne \u00e0 personne). La pr\u00e9sente politique&hellip;","og_url":"https:\/\/viisona.com\/fr\/politique-de-confidentialite\/","og_site_name":"ViiSona","article_modified_time":"2024-04-11T20:14:25+00:00","twitter_card":"summary_large_image","twitter_misc":{"Dur\u00e9e de lecture estim\u00e9e":"8 minutes"},"schema":{"@context":"https:\/\/schema.org","@graph":[{"@type":"WebPage","@id":"https:\/\/viisona.com\/fr\/politique-de-confidentialite\/","url":"https:\/\/viisona.com\/fr\/politique-de-confidentialite\/","name":"Politique de confidentialit\u00e9 | ViiSona","isPartOf":{"@id":"https:\/\/viisona.com\/fr\/#website"},"datePublished":"2020-08-28T19:25:53+00:00","dateModified":"2024-04-11T20:14:25+00:00","breadcrumb":{"@id":"https:\/\/viisona.com\/fr\/politique-de-confidentialite\/#breadcrumb"},"inLanguage":"fr-FR","potentialAction":[{"@type":"ReadAction","target":["https:\/\/viisona.com\/fr\/politique-de-confidentialite\/"]}]},{"@type":"BreadcrumbList","@id":"https:\/\/viisona.com\/fr\/politique-de-confidentialite\/#breadcrumb","itemListElement":[{"@type":"ListItem","position":1,"name":"Home","item":"https:\/\/viisona.com\/fr\/accueil\/"},{"@type":"ListItem","position":2,"name":"Politique de confidentialit\u00e9"}]},{"@type":"WebSite","@id":"https:\/\/viisona.com\/fr\/#website","url":"https:\/\/viisona.com\/fr\/","name":"ViiSona","description":"Am\u00e9liorer les r\u00e9sultats pour les agriculteurs et les s\u00e9lectionneurs dans les communaut\u00e9s agricoles et de s\u00e9lection.","publisher":{"@id":"https:\/\/viisona.com\/fr\/#organization"},"potentialAction":[{"@type":"SearchAction","target":{"@type":"EntryPoint","urlTemplate":"https:\/\/viisona.com\/fr\/?s={search_term_string}"},"query-input":{"@type":"PropertyValueSpecification","valueRequired":true,"valueName":"search_term_string"}}],"inLanguage":"fr-FR"},{"@type":"Organization","@id":"https:\/\/viisona.com\/fr\/#organization","name":"ViiSona","url":"https:\/\/viisona.com\/fr\/","logo":{"@type":"ImageObject","inLanguage":"fr-FR","@id":"https:\/\/viisona.com\/fr\/#\/schema\/logo\/image\/","url":"https:\/\/viisona.com\/wp-content\/uploads\/2020\/08\/viisona_1_FULLY_RASTERED.png","contentUrl":"https:\/\/viisona.com\/wp-content\/uploads\/2020\/08\/viisona_1_FULLY_RASTERED.png","width":1080,"height":307,"caption":"ViiSona"},"image":{"@id":"https:\/\/viisona.com\/fr\/#\/schema\/logo\/image\/"}}]}},"jetpack_sharing_enabled":true,"_links":{"self":[{"href":"https:\/\/viisona.com\/fr\/wp-json\/wp\/v2\/pages\/5216","targetHints":{"allow":["GET"]}}],"collection":[{"href":"https:\/\/viisona.com\/fr\/wp-json\/wp\/v2\/pages"}],"about":[{"href":"https:\/\/viisona.com\/fr\/wp-json\/wp\/v2\/types\/page"}],"author":[{"embeddable":true,"href":"https:\/\/viisona.com\/fr\/wp-json\/wp\/v2\/users\/1"}],"replies":[{"embeddable":true,"href":"https:\/\/viisona.com\/fr\/wp-json\/wp\/v2\/comments?post=5216"}],"version-history":[{"count":1,"href":"https:\/\/viisona.com\/fr\/wp-json\/wp\/v2\/pages\/5216\/revisions"}],"predecessor-version":[{"id":5217,"href":"https:\/\/viisona.com\/fr\/wp-json\/wp\/v2\/pages\/5216\/revisions\/5217"}],"wp:attachment":[{"href":"https:\/\/viisona.com\/fr\/wp-json\/wp\/v2\/media?parent=5216"}],"curies":[{"name":"wp","href":"https:\/\/api.w.org\/{rel}","templated":true}]}}