{"id":5199,"date":"2020-10-02T19:02:08","date_gmt":"2020-10-02T19:02:08","guid":{"rendered":"https:\/\/viisona.com\/soutien\/education-et-recherche\/"},"modified":"2025-05-21T08:29:40","modified_gmt":"2025-05-21T08:29:40","slug":"education-et-recherche","status":"publish","type":"page","link":"https:\/\/viisona.com\/fr\/soutien\/education-et-recherche\/","title":{"rendered":"\u00c9ducation et recherche"},"content":{"rendered":"<section class=\"wpb-content-wrapper\">[vc_row][vc_column][vc_empty_space][\/vc_column][\/vc_row][vc_row][vc_column width=&#8221;1\/3&#8243; el_class=&#8221;pr-md-4 my-auto media-row banner cta-banner banner-sm&#8221;][vc_column_text]\n<h3>Au service de tous les niveaux d&#8217;\u00e9ducation<\/h3>\n<p>Nous travaillons avec des institutions dans tous les domaines.[\/vc_column_text][vc_column_text el_class=&#8221;mt-2 list-special&#8221;]\n<ul>\n<li>Enseignement primaire<\/li>\n<li>Enseignement secondaire<\/li>\n<li>Enseignement interm\u00e9diaire<\/li>\n<li>Post-secondaire<\/li>\n<li>Dipl\u00f4me d&#8217;\u00e9tudes sup\u00e9rieures<\/li>\n<li>Recherche universitaire g\u00e9n\u00e9rale<\/li>\n<\/ul>\n[\/vc_column_text][\/vc_column][vc_column width=&#8221;2\/3&#8243; el_class=&#8221;pl-md-4&#8243;][vc_column_text]\n<h2>Besoin d&#8217;un syst\u00e8me d&#8217;\u00e9chographie pour la recherche ou l&#8217;enseignement ?<\/h2>\n<h4>Le monde universitaire a jou\u00e9 un r\u00f4le moteur dans l&#8217;innovation de la technologie des ultrasons.<\/h4>\n<p>Nous soutenons sans r\u00e9serve les projets de recherche universitaire n\u00e9cessitant des ultrasons et encourageons nos meilleurs \u00e9l\u00e9ments \u00e0 continuer \u00e0 trouver des solutions pour toutes les parties prenantes touch\u00e9es par les b\u00e9n\u00e9fices de leur travail. Nous pensons que les contributions de la recherche universitaire, de la formation des \u00e9tudiants \u00e0 tous les niveaux aux perc\u00e9es conceptuelles, doivent \u00eatre tenues en haute estime, encourag\u00e9es et soutenues. Nous sommes heureux d&#8217;apporter notre contribution en offrant des remises acad\u00e9miques sur les achats de produits n\u00e9cessaires aux projets de recherche.<\/p>\n<p>Faites-nous part des besoins en ultrasons de vos projets de recherche ou de vos \u00e9coles.[\/vc_column_text][vc_empty_space height=&#8221;4px&#8221;][vc_column_text]<div class=\"contact-details new-contact\"><h5>Our Offices<\/h5><div class=\"blockwrap\"><address class=\"main-address mb-1\">\n                <span class=\"address-header\" style=\"color: var(--text);\"><strong>Sales & Technical Services<\/strong><\/span>\n                <span>38 Rue Canvin<\/span>\n\t\t\t\t<span>Kirkland, QC H9H 4S4<\/span>\n                <span>Canada<\/span>\n\t\t\t\t<\/address><address class=\"main-address secondary-address mt-3 mb-1\">\n                <span class=\"address-header\" style=\"color: var(--text);\"><strong>Administration<\/strong><\/span>\n                <span>PO Box 93088<\/span>\n                <span>West Vancouver, BC  V7W 3G4<\/span>\n                <span>Canada<\/span>\n                <\/address><div class=\"contact-links mt-2 pb-2\"><span class=\"contact-link\"><a href=\"mailto:info@viisona.com\">info@viisona.com<\/a><\/span><span class=\"contact-link\"><a href=\"tel:+18006729182\">1 (800) 672-9182<\/a><\/span><\/div><\/div> <\/div>[\/vc_column_text][vc_empty_space][\/vc_column][\/vc_row][vc_row][vc_column][vc_empty_space height=&#8221;64px&#8221;][\/vc_column][\/vc_row][vc_row][vc_column][vc_empty_space height=&#8221;64px&#8221;][\/vc_column][\/vc_row][vc_row][vc_column width=&#8221;1\/2&#8243; el_class=&#8221;pr-md-4 my-auto&#8221;][vc_column_text]\n<h2>Contactez-nous au sujet de votre institution acad\u00e9mique<\/h2>\n<p>N&#8217;h\u00e9sitez pas \u00e0 nous \u00e9crire d\u00e8s aujourd&#8217;hui pour nous faire part de vos besoins en mati\u00e8re d&#8217;\u00e9chographie. Nos produits sont parfaitement adapt\u00e9s \u00e0 la salle de classe, permettant une exp\u00e9rience d&#8217;apprentissage holistique pour vos \u00e9l\u00e8ves.[\/vc_column_text][vc_empty_space height=&#8221;16px&#8221;][vc_column_text]<div class=\"row media-row\">\n                <div class=\"small-12 columns\">\n                    <ul class=\"unstyled d-flex contact-iconbox\">\n                  <li>\n                    <img decoding=\"async\" class=\"media-icon lazyload\" draggable=\"false\" alt=\"phone icon\" src=\"data:image\/gif;base64,R0lGODlhAQABAAAAACH5BAEKAAEALAAAAAABAAEAAAICTAEAOw==\" data-src=\"https:\/\/viisona.com\/wp-content\/uploads\/2020\/10\/260E.svg\">\n                    <a href=\"tel:18006729182\">1 (800) 672-9182<\/a>\n                  <\/li>\n                   <li>\n                    <img decoding=\"async\" class=\"media-icon lazyload\" draggable=\"false\" alt=\"email icon\" src=\"data:image\/gif;base64,R0lGODlhAQABAAAAACH5BAEKAAEALAAAAAABAAEAAAICTAEAOw==\" data-src=\"https:\/\/viisona.com\/wp-content\/uploads\/2020\/11\/2709-1.svg\">\n                    <a href=\"mailto:info@viisona.com\">info@viisona.com<\/a>\n                  <\/li>\n\n                <\/ul>\n                <\/div>\n                <\/div>[\/vc_column_text][\/vc_column][vc_column width=&#8221;1\/2&#8243; el_class=&#8221;pl-md-4&#8243;]\n<div class=\"wpcf7 no-js\" id=\"wpcf7-f5238-o1\" lang=\"fr-FR\" dir=\"ltr\" data-wpcf7-id=\"5238\">\n<div class=\"screen-reader-response\"><p role=\"status\" aria-live=\"polite\" aria-atomic=\"true\"><\/p> <ul><\/ul><\/div>\n<form action=\"\/fr\/wp-json\/wp\/v2\/pages\/5199#wpcf7-f5238-o1\" method=\"post\" class=\"wpcf7-form init\" aria-label=\"Formulaire de contact\" novalidate=\"novalidate\" data-status=\"init\">\n<fieldset class=\"hidden-fields-container\"><input type=\"hidden\" name=\"_wpcf7\" value=\"5238\" \/><input type=\"hidden\" name=\"_wpcf7_version\" value=\"6.1.4\" \/><input type=\"hidden\" name=\"_wpcf7_locale\" value=\"fr_FR\" \/><input type=\"hidden\" name=\"_wpcf7_unit_tag\" value=\"wpcf7-f5238-o1\" \/><input type=\"hidden\" name=\"_wpcf7_container_post\" value=\"0\" \/><input type=\"hidden\" name=\"_wpcf7_posted_data_hash\" value=\"\" \/><input type=\"hidden\" name=\"_wpcf7_recaptcha_response\" value=\"\" \/>\n<\/fieldset>\n<div class=\"size1of2-wrapper\">\n\t<p class=\"size1of2\"><br \/>\n<label> Votre nom *<br \/>\n<span class=\"wpcf7-form-control-wrap\" data-name=\"your-name\"><input size=\"40\" maxlength=\"400\" class=\"wpcf7-form-control wpcf7-text wpcf7-validates-as-required\" aria-required=\"true\" aria-invalid=\"false\" value=\"\" type=\"text\" name=\"your-name\" \/><\/span> <\/label>\n\t<\/p>\n\t<p class=\"size1of2\"><br \/>\n<label> Votre Email *<br \/>\n<span class=\"wpcf7-form-control-wrap\" data-name=\"your-email\"><input size=\"40\" maxlength=\"400\" class=\"wpcf7-form-control wpcf7-email wpcf7-validates-as-required wpcf7-text wpcf7-validates-as-email\" aria-required=\"true\" aria-invalid=\"false\" value=\"\" type=\"email\" name=\"your-email\" \/><\/span> <\/label>\n\t<\/p>\n<\/div>\n<p class=\"select-wrapper\"><br \/>\n<label> Quelle est votre question ?<br \/>\n<span class=\"wpcf7-form-control-wrap\" data-name=\"menu-324\"><select class=\"wpcf7-form-control wpcf7-select\" aria-invalid=\"false\" name=\"menu-324\"><option value=\"Demande de devis\">Demande de devis<\/option><option value=\"Planifier une d\u00e9monstration ou un essai\">Planifier une d\u00e9monstration ou un essai<\/option><option value=\"Demande de reprise\/mise \u00e0 niveau\">Demande de reprise\/mise \u00e0 niveau<\/option><option value=\"Question sur un produit particulier\">Question sur un produit particulier<\/option><option value=\"Service ou assistance technique\">Service ou assistance technique<\/option><option value=\"Demande de pr\u00eat \u00e9tudiant\">Demande de pr\u00eat \u00e9tudiant<\/option><\/select><\/span> <\/label>\n<\/p>\n<p><span id=\"wpcf7-69d2ab954c3bd-wrapper\" class=\"wpcf7-form-control-wrap your-website-link-wrap\" style=\"display:none !important; visibility:hidden !important;\"><label for=\"wpcf7-69d2ab954c3bd-field\" class=\"hp-message\">Veuillez laisser ce champ vide.<\/label><input id=\"wpcf7-69d2ab954c3bd-field\"  class=\"wpcf7-form-control wpcf7-text\" type=\"text\" name=\"your-website-link\" value=\"\" size=\"40\" tabindex=\"-1\" autocomplete=\"new-password\" \/><\/span>\n<\/p>\n<p class=\"message-wrapper\"><br \/>\n<label> Votre message<br \/>\n<span class=\"wpcf7-form-control-wrap\" data-name=\"your-message\"><textarea cols=\"40\" rows=\"10\" maxlength=\"2000\" class=\"wpcf7-form-control wpcf7-textarea\" aria-invalid=\"false\" name=\"your-message\"><\/textarea><\/span> <\/label>\n<\/p>\n<div class=\"captcha-message\" style=\"margin-bottom:2.5em;margin-top: -1em;font-size: 11.5px;color:var(--text)\">\n\t<p><span>Ce site est prot\u00e9g\u00e9 par reCAPTCHA et les <a style=\"text-decoration:underline;color:var(--text)\" href=\"https:\/\/policies.google.com\/privacy\">r\u00e8gles de confidentialit\u00e9 de<\/a> Google<br \/>\nainsi que les <a style=\"text-decoration:underline;color:var(--text)\" href=\"https:\/\/policies.google.com\/terms\">conditions d'utilisation<\/a> de<br \/>\ns'appliquent.<\/span>\n\t<\/p>\n<\/div>\n<p class=\"submit-wrapper\"><br \/>\n<input class=\"wpcf7-form-control wpcf7-submit has-spinner\" type=\"submit\" value=\"Envoyer\" \/>\n<\/p><div class=\"wpcf7-response-output\" aria-hidden=\"true\"><\/div>\n<\/form>\n<\/div>\n[\/vc_column][\/vc_row]\n<\/section>","protected":false},"excerpt":{"rendered":"<p>[vc_row][vc_column][vc_empty_space][\/vc_column][\/vc_row][vc_row][vc_column width=&#8221;1\/3&#8243; el_class=&#8221;pr-md-4 my-auto media-row banner cta-banner banner-sm&#8221;][vc_column_text] Au service de tous les niveaux d&#8217;\u00e9ducation Nous travaillons avec des institutions dans tous les domaines.[\/vc_column_text][vc_column_text el_class=&#8221;mt-2 list-special&#8221;] Enseignement primaire Enseignement secondaire Enseignement interm\u00e9diaire Post-secondaire Dipl\u00f4me d&#8217;\u00e9tudes sup\u00e9rieures Recherche universitaire g\u00e9n\u00e9rale [\/vc_column_text][\/vc_column][vc_column width=&#8221;2\/3&#8243; el_class=&#8221;pl-md-4&#8243;][vc_column_text] Besoin d&#8217;un syst\u00e8me d&#8217;\u00e9chographie pour la recherche ou l&#8217;enseignement ? Le monde universitaire&hellip;<\/p>\n","protected":false},"author":1,"featured_media":0,"parent":5131,"menu_order":0,"comment_status":"closed","ping_status":"closed","template":"page-info.php","meta":{"_acf_changed":false,"inline_featured_image":false,"footnotes":""},"class_list":["post-5199","page","type-page","status-publish","hentry"],"acf":[],"yoast_head":"<!-- This site is optimized with the Yoast SEO plugin v26.8 - https:\/\/yoast.com\/product\/yoast-seo-wordpress\/ -->\n<title>\u00c9ducation et recherche | ViiSona<\/title>\n<meta name=\"robots\" content=\"index, follow, max-snippet:-1, max-image-preview:large, max-video-preview:-1\" \/>\n<link rel=\"canonical\" href=\"https:\/\/viisona.com\/fr\/soutien\/education-et-recherche\/\" \/>\n<meta property=\"og:locale\" content=\"fr_FR\" \/>\n<meta property=\"og:type\" content=\"article\" \/>\n<meta property=\"og:title\" content=\"\u00c9ducation et recherche | ViiSona\" \/>\n<meta property=\"og:description\" content=\"[vc_row][vc_column][vc_empty_space][\/vc_column][\/vc_row][vc_row][vc_column width=&#8221;1\/3&#8243; el_class=&#8221;pr-md-4 my-auto media-row banner cta-banner banner-sm&#8221;][vc_column_text] Au service de tous les niveaux d&#8217;\u00e9ducation Nous travaillons avec des institutions dans tous les domaines.[\/vc_column_text][vc_column_text el_class=&#8221;mt-2 list-special&#8221;] Enseignement primaire Enseignement secondaire Enseignement interm\u00e9diaire Post-secondaire Dipl\u00f4me d&#8217;\u00e9tudes sup\u00e9rieures Recherche universitaire g\u00e9n\u00e9rale [\/vc_column_text][\/vc_column][vc_column width=&#8221;2\/3&#8243; el_class=&#8221;pl-md-4&#8243;][vc_column_text] Besoin d&#8217;un syst\u00e8me d&#8217;\u00e9chographie pour la recherche ou l&#8217;enseignement ? Le monde universitaire&hellip;\" \/>\n<meta property=\"og:url\" content=\"https:\/\/viisona.com\/fr\/soutien\/education-et-recherche\/\" \/>\n<meta property=\"og:site_name\" content=\"ViiSona\" \/>\n<meta property=\"article:modified_time\" content=\"2025-05-21T08:29:40+00:00\" \/>\n<meta name=\"twitter:card\" content=\"summary_large_image\" \/>\n<meta name=\"twitter:label1\" content=\"Dur\u00e9e de lecture estim\u00e9e\" \/>\n\t<meta name=\"twitter:data1\" content=\"2 minutes\" \/>\n<script type=\"application\/ld+json\" class=\"yoast-schema-graph\">{\"@context\":\"https:\/\/schema.org\",\"@graph\":[{\"@type\":\"WebPage\",\"@id\":\"https:\/\/viisona.com\/fr\/soutien\/education-et-recherche\/\",\"url\":\"https:\/\/viisona.com\/fr\/soutien\/education-et-recherche\/\",\"name\":\"\u00c9ducation et recherche | ViiSona\",\"isPartOf\":{\"@id\":\"https:\/\/viisona.com\/fr\/#website\"},\"datePublished\":\"2020-10-02T19:02:08+00:00\",\"dateModified\":\"2025-05-21T08:29:40+00:00\",\"breadcrumb\":{\"@id\":\"https:\/\/viisona.com\/fr\/soutien\/education-et-recherche\/#breadcrumb\"},\"inLanguage\":\"fr-FR\",\"potentialAction\":[{\"@type\":\"ReadAction\",\"target\":[\"https:\/\/viisona.com\/fr\/soutien\/education-et-recherche\/\"]}]},{\"@type\":\"BreadcrumbList\",\"@id\":\"https:\/\/viisona.com\/fr\/soutien\/education-et-recherche\/#breadcrumb\",\"itemListElement\":[{\"@type\":\"ListItem\",\"position\":1,\"name\":\"Home\",\"item\":\"https:\/\/viisona.com\/fr\/accueil\/\"},{\"@type\":\"ListItem\",\"position\":2,\"name\":\"Soutien\",\"item\":\"https:\/\/viisona.com\/fr\/soutien\/\"},{\"@type\":\"ListItem\",\"position\":3,\"name\":\"\u00c9ducation et recherche\"}]},{\"@type\":\"WebSite\",\"@id\":\"https:\/\/viisona.com\/fr\/#website\",\"url\":\"https:\/\/viisona.com\/fr\/\",\"name\":\"ViiSona\",\"description\":\"Am\u00e9liorer les r\u00e9sultats pour les agriculteurs et les s\u00e9lectionneurs dans les communaut\u00e9s agricoles et de s\u00e9lection.\",\"publisher\":{\"@id\":\"https:\/\/viisona.com\/fr\/#organization\"},\"potentialAction\":[{\"@type\":\"SearchAction\",\"target\":{\"@type\":\"EntryPoint\",\"urlTemplate\":\"https:\/\/viisona.com\/fr\/?s={search_term_string}\"},\"query-input\":{\"@type\":\"PropertyValueSpecification\",\"valueRequired\":true,\"valueName\":\"search_term_string\"}}],\"inLanguage\":\"fr-FR\"},{\"@type\":\"Organization\",\"@id\":\"https:\/\/viisona.com\/fr\/#organization\",\"name\":\"ViiSona\",\"url\":\"https:\/\/viisona.com\/fr\/\",\"logo\":{\"@type\":\"ImageObject\",\"inLanguage\":\"fr-FR\",\"@id\":\"https:\/\/viisona.com\/fr\/#\/schema\/logo\/image\/\",\"url\":\"https:\/\/viisona.com\/wp-content\/uploads\/2020\/08\/viisona_1_FULLY_RASTERED.png\",\"contentUrl\":\"https:\/\/viisona.com\/wp-content\/uploads\/2020\/08\/viisona_1_FULLY_RASTERED.png\",\"width\":1080,\"height\":307,\"caption\":\"ViiSona\"},\"image\":{\"@id\":\"https:\/\/viisona.com\/fr\/#\/schema\/logo\/image\/\"}}]}<\/script>\n<!-- \/ Yoast SEO plugin. -->","yoast_head_json":{"title":"\u00c9ducation et recherche | ViiSona","robots":{"index":"index","follow":"follow","max-snippet":"max-snippet:-1","max-image-preview":"max-image-preview:large","max-video-preview":"max-video-preview:-1"},"canonical":"https:\/\/viisona.com\/fr\/soutien\/education-et-recherche\/","og_locale":"fr_FR","og_type":"article","og_title":"\u00c9ducation et recherche | ViiSona","og_description":"[vc_row][vc_column][vc_empty_space][\/vc_column][\/vc_row][vc_row][vc_column width=&#8221;1\/3&#8243; el_class=&#8221;pr-md-4 my-auto media-row banner cta-banner banner-sm&#8221;][vc_column_text] Au service de tous les niveaux d&#8217;\u00e9ducation Nous travaillons avec des institutions dans tous les domaines.[\/vc_column_text][vc_column_text el_class=&#8221;mt-2 list-special&#8221;] Enseignement primaire Enseignement secondaire Enseignement interm\u00e9diaire Post-secondaire Dipl\u00f4me d&#8217;\u00e9tudes sup\u00e9rieures Recherche universitaire g\u00e9n\u00e9rale [\/vc_column_text][\/vc_column][vc_column width=&#8221;2\/3&#8243; el_class=&#8221;pl-md-4&#8243;][vc_column_text] Besoin d&#8217;un syst\u00e8me d&#8217;\u00e9chographie pour la recherche ou l&#8217;enseignement ? Le monde universitaire&hellip;","og_url":"https:\/\/viisona.com\/fr\/soutien\/education-et-recherche\/","og_site_name":"ViiSona","article_modified_time":"2025-05-21T08:29:40+00:00","twitter_card":"summary_large_image","twitter_misc":{"Dur\u00e9e de lecture estim\u00e9e":"2 minutes"},"schema":{"@context":"https:\/\/schema.org","@graph":[{"@type":"WebPage","@id":"https:\/\/viisona.com\/fr\/soutien\/education-et-recherche\/","url":"https:\/\/viisona.com\/fr\/soutien\/education-et-recherche\/","name":"\u00c9ducation et recherche | ViiSona","isPartOf":{"@id":"https:\/\/viisona.com\/fr\/#website"},"datePublished":"2020-10-02T19:02:08+00:00","dateModified":"2025-05-21T08:29:40+00:00","breadcrumb":{"@id":"https:\/\/viisona.com\/fr\/soutien\/education-et-recherche\/#breadcrumb"},"inLanguage":"fr-FR","potentialAction":[{"@type":"ReadAction","target":["https:\/\/viisona.com\/fr\/soutien\/education-et-recherche\/"]}]},{"@type":"BreadcrumbList","@id":"https:\/\/viisona.com\/fr\/soutien\/education-et-recherche\/#breadcrumb","itemListElement":[{"@type":"ListItem","position":1,"name":"Home","item":"https:\/\/viisona.com\/fr\/accueil\/"},{"@type":"ListItem","position":2,"name":"Soutien","item":"https:\/\/viisona.com\/fr\/soutien\/"},{"@type":"ListItem","position":3,"name":"\u00c9ducation et recherche"}]},{"@type":"WebSite","@id":"https:\/\/viisona.com\/fr\/#website","url":"https:\/\/viisona.com\/fr\/","name":"ViiSona","description":"Am\u00e9liorer les r\u00e9sultats pour les agriculteurs et les s\u00e9lectionneurs dans les communaut\u00e9s agricoles et de s\u00e9lection.","publisher":{"@id":"https:\/\/viisona.com\/fr\/#organization"},"potentialAction":[{"@type":"SearchAction","target":{"@type":"EntryPoint","urlTemplate":"https:\/\/viisona.com\/fr\/?s={search_term_string}"},"query-input":{"@type":"PropertyValueSpecification","valueRequired":true,"valueName":"search_term_string"}}],"inLanguage":"fr-FR"},{"@type":"Organization","@id":"https:\/\/viisona.com\/fr\/#organization","name":"ViiSona","url":"https:\/\/viisona.com\/fr\/","logo":{"@type":"ImageObject","inLanguage":"fr-FR","@id":"https:\/\/viisona.com\/fr\/#\/schema\/logo\/image\/","url":"https:\/\/viisona.com\/wp-content\/uploads\/2020\/08\/viisona_1_FULLY_RASTERED.png","contentUrl":"https:\/\/viisona.com\/wp-content\/uploads\/2020\/08\/viisona_1_FULLY_RASTERED.png","width":1080,"height":307,"caption":"ViiSona"},"image":{"@id":"https:\/\/viisona.com\/fr\/#\/schema\/logo\/image\/"}}]}},"jetpack_sharing_enabled":true,"_links":{"self":[{"href":"https:\/\/viisona.com\/fr\/wp-json\/wp\/v2\/pages\/5199","targetHints":{"allow":["GET"]}}],"collection":[{"href":"https:\/\/viisona.com\/fr\/wp-json\/wp\/v2\/pages"}],"about":[{"href":"https:\/\/viisona.com\/fr\/wp-json\/wp\/v2\/types\/page"}],"author":[{"embeddable":true,"href":"https:\/\/viisona.com\/fr\/wp-json\/wp\/v2\/users\/1"}],"replies":[{"embeddable":true,"href":"https:\/\/viisona.com\/fr\/wp-json\/wp\/v2\/comments?post=5199"}],"version-history":[{"count":9,"href":"https:\/\/viisona.com\/fr\/wp-json\/wp\/v2\/pages\/5199\/revisions"}],"predecessor-version":[{"id":5863,"href":"https:\/\/viisona.com\/fr\/wp-json\/wp\/v2\/pages\/5199\/revisions\/5863"}],"up":[{"embeddable":true,"href":"https:\/\/viisona.com\/fr\/wp-json\/wp\/v2\/pages\/5131"}],"wp:attachment":[{"href":"https:\/\/viisona.com\/fr\/wp-json\/wp\/v2\/media?parent=5199"}],"curies":[{"name":"wp","href":"https:\/\/api.w.org\/{rel}","templated":true}]}}