{"id":5134,"date":"2020-11-17T15:14:55","date_gmt":"2020-11-17T15:14:55","guid":{"rendered":"https:\/\/viisona.com\/soutien\/ressources\/"},"modified":"2025-05-21T22:55:01","modified_gmt":"2025-05-21T22:55:01","slug":"ressources","status":"publish","type":"page","link":"https:\/\/viisona.com\/fr\/soutien\/ressources\/","title":{"rendered":"Ressources"},"content":{"rendered":"<section class=\"wpb-content-wrapper\">[vc_row][vc_column][vc_empty_space][vc_column_text]\n<h2>Des informations pour vous aider \u00e0 aller de l&#8217;avant<\/h2>\n<p>Parcourez notre collection d&#8217;outils, de conseils et d&#8217;autres ressources que nous avons s\u00e9lectionn\u00e9s pour vous.[\/vc_column_text][\/vc_column][\/vc_row][vc_row][vc_column][vc_empty_space][\/vc_column][\/vc_row][vc_row][vc_column width=&#8221;3\/5&#8243; el_class=&#8221;pr-md-4 media-row my-auto&#8221;][vc_column_text]\n<h3>Am\u00e9liorez le succ\u00e8s de votre reproduction laiti\u00e8re<\/h3>\n<p>De nombreux producteurs ont recours \u00e0 l&#8217;\u00e9chographie dans leur exploitation parce qu&#8217;il est pratique d&#8217;avoir un scanner \u00e0 port\u00e9e de main pour g\u00e9rer le contr\u00f4le de la gestation. Un grand nombre de producteurs apprennent \u00e0 \u00e9chographier leurs troupeaux en toute confiance et avec succ\u00e8s.  ViiSona  est votre solution unique pour les meilleurs appareils d&#8217;\u00e9chographie portables, ainsi que pour la formation et le soutien n\u00e9cessaires \u00e0 votre r\u00e9ussite. Les cours de formation \u00e0 l&#8217;\u00e9chographie comprennent une formation en classe et des d\u00e9monstrations en direct dans les exploitations agricoles, avec des applications pratiques guid\u00e9es et des exercices.<\/p>\n<p>Avec deux cours au choix, vous d\u00e9cidez si votre objectif est d&#8217;apprendre \u00e0 faire des \u00e9chographies et \u00e0 effectuer des contr\u00f4les de gestation avec succ\u00e8s ou si vous \u00eates int\u00e9ress\u00e9 par les applications compl\u00e8tes de l&#8217;\u00e9chographie reproductive chez les bovins laitiers.  ViiSona  propose des cours pratiques d&#8217;un ou deux jours pour r\u00e9pondre au mieux \u00e0 vos besoins et \u00e0 votre emploi du temps.[\/vc_column_text][vc_empty_space height=&#8221;16px&#8221;]\t<a class=\"btn-text button download-btn  style5\" href=\"http:\/\/www.viisona.com\/wp-content\/uploads\/2020\/11\/Enhancing-Your-Dairys-Reproductive-Success-with-Ultrasound-FarmTech-Solutions-ebook-min.pdf\" target=\"_blank\" role=\"button\" title=\"Download Ebook (PDF)\">\n        <span>Download Ebook (PDF)<\/span>\n        <div class=\"arrow\"><svg xmlns=\"http:\/\/www.w3.org\/2000\/svg\" xmlns:xlink=\"http:\/\/www.w3.org\/1999\/xlink\" x=\"0px\" y=\"0px\"\r\n\t width=\"30px\" height=\"18px\" viewBox=\"0 0 30 18\" enable-background=\"new 0 0 30 18\" xml:space=\"preserve\">\r\n<path class=\"handle\" d=\"M20.305,16.212c-0.407,0.409-0.407,1.071,0,1.479s1.068,0.408,1.476,0l7.914-7.952c0.408-0.409,0.408-1.071,0-1.481\r\n\tl-7.914-7.952c-0.407-0.409-1.068-0.409-1.476,0s-0.407,1.071,0,1.48l7.185,7.221L20.305,16.212z\"\/>\r\n<path class=\"bar\" fill-rule=\"evenodd\" clip-rule=\"evenodd\" d=\"M1,8h28.001c0.551,0,1,0.448,1,1c0,0.553-0.449,1-1,1H1c-0.553,0-1-0.447-1-1\r\n\tC0,8.448,0.447,8,1,8z\"\/>\r\n<\/svg>\r\n<\/div>  <\/a>\n\n  [\/vc_column][vc_column width=&#8221;2\/5&#8243; el_class=&#8221;pl-md-4 my-auto&#8221;][vc_row_inner][vc_column_inner][vc_single_image image=&#8221;4313&#8243; img_size=&#8221;full&#8221;][\/vc_column_inner][\/vc_row_inner][\/vc_column][\/vc_row][vc_row][vc_column][vc_empty_space height=&#8221;80px&#8221;][\/vc_column][\/vc_row][vc_row][vc_column][vc_column_text]\n<h2>Apprenez \u00e0 interpr\u00e9ter une image \u00e9chographique<\/h2>\n<p><a href=\"https:\/\/www.eimedical.com\/how-to-read-an-ultrasound\">Comment lire une image \u00e9chographique<\/a><\/p>\n<h2>Comment fonctionne l&#8217;\u00e9chographie ?<\/h2>\n<p><a href=\"https:\/\/www.eimedical.com\/blog\/how-does-ultrasound-work-2\">Vous \u00eates-vous d\u00e9j\u00e0 demand\u00e9 quelle sorte de magie s&#8217;op\u00e8re dans votre \u00e9chographie pour produire l&#8217;image que vous voyez ?  <\/a><\/p>\n<h2>Vous ne savez pas quelle sonde choisir pour les contr\u00f4les de gestation par ultrasons chez les bovins ?<\/h2>\n<p><a href=\"https:\/\/www.eimedical.com\/blog\/flat-linear-vs.-curved-rectal-probe-how-do-i-choose\">Comment choisir la bonne sonde pour l&#8217;\u00e9chographie reproductive chez les bovins.  <\/a><\/p>\n<h2>Comment optimiser vos images \u00e9chographiques.<\/h2>\n<p><a href=\"https:\/\/www.eimedical.com\/blog\/how-to-optimize-your-ultrasound-image\">Apprenez \u00e0 obtenir la meilleure image possible de votre \u00e9chographe.  <\/a><\/p>\n<h2>Brochures num\u00e9riques<\/h2>\n<p>Consultez nos brochures compl\u00e8tes sur les applications ultrasonores pour les animaux de grande taille, les petits animaux et les animaux mixtes &#8211; gratuitement ![\/vc_column_text][\/vc_column][\/vc_row][vc_row][vc_column][vc_empty_space][\/vc_column][\/vc_row][vc_row][vc_column width=&#8221;1\/2&#8243; el_class=&#8221;text-center pr-md-4&#8243;]\t<div id=\"thb-image-69e5f8c37e2e2\" class=\"caption-style1  aligncenter  ebook-thumb thb_image_link wp-caption \">\n\t\t\t<div class=\"thb-image-inner size_100\">\n\t\t\t<img loading=\"lazy\" decoding=\"async\" width=\"835\" height=\"1080\" src=\"data:image\/gif;base64,R0lGODlhAQABAAAAACH5BAEKAAEALAAAAAABAAEAAAICTAEAOw==\" class=\"thb_image    attachment-full thb-lazyload lazyload\" alt=\"\" title=\"Farmtech_email_complete_Ultrasound-1\" sizes=\"auto, (max-width: 835px) 100vw, 835px\" data-src=\"https:\/\/viisona.com\/wp-content\/uploads\/2020\/11\/Farmtech_email_complete_Ultrasound-1.jpg\" data-sizes=\"auto\" data-srcset=\"https:\/\/viisona.com\/wp-content\/uploads\/2020\/11\/Farmtech_email_complete_Ultrasound-1.jpg 835w, https:\/\/viisona.com\/wp-content\/uploads\/2020\/11\/Farmtech_email_complete_Ultrasound-1-309x400.jpg 309w, https:\/\/viisona.com\/wp-content\/uploads\/2020\/11\/Farmtech_email_complete_Ultrasound-1-792x1024.jpg 792w, https:\/\/viisona.com\/wp-content\/uploads\/2020\/11\/Farmtech_email_complete_Ultrasound-1-768x993.jpg 768w, https:\/\/viisona.com\/wp-content\/uploads\/2020\/11\/Farmtech_email_complete_Ultrasound-1-23x30.jpg 23w, https:\/\/viisona.com\/wp-content\/uploads\/2020\/11\/Farmtech_email_complete_Ultrasound-1-20x26.jpg 20w, https:\/\/viisona.com\/wp-content\/uploads\/2020\/11\/Farmtech_email_complete_Ultrasound-1-290x375.jpg 290w\" \/>\t\t\t\t\t<\/div>\n\t\t\t\t\t<\/div>\n  [vc_empty_space height=&#8221;24px&#8221;][vc_column_text]\n<h4>\u00c9chographies de grands animaux et d&#8217;animaux mixtes<\/h4>\n[\/vc_column_text][vc_empty_space height=&#8221;16px&#8221;]\t<a class=\"btn-text button  style5\" href=\"http:\/\/www.viisona.com\/wp-content\/uploads\/2020\/11\/Farmtech_email_complete_Ultrasound-min.pdf\" target=\"_blank\" role=\"button\" title=\"Download Brochure\">\n        <span>Download Brochure<\/span>\n        <div class=\"arrow\"><svg xmlns=\"http:\/\/www.w3.org\/2000\/svg\" xmlns:xlink=\"http:\/\/www.w3.org\/1999\/xlink\" x=\"0px\" y=\"0px\"\r\n\t width=\"30px\" height=\"18px\" viewBox=\"0 0 30 18\" enable-background=\"new 0 0 30 18\" xml:space=\"preserve\">\r\n<path class=\"handle\" d=\"M20.305,16.212c-0.407,0.409-0.407,1.071,0,1.479s1.068,0.408,1.476,0l7.914-7.952c0.408-0.409,0.408-1.071,0-1.481\r\n\tl-7.914-7.952c-0.407-0.409-1.068-0.409-1.476,0s-0.407,1.071,0,1.48l7.185,7.221L20.305,16.212z\"\/>\r\n<path class=\"bar\" fill-rule=\"evenodd\" clip-rule=\"evenodd\" d=\"M1,8h28.001c0.551,0,1,0.448,1,1c0,0.553-0.449,1-1,1H1c-0.553,0-1-0.447-1-1\r\n\tC0,8.448,0.447,8,1,8z\"\/>\r\n<\/svg>\r\n<\/div>  <\/a>\n\n  [\/vc_column][vc_column width=&#8221;1\/2&#8243; el_class=&#8221;text-center pl-md-4&#8243;]\t<div id=\"thb-image-69e5f8c37f9d9\" class=\"caption-style1  aligncenter  ebook-thumb thb_image_link wp-caption \">\n\t\t\t<div class=\"thb-image-inner size_100\">\n\t\t\t<img loading=\"lazy\" decoding=\"async\" width=\"835\" height=\"1080\" src=\"data:image\/gif;base64,R0lGODlhAQABAAAAACH5BAEKAAEALAAAAAABAAEAAAICTAEAOw==\" class=\"thb_image    attachment-full thb-lazyload lazyload\" alt=\"\" title=\"pettech_email_complete_Ultrasound-1\" sizes=\"auto, (max-width: 835px) 100vw, 835px\" data-src=\"https:\/\/viisona.com\/wp-content\/uploads\/2020\/11\/pettech_email_complete_Ultrasound-1.jpg\" data-sizes=\"auto\" data-srcset=\"https:\/\/viisona.com\/wp-content\/uploads\/2020\/11\/pettech_email_complete_Ultrasound-1.jpg 835w, https:\/\/viisona.com\/wp-content\/uploads\/2020\/11\/pettech_email_complete_Ultrasound-1-309x400.jpg 309w, https:\/\/viisona.com\/wp-content\/uploads\/2020\/11\/pettech_email_complete_Ultrasound-1-792x1024.jpg 792w, https:\/\/viisona.com\/wp-content\/uploads\/2020\/11\/pettech_email_complete_Ultrasound-1-768x993.jpg 768w, https:\/\/viisona.com\/wp-content\/uploads\/2020\/11\/pettech_email_complete_Ultrasound-1-23x30.jpg 23w, https:\/\/viisona.com\/wp-content\/uploads\/2020\/11\/pettech_email_complete_Ultrasound-1-20x26.jpg 20w, https:\/\/viisona.com\/wp-content\/uploads\/2020\/11\/pettech_email_complete_Ultrasound-1-290x375.jpg 290w\" \/>\t\t\t\t\t<\/div>\n\t\t\t\t\t<\/div>\n  [vc_empty_space height=&#8221;24px&#8221;][vc_column_text]\n<h4>\u00c9chographies d&#8217;animaux de compagnie<\/h4>\n[\/vc_column_text][vc_empty_space height=&#8221;16px&#8221;]\t<a class=\"btn-text button  style5\" href=\"http:\/\/www.viisona.com\/wp-content\/uploads\/2020\/11\/pettech_email_complete_Ultrasound-min.pdf\" target=\"_blank\" role=\"button\" title=\"Download Brochure\">\n        <span>Download Brochure<\/span>\n        <div class=\"arrow\"><svg xmlns=\"http:\/\/www.w3.org\/2000\/svg\" xmlns:xlink=\"http:\/\/www.w3.org\/1999\/xlink\" x=\"0px\" y=\"0px\"\r\n\t width=\"30px\" height=\"18px\" viewBox=\"0 0 30 18\" enable-background=\"new 0 0 30 18\" xml:space=\"preserve\">\r\n<path class=\"handle\" d=\"M20.305,16.212c-0.407,0.409-0.407,1.071,0,1.479s1.068,0.408,1.476,0l7.914-7.952c0.408-0.409,0.408-1.071,0-1.481\r\n\tl-7.914-7.952c-0.407-0.409-1.068-0.409-1.476,0s-0.407,1.071,0,1.48l7.185,7.221L20.305,16.212z\"\/>\r\n<path class=\"bar\" fill-rule=\"evenodd\" clip-rule=\"evenodd\" d=\"M1,8h28.001c0.551,0,1,0.448,1,1c0,0.553-0.449,1-1,1H1c-0.553,0-1-0.447-1-1\r\n\tC0,8.448,0.447,8,1,8z\"\/>\r\n<\/svg>\r\n<\/div>  <\/a>\n\n  [\/vc_column][\/vc_row][vc_row][vc_column][vc_empty_space][\/vc_column][\/vc_row]\n<\/section>","protected":false},"excerpt":{"rendered":"<p>[vc_row][vc_column][vc_empty_space][vc_column_text] Des informations pour vous aider \u00e0 aller de l&#8217;avant Parcourez notre collection d&#8217;outils, de conseils et d&#8217;autres ressources que nous avons s\u00e9lectionn\u00e9s pour vous.[\/vc_column_text][\/vc_column][\/vc_row][vc_row][vc_column][vc_empty_space][\/vc_column][\/vc_row][vc_row][vc_column width=&#8221;3\/5&#8243; el_class=&#8221;pr-md-4 media-row my-auto&#8221;][vc_column_text] Am\u00e9liorez le succ\u00e8s de votre reproduction laiti\u00e8re De nombreux producteurs ont recours \u00e0 l&#8217;\u00e9chographie dans leur exploitation parce qu&#8217;il est pratique d&#8217;avoir un scanner \u00e0 port\u00e9e&hellip;<\/p>\n","protected":false},"author":1,"featured_media":0,"parent":5131,"menu_order":0,"comment_status":"closed","ping_status":"closed","template":"page-info.php","meta":{"_acf_changed":false,"inline_featured_image":false,"footnotes":""},"class_list":["post-5134","page","type-page","status-publish","hentry"],"acf":[],"yoast_head":"<!-- This site is optimized with the Yoast SEO plugin v26.8 - https:\/\/yoast.com\/product\/yoast-seo-wordpress\/ -->\n<title>Ressources | ViiSona<\/title>\n<meta name=\"robots\" content=\"index, follow, max-snippet:-1, max-image-preview:large, max-video-preview:-1\" \/>\n<link rel=\"canonical\" href=\"https:\/\/viisona.com\/fr\/soutien\/ressources\/\" \/>\n<meta property=\"og:locale\" content=\"fr_FR\" \/>\n<meta property=\"og:type\" content=\"article\" \/>\n<meta property=\"og:title\" content=\"Ressources | ViiSona\" \/>\n<meta property=\"og:description\" content=\"[vc_row][vc_column][vc_empty_space][vc_column_text] Des informations pour vous aider \u00e0 aller de l&#8217;avant Parcourez notre collection d&#8217;outils, de conseils et d&#8217;autres ressources que nous avons s\u00e9lectionn\u00e9s pour vous.[\/vc_column_text][\/vc_column][\/vc_row][vc_row][vc_column][vc_empty_space][\/vc_column][\/vc_row][vc_row][vc_column width=&#8221;3\/5&#8243; el_class=&#8221;pr-md-4 media-row my-auto&#8221;][vc_column_text] Am\u00e9liorez le succ\u00e8s de votre reproduction laiti\u00e8re De nombreux producteurs ont recours \u00e0 l&#8217;\u00e9chographie dans leur exploitation parce qu&#8217;il est pratique d&#8217;avoir un scanner \u00e0 port\u00e9e&hellip;\" \/>\n<meta property=\"og:url\" content=\"https:\/\/viisona.com\/fr\/soutien\/ressources\/\" \/>\n<meta property=\"og:site_name\" content=\"ViiSona\" \/>\n<meta property=\"article:modified_time\" content=\"2025-05-21T22:55:01+00:00\" \/>\n<meta name=\"twitter:card\" content=\"summary_large_image\" \/>\n<meta name=\"twitter:label1\" content=\"Dur\u00e9e de lecture estim\u00e9e\" \/>\n\t<meta name=\"twitter:data1\" content=\"3 minutes\" \/>\n<script type=\"application\/ld+json\" class=\"yoast-schema-graph\">{\"@context\":\"https:\/\/schema.org\",\"@graph\":[{\"@type\":\"WebPage\",\"@id\":\"https:\/\/viisona.com\/fr\/soutien\/ressources\/\",\"url\":\"https:\/\/viisona.com\/fr\/soutien\/ressources\/\",\"name\":\"Ressources | ViiSona\",\"isPartOf\":{\"@id\":\"https:\/\/viisona.com\/fr\/#website\"},\"datePublished\":\"2020-11-17T15:14:55+00:00\",\"dateModified\":\"2025-05-21T22:55:01+00:00\",\"breadcrumb\":{\"@id\":\"https:\/\/viisona.com\/fr\/soutien\/ressources\/#breadcrumb\"},\"inLanguage\":\"fr-FR\",\"potentialAction\":[{\"@type\":\"ReadAction\",\"target\":[\"https:\/\/viisona.com\/fr\/soutien\/ressources\/\"]}]},{\"@type\":\"BreadcrumbList\",\"@id\":\"https:\/\/viisona.com\/fr\/soutien\/ressources\/#breadcrumb\",\"itemListElement\":[{\"@type\":\"ListItem\",\"position\":1,\"name\":\"Home\",\"item\":\"https:\/\/viisona.com\/fr\/accueil\/\"},{\"@type\":\"ListItem\",\"position\":2,\"name\":\"Soutien\",\"item\":\"https:\/\/viisona.com\/fr\/soutien\/\"},{\"@type\":\"ListItem\",\"position\":3,\"name\":\"Ressources\"}]},{\"@type\":\"WebSite\",\"@id\":\"https:\/\/viisona.com\/fr\/#website\",\"url\":\"https:\/\/viisona.com\/fr\/\",\"name\":\"ViiSona\",\"description\":\"Am\u00e9liorer les r\u00e9sultats pour les agriculteurs et les s\u00e9lectionneurs dans les communaut\u00e9s agricoles et de s\u00e9lection.\",\"publisher\":{\"@id\":\"https:\/\/viisona.com\/fr\/#organization\"},\"potentialAction\":[{\"@type\":\"SearchAction\",\"target\":{\"@type\":\"EntryPoint\",\"urlTemplate\":\"https:\/\/viisona.com\/fr\/?s={search_term_string}\"},\"query-input\":{\"@type\":\"PropertyValueSpecification\",\"valueRequired\":true,\"valueName\":\"search_term_string\"}}],\"inLanguage\":\"fr-FR\"},{\"@type\":\"Organization\",\"@id\":\"https:\/\/viisona.com\/fr\/#organization\",\"name\":\"ViiSona\",\"url\":\"https:\/\/viisona.com\/fr\/\",\"logo\":{\"@type\":\"ImageObject\",\"inLanguage\":\"fr-FR\",\"@id\":\"https:\/\/viisona.com\/fr\/#\/schema\/logo\/image\/\",\"url\":\"https:\/\/viisona.com\/wp-content\/uploads\/2020\/08\/viisona_1_FULLY_RASTERED.png\",\"contentUrl\":\"https:\/\/viisona.com\/wp-content\/uploads\/2020\/08\/viisona_1_FULLY_RASTERED.png\",\"width\":1080,\"height\":307,\"caption\":\"ViiSona\"},\"image\":{\"@id\":\"https:\/\/viisona.com\/fr\/#\/schema\/logo\/image\/\"}}]}<\/script>\n<!-- \/ Yoast SEO plugin. -->","yoast_head_json":{"title":"Ressources | ViiSona","robots":{"index":"index","follow":"follow","max-snippet":"max-snippet:-1","max-image-preview":"max-image-preview:large","max-video-preview":"max-video-preview:-1"},"canonical":"https:\/\/viisona.com\/fr\/soutien\/ressources\/","og_locale":"fr_FR","og_type":"article","og_title":"Ressources | ViiSona","og_description":"[vc_row][vc_column][vc_empty_space][vc_column_text] Des informations pour vous aider \u00e0 aller de l&#8217;avant Parcourez notre collection d&#8217;outils, de conseils et d&#8217;autres ressources que nous avons s\u00e9lectionn\u00e9s pour vous.[\/vc_column_text][\/vc_column][\/vc_row][vc_row][vc_column][vc_empty_space][\/vc_column][\/vc_row][vc_row][vc_column width=&#8221;3\/5&#8243; el_class=&#8221;pr-md-4 media-row my-auto&#8221;][vc_column_text] Am\u00e9liorez le succ\u00e8s de votre reproduction laiti\u00e8re De nombreux producteurs ont recours \u00e0 l&#8217;\u00e9chographie dans leur exploitation parce qu&#8217;il est pratique d&#8217;avoir un scanner \u00e0 port\u00e9e&hellip;","og_url":"https:\/\/viisona.com\/fr\/soutien\/ressources\/","og_site_name":"ViiSona","article_modified_time":"2025-05-21T22:55:01+00:00","twitter_card":"summary_large_image","twitter_misc":{"Dur\u00e9e de lecture estim\u00e9e":"3 minutes"},"schema":{"@context":"https:\/\/schema.org","@graph":[{"@type":"WebPage","@id":"https:\/\/viisona.com\/fr\/soutien\/ressources\/","url":"https:\/\/viisona.com\/fr\/soutien\/ressources\/","name":"Ressources | ViiSona","isPartOf":{"@id":"https:\/\/viisona.com\/fr\/#website"},"datePublished":"2020-11-17T15:14:55+00:00","dateModified":"2025-05-21T22:55:01+00:00","breadcrumb":{"@id":"https:\/\/viisona.com\/fr\/soutien\/ressources\/#breadcrumb"},"inLanguage":"fr-FR","potentialAction":[{"@type":"ReadAction","target":["https:\/\/viisona.com\/fr\/soutien\/ressources\/"]}]},{"@type":"BreadcrumbList","@id":"https:\/\/viisona.com\/fr\/soutien\/ressources\/#breadcrumb","itemListElement":[{"@type":"ListItem","position":1,"name":"Home","item":"https:\/\/viisona.com\/fr\/accueil\/"},{"@type":"ListItem","position":2,"name":"Soutien","item":"https:\/\/viisona.com\/fr\/soutien\/"},{"@type":"ListItem","position":3,"name":"Ressources"}]},{"@type":"WebSite","@id":"https:\/\/viisona.com\/fr\/#website","url":"https:\/\/viisona.com\/fr\/","name":"ViiSona","description":"Am\u00e9liorer les r\u00e9sultats pour les agriculteurs et les s\u00e9lectionneurs dans les communaut\u00e9s agricoles et de s\u00e9lection.","publisher":{"@id":"https:\/\/viisona.com\/fr\/#organization"},"potentialAction":[{"@type":"SearchAction","target":{"@type":"EntryPoint","urlTemplate":"https:\/\/viisona.com\/fr\/?s={search_term_string}"},"query-input":{"@type":"PropertyValueSpecification","valueRequired":true,"valueName":"search_term_string"}}],"inLanguage":"fr-FR"},{"@type":"Organization","@id":"https:\/\/viisona.com\/fr\/#organization","name":"ViiSona","url":"https:\/\/viisona.com\/fr\/","logo":{"@type":"ImageObject","inLanguage":"fr-FR","@id":"https:\/\/viisona.com\/fr\/#\/schema\/logo\/image\/","url":"https:\/\/viisona.com\/wp-content\/uploads\/2020\/08\/viisona_1_FULLY_RASTERED.png","contentUrl":"https:\/\/viisona.com\/wp-content\/uploads\/2020\/08\/viisona_1_FULLY_RASTERED.png","width":1080,"height":307,"caption":"ViiSona"},"image":{"@id":"https:\/\/viisona.com\/fr\/#\/schema\/logo\/image\/"}}]}},"jetpack_sharing_enabled":true,"_links":{"self":[{"href":"https:\/\/viisona.com\/fr\/wp-json\/wp\/v2\/pages\/5134","targetHints":{"allow":["GET"]}}],"collection":[{"href":"https:\/\/viisona.com\/fr\/wp-json\/wp\/v2\/pages"}],"about":[{"href":"https:\/\/viisona.com\/fr\/wp-json\/wp\/v2\/types\/page"}],"author":[{"embeddable":true,"href":"https:\/\/viisona.com\/fr\/wp-json\/wp\/v2\/users\/1"}],"replies":[{"embeddable":true,"href":"https:\/\/viisona.com\/fr\/wp-json\/wp\/v2\/comments?post=5134"}],"version-history":[{"count":6,"href":"https:\/\/viisona.com\/fr\/wp-json\/wp\/v2\/pages\/5134\/revisions"}],"predecessor-version":[{"id":6022,"href":"https:\/\/viisona.com\/fr\/wp-json\/wp\/v2\/pages\/5134\/revisions\/6022"}],"up":[{"embeddable":true,"href":"https:\/\/viisona.com\/fr\/wp-json\/wp\/v2\/pages\/5131"}],"wp:attachment":[{"href":"https:\/\/viisona.com\/fr\/wp-json\/wp\/v2\/media?parent=5134"}],"curies":[{"name":"wp","href":"https:\/\/api.w.org\/{rel}","templated":true}]}}