{"id":5131,"date":"2020-10-30T13:51:47","date_gmt":"2020-10-30T13:51:47","guid":{"rendered":"https:\/\/viisona.com\/soutien\/"},"modified":"2024-04-10T01:31:53","modified_gmt":"2024-04-10T01:31:53","slug":"soutien","status":"publish","type":"page","link":"https:\/\/viisona.com\/fr\/soutien\/","title":{"rendered":"Soutien"},"content":{"rendered":"<section class=\"wpb-content-wrapper\">[vc_row][vc_column][vc_empty_space][\/vc_column][\/vc_row][vc_row][vc_column][vc_column_text]\n&#13;\n<h2 class=\"wp-block-heading\">R\u00e9ponses \u00e0 vos questions<\/h2>&#13;\n<p>We\u2019re here for you. If you have any questions before or after your purchase, we\u2019re always glad to help. You can also check out the learning resources below. If you don\u2019t find what you\u2019re looking for, connect with us.<\/p>&#13;\n[\/vc_column_text][\/vc_column][\/vc_row][vc_row][vc_column][vc_empty_space height=&#8221;24px&#8221;][\/vc_column][\/vc_row][vc_row][vc_column el_class=&#8221;media-row&#8221;][vc_column_text]&#13;\n<h3>FAQs<\/h3>&#13;\n[\/vc_column_text][vc_empty_space height=&#8221;16px&#8221;][vc_column_text]&#13;\n<ul class=\"list-unstyled list-pages pages-special faq-pagelist\"><li><a href=https:\/\/viisona.com\/fr\/soutien\/detecteurs-de-grossesse-pour-chiens-faq\/ title=D\u00e9tecteurs de grossesse pour chiens FAQ>D\u00e9tecteurs de grossesse pour chiens FAQ<\/a><\/li><li><a href=https:\/\/viisona.com\/fr\/soutien\/detecteurs-dovulation-pour-chiens-faq\/ title=D\u00e9tecteurs d&#8217;ovulation pour chiens FAQ>D\u00e9tecteurs d&#8217;ovulation pour chiens FAQ<\/a><\/li><li><a href=https:\/\/viisona.com\/fr\/soutien\/faq-sur-lechographie-portable\/ title=FAQ sur l&#8217;\u00e9chographie portable>FAQ sur l&#8217;\u00e9chographie portable<\/a><\/li><\/ul>&#13;\n[\/vc_column_text][\/vc_column][\/vc_row][vc_row][vc_column][vc_empty_space height=&#8221;24px&#8221;][\/vc_column][\/vc_row][vc_row][vc_column el_class=&#8221;media-row&#8221;][vc_column_text]&#13;\n<h3>Autres<\/h3>&#13;\n[\/vc_column_text][vc_empty_space height=&#8221;16px&#8221;][vc_column_text]&#13;\n<p>No pages found.<\/p>&#13;\n[\/vc_column_text][\/vc_column][\/vc_row][vc_row][vc_column][vc_empty_space height=&#8221;24px&#8221;][\/vc_column][\/vc_row][vc_row][vc_column width=&#8221;3\/5&#8243; el_class=&#8221;media-row pr-md-4&#8243;][vc_column_text]&#13;\n<h3>Demandez notre guide de l&#8217;ovulation pour chiens<\/h3>&#13;\n<p>Interested in learning more about how to detect dog ovulation electronically? Use the form below to obtain a copy of our guide.<\/p>&#13;\n[\/vc_column_text][vc_empty_space height=&#8221;16px&#8221;]\n<div class=\"wpcf7 no-js\" id=\"wpcf7-f5241-o1\" lang=\"fr-FR\" dir=\"ltr\" data-wpcf7-id=\"5241\">\n<div class=\"screen-reader-response\"><p role=\"status\" aria-live=\"polite\" aria-atomic=\"true\"><\/p> <ul><\/ul><\/div>\n<form action=\"\/fr\/wp-json\/wp\/v2\/pages\/5131#wpcf7-f5241-o1\" method=\"post\" class=\"wpcf7-form init\" aria-label=\"Formulaire de contact\" novalidate=\"novalidate\" data-status=\"init\">\n<fieldset class=\"hidden-fields-container\"><input type=\"hidden\" name=\"_wpcf7\" value=\"5241\" \/><input type=\"hidden\" name=\"_wpcf7_version\" value=\"6.1.4\" \/><input type=\"hidden\" name=\"_wpcf7_locale\" value=\"fr_FR\" \/><input type=\"hidden\" name=\"_wpcf7_unit_tag\" value=\"wpcf7-f5241-o1\" \/><input type=\"hidden\" name=\"_wpcf7_container_post\" value=\"0\" \/><input type=\"hidden\" name=\"_wpcf7_posted_data_hash\" value=\"\" \/><input type=\"hidden\" name=\"_wpcf7_recaptcha_response\" value=\"\" \/>\n<\/fieldset>\n<div class=\"size1of2-wrapper\">\n\t<p class=\"size1of2\"><br \/>\n<label> Pr\u00e9nom *<br \/>\n<span class=\"wpcf7-form-control-wrap\" data-name=\"yourF-name\"><input size=\"40\" maxlength=\"400\" class=\"wpcf7-form-control wpcf7-text wpcf7-validates-as-required\" aria-required=\"true\" aria-invalid=\"false\" value=\"\" type=\"text\" name=\"yourF-name\" \/><\/span> <\/label>\n\t<\/p>\n\t<p class=\"size1of2\"><br \/>\n<label> Nom de famille *<br \/>\n<span class=\"wpcf7-form-control-wrap\" data-name=\"yourL-name\"><input size=\"40\" maxlength=\"400\" class=\"wpcf7-form-control wpcf7-text wpcf7-validates-as-required\" aria-required=\"true\" aria-invalid=\"false\" value=\"\" type=\"text\" name=\"yourL-name\" \/><\/span> <\/label>\n\t<\/p>\n<\/div>\n<p><br \/>\n<label> Votre Email *<br \/>\n<span class=\"wpcf7-form-control-wrap\" data-name=\"your-email\"><input size=\"40\" maxlength=\"400\" class=\"wpcf7-form-control wpcf7-email wpcf7-validates-as-required wpcf7-text wpcf7-validates-as-email\" aria-required=\"true\" aria-invalid=\"false\" value=\"\" type=\"email\" name=\"your-email\" \/><\/span> <\/label>\n<\/p>\n<p class=\"select-wrapper\"><br \/>\n<span class=\"wpcf7-form-control-wrap\" data-name=\"checkbox-759\"><span class=\"wpcf7-form-control wpcf7-checkbox checkbox-form\"><span class=\"wpcf7-list-item first\"><label><input type=\"checkbox\" name=\"checkbox-759[]\" value=\"Je suis membre du Club Canin Canadien\" \/><span class=\"wpcf7-list-item-label\">Je suis membre du Club Canin Canadien<\/span><\/label><\/span><span class=\"wpcf7-list-item\"><label><input type=\"checkbox\" name=\"checkbox-759[]\" value=\"Je suis \u00e9leveur professionnel\" \/><span class=\"wpcf7-list-item-label\">Je suis \u00e9leveur professionnel<\/span><\/label><\/span><span class=\"wpcf7-list-item last\"><label><input type=\"checkbox\" name=\"checkbox-759[]\" value=\"Je suis v\u00e9t\u00e9rinaire\" \/><span class=\"wpcf7-list-item-label\">Je suis v\u00e9t\u00e9rinaire<\/span><\/label><\/span><\/span><\/span>\n<\/p>\n<p>[site web de l'entreprise honeypot]\n<\/p>\n<div class=\"captcha-message\" style=\"margin-bottom:2.5em;margin-top: -1em;font-size: 11.5px;color:var(--text)\">\n\t<p><span>Ce site est prot\u00e9g\u00e9 par reCAPTCHA et les <a style=\"text-decoration:underline;color:var(--text)\" href=\"https:\/\/policies.google.com\/privacy\">r\u00e8gles de confidentialit\u00e9 de<\/a> Google<br \/>\nainsi que les <a style=\"text-decoration:underline;color:var(--text)\" href=\"https:\/\/policies.google.com\/terms\">conditions d'utilisation<\/a> de<br \/>\ns'appliquent.<\/span>\n\t<\/p>\n<\/div>\n<p class=\"submit-wrapper\"><br \/>\n<input class=\"wpcf7-form-control wpcf7-submit has-spinner\" type=\"submit\" value=\"Envoyer\" \/>\n<\/p><div class=\"wpcf7-response-output\" aria-hidden=\"true\"><\/div>\n<\/form>\n<\/div>\n[\/vc_column][vc_column width=&#8221;2\/5&#8243; el_class=&#8221;pl-md-4 my-auto media-row banner cta-banner banner-sm&#8221;][vc_column_text]&#13;\n<h3>Vous avez une autre question ?<\/h3>&#13;\n<p>Please feel free to get in touch with us if you have any other questions.<\/p>&#13;\n[\/vc_column_text][vc_empty_space height=&#8221;16px&#8221;][vc_column_text]&#13;\n<div class=\"row media-row\">\n                <div class=\"small-12 columns\">\n                    <ul class=\"unstyled d-flex contact-iconbox\">\n                  <li>\n                    <img decoding=\"async\" class=\"media-icon lazyload\" draggable=\"false\" alt=\"phone icon\" src=\"data:image\/gif;base64,R0lGODlhAQABAAAAACH5BAEKAAEALAAAAAABAAEAAAICTAEAOw==\" data-src=\"https:\/\/viisona.com\/wp-content\/uploads\/2020\/10\/260E.svg\">\n                    <a href=\"tel:18006729182\">1 (800) 672-9182<\/a>\n                  <\/li>\n                   <li>\n                    <img decoding=\"async\" class=\"media-icon lazyload\" draggable=\"false\" alt=\"email icon\" src=\"data:image\/gif;base64,R0lGODlhAQABAAAAACH5BAEKAAEALAAAAAABAAEAAAICTAEAOw==\" data-src=\"https:\/\/viisona.com\/wp-content\/uploads\/2020\/11\/2709-1.svg\">\n                    <a href=\"mailto:info@viisona.com\">info@viisona.com<\/a>\n                  <\/li>\n\n                <\/ul>\n                <\/div>\n                <\/div>&#13;\n[\/vc_column_text][\/vc_column][\/vc_row]<\/section>","protected":false},"excerpt":{"rendered":"<p>[vc_row][vc_column][vc_empty_space][\/vc_column][\/vc_row][vc_row][vc_column][vc_column_text] &#13; R\u00e9ponses \u00e0 vos questions &#13; We\u2019re here for you. If you have any questions before or after your purchase, we\u2019re always glad to help. You can also check out the learning resources below. If you don\u2019t find what you\u2019re looking for, connect with us. &#13; [\/vc_column_text][\/vc_column][\/vc_row][vc_row][vc_column][vc_empty_space height=&#8221;24px&#8221;][\/vc_column][\/vc_row][vc_row][vc_column el_class=&#8221;media-row&#8221;][vc_column_text]&#13; FAQs &#13; [\/vc_column_text][vc_empty_space height=&#8221;16px&#8221;][vc_column_text]&#13; &#13;&hellip;<\/p>\n","protected":false},"author":1,"featured_media":0,"parent":0,"menu_order":0,"comment_status":"closed","ping_status":"closed","template":"page-info.php","meta":{"_acf_changed":false,"inline_featured_image":false,"footnotes":""},"class_list":["post-5131","page","type-page","status-publish","hentry"],"acf":[],"yoast_head":"<!-- This site is optimized with the Yoast SEO plugin v26.8 - https:\/\/yoast.com\/product\/yoast-seo-wordpress\/ -->\n<title>Soutien | ViiSona<\/title>\n<meta name=\"robots\" content=\"index, follow, max-snippet:-1, max-image-preview:large, max-video-preview:-1\" \/>\n<link rel=\"canonical\" href=\"https:\/\/viisona.com\/fr\/soutien\/\" \/>\n<meta property=\"og:locale\" content=\"fr_FR\" \/>\n<meta property=\"og:type\" content=\"article\" \/>\n<meta property=\"og:title\" content=\"Soutien | ViiSona\" \/>\n<meta property=\"og:description\" content=\"[vc_row][vc_column][vc_empty_space][\/vc_column][\/vc_row][vc_row][vc_column][vc_column_text] &#013; R\u00e9ponses \u00e0 vos questions &#013; We\u2019re here for you. If you have any questions before or after your purchase, we\u2019re always glad to help. You can also check out the learning resources below. If you don\u2019t find what you\u2019re looking for, connect with us. &#013; [\/vc_column_text][\/vc_column][\/vc_row][vc_row][vc_column][vc_empty_space height=&#8221;24px&#8221;][\/vc_column][\/vc_row][vc_row][vc_column el_class=&#8221;media-row&#8221;][vc_column_text]&#013; FAQs &#013; [\/vc_column_text][vc_empty_space height=&#8221;16px&#8221;][vc_column_text]&#013; &#013;&hellip;\" \/>\n<meta property=\"og:url\" content=\"https:\/\/viisona.com\/fr\/soutien\/\" \/>\n<meta property=\"og:site_name\" content=\"ViiSona\" \/>\n<meta property=\"article:modified_time\" content=\"2024-04-10T01:31:53+00:00\" \/>\n<meta name=\"twitter:card\" content=\"summary_large_image\" \/>\n<meta name=\"twitter:label1\" content=\"Dur\u00e9e de lecture estim\u00e9e\" \/>\n\t<meta name=\"twitter:data1\" content=\"1 minute\" \/>\n<script type=\"application\/ld+json\" class=\"yoast-schema-graph\">{\"@context\":\"https:\/\/schema.org\",\"@graph\":[{\"@type\":\"WebPage\",\"@id\":\"https:\/\/viisona.com\/fr\/soutien\/\",\"url\":\"https:\/\/viisona.com\/fr\/soutien\/\",\"name\":\"Soutien | ViiSona\",\"isPartOf\":{\"@id\":\"https:\/\/viisona.com\/fr\/#website\"},\"datePublished\":\"2020-10-30T13:51:47+00:00\",\"dateModified\":\"2024-04-10T01:31:53+00:00\",\"breadcrumb\":{\"@id\":\"https:\/\/viisona.com\/fr\/soutien\/#breadcrumb\"},\"inLanguage\":\"fr-FR\",\"potentialAction\":[{\"@type\":\"ReadAction\",\"target\":[\"https:\/\/viisona.com\/fr\/soutien\/\"]}]},{\"@type\":\"BreadcrumbList\",\"@id\":\"https:\/\/viisona.com\/fr\/soutien\/#breadcrumb\",\"itemListElement\":[{\"@type\":\"ListItem\",\"position\":1,\"name\":\"Home\",\"item\":\"https:\/\/viisona.com\/fr\/accueil\/\"},{\"@type\":\"ListItem\",\"position\":2,\"name\":\"Soutien\"}]},{\"@type\":\"WebSite\",\"@id\":\"https:\/\/viisona.com\/fr\/#website\",\"url\":\"https:\/\/viisona.com\/fr\/\",\"name\":\"ViiSona\",\"description\":\"Am\u00e9liorer les r\u00e9sultats pour les agriculteurs et les s\u00e9lectionneurs dans les communaut\u00e9s agricoles et de s\u00e9lection.\",\"publisher\":{\"@id\":\"https:\/\/viisona.com\/fr\/#organization\"},\"potentialAction\":[{\"@type\":\"SearchAction\",\"target\":{\"@type\":\"EntryPoint\",\"urlTemplate\":\"https:\/\/viisona.com\/fr\/?s={search_term_string}\"},\"query-input\":{\"@type\":\"PropertyValueSpecification\",\"valueRequired\":true,\"valueName\":\"search_term_string\"}}],\"inLanguage\":\"fr-FR\"},{\"@type\":\"Organization\",\"@id\":\"https:\/\/viisona.com\/fr\/#organization\",\"name\":\"ViiSona\",\"url\":\"https:\/\/viisona.com\/fr\/\",\"logo\":{\"@type\":\"ImageObject\",\"inLanguage\":\"fr-FR\",\"@id\":\"https:\/\/viisona.com\/fr\/#\/schema\/logo\/image\/\",\"url\":\"https:\/\/viisona.com\/wp-content\/uploads\/2020\/08\/viisona_1_FULLY_RASTERED.png\",\"contentUrl\":\"https:\/\/viisona.com\/wp-content\/uploads\/2020\/08\/viisona_1_FULLY_RASTERED.png\",\"width\":1080,\"height\":307,\"caption\":\"ViiSona\"},\"image\":{\"@id\":\"https:\/\/viisona.com\/fr\/#\/schema\/logo\/image\/\"}}]}<\/script>\n<!-- \/ Yoast SEO plugin. -->","yoast_head_json":{"title":"Soutien | ViiSona","robots":{"index":"index","follow":"follow","max-snippet":"max-snippet:-1","max-image-preview":"max-image-preview:large","max-video-preview":"max-video-preview:-1"},"canonical":"https:\/\/viisona.com\/fr\/soutien\/","og_locale":"fr_FR","og_type":"article","og_title":"Soutien | ViiSona","og_description":"[vc_row][vc_column][vc_empty_space][\/vc_column][\/vc_row][vc_row][vc_column][vc_column_text] &#13; R\u00e9ponses \u00e0 vos questions &#13; We\u2019re here for you. If you have any questions before or after your purchase, we\u2019re always glad to help. You can also check out the learning resources below. If you don\u2019t find what you\u2019re looking for, connect with us. &#13; [\/vc_column_text][\/vc_column][\/vc_row][vc_row][vc_column][vc_empty_space height=&#8221;24px&#8221;][\/vc_column][\/vc_row][vc_row][vc_column el_class=&#8221;media-row&#8221;][vc_column_text]&#13; FAQs &#13; [\/vc_column_text][vc_empty_space height=&#8221;16px&#8221;][vc_column_text]&#13; &#13;&hellip;","og_url":"https:\/\/viisona.com\/fr\/soutien\/","og_site_name":"ViiSona","article_modified_time":"2024-04-10T01:31:53+00:00","twitter_card":"summary_large_image","twitter_misc":{"Dur\u00e9e de lecture estim\u00e9e":"1 minute"},"schema":{"@context":"https:\/\/schema.org","@graph":[{"@type":"WebPage","@id":"https:\/\/viisona.com\/fr\/soutien\/","url":"https:\/\/viisona.com\/fr\/soutien\/","name":"Soutien | ViiSona","isPartOf":{"@id":"https:\/\/viisona.com\/fr\/#website"},"datePublished":"2020-10-30T13:51:47+00:00","dateModified":"2024-04-10T01:31:53+00:00","breadcrumb":{"@id":"https:\/\/viisona.com\/fr\/soutien\/#breadcrumb"},"inLanguage":"fr-FR","potentialAction":[{"@type":"ReadAction","target":["https:\/\/viisona.com\/fr\/soutien\/"]}]},{"@type":"BreadcrumbList","@id":"https:\/\/viisona.com\/fr\/soutien\/#breadcrumb","itemListElement":[{"@type":"ListItem","position":1,"name":"Home","item":"https:\/\/viisona.com\/fr\/accueil\/"},{"@type":"ListItem","position":2,"name":"Soutien"}]},{"@type":"WebSite","@id":"https:\/\/viisona.com\/fr\/#website","url":"https:\/\/viisona.com\/fr\/","name":"ViiSona","description":"Am\u00e9liorer les r\u00e9sultats pour les agriculteurs et les s\u00e9lectionneurs dans les communaut\u00e9s agricoles et de s\u00e9lection.","publisher":{"@id":"https:\/\/viisona.com\/fr\/#organization"},"potentialAction":[{"@type":"SearchAction","target":{"@type":"EntryPoint","urlTemplate":"https:\/\/viisona.com\/fr\/?s={search_term_string}"},"query-input":{"@type":"PropertyValueSpecification","valueRequired":true,"valueName":"search_term_string"}}],"inLanguage":"fr-FR"},{"@type":"Organization","@id":"https:\/\/viisona.com\/fr\/#organization","name":"ViiSona","url":"https:\/\/viisona.com\/fr\/","logo":{"@type":"ImageObject","inLanguage":"fr-FR","@id":"https:\/\/viisona.com\/fr\/#\/schema\/logo\/image\/","url":"https:\/\/viisona.com\/wp-content\/uploads\/2020\/08\/viisona_1_FULLY_RASTERED.png","contentUrl":"https:\/\/viisona.com\/wp-content\/uploads\/2020\/08\/viisona_1_FULLY_RASTERED.png","width":1080,"height":307,"caption":"ViiSona"},"image":{"@id":"https:\/\/viisona.com\/fr\/#\/schema\/logo\/image\/"}}]}},"jetpack_sharing_enabled":true,"_links":{"self":[{"href":"https:\/\/viisona.com\/fr\/wp-json\/wp\/v2\/pages\/5131","targetHints":{"allow":["GET"]}}],"collection":[{"href":"https:\/\/viisona.com\/fr\/wp-json\/wp\/v2\/pages"}],"about":[{"href":"https:\/\/viisona.com\/fr\/wp-json\/wp\/v2\/types\/page"}],"author":[{"embeddable":true,"href":"https:\/\/viisona.com\/fr\/wp-json\/wp\/v2\/users\/1"}],"replies":[{"embeddable":true,"href":"https:\/\/viisona.com\/fr\/wp-json\/wp\/v2\/comments?post=5131"}],"version-history":[{"count":1,"href":"https:\/\/viisona.com\/fr\/wp-json\/wp\/v2\/pages\/5131\/revisions"}],"predecessor-version":[{"id":5132,"href":"https:\/\/viisona.com\/fr\/wp-json\/wp\/v2\/pages\/5131\/revisions\/5132"}],"wp:attachment":[{"href":"https:\/\/viisona.com\/fr\/wp-json\/wp\/v2\/media?parent=5131"}],"curies":[{"name":"wp","href":"https:\/\/api.w.org\/{rel}","templated":true}]}}