{"id":5130,"date":"2020-11-02T15:31:42","date_gmt":"2020-11-02T15:31:42","guid":{"rendered":"https:\/\/viisona.com\/les-concessionnaires\/"},"modified":"2020-11-02T15:31:42","modified_gmt":"2020-11-02T15:31:42","slug":"les-concessionnaires","status":"publish","type":"page","link":"https:\/\/viisona.com\/fr\/les-concessionnaires\/","title":{"rendered":"Les concessionnaires"},"content":{"rendered":"\t<div id=\"thb-bannergrid-69d985fa21f37\" class=\"thb-bannergrid thb-bannergrid-style2 dealer-grid thb-bannergrid-spacing-30\">\n\t\t<div class=\"row thb-bannergrid-parent-row\">\n\t\t\t\t\t\t\t<div class=\"small-12 medium-6 columns\">\n\t\t\t\t\t\t<div class=\"thb-banner text-left top text-dark\">\n\t\t<div class=\"thb-banner-image\">\n\t\t\t<img decoding=\"async\" src=\"data:image\/gif;base64,R0lGODlhAQABAAAAACH5BAEKAAEALAAAAAABAAEAAAICTAEAOw==\" data-src=\"http:\/\/placekitten.com\/g\/400\/300\" class=\"lazyload\" \/>\t\t<\/div>\n\t\t<div class=\"thb-banner-content\">\n\t\t\t<div class=\"thb-banner-content-inner\">\n\t\t\t\t\t\t\t\t\t\t\t\t\t<div class=\"thb-banner-title h3\"><h2 class=\"h1-copy\">Find a Dealer<\/h2><\/div>\n\t\t\t\t\t\t\t\t\t\t\t\t\t<div class=\"thb-banner-text\"><p>Got a question? Interested in a product or service? Connect with us. We\u2019ll assess your needs and link you with the best fit Partner in our network or happily answer your questions, find a solution suited to your goals or provide you more information.<\/p><\/div>\n\t\t\t\t\t\t\t\t\t\t\t\t\t<div class=\"thb-inner-buttons\">\n\t\t\t\t\t\t\t\t\t\t\t\t\t\t<a class=\"btn style1 pill-radius accent medium\" href=\"http:\/\/www.viisona.com\/contact-us\/\" target=\"_self\" role=\"button\"><span>Contact Us<\/span><\/a>\n\t\t\t\t\t\t\t\t\t\t\t\t\t\t\t\t\t\t\t<\/div>\n\t\t\t\t\t\t\t<\/div>\n\t\t<\/div>\n\t<\/div>\n\n\t\t\t\t\t<\/div>\n\t\t\t\t\t\t\t\t<div class=\"small-12 medium-6 columns\">\n\t\t\t\t\t\t<div class=\"thb-banner text-left top text-light\">\n\t\t<div class=\"thb-banner-image\">\n\t\t\t\t\t<\/div>\n\t\t<div class=\"thb-banner-content\">\n\t\t\t<div class=\"thb-banner-content-inner\">\n\t\t\t\t\t\t\t\t\t\t\t\t\t<div class=\"thb-banner-title h3\"><h2 class=\"h1-copy\">Become a Dealer<\/h2><\/div>\n\t\t\t\t\t\t\t\t\t\t\t\t\t<div class=\"thb-banner-text\"><p>Already connected to farmers, breeders or vets? Learn more about how our Partner Program can enhance your business and join us in helping farmers, breeders and vets improve their success!<\/p><\/div>\n\t\t\t\t\t\t\t\t\t\t\t\t\t<div class=\"thb-inner-buttons\">\n\t\t\t\t\t\t\t\t\t\t\t\t\t\t<a class=\"btn style1 pill-radius accent medium\" href=\"http:\/\/www.viisona.com\/dealers\/become-a-dealer\/\" target=\"_self\" role=\"button\"><span>Become a Dealer<\/span><\/a>\n\t\t\t\t\t\t\t\t\t\t\t\t\t\t\t\t\t\t\t<\/div>\n\t\t\t\t\t\t\t<\/div>\n\t\t<\/div>\n\t<\/div>\n\n\t\t\t\t\t<\/div>\n\t\t\t\t\t\t<\/div>\n\t<\/div>\n\t\t\t<style>\n\t\t\t\t\t\t\t\t@media screen and ( min-width: 768px ) {\n\t\t\t\t\t\t#thb-bannergrid-69d985fa21f37 {\n\t\t\t\t\t\t\theight: 480px\t\t\t\t\t\t}\n\t\t\t\t\t}\n\t\t\t\t\t<\/style>\n\t\t\n","protected":false},"excerpt":{"rendered":"Find a Dealer Got a question? Interested in a product or service? Connect with us. We\u2019ll assess your needs and link you with the best fit Partner in our network or happily answer your questions, find a solution suited to your goals or provide you more information. Contact Us Become a Dealer Already connected to&hellip;","protected":false},"author":1,"featured_media":0,"parent":0,"menu_order":0,"comment_status":"closed","ping_status":"closed","template":"","meta":{"_acf_changed":false,"inline_featured_image":false,"footnotes":""},"class_list":["post-5130","page","type-page","status-publish","hentry"],"acf":[],"yoast_head":"<!-- This site is optimized with the Yoast SEO plugin v26.8 - https:\/\/yoast.com\/product\/yoast-seo-wordpress\/ -->\n<title>Les concessionnaires | ViiSona<\/title>\n<meta name=\"robots\" content=\"index, follow, max-snippet:-1, max-image-preview:large, max-video-preview:-1\" \/>\n<link rel=\"canonical\" href=\"https:\/\/viisona.com\/fr\/les-concessionnaires\/\" \/>\n<meta property=\"og:locale\" content=\"fr_FR\" \/>\n<meta property=\"og:type\" content=\"article\" \/>\n<meta property=\"og:title\" content=\"Les concessionnaires | ViiSona\" \/>\n<meta property=\"og:url\" content=\"https:\/\/viisona.com\/fr\/les-concessionnaires\/\" \/>\n<meta property=\"og:site_name\" content=\"ViiSona\" \/>\n<meta name=\"twitter:card\" content=\"summary_large_image\" \/>\n<meta name=\"twitter:label1\" content=\"Dur\u00e9e de lecture estim\u00e9e\" \/>\n\t<meta name=\"twitter:data1\" content=\"1 minute\" \/>\n<script type=\"application\/ld+json\" class=\"yoast-schema-graph\">{\"@context\":\"https:\/\/schema.org\",\"@graph\":[{\"@type\":\"WebPage\",\"@id\":\"https:\/\/viisona.com\/fr\/les-concessionnaires\/\",\"url\":\"https:\/\/viisona.com\/fr\/les-concessionnaires\/\",\"name\":\"Les concessionnaires | ViiSona\",\"isPartOf\":{\"@id\":\"https:\/\/viisona.com\/fr\/#website\"},\"datePublished\":\"2020-11-02T15:31:42+00:00\",\"breadcrumb\":{\"@id\":\"https:\/\/viisona.com\/fr\/les-concessionnaires\/#breadcrumb\"},\"inLanguage\":\"fr-FR\",\"potentialAction\":[{\"@type\":\"ReadAction\",\"target\":[\"https:\/\/viisona.com\/fr\/les-concessionnaires\/\"]}]},{\"@type\":\"BreadcrumbList\",\"@id\":\"https:\/\/viisona.com\/fr\/les-concessionnaires\/#breadcrumb\",\"itemListElement\":[{\"@type\":\"ListItem\",\"position\":1,\"name\":\"Home\",\"item\":\"https:\/\/viisona.com\/fr\/accueil\/\"},{\"@type\":\"ListItem\",\"position\":2,\"name\":\"Les concessionnaires\"}]},{\"@type\":\"WebSite\",\"@id\":\"https:\/\/viisona.com\/fr\/#website\",\"url\":\"https:\/\/viisona.com\/fr\/\",\"name\":\"ViiSona\",\"description\":\"Am\u00e9liorer les r\u00e9sultats pour les agriculteurs et les s\u00e9lectionneurs dans les communaut\u00e9s agricoles et de s\u00e9lection.\",\"publisher\":{\"@id\":\"https:\/\/viisona.com\/fr\/#organization\"},\"potentialAction\":[{\"@type\":\"SearchAction\",\"target\":{\"@type\":\"EntryPoint\",\"urlTemplate\":\"https:\/\/viisona.com\/fr\/?s={search_term_string}\"},\"query-input\":{\"@type\":\"PropertyValueSpecification\",\"valueRequired\":true,\"valueName\":\"search_term_string\"}}],\"inLanguage\":\"fr-FR\"},{\"@type\":\"Organization\",\"@id\":\"https:\/\/viisona.com\/fr\/#organization\",\"name\":\"ViiSona\",\"url\":\"https:\/\/viisona.com\/fr\/\",\"logo\":{\"@type\":\"ImageObject\",\"inLanguage\":\"fr-FR\",\"@id\":\"https:\/\/viisona.com\/fr\/#\/schema\/logo\/image\/\",\"url\":\"https:\/\/viisona.com\/wp-content\/uploads\/2020\/08\/viisona_1_FULLY_RASTERED.png\",\"contentUrl\":\"https:\/\/viisona.com\/wp-content\/uploads\/2020\/08\/viisona_1_FULLY_RASTERED.png\",\"width\":1080,\"height\":307,\"caption\":\"ViiSona\"},\"image\":{\"@id\":\"https:\/\/viisona.com\/fr\/#\/schema\/logo\/image\/\"}}]}<\/script>\n<!-- \/ Yoast SEO plugin. -->","yoast_head_json":{"title":"Les concessionnaires | ViiSona","robots":{"index":"index","follow":"follow","max-snippet":"max-snippet:-1","max-image-preview":"max-image-preview:large","max-video-preview":"max-video-preview:-1"},"canonical":"https:\/\/viisona.com\/fr\/les-concessionnaires\/","og_locale":"fr_FR","og_type":"article","og_title":"Les concessionnaires | ViiSona","og_url":"https:\/\/viisona.com\/fr\/les-concessionnaires\/","og_site_name":"ViiSona","twitter_card":"summary_large_image","twitter_misc":{"Dur\u00e9e de lecture estim\u00e9e":"1 minute"},"schema":{"@context":"https:\/\/schema.org","@graph":[{"@type":"WebPage","@id":"https:\/\/viisona.com\/fr\/les-concessionnaires\/","url":"https:\/\/viisona.com\/fr\/les-concessionnaires\/","name":"Les concessionnaires | ViiSona","isPartOf":{"@id":"https:\/\/viisona.com\/fr\/#website"},"datePublished":"2020-11-02T15:31:42+00:00","breadcrumb":{"@id":"https:\/\/viisona.com\/fr\/les-concessionnaires\/#breadcrumb"},"inLanguage":"fr-FR","potentialAction":[{"@type":"ReadAction","target":["https:\/\/viisona.com\/fr\/les-concessionnaires\/"]}]},{"@type":"BreadcrumbList","@id":"https:\/\/viisona.com\/fr\/les-concessionnaires\/#breadcrumb","itemListElement":[{"@type":"ListItem","position":1,"name":"Home","item":"https:\/\/viisona.com\/fr\/accueil\/"},{"@type":"ListItem","position":2,"name":"Les concessionnaires"}]},{"@type":"WebSite","@id":"https:\/\/viisona.com\/fr\/#website","url":"https:\/\/viisona.com\/fr\/","name":"ViiSona","description":"Am\u00e9liorer les r\u00e9sultats pour les agriculteurs et les s\u00e9lectionneurs dans les communaut\u00e9s agricoles et de s\u00e9lection.","publisher":{"@id":"https:\/\/viisona.com\/fr\/#organization"},"potentialAction":[{"@type":"SearchAction","target":{"@type":"EntryPoint","urlTemplate":"https:\/\/viisona.com\/fr\/?s={search_term_string}"},"query-input":{"@type":"PropertyValueSpecification","valueRequired":true,"valueName":"search_term_string"}}],"inLanguage":"fr-FR"},{"@type":"Organization","@id":"https:\/\/viisona.com\/fr\/#organization","name":"ViiSona","url":"https:\/\/viisona.com\/fr\/","logo":{"@type":"ImageObject","inLanguage":"fr-FR","@id":"https:\/\/viisona.com\/fr\/#\/schema\/logo\/image\/","url":"https:\/\/viisona.com\/wp-content\/uploads\/2020\/08\/viisona_1_FULLY_RASTERED.png","contentUrl":"https:\/\/viisona.com\/wp-content\/uploads\/2020\/08\/viisona_1_FULLY_RASTERED.png","width":1080,"height":307,"caption":"ViiSona"},"image":{"@id":"https:\/\/viisona.com\/fr\/#\/schema\/logo\/image\/"}}]}},"jetpack_sharing_enabled":true,"_links":{"self":[{"href":"https:\/\/viisona.com\/fr\/wp-json\/wp\/v2\/pages\/5130","targetHints":{"allow":["GET"]}}],"collection":[{"href":"https:\/\/viisona.com\/fr\/wp-json\/wp\/v2\/pages"}],"about":[{"href":"https:\/\/viisona.com\/fr\/wp-json\/wp\/v2\/types\/page"}],"author":[{"embeddable":true,"href":"https:\/\/viisona.com\/fr\/wp-json\/wp\/v2\/users\/1"}],"replies":[{"embeddable":true,"href":"https:\/\/viisona.com\/fr\/wp-json\/wp\/v2\/comments?post=5130"}],"version-history":[{"count":0,"href":"https:\/\/viisona.com\/fr\/wp-json\/wp\/v2\/pages\/5130\/revisions"}],"wp:attachment":[{"href":"https:\/\/viisona.com\/fr\/wp-json\/wp\/v2\/media?parent=5130"}],"curies":[{"name":"wp","href":"https:\/\/api.w.org\/{rel}","templated":true}]}}