{"id":5124,"date":"2020-09-25T16:36:32","date_gmt":"2020-09-25T16:36:32","guid":{"rendered":"https:\/\/viisona.com\/nous-contacter\/"},"modified":"2024-04-10T01:23:58","modified_gmt":"2024-04-10T01:23:58","slug":"nous-contacter","status":"publish","type":"page","link":"https:\/\/viisona.com\/fr\/nous-contacter\/","title":{"rendered":"Nous contacter"},"content":{"rendered":"<section class=\"wpb-content-wrapper\">[vc_row][vc_column][vc_empty_space height=&#8221;54px&#8221;][\/vc_column][\/vc_row][vc_row][vc_column width=&#8221;1\/2&#8243; el_class=&#8221;pr-md-4 my-auto media-row&#8221;][vc_column_text]\n<h1>Nous contacter<\/h1>\n<p>Notre mission est d&#8217;am\u00e9liorer les r\u00e9sultats pour les agriculteurs, les \u00e9leveurs et les v\u00e9t\u00e9rinaires. Avec notre \u00e9quipe de sp\u00e9cialistes de l&#8217;\u00e9levage et d&#8217;\u00e9ducateurs v\u00e9t\u00e9rinaires, nous trouvons, examinons, prescrivons et soutenons des solutions technologiques pratiques.[\/vc_column_text][vc_empty_space][vc_column_text]\n<h3>Vous avez des questions ?<\/h3>\n<p>Nous nous ferons un plaisir de r\u00e9pondre \u00e0 vos questions, de trouver une solution adapt\u00e9e \u00e0 vos besoins ou de vous fournir rapidement de plus amples informations.[\/vc_column_text][vc_column_text]<div class=\"contact-details new-contact\"><h5>Our Offices<\/h5><div class=\"blockwrap\"><address class=\"main-address mb-1\">\n                <span class=\"address-header\" style=\"color: var(--text);\"><strong>Sales & Technical Services<\/strong><\/span>\n                <span>38 Rue Canvin<\/span>\n\t\t\t\t<span>Kirkland, QC H9H 4S4<\/span>\n                <span>Canada<\/span>\n\t\t\t\t<\/address><address class=\"main-address secondary-address mt-3 mb-1\">\n                <span class=\"address-header\" style=\"color: var(--text);\"><strong>Administration<\/strong><\/span>\n                <span>PO Box 93088<\/span>\n                <span>West Vancouver, BC  V7W 3G4<\/span>\n                <span>Canada<\/span>\n                <\/address><div class=\"contact-links mt-2 pb-2\"><span class=\"contact-link\"><a href=\"mailto:info@viisona.com\">info@viisona.com<\/a><\/span><span class=\"contact-link\"><a href=\"tel:+18006729182\">1 (800) 672-9182<\/a><\/span><\/div><\/div> <\/div>[\/vc_column_text][vc_empty_space height=&#8221;24px&#8221;]\t<div id=\"thb-social-links-69d2af29b990c\" class=\"thb-social-links-element style3\">\n\t\t\t\t\t<div class=\"thb-social-links-container style3\">\n\t\t\t\t\t<a href=\"https:\/\/facebook.com\/viisona\" target=\"_blank\" class=\"thb-social-link social-link-facebook\" rel=\"noreferrer\">\n\t\t\t\t<div class=\"thb-social-icon-container\"><i class=\"thb-icon-facebook\"><\/i><\/div>\n\t\t\t\t\t\t\t<\/a>\n\t\t\t\t\t<a href=\"https:\/\/twitter.com\/farmtechsol\" target=\"_blank\" class=\"thb-social-link social-link-twitter\" rel=\"noreferrer\">\n\t\t\t\t<div class=\"thb-social-icon-container\"><i class=\"thb-icon-twitter\"><\/i><\/div>\n\t\t\t\t\t\t\t<\/a>\n\t\t\t\t\t<a href=\"https:\/\/youtube.com\/channel\/UCknV8j-JmENizDmAIyMYjHQ\" target=\"_blank\" class=\"thb-social-link social-link-youtube\" rel=\"noreferrer\">\n\t\t\t\t<div class=\"thb-social-icon-container\"><i class=\"thb-icon-youtube\"><\/i><\/div>\n\t\t\t\t\t\t\t<\/a>\n\t\t\t\t<\/div>\n\t\t\t<\/div>\n\t[\/vc_column][vc_column width=&#8221;1\/2&#8243; el_class=&#8221;pl-md-4 my-auto&#8221;]\n<div class=\"wpcf7 no-js\" id=\"wpcf7-f5238-o1\" lang=\"fr-FR\" dir=\"ltr\" data-wpcf7-id=\"5238\">\n<div class=\"screen-reader-response\"><p role=\"status\" aria-live=\"polite\" aria-atomic=\"true\"><\/p> <ul><\/ul><\/div>\n<form action=\"\/fr\/wp-json\/wp\/v2\/pages\/5124#wpcf7-f5238-o1\" method=\"post\" class=\"wpcf7-form init\" aria-label=\"Formulaire de contact\" novalidate=\"novalidate\" data-status=\"init\">\n<fieldset class=\"hidden-fields-container\"><input type=\"hidden\" name=\"_wpcf7\" value=\"5238\" \/><input type=\"hidden\" name=\"_wpcf7_version\" value=\"6.1.4\" \/><input type=\"hidden\" name=\"_wpcf7_locale\" value=\"fr_FR\" \/><input type=\"hidden\" name=\"_wpcf7_unit_tag\" value=\"wpcf7-f5238-o1\" \/><input type=\"hidden\" name=\"_wpcf7_container_post\" value=\"0\" \/><input type=\"hidden\" name=\"_wpcf7_posted_data_hash\" value=\"\" \/><input type=\"hidden\" name=\"_wpcf7_recaptcha_response\" value=\"\" \/>\n<\/fieldset>\n<div class=\"size1of2-wrapper\">\n\t<p class=\"size1of2\"><br \/>\n<label> Votre nom *<br \/>\n<span class=\"wpcf7-form-control-wrap\" data-name=\"your-name\"><input size=\"40\" maxlength=\"400\" class=\"wpcf7-form-control wpcf7-text wpcf7-validates-as-required\" aria-required=\"true\" aria-invalid=\"false\" value=\"\" type=\"text\" name=\"your-name\" \/><\/span> <\/label>\n\t<\/p>\n\t<p class=\"size1of2\"><br \/>\n<label> Votre Email *<br \/>\n<span class=\"wpcf7-form-control-wrap\" data-name=\"your-email\"><input size=\"40\" maxlength=\"400\" class=\"wpcf7-form-control wpcf7-email wpcf7-validates-as-required wpcf7-text wpcf7-validates-as-email\" aria-required=\"true\" aria-invalid=\"false\" value=\"\" type=\"email\" name=\"your-email\" \/><\/span> <\/label>\n\t<\/p>\n<\/div>\n<p class=\"select-wrapper\"><br \/>\n<label> Quelle est votre question ?<br \/>\n<span class=\"wpcf7-form-control-wrap\" data-name=\"menu-324\"><select class=\"wpcf7-form-control wpcf7-select\" aria-invalid=\"false\" name=\"menu-324\"><option value=\"Demande de devis\">Demande de devis<\/option><option value=\"Planifier une d\u00e9monstration ou un essai\">Planifier une d\u00e9monstration ou un essai<\/option><option value=\"Demande de reprise\/mise \u00e0 niveau\">Demande de reprise\/mise \u00e0 niveau<\/option><option value=\"Question sur un produit particulier\">Question sur un produit particulier<\/option><option value=\"Service ou assistance technique\">Service ou assistance technique<\/option><option value=\"Demande de pr\u00eat \u00e9tudiant\">Demande de pr\u00eat \u00e9tudiant<\/option><\/select><\/span> <\/label>\n<\/p>\n<p><span id=\"wpcf7-69d2af29bb59f-wrapper\" class=\"wpcf7-form-control-wrap your-website-link-wrap\" style=\"display:none !important; visibility:hidden !important;\"><label for=\"wpcf7-69d2af29bb59f-field\" class=\"hp-message\">Veuillez laisser ce champ vide.<\/label><input id=\"wpcf7-69d2af29bb59f-field\"  class=\"wpcf7-form-control wpcf7-text\" type=\"text\" name=\"your-website-link\" value=\"\" size=\"40\" tabindex=\"-1\" autocomplete=\"new-password\" \/><\/span>\n<\/p>\n<p class=\"message-wrapper\"><br \/>\n<label> Votre message<br \/>\n<span class=\"wpcf7-form-control-wrap\" data-name=\"your-message\"><textarea cols=\"40\" rows=\"10\" maxlength=\"2000\" class=\"wpcf7-form-control wpcf7-textarea\" aria-invalid=\"false\" name=\"your-message\"><\/textarea><\/span> <\/label>\n<\/p>\n<div class=\"captcha-message\" style=\"margin-bottom:2.5em;margin-top: -1em;font-size: 11.5px;color:var(--text)\">\n\t<p><span>Ce site est prot\u00e9g\u00e9 par reCAPTCHA et les <a style=\"text-decoration:underline;color:var(--text)\" href=\"https:\/\/policies.google.com\/privacy\">r\u00e8gles de confidentialit\u00e9 de<\/a> Google<br \/>\nainsi que les <a style=\"text-decoration:underline;color:var(--text)\" href=\"https:\/\/policies.google.com\/terms\">conditions d'utilisation<\/a> de<br \/>\ns'appliquent.<\/span>\n\t<\/p>\n<\/div>\n<p class=\"submit-wrapper\"><br \/>\n<input class=\"wpcf7-form-control wpcf7-submit has-spinner\" type=\"submit\" value=\"Envoyer\" \/>\n<\/p><div class=\"wpcf7-response-output\" aria-hidden=\"true\"><\/div>\n<\/form>\n<\/div>\n[\/vc_column][\/vc_row][vc_row][vc_column][vc_empty_space height=&#8221;64px&#8221;][\/vc_column][\/vc_row]\n<\/section>","protected":false},"excerpt":{"rendered":"<p>[vc_row][vc_column][vc_empty_space height=&#8221;54px&#8221;][\/vc_column][\/vc_row][vc_row][vc_column width=&#8221;1\/2&#8243; el_class=&#8221;pr-md-4 my-auto media-row&#8221;][vc_column_text] Nous contacter Notre mission est d&#8217;am\u00e9liorer les r\u00e9sultats pour les agriculteurs, les \u00e9leveurs et les v\u00e9t\u00e9rinaires. Avec notre \u00e9quipe de sp\u00e9cialistes de l&#8217;\u00e9levage et d&#8217;\u00e9ducateurs v\u00e9t\u00e9rinaires, nous trouvons, examinons, prescrivons et soutenons des solutions technologiques pratiques.[\/vc_column_text][vc_empty_space][vc_column_text] Vous avez des questions ? Nous nous ferons un plaisir de r\u00e9pondre \u00e0&hellip;<\/p>\n","protected":false},"author":1,"featured_media":0,"parent":0,"menu_order":0,"comment_status":"closed","ping_status":"closed","template":"","meta":{"_acf_changed":false,"inline_featured_image":false,"footnotes":""},"class_list":["post-5124","page","type-page","status-publish","hentry"],"acf":[],"yoast_head":"<!-- This site is optimized with the Yoast SEO plugin v26.8 - https:\/\/yoast.com\/product\/yoast-seo-wordpress\/ -->\n<title>Nous contacter | ViiSona<\/title>\n<meta name=\"robots\" content=\"index, follow, max-snippet:-1, max-image-preview:large, max-video-preview:-1\" \/>\n<link rel=\"canonical\" href=\"https:\/\/viisona.com\/fr\/nous-contacter\/\" \/>\n<meta property=\"og:locale\" content=\"fr_FR\" \/>\n<meta property=\"og:type\" content=\"article\" \/>\n<meta property=\"og:title\" content=\"Nous contacter | ViiSona\" \/>\n<meta property=\"og:description\" content=\"[vc_row][vc_column][vc_empty_space height=&#8221;54px&#8221;][\/vc_column][\/vc_row][vc_row][vc_column width=&#8221;1\/2&#8243; el_class=&#8221;pr-md-4 my-auto media-row&#8221;][vc_column_text] Nous contacter Notre mission est d&#8217;am\u00e9liorer les r\u00e9sultats pour les agriculteurs, les \u00e9leveurs et les v\u00e9t\u00e9rinaires. Avec notre \u00e9quipe de sp\u00e9cialistes de l&#8217;\u00e9levage et d&#8217;\u00e9ducateurs v\u00e9t\u00e9rinaires, nous trouvons, examinons, prescrivons et soutenons des solutions technologiques pratiques.[\/vc_column_text][vc_empty_space][vc_column_text] Vous avez des questions ? Nous nous ferons un plaisir de r\u00e9pondre \u00e0&hellip;\" \/>\n<meta property=\"og:url\" content=\"https:\/\/viisona.com\/fr\/nous-contacter\/\" \/>\n<meta property=\"og:site_name\" content=\"ViiSona\" \/>\n<meta property=\"article:modified_time\" content=\"2024-04-10T01:23:58+00:00\" \/>\n<meta name=\"twitter:card\" content=\"summary_large_image\" \/>\n<meta name=\"twitter:label1\" content=\"Dur\u00e9e de lecture estim\u00e9e\" \/>\n\t<meta name=\"twitter:data1\" content=\"1 minute\" \/>\n<script type=\"application\/ld+json\" class=\"yoast-schema-graph\">{\"@context\":\"https:\/\/schema.org\",\"@graph\":[{\"@type\":\"WebPage\",\"@id\":\"https:\/\/viisona.com\/fr\/nous-contacter\/\",\"url\":\"https:\/\/viisona.com\/fr\/nous-contacter\/\",\"name\":\"Nous contacter | ViiSona\",\"isPartOf\":{\"@id\":\"https:\/\/viisona.com\/fr\/#website\"},\"datePublished\":\"2020-09-25T16:36:32+00:00\",\"dateModified\":\"2024-04-10T01:23:58+00:00\",\"breadcrumb\":{\"@id\":\"https:\/\/viisona.com\/fr\/nous-contacter\/#breadcrumb\"},\"inLanguage\":\"fr-FR\",\"potentialAction\":[{\"@type\":\"ReadAction\",\"target\":[\"https:\/\/viisona.com\/fr\/nous-contacter\/\"]}]},{\"@type\":\"BreadcrumbList\",\"@id\":\"https:\/\/viisona.com\/fr\/nous-contacter\/#breadcrumb\",\"itemListElement\":[{\"@type\":\"ListItem\",\"position\":1,\"name\":\"Home\",\"item\":\"https:\/\/viisona.com\/fr\/accueil\/\"},{\"@type\":\"ListItem\",\"position\":2,\"name\":\"Nous contacter\"}]},{\"@type\":\"WebSite\",\"@id\":\"https:\/\/viisona.com\/fr\/#website\",\"url\":\"https:\/\/viisona.com\/fr\/\",\"name\":\"ViiSona\",\"description\":\"Am\u00e9liorer les r\u00e9sultats pour les agriculteurs et les s\u00e9lectionneurs dans les communaut\u00e9s agricoles et de s\u00e9lection.\",\"publisher\":{\"@id\":\"https:\/\/viisona.com\/fr\/#organization\"},\"potentialAction\":[{\"@type\":\"SearchAction\",\"target\":{\"@type\":\"EntryPoint\",\"urlTemplate\":\"https:\/\/viisona.com\/fr\/?s={search_term_string}\"},\"query-input\":{\"@type\":\"PropertyValueSpecification\",\"valueRequired\":true,\"valueName\":\"search_term_string\"}}],\"inLanguage\":\"fr-FR\"},{\"@type\":\"Organization\",\"@id\":\"https:\/\/viisona.com\/fr\/#organization\",\"name\":\"ViiSona\",\"url\":\"https:\/\/viisona.com\/fr\/\",\"logo\":{\"@type\":\"ImageObject\",\"inLanguage\":\"fr-FR\",\"@id\":\"https:\/\/viisona.com\/fr\/#\/schema\/logo\/image\/\",\"url\":\"https:\/\/viisona.com\/wp-content\/uploads\/2020\/08\/viisona_1_FULLY_RASTERED.png\",\"contentUrl\":\"https:\/\/viisona.com\/wp-content\/uploads\/2020\/08\/viisona_1_FULLY_RASTERED.png\",\"width\":1080,\"height\":307,\"caption\":\"ViiSona\"},\"image\":{\"@id\":\"https:\/\/viisona.com\/fr\/#\/schema\/logo\/image\/\"}}]}<\/script>\n<!-- \/ Yoast SEO plugin. -->","yoast_head_json":{"title":"Nous contacter | ViiSona","robots":{"index":"index","follow":"follow","max-snippet":"max-snippet:-1","max-image-preview":"max-image-preview:large","max-video-preview":"max-video-preview:-1"},"canonical":"https:\/\/viisona.com\/fr\/nous-contacter\/","og_locale":"fr_FR","og_type":"article","og_title":"Nous contacter | ViiSona","og_description":"[vc_row][vc_column][vc_empty_space height=&#8221;54px&#8221;][\/vc_column][\/vc_row][vc_row][vc_column width=&#8221;1\/2&#8243; el_class=&#8221;pr-md-4 my-auto media-row&#8221;][vc_column_text] Nous contacter Notre mission est d&#8217;am\u00e9liorer les r\u00e9sultats pour les agriculteurs, les \u00e9leveurs et les v\u00e9t\u00e9rinaires. Avec notre \u00e9quipe de sp\u00e9cialistes de l&#8217;\u00e9levage et d&#8217;\u00e9ducateurs v\u00e9t\u00e9rinaires, nous trouvons, examinons, prescrivons et soutenons des solutions technologiques pratiques.[\/vc_column_text][vc_empty_space][vc_column_text] Vous avez des questions ? Nous nous ferons un plaisir de r\u00e9pondre \u00e0&hellip;","og_url":"https:\/\/viisona.com\/fr\/nous-contacter\/","og_site_name":"ViiSona","article_modified_time":"2024-04-10T01:23:58+00:00","twitter_card":"summary_large_image","twitter_misc":{"Dur\u00e9e de lecture estim\u00e9e":"1 minute"},"schema":{"@context":"https:\/\/schema.org","@graph":[{"@type":"WebPage","@id":"https:\/\/viisona.com\/fr\/nous-contacter\/","url":"https:\/\/viisona.com\/fr\/nous-contacter\/","name":"Nous contacter | ViiSona","isPartOf":{"@id":"https:\/\/viisona.com\/fr\/#website"},"datePublished":"2020-09-25T16:36:32+00:00","dateModified":"2024-04-10T01:23:58+00:00","breadcrumb":{"@id":"https:\/\/viisona.com\/fr\/nous-contacter\/#breadcrumb"},"inLanguage":"fr-FR","potentialAction":[{"@type":"ReadAction","target":["https:\/\/viisona.com\/fr\/nous-contacter\/"]}]},{"@type":"BreadcrumbList","@id":"https:\/\/viisona.com\/fr\/nous-contacter\/#breadcrumb","itemListElement":[{"@type":"ListItem","position":1,"name":"Home","item":"https:\/\/viisona.com\/fr\/accueil\/"},{"@type":"ListItem","position":2,"name":"Nous contacter"}]},{"@type":"WebSite","@id":"https:\/\/viisona.com\/fr\/#website","url":"https:\/\/viisona.com\/fr\/","name":"ViiSona","description":"Am\u00e9liorer les r\u00e9sultats pour les agriculteurs et les s\u00e9lectionneurs dans les communaut\u00e9s agricoles et de s\u00e9lection.","publisher":{"@id":"https:\/\/viisona.com\/fr\/#organization"},"potentialAction":[{"@type":"SearchAction","target":{"@type":"EntryPoint","urlTemplate":"https:\/\/viisona.com\/fr\/?s={search_term_string}"},"query-input":{"@type":"PropertyValueSpecification","valueRequired":true,"valueName":"search_term_string"}}],"inLanguage":"fr-FR"},{"@type":"Organization","@id":"https:\/\/viisona.com\/fr\/#organization","name":"ViiSona","url":"https:\/\/viisona.com\/fr\/","logo":{"@type":"ImageObject","inLanguage":"fr-FR","@id":"https:\/\/viisona.com\/fr\/#\/schema\/logo\/image\/","url":"https:\/\/viisona.com\/wp-content\/uploads\/2020\/08\/viisona_1_FULLY_RASTERED.png","contentUrl":"https:\/\/viisona.com\/wp-content\/uploads\/2020\/08\/viisona_1_FULLY_RASTERED.png","width":1080,"height":307,"caption":"ViiSona"},"image":{"@id":"https:\/\/viisona.com\/fr\/#\/schema\/logo\/image\/"}}]}},"jetpack_sharing_enabled":true,"_links":{"self":[{"href":"https:\/\/viisona.com\/fr\/wp-json\/wp\/v2\/pages\/5124","targetHints":{"allow":["GET"]}}],"collection":[{"href":"https:\/\/viisona.com\/fr\/wp-json\/wp\/v2\/pages"}],"about":[{"href":"https:\/\/viisona.com\/fr\/wp-json\/wp\/v2\/types\/page"}],"author":[{"embeddable":true,"href":"https:\/\/viisona.com\/fr\/wp-json\/wp\/v2\/users\/1"}],"replies":[{"embeddable":true,"href":"https:\/\/viisona.com\/fr\/wp-json\/wp\/v2\/comments?post=5124"}],"version-history":[{"count":2,"href":"https:\/\/viisona.com\/fr\/wp-json\/wp\/v2\/pages\/5124\/revisions"}],"predecessor-version":[{"id":5126,"href":"https:\/\/viisona.com\/fr\/wp-json\/wp\/v2\/pages\/5124\/revisions\/5126"}],"wp:attachment":[{"href":"https:\/\/viisona.com\/fr\/wp-json\/wp\/v2\/media?parent=5124"}],"curies":[{"name":"wp","href":"https:\/\/api.w.org\/{rel}","templated":true}]}}