{"id":5121,"date":"2020-10-30T16:44:21","date_gmt":"2020-10-30T16:44:21","guid":{"rendered":"https:\/\/viisona.com\/detecteurs-de-grossesse-pour-chiens-faq\/"},"modified":"2024-04-10T01:31:53","modified_gmt":"2024-04-10T01:31:53","slug":"detecteurs-de-grossesse-pour-chiens-faq","status":"publish","type":"page","link":"https:\/\/viisona.com\/fr\/soutien\/detecteurs-de-grossesse-pour-chiens-faq\/","title":{"rendered":"D\u00e9tecteurs de grossesse pour chiens FAQ"},"content":{"rendered":"\t<div id=\"thb-accordion-69eb5a32b9702\" class=\"thb-accordion style2 \" data-scroll=\"\" data-index=\"0\">\n\t\t[vc_tta_section title=&#8221;Comment fonctionne le d\u00e9tecteur de grossesse ?&#8221; tab_id=&#8221;1522322738673-aea3abb5-b8006380-66e1485e-86f0&#8243;][vc_column_text]Le d\u00e9tecteur de grossesse pour chiens utilise des ondes ultrasonores pour d\u00e9tecter la pr\u00e9sence de liquide amniotique \u00e0 l&#8217;int\u00e9rieur de l&#8217;ut\u00e9rus. Le liquide amniotique indique une grossesse.[\/vc_column_text][\/vc_tta_section][vc_tta_section title=&#8221;\u00c0 quel moment une grossesse peut-elle \u00eatre confirm\u00e9e ?&#8221; tab_id=&#8221;1522322738697-88e8c59b-62cc6380-66e1485e-86f0&#8243;][vc_column_text]La grossesse peut \u00eatre confirm\u00e9e d\u00e8s le 21e jour apr\u00e8s la saillie\/l&#8217;ins\u00e9mination. Le moment optimal pour une plus grande pr\u00e9cision est le 25e-28e jour. Les tests peuvent \u00eatre effectu\u00e9s \u00e0 partir de 3 semaines apr\u00e8s l&#8217;accouplement. Cependant, le moment optimal pour un diagnostic pr\u00e9cis se situe entre le 25e et le 28e jour, en raison de l&#8217;\u00e9largissement de l&#8217;ut\u00e9rus \u00e0 ce moment-l\u00e0 et de son d\u00e9placement l\u00e9g\u00e8rement vers le bas, plus pr\u00e8s du p\u00e9ritoine. Il est possible d&#8217;effectuer un test avant le 25e jour, mais la pr\u00e9cision diminue en raison de la pr\u00e9sence insuffisante de liquide amniotique pour r\u00e9fl\u00e9chir les ondes ultrasoniques. Il est \u00e9galement possible d&#8217;effectuer des tests apr\u00e8s la p\u00e9riode optimale.[\/vc_column_text][\/vc_tta_section][vc_tta_section title=&#8221;Le d\u00e9tecteur de grossesse peut-il \u00eatre utilis\u00e9 avec toutes les races ?&#8221; tab_id=&#8221;1522322905794-826724b1-0be06380-66e1485e-86f0&#8243;][vc_column_text]\n<div id=\"ui-accordion-1-panel-2\" class=\"accordion_content no_icon ui-accordion-content ui-helper-reset ui-widget-content ui-corner-bottom ui-accordion-content-active\" role=\"tabpanel\" aria-labelledby=\"ui-accordion-1-header-2\" aria-expanded=\"true\" aria-hidden=\"false\">\n<div class=\"accordion_content_inner\">\n<div class=\"wpb_text_column wpb_content_element \">\n<div class=\"wpb_wrapper\">\n<p>Oui, l&#8217;appareil permet de r\u00e9gler le signal ultrasonore pour toutes les tailles de races. Il est important de le r\u00e9gler correctement. Le poids et la taille des chiennes varient selon les races et le gain doit donc \u00eatre r\u00e9gl\u00e9 sur la position correcte en fonction de la taille de la chienne test\u00e9e.<\/p>\n<\/div>\n<\/div>\n<\/div>\n<\/div>\n[\/vc_column_text][\/vc_tta_section][vc_tta_section title=&#8221;L&apos;appareil est calibr\u00e9 pour les param\u00e8tres suivants :  &#8221; tab_id=&#8221;1604076783836-24113b22-19af&#8221;][vc_column_text]\n<ul>\n<li><strong>S<\/strong> &#8211; Pour les petites chiennes (Yorkshire Terrier, Chihuahua, P\u00e9kinois, Caniche, Daschund, etc.)<\/li>\n<li><strong>M<\/strong> &#8211; Pour les chiennes de taille moyenne (West Highland White Terrier, Border Terrier, Norwich ou Norfolk Terrier, Fox Terrier, Whippet, Cocker Spaniel, Lhasa Apso, Shih Tzu, Corgi)<\/li>\n<li><strong>L<\/strong> &#8211; Pour les chiennes de grande taille (Berger allemand, Border Collie, Rottweiler, Labrador\/Retriever, Afghan Hound, Caniche standard, Doberman, Boxer, Dalmatien, etc.)<\/li>\n<li><strong>G<\/strong> &#8211; Pour les chiennes g\u00e9antes (Old English Sheepdog, St.Bernard, Newfoundland, Bernese Mountain Dog, Irish Wolfhound, etc.)<\/li>\n<\/ul>\n<p>Avec l&#8217;habitude, la familiarit\u00e9 et l&#8217;exp\u00e9rience, le contr\u00f4le du gain peut \u00eatre ajust\u00e9 en fonction de la chienne, tant en termes de type de race que de taille r\u00e9elle, afin d&#8217;obtenir un r\u00e9glage optimal pour garantir des r\u00e9sultats pr\u00e9cis.[\/vc_column_text][\/vc_tta_section][vc_tta_section title=&#8221;Combien de temps faut-il pour effectuer un test ?&#8221; tab_id=&#8221;1604076715220-f28f560d-479b&#8221;][vc_column_text]Le temps de lecture normal est de 15 \u00e0 20 secondes ou un peu plus, mais avec de l&#8217;entra\u00eenement, des r\u00e9sultats de test pr\u00e9cis peuvent \u00eatre obtenus en quelques secondes.[\/vc_column_text][\/vc_tta_section][vc_tta_section title=&#8221;Comment utiliser le d\u00e9tecteur de grossesse ?&#8221; tab_id=&#8221;1604076749936-ce0b0fd3-5ebe&#8221;][vc_column_text el_class=&#8221;list-special&#8221;]<span style=\"font-weight: 400;\">Placez la sonde sur l&#8217;aine droite, orientez-la \u00e0 40-45\u00b0 vers la t\u00eate.  <\/span><b>Il est imp\u00e9ratif que la sonde soit plac\u00e9e et dirig\u00e9e comme indiqu\u00e9 dans le diagramme du manuel d&#8217;utilisation et qu&#8217;elle soit orient\u00e9e vers l&#8217;avant de la chienne \u00e0 un angle approximatif de 40 \u00e0 45 degr\u00e9s.<\/b><\/p>\n<ul>\n<li style=\"list-style-type: none;\">\n<ul>\n<li style=\"font-weight: 400;\" aria-level=\"1\"><span style=\"font-weight: 400;\">Avant le test, assurez-vous de conna\u00eetre la date de l&#8217;accouplement ou de l&#8217;ins\u00e9mination.  <\/span><\/li>\n<li style=\"font-weight: 400;\" aria-level=\"1\"><span style=\"font-weight: 400;\">Immerger la t\u00eate de la sonde dans le gel, l&#8217;huile ou un autre milieu de contact appropri\u00e9 (d&#8217;excellents r\u00e9sultats et une grande facilit\u00e9 d&#8217;utilisation ont \u00e9t\u00e9 obtenus en utilisant de l&#8217;huile de cuisine ordinaire). Utilisez un petit bocal en verre contenant l&#8217;huile avec un couvercle \u00e0 large ouverture et plongez l&#8217;extr\u00e9mit\u00e9 de la sonde \u00e0 ultrasons dans l&#8217;huile.  <\/span><\/li>\n<li style=\"font-weight: 400;\" aria-level=\"1\"><span style=\"font-weight: 400;\">Retirez la sonde de l&#8217;huile et secouez doucement l&#8217;exc\u00e9dent, puis placez la sonde dans la bonne position sur la chienne et commencez le test.  <\/span><\/li>\n<li style=\"font-weight: 400;\" aria-level=\"1\"><span style=\"font-weight: 400;\">Tenez la sonde contre la peau de la chienne \u00e0 l&#8217;endroit indiqu\u00e9 dans le manuel d&#8217;utilisation.  <\/span><\/li>\n<li style=\"font-weight: 400;\" aria-level=\"1\"><span style=\"font-weight: 400;\">D\u00e9placez la sonde dans un mouvement de glissement jusqu&#8217;\u00e0 ce que vous obteniez un bon contact sans air, indiqu\u00e9 par une impulsion lumineuse verte clignotante de la diode et un signal sonore \u00e0 la m\u00eame fr\u00e9quence. (Environ 1x par seconde).  <\/span><\/li>\n<li style=\"font-weight: 400;\" aria-level=\"1\"><span style=\"font-weight: 400;\">Comme le montre le sch\u00e9ma, en pla\u00e7ant la sonde contre la peau, il faut diriger les ondes ultrasonores vers les cornes de l&#8217;ut\u00e9rus.  <\/span><\/li>\n<\/ul>\n<\/li>\n<\/ul>\n<ul>\n<li aria-level=\"1\"><span style=\"font-weight: 400;\">Effectuez un test de grossesse sur les c\u00f4t\u00e9s gauche et droit et commencez le balayage en d\u00e9pla\u00e7ant la t\u00eate de la sonde autour de la zone g\u00e9n\u00e9rale, en maintenant la sonde appuy\u00e9e sur la peau pour ne pas perdre le contact sans air. <\/span><b>afin de ne pas perdre le contact sans air. <\/b> <\/li>\n<\/ul>\n<ul>\n<li style=\"font-weight: 400;\" aria-level=\"1\"><span style=\"font-weight: 400;\">Lorsque le contact est bon, proc\u00e9der au balayage. D\u00e8s que l&#8217;appareil localise du liquide amniotique dans l&#8217;ut\u00e9rus, le voyant vert et le signal sonore se transforment en pulsations rapides, \u00e0 raison de 4 \u00e0 5 par seconde, pour indiquer la grossesse.<\/span><\/li>\n<\/ul>\n<p><span style=\"font-weight: 400;\">Il est conseill\u00e9 de s&#8217;assurer que la vessie et l&#8217;estomac sont vides si possible avant le test et de veiller \u00e0 ce que la sonde soit plac\u00e9e dans la bonne position afin d&#8217;\u00e9viter un faux positif r\u00e9sultant d&#8217;une vessie ou d&#8217;un estomac pleins. Pour plus de pr\u00e9cision, les tests doivent \u00eatre effectu\u00e9s des deux c\u00f4t\u00e9s, lorsque la chienne est debout. Le meilleur moment pour tester la chienne est lorsqu&#8217;elle a l&#8217;estomac et la vessie vides. Un estomac et\/ou une vessie pleins peuvent fausser les r\u00e9sultats de la grossesse.<\/span>[\/vc_column_text][\/vc_tta_section][vc_tta_section title=&#8221;Comment interpr\u00e9ter les r\u00e9sultats ?&#8221; tab_id=&#8221;1616448150457-94b23422-b153&#8243;][vc_column_text]Le signal lumineux et sonore pulsant lentement (1\/s) indique le bon contact de la sonde avec la peau. La lumi\u00e8re et le signal sonore pulsant plus rapidement (jusqu&#8217;\u00e0 5\/s) indiquent une grossesse.[\/vc_column_text][\/vc_tta_section][vc_tta_section title=&#8221;Je ne veux pas m&apos;\u00e9piler, est-il possible que l&apos;appareil fonctionne sans avoir \u00e0 \u00e9piler une petite zone ?  &#8221; tab_id=&#8221;1616448182522-242aadec-cd2b&#8221;][vc_column_text]<span style=\"font-weight: 400;\">Il est tr\u00e8s important <\/span><b>de mettre la sonde en contact avec la peau<\/b><span style=\"font-weight: 400;\">  Il est donc fortement recommand\u00e9 de raser une petite zone. Toutefois, pour \u00e9viter d&#8217;avoir \u00e0 raser une petite zone, la deuxi\u00e8me option consiste \u00e0 mouiller\/tremper la fourrure avec une solution d&#8217;eau et d&#8217;alcool (50\/50). L&#8217;objectif principal du trempage est d&#8217;augmenter la capacit\u00e9 \u00e0 d\u00e9placer les poils mouill\u00e9s pour obtenir le meilleur contact entre la sonde et la peau. Si le m\u00e9lange d&#8217;eau et d&#8217;alcool est trop faible pour imbiber correctement les cheveux longs, l&#8217;utilisation d&#8217;une huile ou d&#8217;un gel \u00e0 ultrasons peut s&#8217;av\u00e9rer une meilleure solution.<\/span><\/p>\n<p><span style=\"font-weight: 400;\">L&#8217;appareil utilise des ondes ultrasonores qui ne traversent pas l&#8217;air. Il y a des bulles d&#8217;air dans la fourrure\/le poil. Les ultrasons n\u00e9cessitent un bon contact avec la peau et une bonne lubrification pour fonctionner efficacement. Si vous avez d\u00e9j\u00e0 pass\u00e9 une \u00e9chographie, vous vous souvenez peut-\u00eatre de la quantit\u00e9 de gel appliqu\u00e9e sur la peau pour obtenir une bonne image \u00e9chographique. Il peut y avoir beaucoup de bulles d&#8217;air dans les cheveux\/la fourrure, ce qui perturbe le signal. Tremper la fourrure tout en pressant doucement les bulles d&#8217;air pour faire sortir l&#8217;air emprisonn\u00e9 est utile. S\u00e9parez les poils\/fourrures pour les rapprocher le plus possible de la peau et utilisez une bonne quantit\u00e9 de gel\u00e9e KY ou d&#8217;huile min\u00e9rale (n&#8217;importe quelle huile convient).<\/span>[\/vc_column_text][\/vc_tta_section]\t<\/div>\n\t\n","protected":false},"excerpt":{"rendered":"[vc_tta_section title=\"Comment fonctionne le d\u00e9tecteur de grossesse ?\" tab_id=\"1522322738673-aea3abb5-b8006380-66e1485e-86f0\"][vc_column_text]Le d\u00e9tecteur de grossesse pour chiens utilise des ondes ultrasonores pour d\u00e9tecter la pr\u00e9sence de liquide amniotique \u00e0 l'int\u00e9rieur de l'ut\u00e9rus. Le liquide amniotique indique une grossesse.[\/vc_column_text][\/vc_tta_section][vc_tta_section title=\"\u00c0 quel moment une grossesse peut-elle \u00eatre confirm\u00e9e ?\" tab_id=\"1522322738697-88e8c59b-62cc6380-66e1485e-86f0\"][vc_column_text]La grossesse peut \u00eatre confirm\u00e9e d\u00e8s le 21e jour apr\u00e8s la&hellip;","protected":false},"author":1,"featured_media":4181,"parent":5131,"menu_order":0,"comment_status":"closed","ping_status":"closed","template":"page-infocat.php","meta":{"_acf_changed":false,"inline_featured_image":false,"footnotes":""},"class_list":["post-5121","page","type-page","status-publish","has-post-thumbnail","hentry"],"acf":[],"yoast_head":"<!-- This site is optimized with the Yoast SEO plugin v26.8 - https:\/\/yoast.com\/product\/yoast-seo-wordpress\/ -->\n<title>D\u00e9tecteurs de grossesse pour chiens FAQ | ViiSona<\/title>\n<meta name=\"robots\" content=\"index, follow, max-snippet:-1, max-image-preview:large, max-video-preview:-1\" \/>\n<link rel=\"canonical\" href=\"https:\/\/viisona.com\/fr\/soutien\/detecteurs-de-grossesse-pour-chiens-faq\/\" \/>\n<meta property=\"og:locale\" content=\"fr_FR\" \/>\n<meta property=\"og:type\" content=\"article\" \/>\n<meta property=\"og:title\" content=\"D\u00e9tecteurs de grossesse pour chiens FAQ | ViiSona\" \/>\n<meta property=\"og:url\" content=\"https:\/\/viisona.com\/fr\/soutien\/detecteurs-de-grossesse-pour-chiens-faq\/\" \/>\n<meta property=\"og:site_name\" content=\"ViiSona\" \/>\n<meta property=\"article:modified_time\" content=\"2024-04-10T01:31:53+00:00\" \/>\n<meta property=\"og:image\" content=\"https:\/\/viisona.com\/wp-content\/uploads\/2020\/10\/FSI_FAQ_banner_dog_pregnancy.jpg\" \/>\n\t<meta property=\"og:image:width\" content=\"1920\" \/>\n\t<meta property=\"og:image:height\" content=\"720\" \/>\n\t<meta property=\"og:image:type\" content=\"image\/jpeg\" \/>\n<meta name=\"twitter:card\" content=\"summary_large_image\" \/>\n<meta name=\"twitter:label1\" content=\"Dur\u00e9e de lecture estim\u00e9e\" \/>\n\t<meta name=\"twitter:data1\" content=\"7 minutes\" \/>\n<script type=\"application\/ld+json\" class=\"yoast-schema-graph\">{\"@context\":\"https:\/\/schema.org\",\"@graph\":[{\"@type\":\"WebPage\",\"@id\":\"https:\/\/viisona.com\/fr\/soutien\/detecteurs-de-grossesse-pour-chiens-faq\/\",\"url\":\"https:\/\/viisona.com\/fr\/soutien\/detecteurs-de-grossesse-pour-chiens-faq\/\",\"name\":\"D\u00e9tecteurs de grossesse pour chiens FAQ | ViiSona\",\"isPartOf\":{\"@id\":\"https:\/\/viisona.com\/fr\/#website\"},\"primaryImageOfPage\":{\"@id\":\"https:\/\/viisona.com\/fr\/soutien\/detecteurs-de-grossesse-pour-chiens-faq\/#primaryimage\"},\"image\":{\"@id\":\"https:\/\/viisona.com\/fr\/soutien\/detecteurs-de-grossesse-pour-chiens-faq\/#primaryimage\"},\"thumbnailUrl\":\"https:\/\/viisona.com\/wp-content\/uploads\/2020\/10\/FSI_FAQ_banner_dog_pregnancy.jpg\",\"datePublished\":\"2020-10-30T16:44:21+00:00\",\"dateModified\":\"2024-04-10T01:31:53+00:00\",\"breadcrumb\":{\"@id\":\"https:\/\/viisona.com\/fr\/soutien\/detecteurs-de-grossesse-pour-chiens-faq\/#breadcrumb\"},\"inLanguage\":\"fr-FR\",\"potentialAction\":[{\"@type\":\"ReadAction\",\"target\":[\"https:\/\/viisona.com\/fr\/soutien\/detecteurs-de-grossesse-pour-chiens-faq\/\"]}]},{\"@type\":\"ImageObject\",\"inLanguage\":\"fr-FR\",\"@id\":\"https:\/\/viisona.com\/fr\/soutien\/detecteurs-de-grossesse-pour-chiens-faq\/#primaryimage\",\"url\":\"https:\/\/viisona.com\/wp-content\/uploads\/2020\/10\/FSI_FAQ_banner_dog_pregnancy.jpg\",\"contentUrl\":\"https:\/\/viisona.com\/wp-content\/uploads\/2020\/10\/FSI_FAQ_banner_dog_pregnancy.jpg\",\"width\":1920,\"height\":720},{\"@type\":\"BreadcrumbList\",\"@id\":\"https:\/\/viisona.com\/fr\/soutien\/detecteurs-de-grossesse-pour-chiens-faq\/#breadcrumb\",\"itemListElement\":[{\"@type\":\"ListItem\",\"position\":1,\"name\":\"Home\",\"item\":\"https:\/\/viisona.com\/fr\/accueil\/\"},{\"@type\":\"ListItem\",\"position\":2,\"name\":\"Soutien\",\"item\":\"https:\/\/viisona.com\/fr\/soutien\/\"},{\"@type\":\"ListItem\",\"position\":3,\"name\":\"D\u00e9tecteurs de grossesse pour chiens FAQ\"}]},{\"@type\":\"WebSite\",\"@id\":\"https:\/\/viisona.com\/fr\/#website\",\"url\":\"https:\/\/viisona.com\/fr\/\",\"name\":\"ViiSona\",\"description\":\"Am\u00e9liorer les r\u00e9sultats pour les agriculteurs et les s\u00e9lectionneurs dans les communaut\u00e9s agricoles et de s\u00e9lection.\",\"publisher\":{\"@id\":\"https:\/\/viisona.com\/fr\/#organization\"},\"potentialAction\":[{\"@type\":\"SearchAction\",\"target\":{\"@type\":\"EntryPoint\",\"urlTemplate\":\"https:\/\/viisona.com\/fr\/?s={search_term_string}\"},\"query-input\":{\"@type\":\"PropertyValueSpecification\",\"valueRequired\":true,\"valueName\":\"search_term_string\"}}],\"inLanguage\":\"fr-FR\"},{\"@type\":\"Organization\",\"@id\":\"https:\/\/viisona.com\/fr\/#organization\",\"name\":\"ViiSona\",\"url\":\"https:\/\/viisona.com\/fr\/\",\"logo\":{\"@type\":\"ImageObject\",\"inLanguage\":\"fr-FR\",\"@id\":\"https:\/\/viisona.com\/fr\/#\/schema\/logo\/image\/\",\"url\":\"https:\/\/viisona.com\/wp-content\/uploads\/2020\/08\/viisona_1_FULLY_RASTERED.png\",\"contentUrl\":\"https:\/\/viisona.com\/wp-content\/uploads\/2020\/08\/viisona_1_FULLY_RASTERED.png\",\"width\":1080,\"height\":307,\"caption\":\"ViiSona\"},\"image\":{\"@id\":\"https:\/\/viisona.com\/fr\/#\/schema\/logo\/image\/\"}}]}<\/script>\n<!-- \/ Yoast SEO plugin. -->","yoast_head_json":{"title":"D\u00e9tecteurs de grossesse pour chiens FAQ | ViiSona","robots":{"index":"index","follow":"follow","max-snippet":"max-snippet:-1","max-image-preview":"max-image-preview:large","max-video-preview":"max-video-preview:-1"},"canonical":"https:\/\/viisona.com\/fr\/soutien\/detecteurs-de-grossesse-pour-chiens-faq\/","og_locale":"fr_FR","og_type":"article","og_title":"D\u00e9tecteurs de grossesse pour chiens FAQ | ViiSona","og_url":"https:\/\/viisona.com\/fr\/soutien\/detecteurs-de-grossesse-pour-chiens-faq\/","og_site_name":"ViiSona","article_modified_time":"2024-04-10T01:31:53+00:00","og_image":[{"width":1920,"height":720,"url":"https:\/\/viisona.com\/wp-content\/uploads\/2020\/10\/FSI_FAQ_banner_dog_pregnancy.jpg","type":"image\/jpeg"}],"twitter_card":"summary_large_image","twitter_misc":{"Dur\u00e9e de lecture estim\u00e9e":"7 minutes"},"schema":{"@context":"https:\/\/schema.org","@graph":[{"@type":"WebPage","@id":"https:\/\/viisona.com\/fr\/soutien\/detecteurs-de-grossesse-pour-chiens-faq\/","url":"https:\/\/viisona.com\/fr\/soutien\/detecteurs-de-grossesse-pour-chiens-faq\/","name":"D\u00e9tecteurs de grossesse pour chiens FAQ | ViiSona","isPartOf":{"@id":"https:\/\/viisona.com\/fr\/#website"},"primaryImageOfPage":{"@id":"https:\/\/viisona.com\/fr\/soutien\/detecteurs-de-grossesse-pour-chiens-faq\/#primaryimage"},"image":{"@id":"https:\/\/viisona.com\/fr\/soutien\/detecteurs-de-grossesse-pour-chiens-faq\/#primaryimage"},"thumbnailUrl":"https:\/\/viisona.com\/wp-content\/uploads\/2020\/10\/FSI_FAQ_banner_dog_pregnancy.jpg","datePublished":"2020-10-30T16:44:21+00:00","dateModified":"2024-04-10T01:31:53+00:00","breadcrumb":{"@id":"https:\/\/viisona.com\/fr\/soutien\/detecteurs-de-grossesse-pour-chiens-faq\/#breadcrumb"},"inLanguage":"fr-FR","potentialAction":[{"@type":"ReadAction","target":["https:\/\/viisona.com\/fr\/soutien\/detecteurs-de-grossesse-pour-chiens-faq\/"]}]},{"@type":"ImageObject","inLanguage":"fr-FR","@id":"https:\/\/viisona.com\/fr\/soutien\/detecteurs-de-grossesse-pour-chiens-faq\/#primaryimage","url":"https:\/\/viisona.com\/wp-content\/uploads\/2020\/10\/FSI_FAQ_banner_dog_pregnancy.jpg","contentUrl":"https:\/\/viisona.com\/wp-content\/uploads\/2020\/10\/FSI_FAQ_banner_dog_pregnancy.jpg","width":1920,"height":720},{"@type":"BreadcrumbList","@id":"https:\/\/viisona.com\/fr\/soutien\/detecteurs-de-grossesse-pour-chiens-faq\/#breadcrumb","itemListElement":[{"@type":"ListItem","position":1,"name":"Home","item":"https:\/\/viisona.com\/fr\/accueil\/"},{"@type":"ListItem","position":2,"name":"Soutien","item":"https:\/\/viisona.com\/fr\/soutien\/"},{"@type":"ListItem","position":3,"name":"D\u00e9tecteurs de grossesse pour chiens FAQ"}]},{"@type":"WebSite","@id":"https:\/\/viisona.com\/fr\/#website","url":"https:\/\/viisona.com\/fr\/","name":"ViiSona","description":"Am\u00e9liorer les r\u00e9sultats pour les agriculteurs et les s\u00e9lectionneurs dans les communaut\u00e9s agricoles et de s\u00e9lection.","publisher":{"@id":"https:\/\/viisona.com\/fr\/#organization"},"potentialAction":[{"@type":"SearchAction","target":{"@type":"EntryPoint","urlTemplate":"https:\/\/viisona.com\/fr\/?s={search_term_string}"},"query-input":{"@type":"PropertyValueSpecification","valueRequired":true,"valueName":"search_term_string"}}],"inLanguage":"fr-FR"},{"@type":"Organization","@id":"https:\/\/viisona.com\/fr\/#organization","name":"ViiSona","url":"https:\/\/viisona.com\/fr\/","logo":{"@type":"ImageObject","inLanguage":"fr-FR","@id":"https:\/\/viisona.com\/fr\/#\/schema\/logo\/image\/","url":"https:\/\/viisona.com\/wp-content\/uploads\/2020\/08\/viisona_1_FULLY_RASTERED.png","contentUrl":"https:\/\/viisona.com\/wp-content\/uploads\/2020\/08\/viisona_1_FULLY_RASTERED.png","width":1080,"height":307,"caption":"ViiSona"},"image":{"@id":"https:\/\/viisona.com\/fr\/#\/schema\/logo\/image\/"}}]}},"jetpack_sharing_enabled":true,"_links":{"self":[{"href":"https:\/\/viisona.com\/fr\/wp-json\/wp\/v2\/pages\/5121","targetHints":{"allow":["GET"]}}],"collection":[{"href":"https:\/\/viisona.com\/fr\/wp-json\/wp\/v2\/pages"}],"about":[{"href":"https:\/\/viisona.com\/fr\/wp-json\/wp\/v2\/types\/page"}],"author":[{"embeddable":true,"href":"https:\/\/viisona.com\/fr\/wp-json\/wp\/v2\/users\/1"}],"replies":[{"embeddable":true,"href":"https:\/\/viisona.com\/fr\/wp-json\/wp\/v2\/comments?post=5121"}],"version-history":[{"count":2,"href":"https:\/\/viisona.com\/fr\/wp-json\/wp\/v2\/pages\/5121\/revisions"}],"predecessor-version":[{"id":5123,"href":"https:\/\/viisona.com\/fr\/wp-json\/wp\/v2\/pages\/5121\/revisions\/5123"}],"up":[{"embeddable":true,"href":"https:\/\/viisona.com\/fr\/wp-json\/wp\/v2\/pages\/5131"}],"wp:featuredmedia":[{"embeddable":true,"href":"https:\/\/viisona.com\/fr\/wp-json\/wp\/v2\/media\/4181"}],"wp:attachment":[{"href":"https:\/\/viisona.com\/fr\/wp-json\/wp\/v2\/media?parent=5121"}],"curies":[{"name":"wp","href":"https:\/\/api.w.org\/{rel}","templated":true}]}}