{"id":5112,"date":"2024-01-25T19:44:15","date_gmt":"2024-01-25T19:44:15","guid":{"rendered":"https:\/\/viisona.com\/financez-votre-equipement\/"},"modified":"2024-04-10T01:31:53","modified_gmt":"2024-04-10T01:31:53","slug":"financez-votre-equipement","status":"publish","type":"page","link":"https:\/\/viisona.com\/fr\/soutien\/financez-votre-equipement\/","title":{"rendered":"Financez votre \u00e9quipement"},"content":{"rendered":"<section class=\"wpb-content-wrapper\">[vc_row][vc_column][vc_empty_space height=&#8221;16px&#8221;][\/vc_column][\/vc_row][vc_row disable_element=&#8221;yes&#8221;][vc_column width=&#8221;1\/2&#8243;][vc_column_text]\n<h3>Avantages du programme<\/h3>\n<ul>\n<li><strong>PAS D&#8217;ARGENT \u00c0 LA CL\u00c9<\/strong><br \/>\nAchetez votre \u00e9quipement et votre v\u00e9hicule aujourd&#8217;hui sans affecter votre tr\u00e9sorerie. Leasing disponible pour des \u00e9quipements et des v\u00e9hicules neufs ou d&#8217;occasion, sans restriction d&#8217;\u00e2ge ou de kilom\u00e9trage. (Pas de taux de prime utilis\u00e9).<\/li>\n<li><strong>CONDITIONS FLEXIBLES (8 &#8211; 12 MOIS)<br \/>\n<\/strong>Trouver une option de paiement mensuel adapt\u00e9e \u00e0 chaque budget.<\/li>\n<li><strong>D\u00c9DUCTIONS FISCALES<br \/>\n<\/strong>Les paiements effectu\u00e9s dans le cadre d&#8217;un contrat de location peuvent \u00eatre d\u00e9duits des imp\u00f4ts jusqu&#8217;\u00e0 100 %.<\/li>\n<\/ul>\n[\/vc_column_text][\/vc_column][vc_column width=&#8221;1\/2&#8243;][vc_column_text]\n<h3>Commencer maintenant<\/h3>\n<ul>\n<li><strong>APPROBATIONS LE JOUR M\u00caME<\/strong><br \/>\nFaites votre demande en quelques minutes et obtenez un accord le jour m\u00eame.<\/li>\n<li><strong>RENVOYEZ VOS DOCUMENTS \u00c9LECTRONIQUEMENT<br \/>\n<\/strong>Signez et num\u00e9risez vos documents en toute s\u00e9curit\u00e9.<\/li>\n<li><strong>OBTENIR VOTRE \u00c9QUIPEMENT<br \/>\n<\/strong>Nous rendons le processus de financement simple et sans tracas.<\/li>\n<\/ul>\n[\/vc_column_text][\/vc_column][\/vc_row][vc_row][vc_column width=&#8221;1\/2&#8243;][vc_column_text el_class=&#8221;mb-5&#8243;]\n<h2>Avantages du programme<\/h2>\n[\/vc_column_text][vc_column_text el_class=&#8221;mb-4&#8243;]\n<h4>PAS D&#8217;ARGENT \u00c0 LA CL\u00c9<\/h4>\n<p>Achetez votre \u00e9quipement et votre v\u00e9hicule aujourd&#8217;hui sans affecter votre tr\u00e9sorerie. Leasing disponible pour des \u00e9quipements et des v\u00e9hicules neufs ou d&#8217;occasion, sans restriction d&#8217;\u00e2ge ou de kilom\u00e9trage. (Pas de taux de prime utilis\u00e9).[\/vc_column_text][vc_column_text el_class=&#8221;mb-4&#8243;]\n<h4>DUR\u00c9E FLEXIBLE (8 &#8211; 12 MOIS)<\/h4>\n<p>Trouver une option de paiement mensuel adapt\u00e9e \u00e0 chaque budget.[\/vc_column_text][vc_column_text]\n<h4>D\u00c9DUCTIONS FISCALES<\/h4>\n<p>Les paiements effectu\u00e9s au titre de la location peuvent \u00eatre d\u00e9duits \u00e0 100 % des imp\u00f4ts.[\/vc_column_text][\/vc_column][vc_column width=&#8221;1\/2&#8243;][vc_column_text el_class=&#8221;mb-5&#8243;]\n<h2>Commencer maintenant<\/h2>\n[\/vc_column_text][vc_column_text el_class=&#8221;mb-4&#8243;]\n<h4>APPROBATIONS LE JOUR M\u00caME<\/h4>\n<p>Faites votre demande en quelques minutes et obtenez un accord le jour m\u00eame.[\/vc_column_text][vc_column_text el_class=&#8221;mb-4&#8243;]\n<h4>RENVOYER VOS DOCUMENTS PAR VOIE \u00c9LECTRONIQUE<\/h4>\n<p>Signez et num\u00e9risez vos documents en toute s\u00e9curit\u00e9.[\/vc_column_text][vc_column_text]\n<h4>OBTENIR VOTRE \u00c9QUIPEMENT<\/h4>\n<p>Nous rendons le processus de financement simple et sans tracas.[\/vc_column_text][\/vc_column][\/vc_row][vc_row][vc_column][vc_empty_space height=&#8221;64px&#8221;][\/vc_column][\/vc_row][vc_row el_class=&#8221;banner cta-banner&#8221;][vc_column el_class=&#8221;banner cta-banner simple-banner&#8221;][vc_column_text el_class=&#8221;pt-5&#8243;]\n<h2>Faites-nous part de vos besoins et nous vous aiderons \u00e0 d\u00e9marrer.<\/h2>\n[\/vc_column_text][vc_column_text]\n<p style=\"text-align: center;\"><small style=\"opacity: 0.5; font-size: 70%;\">*Toutes les demandes sont soumises \u00e0 l&#8217;approbation finale du cr\u00e9dit. Tous les candidats sont soumis \u00e0 la proc\u00e9dure standard de demande, de souscription et d&#8217;approbation du cr\u00e9dit.<\/small><\/p>\n[\/vc_column_text][\/vc_column][\/vc_row][vc_row][vc_column][vc_empty_space height=&#8221;64px&#8221;][\/vc_column][\/vc_row][vc_row][vc_column width=&#8221;1\/2&#8243;][vc_column_text]\n<h2>Contactez-nous d\u00e8s aujourd&#8217;hui<\/h2>\n<p>Si vous souhaitez discuter plus en d\u00e9tail des possibilit\u00e9s de financement, n&#8217;h\u00e9sitez pas \u00e0 nous contacter. Nous sommes joignables par t\u00e9l\u00e9phone, par courrier \u00e9lectronique ou en utilisant le formulaire de contact fourni.[\/vc_column_text][vc_empty_space height=&#8221;16px&#8221;][vc_column_text]<div class=\"contact-details new-contact\"><h5>Our Offices<\/h5><div class=\"blockwrap\"><address class=\"main-address mb-1\">\n                <span class=\"address-header\" style=\"color: var(--text);\"><strong>Sales & Technical Services<\/strong><\/span>\n                <span>38 Rue Canvin<\/span>\n\t\t\t\t<span>Kirkland, QC H9H 4S4<\/span>\n                <span>Canada<\/span>\n\t\t\t\t<\/address><address class=\"main-address secondary-address mt-3 mb-1\">\n                <span class=\"address-header\" style=\"color: var(--text);\"><strong>Administration<\/strong><\/span>\n                <span>PO Box 93088<\/span>\n                <span>West Vancouver, BC  V7W 3G4<\/span>\n                <span>Canada<\/span>\n                <\/address><div class=\"contact-links mt-2 pb-2\"><span class=\"contact-link\"><a href=\"mailto:info@viisona.com\">info@viisona.com<\/a><\/span><span class=\"contact-link\"><a href=\"tel:+18006729182\">1 (800) 672-9182<\/a><\/span><\/div><\/div> <\/div>[\/vc_column_text][vc_empty_space height=&#8221;16px&#8221;]\t<div id=\"thb-social-links-69e5afb1405f6\" class=\"thb-social-links-element style3\">\n\t\t\t\t\t<div class=\"thb-social-links-container style3\">\n\t\t\t\t\t<a href=\"https:\/\/facebook.com\/viisona\" target=\"_blank\" class=\"thb-social-link social-link-facebook\" rel=\"noreferrer\">\n\t\t\t\t<div class=\"thb-social-icon-container\"><i class=\"thb-icon-facebook\"><\/i><\/div>\n\t\t\t\t\t\t\t<\/a>\n\t\t\t\t\t<a href=\"https:\/\/twitter.com\/farmtechsol\" target=\"_blank\" class=\"thb-social-link social-link-twitter\" rel=\"noreferrer\">\n\t\t\t\t<div class=\"thb-social-icon-container\"><i class=\"thb-icon-twitter\"><\/i><\/div>\n\t\t\t\t\t\t\t<\/a>\n\t\t\t\t\t<a href=\"https:\/\/youtube.com\/channel\/UCknV8j-JmENizDmAIyMYjHQ\" target=\"_blank\" class=\"thb-social-link social-link-youtube\" rel=\"noreferrer\">\n\t\t\t\t<div class=\"thb-social-icon-container\"><i class=\"thb-icon-youtube\"><\/i><\/div>\n\t\t\t\t\t\t\t<\/a>\n\t\t\t\t<\/div>\n\t\t\t<\/div>\n\t[\/vc_column][vc_column width=&#8221;1\/2&#8243;]\n<div class=\"wpcf7 no-js\" id=\"wpcf7-f5238-o1\" lang=\"fr-FR\" dir=\"ltr\" data-wpcf7-id=\"5238\">\n<div class=\"screen-reader-response\"><p role=\"status\" aria-live=\"polite\" aria-atomic=\"true\"><\/p> <ul><\/ul><\/div>\n<form action=\"\/fr\/wp-json\/wp\/v2\/pages\/5112#wpcf7-f5238-o1\" method=\"post\" class=\"wpcf7-form init\" aria-label=\"Formulaire de contact\" novalidate=\"novalidate\" data-status=\"init\">\n<fieldset class=\"hidden-fields-container\"><input type=\"hidden\" name=\"_wpcf7\" value=\"5238\" \/><input type=\"hidden\" name=\"_wpcf7_version\" value=\"6.1.4\" \/><input type=\"hidden\" name=\"_wpcf7_locale\" value=\"fr_FR\" \/><input type=\"hidden\" name=\"_wpcf7_unit_tag\" value=\"wpcf7-f5238-o1\" \/><input type=\"hidden\" name=\"_wpcf7_container_post\" value=\"0\" \/><input type=\"hidden\" name=\"_wpcf7_posted_data_hash\" value=\"\" \/><input type=\"hidden\" name=\"_wpcf7_recaptcha_response\" value=\"\" \/>\n<\/fieldset>\n<div class=\"size1of2-wrapper\">\n\t<p class=\"size1of2\"><br \/>\n<label> Votre nom *<br \/>\n<span class=\"wpcf7-form-control-wrap\" data-name=\"your-name\"><input size=\"40\" maxlength=\"400\" class=\"wpcf7-form-control wpcf7-text wpcf7-validates-as-required\" aria-required=\"true\" aria-invalid=\"false\" value=\"\" type=\"text\" name=\"your-name\" \/><\/span> <\/label>\n\t<\/p>\n\t<p class=\"size1of2\"><br \/>\n<label> Votre Email *<br \/>\n<span class=\"wpcf7-form-control-wrap\" data-name=\"your-email\"><input size=\"40\" maxlength=\"400\" class=\"wpcf7-form-control wpcf7-email wpcf7-validates-as-required wpcf7-text wpcf7-validates-as-email\" aria-required=\"true\" aria-invalid=\"false\" value=\"\" type=\"email\" name=\"your-email\" \/><\/span> <\/label>\n\t<\/p>\n<\/div>\n<p class=\"select-wrapper\"><br \/>\n<label> Quelle est votre question ?<br \/>\n<span class=\"wpcf7-form-control-wrap\" data-name=\"menu-324\"><select class=\"wpcf7-form-control wpcf7-select\" aria-invalid=\"false\" name=\"menu-324\"><option value=\"Demande de devis\">Demande de devis<\/option><option value=\"Planifier une d\u00e9monstration ou un essai\">Planifier une d\u00e9monstration ou un essai<\/option><option value=\"Demande de reprise\/mise \u00e0 niveau\">Demande de reprise\/mise \u00e0 niveau<\/option><option value=\"Question sur un produit particulier\">Question sur un produit particulier<\/option><option value=\"Service ou assistance technique\">Service ou assistance technique<\/option><option value=\"Demande de pr\u00eat \u00e9tudiant\">Demande de pr\u00eat \u00e9tudiant<\/option><\/select><\/span> <\/label>\n<\/p>\n<p><span id=\"wpcf7-69e5afb142baa-wrapper\" class=\"wpcf7-form-control-wrap your-website-link-wrap\" style=\"display:none !important; visibility:hidden !important;\"><label for=\"wpcf7-69e5afb142baa-field\" class=\"hp-message\">Veuillez laisser ce champ vide.<\/label><input id=\"wpcf7-69e5afb142baa-field\"  class=\"wpcf7-form-control wpcf7-text\" type=\"text\" name=\"your-website-link\" value=\"\" size=\"40\" tabindex=\"-1\" autocomplete=\"new-password\" \/><\/span>\n<\/p>\n<p class=\"message-wrapper\"><br \/>\n<label> Votre message<br \/>\n<span class=\"wpcf7-form-control-wrap\" data-name=\"your-message\"><textarea cols=\"40\" rows=\"10\" maxlength=\"2000\" class=\"wpcf7-form-control wpcf7-textarea\" aria-invalid=\"false\" name=\"your-message\"><\/textarea><\/span> <\/label>\n<\/p>\n<div class=\"captcha-message\" style=\"margin-bottom:2.5em;margin-top: -1em;font-size: 11.5px;color:var(--text)\">\n\t<p><span>Ce site est prot\u00e9g\u00e9 par reCAPTCHA et les <a style=\"text-decoration:underline;color:var(--text)\" href=\"https:\/\/policies.google.com\/privacy\">r\u00e8gles de confidentialit\u00e9 de<\/a> Google<br \/>\nainsi que les <a style=\"text-decoration:underline;color:var(--text)\" href=\"https:\/\/policies.google.com\/terms\">conditions d'utilisation<\/a> de<br \/>\ns'appliquent.<\/span>\n\t<\/p>\n<\/div>\n<p class=\"submit-wrapper\"><br \/>\n<input class=\"wpcf7-form-control wpcf7-submit has-spinner\" type=\"submit\" value=\"Envoyer\" \/>\n<\/p><div class=\"wpcf7-response-output\" aria-hidden=\"true\"><\/div>\n<\/form>\n<\/div>\n[\/vc_column][\/vc_row]\n<\/section>","protected":false},"excerpt":{"rendered":"<p>[vc_row][vc_column][vc_empty_space height=&#8221;16px&#8221;][\/vc_column][\/vc_row][vc_row disable_element=&#8221;yes&#8221;][vc_column width=&#8221;1\/2&#8243;][vc_column_text] Avantages du programme PAS D&#8217;ARGENT \u00c0 LA CL\u00c9 Achetez votre \u00e9quipement et votre v\u00e9hicule aujourd&#8217;hui sans affecter votre tr\u00e9sorerie. Leasing disponible pour des \u00e9quipements et des v\u00e9hicules neufs ou d&#8217;occasion, sans restriction d&#8217;\u00e2ge ou de kilom\u00e9trage. (Pas de taux de prime utilis\u00e9). CONDITIONS FLEXIBLES (8 &#8211; 12 MOIS) Trouver une option&hellip;<\/p>\n","protected":false},"author":1,"featured_media":0,"parent":5131,"menu_order":0,"comment_status":"closed","ping_status":"closed","template":"page-info.php","meta":{"_acf_changed":false,"inline_featured_image":false,"footnotes":""},"class_list":["post-5112","page","type-page","status-publish","hentry"],"acf":[],"yoast_head":"<!-- This site is optimized with the Yoast SEO plugin v26.8 - https:\/\/yoast.com\/product\/yoast-seo-wordpress\/ -->\n<title>Financez votre \u00e9quipement | ViiSona<\/title>\n<meta name=\"robots\" content=\"index, follow, max-snippet:-1, max-image-preview:large, max-video-preview:-1\" \/>\n<link rel=\"canonical\" href=\"https:\/\/viisona.com\/fr\/soutien\/financez-votre-equipement\/\" \/>\n<meta property=\"og:locale\" content=\"fr_FR\" \/>\n<meta property=\"og:type\" content=\"article\" \/>\n<meta property=\"og:title\" content=\"Financez votre \u00e9quipement | ViiSona\" \/>\n<meta property=\"og:description\" content=\"[vc_row][vc_column][vc_empty_space height=&#8221;16px&#8221;][\/vc_column][\/vc_row][vc_row disable_element=&#8221;yes&#8221;][vc_column width=&#8221;1\/2&#8243;][vc_column_text] Avantages du programme PAS D&#8217;ARGENT \u00c0 LA CL\u00c9 Achetez votre \u00e9quipement et votre v\u00e9hicule aujourd&#8217;hui sans affecter votre tr\u00e9sorerie. Leasing disponible pour des \u00e9quipements et des v\u00e9hicules neufs ou d&#8217;occasion, sans restriction d&#8217;\u00e2ge ou de kilom\u00e9trage. (Pas de taux de prime utilis\u00e9). CONDITIONS FLEXIBLES (8 &#8211; 12 MOIS) Trouver une option&hellip;\" \/>\n<meta property=\"og:url\" content=\"https:\/\/viisona.com\/fr\/soutien\/financez-votre-equipement\/\" \/>\n<meta property=\"og:site_name\" content=\"ViiSona\" \/>\n<meta property=\"article:modified_time\" content=\"2024-04-10T01:31:53+00:00\" \/>\n<meta name=\"twitter:card\" content=\"summary_large_image\" \/>\n<meta name=\"twitter:label1\" content=\"Dur\u00e9e de lecture estim\u00e9e\" \/>\n\t<meta name=\"twitter:data1\" content=\"3 minutes\" \/>\n<script type=\"application\/ld+json\" class=\"yoast-schema-graph\">{\"@context\":\"https:\/\/schema.org\",\"@graph\":[{\"@type\":\"WebPage\",\"@id\":\"https:\/\/viisona.com\/fr\/soutien\/financez-votre-equipement\/\",\"url\":\"https:\/\/viisona.com\/fr\/soutien\/financez-votre-equipement\/\",\"name\":\"Financez votre \u00e9quipement | ViiSona\",\"isPartOf\":{\"@id\":\"https:\/\/viisona.com\/fr\/#website\"},\"datePublished\":\"2024-01-25T19:44:15+00:00\",\"dateModified\":\"2024-04-10T01:31:53+00:00\",\"breadcrumb\":{\"@id\":\"https:\/\/viisona.com\/fr\/soutien\/financez-votre-equipement\/#breadcrumb\"},\"inLanguage\":\"fr-FR\",\"potentialAction\":[{\"@type\":\"ReadAction\",\"target\":[\"https:\/\/viisona.com\/fr\/soutien\/financez-votre-equipement\/\"]}]},{\"@type\":\"BreadcrumbList\",\"@id\":\"https:\/\/viisona.com\/fr\/soutien\/financez-votre-equipement\/#breadcrumb\",\"itemListElement\":[{\"@type\":\"ListItem\",\"position\":1,\"name\":\"Home\",\"item\":\"https:\/\/viisona.com\/fr\/accueil\/\"},{\"@type\":\"ListItem\",\"position\":2,\"name\":\"Soutien\",\"item\":\"https:\/\/viisona.com\/fr\/soutien\/\"},{\"@type\":\"ListItem\",\"position\":3,\"name\":\"Financez votre \u00e9quipement\"}]},{\"@type\":\"WebSite\",\"@id\":\"https:\/\/viisona.com\/fr\/#website\",\"url\":\"https:\/\/viisona.com\/fr\/\",\"name\":\"ViiSona\",\"description\":\"Am\u00e9liorer les r\u00e9sultats pour les agriculteurs et les s\u00e9lectionneurs dans les communaut\u00e9s agricoles et de s\u00e9lection.\",\"publisher\":{\"@id\":\"https:\/\/viisona.com\/fr\/#organization\"},\"potentialAction\":[{\"@type\":\"SearchAction\",\"target\":{\"@type\":\"EntryPoint\",\"urlTemplate\":\"https:\/\/viisona.com\/fr\/?s={search_term_string}\"},\"query-input\":{\"@type\":\"PropertyValueSpecification\",\"valueRequired\":true,\"valueName\":\"search_term_string\"}}],\"inLanguage\":\"fr-FR\"},{\"@type\":\"Organization\",\"@id\":\"https:\/\/viisona.com\/fr\/#organization\",\"name\":\"ViiSona\",\"url\":\"https:\/\/viisona.com\/fr\/\",\"logo\":{\"@type\":\"ImageObject\",\"inLanguage\":\"fr-FR\",\"@id\":\"https:\/\/viisona.com\/fr\/#\/schema\/logo\/image\/\",\"url\":\"https:\/\/viisona.com\/wp-content\/uploads\/2020\/08\/viisona_1_FULLY_RASTERED.png\",\"contentUrl\":\"https:\/\/viisona.com\/wp-content\/uploads\/2020\/08\/viisona_1_FULLY_RASTERED.png\",\"width\":1080,\"height\":307,\"caption\":\"ViiSona\"},\"image\":{\"@id\":\"https:\/\/viisona.com\/fr\/#\/schema\/logo\/image\/\"}}]}<\/script>\n<!-- \/ Yoast SEO plugin. -->","yoast_head_json":{"title":"Financez votre \u00e9quipement | ViiSona","robots":{"index":"index","follow":"follow","max-snippet":"max-snippet:-1","max-image-preview":"max-image-preview:large","max-video-preview":"max-video-preview:-1"},"canonical":"https:\/\/viisona.com\/fr\/soutien\/financez-votre-equipement\/","og_locale":"fr_FR","og_type":"article","og_title":"Financez votre \u00e9quipement | ViiSona","og_description":"[vc_row][vc_column][vc_empty_space height=&#8221;16px&#8221;][\/vc_column][\/vc_row][vc_row disable_element=&#8221;yes&#8221;][vc_column width=&#8221;1\/2&#8243;][vc_column_text] Avantages du programme PAS D&#8217;ARGENT \u00c0 LA CL\u00c9 Achetez votre \u00e9quipement et votre v\u00e9hicule aujourd&#8217;hui sans affecter votre tr\u00e9sorerie. Leasing disponible pour des \u00e9quipements et des v\u00e9hicules neufs ou d&#8217;occasion, sans restriction d&#8217;\u00e2ge ou de kilom\u00e9trage. (Pas de taux de prime utilis\u00e9). CONDITIONS FLEXIBLES (8 &#8211; 12 MOIS) Trouver une option&hellip;","og_url":"https:\/\/viisona.com\/fr\/soutien\/financez-votre-equipement\/","og_site_name":"ViiSona","article_modified_time":"2024-04-10T01:31:53+00:00","twitter_card":"summary_large_image","twitter_misc":{"Dur\u00e9e de lecture estim\u00e9e":"3 minutes"},"schema":{"@context":"https:\/\/schema.org","@graph":[{"@type":"WebPage","@id":"https:\/\/viisona.com\/fr\/soutien\/financez-votre-equipement\/","url":"https:\/\/viisona.com\/fr\/soutien\/financez-votre-equipement\/","name":"Financez votre \u00e9quipement | ViiSona","isPartOf":{"@id":"https:\/\/viisona.com\/fr\/#website"},"datePublished":"2024-01-25T19:44:15+00:00","dateModified":"2024-04-10T01:31:53+00:00","breadcrumb":{"@id":"https:\/\/viisona.com\/fr\/soutien\/financez-votre-equipement\/#breadcrumb"},"inLanguage":"fr-FR","potentialAction":[{"@type":"ReadAction","target":["https:\/\/viisona.com\/fr\/soutien\/financez-votre-equipement\/"]}]},{"@type":"BreadcrumbList","@id":"https:\/\/viisona.com\/fr\/soutien\/financez-votre-equipement\/#breadcrumb","itemListElement":[{"@type":"ListItem","position":1,"name":"Home","item":"https:\/\/viisona.com\/fr\/accueil\/"},{"@type":"ListItem","position":2,"name":"Soutien","item":"https:\/\/viisona.com\/fr\/soutien\/"},{"@type":"ListItem","position":3,"name":"Financez votre \u00e9quipement"}]},{"@type":"WebSite","@id":"https:\/\/viisona.com\/fr\/#website","url":"https:\/\/viisona.com\/fr\/","name":"ViiSona","description":"Am\u00e9liorer les r\u00e9sultats pour les agriculteurs et les s\u00e9lectionneurs dans les communaut\u00e9s agricoles et de s\u00e9lection.","publisher":{"@id":"https:\/\/viisona.com\/fr\/#organization"},"potentialAction":[{"@type":"SearchAction","target":{"@type":"EntryPoint","urlTemplate":"https:\/\/viisona.com\/fr\/?s={search_term_string}"},"query-input":{"@type":"PropertyValueSpecification","valueRequired":true,"valueName":"search_term_string"}}],"inLanguage":"fr-FR"},{"@type":"Organization","@id":"https:\/\/viisona.com\/fr\/#organization","name":"ViiSona","url":"https:\/\/viisona.com\/fr\/","logo":{"@type":"ImageObject","inLanguage":"fr-FR","@id":"https:\/\/viisona.com\/fr\/#\/schema\/logo\/image\/","url":"https:\/\/viisona.com\/wp-content\/uploads\/2020\/08\/viisona_1_FULLY_RASTERED.png","contentUrl":"https:\/\/viisona.com\/wp-content\/uploads\/2020\/08\/viisona_1_FULLY_RASTERED.png","width":1080,"height":307,"caption":"ViiSona"},"image":{"@id":"https:\/\/viisona.com\/fr\/#\/schema\/logo\/image\/"}}]}},"jetpack_sharing_enabled":true,"_links":{"self":[{"href":"https:\/\/viisona.com\/fr\/wp-json\/wp\/v2\/pages\/5112","targetHints":{"allow":["GET"]}}],"collection":[{"href":"https:\/\/viisona.com\/fr\/wp-json\/wp\/v2\/pages"}],"about":[{"href":"https:\/\/viisona.com\/fr\/wp-json\/wp\/v2\/types\/page"}],"author":[{"embeddable":true,"href":"https:\/\/viisona.com\/fr\/wp-json\/wp\/v2\/users\/1"}],"replies":[{"embeddable":true,"href":"https:\/\/viisona.com\/fr\/wp-json\/wp\/v2\/comments?post=5112"}],"version-history":[{"count":2,"href":"https:\/\/viisona.com\/fr\/wp-json\/wp\/v2\/pages\/5112\/revisions"}],"predecessor-version":[{"id":5114,"href":"https:\/\/viisona.com\/fr\/wp-json\/wp\/v2\/pages\/5112\/revisions\/5114"}],"up":[{"embeddable":true,"href":"https:\/\/viisona.com\/fr\/wp-json\/wp\/v2\/pages\/5131"}],"wp:attachment":[{"href":"https:\/\/viisona.com\/fr\/wp-json\/wp\/v2\/media?parent=5112"}],"curies":[{"name":"wp","href":"https:\/\/api.w.org\/{rel}","templated":true}]}}