{"id":5109,"date":"2024-01-25T19:09:20","date_gmt":"2024-01-25T19:09:20","guid":{"rendered":"https:\/\/viisona.com\/demande-de-pret-etudiant\/"},"modified":"2024-04-10T01:31:53","modified_gmt":"2024-04-10T01:31:53","slug":"demande-de-pret-etudiant","status":"publish","type":"page","link":"https:\/\/viisona.com\/fr\/soutien\/demande-de-pret-etudiant\/","title":{"rendered":"Demande de pr\u00eat \u00e9tudiant"},"content":{"rendered":"<section class=\"wpb-content-wrapper\">[vc_row][vc_column][vc_empty_space height=&#8221;16px&#8221;][\/vc_column][\/vc_row][vc_row][vc_column width=&#8221;2\/5&#8243;][vc_row_inner][vc_column_inner][vc_column_text]\n<h2><b data-stringify-type=\"bold\">Futur v\u00e9t\u00e9rinaire ?<\/b><\/h2>\n<p>Nous sommes conscients des difficult\u00e9s li\u00e9es \u00e0 l&#8217;acquisition d&#8217;une exp\u00e9rience pratique de l&#8217;utilisation de l&#8217;\u00e9quipement essentiel \u00e0 votre future profession.<\/p>\n<p>Acqu\u00e9rir une pratique inestimable dans le monde r\u00e9el gr\u00e2ce \u00e0 notre programme de pr\u00eats aux \u00e9tudiants. Empruntez un syst\u00e8me d&#8217;\u00e9chographie pendant votre stage afin d&#8217;am\u00e9liorer vos comp\u00e9tences et votre pr\u00e9paration dans ce domaine.[\/vc_column_text][\/vc_column_inner][\/vc_row_inner][vc_empty_space][\/vc_column][vc_column width=&#8221;3\/5&#8243;][vc_column_text]\n<div class=\"wpcf7 no-js\" id=\"wpcf7-f5244-o1\" lang=\"fr-FR\" dir=\"ltr\" data-wpcf7-id=\"5244\">\n<div class=\"screen-reader-response\"><p role=\"status\" aria-live=\"polite\" aria-atomic=\"true\"><\/p> <ul><\/ul><\/div>\n<form action=\"\/fr\/wp-json\/wp\/v2\/pages\/5109#wpcf7-f5244-o1\" method=\"post\" class=\"wpcf7-form init styled-checkboxes\" aria-label=\"Formulaire de contact\" novalidate=\"novalidate\" data-status=\"init\">\n<fieldset class=\"hidden-fields-container\"><input type=\"hidden\" name=\"_wpcf7\" value=\"5244\" \/><input type=\"hidden\" name=\"_wpcf7_version\" value=\"6.1.4\" \/><input type=\"hidden\" name=\"_wpcf7_locale\" value=\"fr_FR\" \/><input type=\"hidden\" name=\"_wpcf7_unit_tag\" value=\"wpcf7-f5244-o1\" \/><input type=\"hidden\" name=\"_wpcf7_container_post\" value=\"0\" \/><input type=\"hidden\" name=\"_wpcf7_posted_data_hash\" value=\"\" \/><input type=\"hidden\" name=\"_wpcf7_recaptcha_response\" value=\"\" \/>\n<\/fieldset>\n<div class=\"size1of2-wrapper\">\n\t<p class=\"size1of2\"><br \/>\n<label> Pr\u00e9nom *<br \/>\n<span class=\"wpcf7-form-control-wrap\" data-name=\"first-name\"><input size=\"40\" maxlength=\"400\" class=\"wpcf7-form-control wpcf7-text wpcf7-validates-as-required\" aria-required=\"true\" aria-invalid=\"false\" value=\"\" type=\"text\" name=\"first-name\" \/><\/span> <\/label>\n\t<\/p>\n\t<p class=\"size1of2\"><br \/>\n<label> Nom de famille *<br \/>\n<span class=\"wpcf7-form-control-wrap\" data-name=\"last-name\"><input size=\"40\" maxlength=\"400\" class=\"wpcf7-form-control wpcf7-text wpcf7-validates-as-required\" aria-required=\"true\" aria-invalid=\"false\" value=\"\" type=\"text\" name=\"last-name\" \/><\/span> <\/label>\n\t<\/p>\n<\/div>\n<div class=\"size1of2-wrapper\">\n\t<p class=\"size1of2\"><br \/>\n<label> Coll\u00e8ge de m\u00e9decine v\u00e9t\u00e9rinaire *<br \/>\n<span class=\"wpcf7-form-control-wrap\" data-name=\"vet-college\"><input size=\"40\" maxlength=\"400\" class=\"wpcf7-form-control wpcf7-text wpcf7-validates-as-required\" aria-required=\"true\" aria-invalid=\"false\" value=\"\" type=\"text\" name=\"vet-college\" \/><\/span> <\/label>\n\t<\/p>\n\t<p class=\"size1of2\"><br \/>\n<label> Ann\u00e9e d'obtention *<br \/>\n<span class=\"wpcf7-form-control-wrap\" data-name=\"grad-year\"><input size=\"40\" maxlength=\"400\" class=\"wpcf7-form-control wpcf7-text wpcf7-validates-as-required\" aria-required=\"true\" aria-invalid=\"false\" value=\"\" type=\"text\" name=\"grad-year\" \/><\/span> <\/label>\n\t<\/p>\n<\/div>\n<div class=\"size1of2-wrapper\">\n\t<p class=\"size1of2\"><br \/>\n<label> Adresse \u00e9lectronique *<br \/>\n<span class=\"wpcf7-form-control-wrap\" data-name=\"email-address\"><input size=\"40\" maxlength=\"400\" class=\"wpcf7-form-control wpcf7-email wpcf7-validates-as-required wpcf7-text wpcf7-validates-as-email\" aria-required=\"true\" aria-invalid=\"false\" value=\"\" type=\"email\" name=\"email-address\" \/><\/span> <\/label>\n\t<\/p>\n\t<p class=\"size1of2\"><br \/>\n<label> Num\u00e9ro de t\u00e9l\u00e9phone *<br \/>\n<span class=\"wpcf7-form-control-wrap\" data-name=\"phone-number\"><input size=\"40\" maxlength=\"400\" class=\"wpcf7-form-control wpcf7-tel wpcf7-text wpcf7-validates-as-tel\" aria-invalid=\"false\" value=\"\" type=\"tel\" name=\"phone-number\" \/><\/span> <\/label>\n\t<\/p>\n<\/div>\n<p><br \/>\n<label> Pratique\/entreprise<br \/>\n<span class=\"wpcf7-form-control-wrap\" data-name=\"practice\"><input size=\"40\" maxlength=\"400\" class=\"wpcf7-form-control wpcf7-text\" aria-invalid=\"false\" value=\"\" type=\"text\" name=\"practice\" \/><\/span> <\/label>\n<\/p>\n<p><br \/>\n<label> V\u00e9t\u00e9rinaire superviseur<br \/>\n<span class=\"wpcf7-form-control-wrap\" data-name=\"supervising-vet\"><input size=\"40\" maxlength=\"400\" class=\"wpcf7-form-control wpcf7-text\" aria-invalid=\"false\" value=\"\" type=\"text\" name=\"supervising-vet\" \/><\/span> <\/label>\n<\/p>\n<p><br \/>\n<label> Adresse du cabinet\/de l'entreprise<br \/>\n<span class=\"wpcf7-form-control-wrap\" data-name=\"practice-address\"><input size=\"40\" maxlength=\"400\" class=\"wpcf7-form-control wpcf7-text\" aria-invalid=\"false\" value=\"\" type=\"text\" name=\"practice-address\" \/><\/span> <\/label>\n<\/p>\n<p><br \/>\n<label> Ville \/ Province \/ Code postal<br \/>\n<span class=\"wpcf7-form-control-wrap\" data-name=\"student-location\"><input size=\"40\" maxlength=\"400\" class=\"wpcf7-form-control wpcf7-text\" aria-invalid=\"false\" value=\"\" type=\"text\" name=\"student-location\" \/><\/span> <\/label>\n<\/p>\n<p><br \/>\n<label> Num\u00e9ro de t\u00e9l\u00e9phone du cabinet\/de l'entreprise<br \/>\n<span class=\"wpcf7-form-control-wrap\" data-name=\"practice-phone-number\"><input size=\"40\" maxlength=\"400\" class=\"wpcf7-form-control wpcf7-tel wpcf7-text wpcf7-validates-as-tel\" aria-invalid=\"false\" value=\"\" type=\"tel\" name=\"practice-phone-number\" \/><\/span> <\/label>\n<\/p>\n<div class=\"size1of2-wrapper\">\n\t<p class=\"size1of2\"><br \/>\n<label> Date Mat\u00e9riel n\u00e9cessaire<br \/>\n<span class=\"wpcf7-form-control-wrap\" data-name=\"date-of-need\"><input class=\"wpcf7-form-control wpcf7-date wpcf7-validates-as-required wpcf7-validates-as-date\" aria-required=\"true\" aria-invalid=\"false\" value=\"\" type=\"date\" name=\"date-of-need\" \/><\/span> <\/label>\n\t<\/p>\n\t<p class=\"size1of2\"><br \/>\n<label> Date de fin du stage<br \/>\n<span class=\"wpcf7-form-control-wrap\" data-name=\"date-ext-ends\"><input class=\"wpcf7-form-control wpcf7-date wpcf7-validates-as-required wpcf7-validates-as-date\" aria-required=\"true\" aria-invalid=\"false\" value=\"\" type=\"date\" name=\"date-ext-ends\" \/><\/span> <\/label>\n\t<\/p>\n<\/div>\n<p class=\"select-wrapper\"><br \/>\n<label> Stage \u00e9chographie Besoins<\/label><br \/>\n<span class=\"wpcf7-form-control-wrap\" data-name=\"equipment-needed\"><span class=\"wpcf7-form-control wpcf7-checkbox wpcf7-validates-as-required form-checkboxes\"><span class=\"wpcf7-list-item first\"><label><input type=\"checkbox\" name=\"equipment-needed[]\" value=\"Reproduction laiti\u00e8re\" \/><span class=\"wpcf7-list-item-label\">Reproduction laiti\u00e8re<\/span><\/label><\/span><span class=\"wpcf7-list-item\"><label><input type=\"checkbox\" name=\"equipment-needed[]\" value=\"Reproduction bovine\" \/><span class=\"wpcf7-list-item-label\">Reproduction bovine<\/span><\/label><\/span><span class=\"wpcf7-list-item\"><label><input type=\"checkbox\" name=\"equipment-needed[]\" value=\"Reproduction \u00e9quine\" \/><span class=\"wpcf7-list-item-label\">Reproduction \u00e9quine<\/span><\/label><\/span><span class=\"wpcf7-list-item\"><label><input type=\"checkbox\" name=\"equipment-needed[]\" value=\"M\u00e9decine sportive \u00e9quine\" \/><span class=\"wpcf7-list-item-label\">M\u00e9decine sportive \u00e9quine<\/span><\/label><\/span><span class=\"wpcf7-list-item\"><label><input type=\"checkbox\" name=\"equipment-needed[]\" value=\"Petits ruminants\" \/><span class=\"wpcf7-list-item-label\">Petits ruminants<\/span><\/label><\/span><span class=\"wpcf7-list-item\"><label><input type=\"checkbox\" name=\"equipment-needed[]\" value=\"Mixte grands animaux\" \/><span class=\"wpcf7-list-item-label\">Mixte grands animaux<\/span><\/label><\/span><span class=\"wpcf7-list-item\"><label><input type=\"checkbox\" name=\"equipment-needed[]\" value=\"Petits animaux\" \/><span class=\"wpcf7-list-item-label\">Petits animaux<\/span><\/label><\/span><span class=\"wpcf7-list-item last\"><label><input type=\"checkbox\" name=\"equipment-needed[]\" value=\"Autres\" \/><span class=\"wpcf7-list-item-label\">Autres<\/span><\/label><\/span><\/span><\/span>\n<\/p>\n<p class=\"select-wrapper\"><br \/>\n<label> Options de visualisation<\/label><br \/>\n<span class=\"wpcf7-form-control-wrap\" data-name=\"viewing-options\"><span class=\"wpcf7-form-control wpcf7-checkbox wpcf7-validates-as-required form-checkboxes\"><span class=\"wpcf7-list-item first\"><label><input type=\"checkbox\" name=\"viewing-options[]\" value=\"Lunettes de protection\" \/><span class=\"wpcf7-list-item-label\">Lunettes de protection<\/span><\/label><\/span><span class=\"wpcf7-list-item\"><label><input type=\"checkbox\" name=\"viewing-options[]\" value=\"\u00c9cran\" \/><span class=\"wpcf7-list-item-label\">\u00c9cran<\/span><\/label><\/span><span class=\"wpcf7-list-item last\"><label><input type=\"checkbox\" name=\"viewing-options[]\" value=\"Lunettes de protection + \u00e9cran\" \/><span class=\"wpcf7-list-item-label\">Lunettes de protection + \u00e9cran<\/span><\/label><\/span><\/span><\/span>\n<\/p>\n<p class=\"select-wrapper\"><br \/>\n<label> Sondes n\u00e9cessaires<\/label><br \/>\n<span class=\"wpcf7-form-control-wrap\" data-name=\"probes-needed\"><span class=\"wpcf7-form-control wpcf7-checkbox wpcf7-validates-as-required form-checkboxes\"><span class=\"wpcf7-list-item first\"><label><input type=\"checkbox\" name=\"probes-needed[]\" value=\"Rectal\" \/><span class=\"wpcf7-list-item-label\">Rectal<\/span><\/label><\/span><span class=\"wpcf7-list-item\"><label><input type=\"checkbox\" name=\"probes-needed[]\" value=\"Petit animal\" \/><span class=\"wpcf7-list-item-label\">Petit animal<\/span><\/label><\/span><span class=\"wpcf7-list-item\"><label><input type=\"checkbox\" name=\"probes-needed[]\" value=\"Tendon \u00e9quin\" \/><span class=\"wpcf7-list-item-label\">Tendon \u00e9quin<\/span><\/label><\/span><span class=\"wpcf7-list-item\"><label><input type=\"checkbox\" name=\"probes-needed[]\" value=\"Grand abdominal\" \/><span class=\"wpcf7-list-item-label\">Grand abdominal<\/span><\/label><\/span><span class=\"wpcf7-list-item last\"><label><input type=\"checkbox\" name=\"probes-needed[]\" value=\"Poign\u00e9e ICE\" \/><span class=\"wpcf7-list-item-label\">Poign\u00e9e ICE<\/span><\/label><\/span><\/span><\/span>\n<\/p>\n<p><br \/>\n<label> D\u00e9crivez le type de stage\/les objectifs (ainsi que toute autre information que vous souhaiteriez nous communiquer) :<\/label><br \/>\n<span class=\"wpcf7-form-control-wrap\" data-name=\"student-goals\"><textarea cols=\"40\" rows=\"10\" maxlength=\"2000\" class=\"wpcf7-form-control wpcf7-textarea\" aria-invalid=\"false\" name=\"student-goals\"><\/textarea><\/span>\n<\/p>\n<p><span id=\"wpcf7-69d2e01d40182-wrapper\" class=\"wpcf7-form-control-wrap your-business-website-wrap\" style=\"display:none !important; visibility:hidden !important;\"><label for=\"wpcf7-69d2e01d40182-field\" class=\"hp-message\">Veuillez laisser ce champ vide.<\/label><input id=\"wpcf7-69d2e01d40182-field\"  class=\"wpcf7-form-control wpcf7-text\" type=\"text\" name=\"your-business-website\" value=\"\" size=\"40\" tabindex=\"-1\" autocomplete=\"new-password\" \/><\/span>\n<\/p>\n<div class=\"captcha-message\" style=\"margin-bottom:2.5em;margin-top: -1em;font-size: 11.5px;color:var(--text)\">\n\t<p><span>Ce site est prot\u00e9g\u00e9 par reCAPTCHA et les <a style=\"text-decoration:underline;color:var(--text)\" href=\"https:\/\/policies.google.com\/privacy\">r\u00e8gles de confidentialit\u00e9 de<\/a> Google<br \/>\nainsi que les <a style=\"text-decoration:underline;color:var(--text)\" href=\"https:\/\/policies.google.com\/terms\">conditions d'utilisation<\/a> de<br \/>\ns'appliquent.<\/span>\n\t<\/p>\n<\/div>\n<p class=\"submit-wrapper\"><br \/>\n<input class=\"wpcf7-form-control wpcf7-submit has-spinner\" type=\"submit\" value=\"Soumettre une demande\" \/>\n<\/p><div class=\"wpcf7-response-output\" aria-hidden=\"true\"><\/div>\n<\/form>\n<\/div>\n[\/vc_column_text][\/vc_column][\/vc_row]\n<\/section>","protected":false},"excerpt":{"rendered":"<p>[vc_row][vc_column][vc_empty_space height=&#8221;16px&#8221;][\/vc_column][\/vc_row][vc_row][vc_column width=&#8221;2\/5&#8243;][vc_row_inner][vc_column_inner][vc_column_text] Futur v\u00e9t\u00e9rinaire ? Nous sommes conscients des difficult\u00e9s li\u00e9es \u00e0 l&#8217;acquisition d&#8217;une exp\u00e9rience pratique de l&#8217;utilisation de l&#8217;\u00e9quipement essentiel \u00e0 votre future profession. Acqu\u00e9rir une pratique inestimable dans le monde r\u00e9el gr\u00e2ce \u00e0 notre programme de pr\u00eats aux \u00e9tudiants. Empruntez un syst\u00e8me d&#8217;\u00e9chographie pendant votre stage afin d&#8217;am\u00e9liorer vos comp\u00e9tences et votre&hellip;<\/p>\n","protected":false},"author":1,"featured_media":0,"parent":5131,"menu_order":0,"comment_status":"closed","ping_status":"closed","template":"page-info.php","meta":{"_acf_changed":false,"inline_featured_image":false,"footnotes":""},"class_list":["post-5109","page","type-page","status-publish","hentry"],"acf":[],"yoast_head":"<!-- This site is optimized with the Yoast SEO plugin v26.8 - https:\/\/yoast.com\/product\/yoast-seo-wordpress\/ -->\n<title>Demande de pr\u00eat \u00e9tudiant | ViiSona<\/title>\n<meta name=\"robots\" content=\"index, follow, max-snippet:-1, max-image-preview:large, max-video-preview:-1\" \/>\n<link rel=\"canonical\" href=\"https:\/\/viisona.com\/fr\/soutien\/demande-de-pret-etudiant\/\" \/>\n<meta property=\"og:locale\" content=\"fr_FR\" \/>\n<meta property=\"og:type\" content=\"article\" \/>\n<meta property=\"og:title\" content=\"Demande de pr\u00eat \u00e9tudiant | ViiSona\" \/>\n<meta property=\"og:description\" content=\"[vc_row][vc_column][vc_empty_space height=&#8221;16px&#8221;][\/vc_column][\/vc_row][vc_row][vc_column width=&#8221;2\/5&#8243;][vc_row_inner][vc_column_inner][vc_column_text] Futur v\u00e9t\u00e9rinaire ? Nous sommes conscients des difficult\u00e9s li\u00e9es \u00e0 l&#8217;acquisition d&#8217;une exp\u00e9rience pratique de l&#8217;utilisation de l&#8217;\u00e9quipement essentiel \u00e0 votre future profession. Acqu\u00e9rir une pratique inestimable dans le monde r\u00e9el gr\u00e2ce \u00e0 notre programme de pr\u00eats aux \u00e9tudiants. Empruntez un syst\u00e8me d&#8217;\u00e9chographie pendant votre stage afin d&#8217;am\u00e9liorer vos comp\u00e9tences et votre&hellip;\" \/>\n<meta property=\"og:url\" content=\"https:\/\/viisona.com\/fr\/soutien\/demande-de-pret-etudiant\/\" \/>\n<meta property=\"og:site_name\" content=\"ViiSona\" \/>\n<meta property=\"article:modified_time\" content=\"2024-04-10T01:31:53+00:00\" \/>\n<meta name=\"twitter:card\" content=\"summary_large_image\" \/>\n<meta name=\"twitter:label1\" content=\"Dur\u00e9e de lecture estim\u00e9e\" \/>\n\t<meta name=\"twitter:data1\" content=\"1 minute\" \/>\n<script type=\"application\/ld+json\" class=\"yoast-schema-graph\">{\"@context\":\"https:\/\/schema.org\",\"@graph\":[{\"@type\":\"WebPage\",\"@id\":\"https:\/\/viisona.com\/fr\/soutien\/demande-de-pret-etudiant\/\",\"url\":\"https:\/\/viisona.com\/fr\/soutien\/demande-de-pret-etudiant\/\",\"name\":\"Demande de pr\u00eat \u00e9tudiant | ViiSona\",\"isPartOf\":{\"@id\":\"https:\/\/viisona.com\/fr\/#website\"},\"datePublished\":\"2024-01-25T19:09:20+00:00\",\"dateModified\":\"2024-04-10T01:31:53+00:00\",\"breadcrumb\":{\"@id\":\"https:\/\/viisona.com\/fr\/soutien\/demande-de-pret-etudiant\/#breadcrumb\"},\"inLanguage\":\"fr-FR\",\"potentialAction\":[{\"@type\":\"ReadAction\",\"target\":[\"https:\/\/viisona.com\/fr\/soutien\/demande-de-pret-etudiant\/\"]}]},{\"@type\":\"BreadcrumbList\",\"@id\":\"https:\/\/viisona.com\/fr\/soutien\/demande-de-pret-etudiant\/#breadcrumb\",\"itemListElement\":[{\"@type\":\"ListItem\",\"position\":1,\"name\":\"Home\",\"item\":\"https:\/\/viisona.com\/fr\/accueil\/\"},{\"@type\":\"ListItem\",\"position\":2,\"name\":\"Soutien\",\"item\":\"https:\/\/viisona.com\/fr\/soutien\/\"},{\"@type\":\"ListItem\",\"position\":3,\"name\":\"Demande de pr\u00eat \u00e9tudiant\"}]},{\"@type\":\"WebSite\",\"@id\":\"https:\/\/viisona.com\/fr\/#website\",\"url\":\"https:\/\/viisona.com\/fr\/\",\"name\":\"ViiSona\",\"description\":\"Am\u00e9liorer les r\u00e9sultats pour les agriculteurs et les s\u00e9lectionneurs dans les communaut\u00e9s agricoles et de s\u00e9lection.\",\"publisher\":{\"@id\":\"https:\/\/viisona.com\/fr\/#organization\"},\"potentialAction\":[{\"@type\":\"SearchAction\",\"target\":{\"@type\":\"EntryPoint\",\"urlTemplate\":\"https:\/\/viisona.com\/fr\/?s={search_term_string}\"},\"query-input\":{\"@type\":\"PropertyValueSpecification\",\"valueRequired\":true,\"valueName\":\"search_term_string\"}}],\"inLanguage\":\"fr-FR\"},{\"@type\":\"Organization\",\"@id\":\"https:\/\/viisona.com\/fr\/#organization\",\"name\":\"ViiSona\",\"url\":\"https:\/\/viisona.com\/fr\/\",\"logo\":{\"@type\":\"ImageObject\",\"inLanguage\":\"fr-FR\",\"@id\":\"https:\/\/viisona.com\/fr\/#\/schema\/logo\/image\/\",\"url\":\"https:\/\/viisona.com\/wp-content\/uploads\/2020\/08\/viisona_1_FULLY_RASTERED.png\",\"contentUrl\":\"https:\/\/viisona.com\/wp-content\/uploads\/2020\/08\/viisona_1_FULLY_RASTERED.png\",\"width\":1080,\"height\":307,\"caption\":\"ViiSona\"},\"image\":{\"@id\":\"https:\/\/viisona.com\/fr\/#\/schema\/logo\/image\/\"}}]}<\/script>\n<!-- \/ Yoast SEO plugin. -->","yoast_head_json":{"title":"Demande de pr\u00eat \u00e9tudiant | ViiSona","robots":{"index":"index","follow":"follow","max-snippet":"max-snippet:-1","max-image-preview":"max-image-preview:large","max-video-preview":"max-video-preview:-1"},"canonical":"https:\/\/viisona.com\/fr\/soutien\/demande-de-pret-etudiant\/","og_locale":"fr_FR","og_type":"article","og_title":"Demande de pr\u00eat \u00e9tudiant | ViiSona","og_description":"[vc_row][vc_column][vc_empty_space height=&#8221;16px&#8221;][\/vc_column][\/vc_row][vc_row][vc_column width=&#8221;2\/5&#8243;][vc_row_inner][vc_column_inner][vc_column_text] Futur v\u00e9t\u00e9rinaire ? Nous sommes conscients des difficult\u00e9s li\u00e9es \u00e0 l&#8217;acquisition d&#8217;une exp\u00e9rience pratique de l&#8217;utilisation de l&#8217;\u00e9quipement essentiel \u00e0 votre future profession. Acqu\u00e9rir une pratique inestimable dans le monde r\u00e9el gr\u00e2ce \u00e0 notre programme de pr\u00eats aux \u00e9tudiants. Empruntez un syst\u00e8me d&#8217;\u00e9chographie pendant votre stage afin d&#8217;am\u00e9liorer vos comp\u00e9tences et votre&hellip;","og_url":"https:\/\/viisona.com\/fr\/soutien\/demande-de-pret-etudiant\/","og_site_name":"ViiSona","article_modified_time":"2024-04-10T01:31:53+00:00","twitter_card":"summary_large_image","twitter_misc":{"Dur\u00e9e de lecture estim\u00e9e":"1 minute"},"schema":{"@context":"https:\/\/schema.org","@graph":[{"@type":"WebPage","@id":"https:\/\/viisona.com\/fr\/soutien\/demande-de-pret-etudiant\/","url":"https:\/\/viisona.com\/fr\/soutien\/demande-de-pret-etudiant\/","name":"Demande de pr\u00eat \u00e9tudiant | ViiSona","isPartOf":{"@id":"https:\/\/viisona.com\/fr\/#website"},"datePublished":"2024-01-25T19:09:20+00:00","dateModified":"2024-04-10T01:31:53+00:00","breadcrumb":{"@id":"https:\/\/viisona.com\/fr\/soutien\/demande-de-pret-etudiant\/#breadcrumb"},"inLanguage":"fr-FR","potentialAction":[{"@type":"ReadAction","target":["https:\/\/viisona.com\/fr\/soutien\/demande-de-pret-etudiant\/"]}]},{"@type":"BreadcrumbList","@id":"https:\/\/viisona.com\/fr\/soutien\/demande-de-pret-etudiant\/#breadcrumb","itemListElement":[{"@type":"ListItem","position":1,"name":"Home","item":"https:\/\/viisona.com\/fr\/accueil\/"},{"@type":"ListItem","position":2,"name":"Soutien","item":"https:\/\/viisona.com\/fr\/soutien\/"},{"@type":"ListItem","position":3,"name":"Demande de pr\u00eat \u00e9tudiant"}]},{"@type":"WebSite","@id":"https:\/\/viisona.com\/fr\/#website","url":"https:\/\/viisona.com\/fr\/","name":"ViiSona","description":"Am\u00e9liorer les r\u00e9sultats pour les agriculteurs et les s\u00e9lectionneurs dans les communaut\u00e9s agricoles et de s\u00e9lection.","publisher":{"@id":"https:\/\/viisona.com\/fr\/#organization"},"potentialAction":[{"@type":"SearchAction","target":{"@type":"EntryPoint","urlTemplate":"https:\/\/viisona.com\/fr\/?s={search_term_string}"},"query-input":{"@type":"PropertyValueSpecification","valueRequired":true,"valueName":"search_term_string"}}],"inLanguage":"fr-FR"},{"@type":"Organization","@id":"https:\/\/viisona.com\/fr\/#organization","name":"ViiSona","url":"https:\/\/viisona.com\/fr\/","logo":{"@type":"ImageObject","inLanguage":"fr-FR","@id":"https:\/\/viisona.com\/fr\/#\/schema\/logo\/image\/","url":"https:\/\/viisona.com\/wp-content\/uploads\/2020\/08\/viisona_1_FULLY_RASTERED.png","contentUrl":"https:\/\/viisona.com\/wp-content\/uploads\/2020\/08\/viisona_1_FULLY_RASTERED.png","width":1080,"height":307,"caption":"ViiSona"},"image":{"@id":"https:\/\/viisona.com\/fr\/#\/schema\/logo\/image\/"}}]}},"jetpack_sharing_enabled":true,"_links":{"self":[{"href":"https:\/\/viisona.com\/fr\/wp-json\/wp\/v2\/pages\/5109","targetHints":{"allow":["GET"]}}],"collection":[{"href":"https:\/\/viisona.com\/fr\/wp-json\/wp\/v2\/pages"}],"about":[{"href":"https:\/\/viisona.com\/fr\/wp-json\/wp\/v2\/types\/page"}],"author":[{"embeddable":true,"href":"https:\/\/viisona.com\/fr\/wp-json\/wp\/v2\/users\/1"}],"replies":[{"embeddable":true,"href":"https:\/\/viisona.com\/fr\/wp-json\/wp\/v2\/comments?post=5109"}],"version-history":[{"count":2,"href":"https:\/\/viisona.com\/fr\/wp-json\/wp\/v2\/pages\/5109\/revisions"}],"predecessor-version":[{"id":5111,"href":"https:\/\/viisona.com\/fr\/wp-json\/wp\/v2\/pages\/5109\/revisions\/5111"}],"up":[{"embeddable":true,"href":"https:\/\/viisona.com\/fr\/wp-json\/wp\/v2\/pages\/5131"}],"wp:attachment":[{"href":"https:\/\/viisona.com\/fr\/wp-json\/wp\/v2\/media?parent=5109"}],"curies":[{"name":"wp","href":"https:\/\/api.w.org\/{rel}","templated":true}]}}