{"id":5106,"date":"2022-12-19T20:26:54","date_gmt":"2022-12-19T20:26:54","guid":{"rendered":"https:\/\/viisona.com\/mises-a-jour-des-microprogrammes\/"},"modified":"2024-04-10T01:31:53","modified_gmt":"2024-04-10T01:31:53","slug":"mises-a-jour-des-microprogrammes","status":"publish","type":"page","link":"https:\/\/viisona.com\/fr\/soutien\/mises-a-jour-des-microprogrammes\/","title":{"rendered":"Mises \u00e0 jour des microprogrammes"},"content":{"rendered":"<section class=\"wpb-content-wrapper\">[vc_row][vc_column][vc_empty_space height=&#8221;54px&#8221;][\/vc_column][\/vc_row][vc_row][vc_column width=&#8221;2\/5&#8243; el_class=&#8221;pr-md-4&#8243;][vc_column_text el_class=&#8221;list-special&#8221;]\n<h2>Maintenez vos logiciels \u00e0 jour<\/h2>\n<p>Pour que votre syst\u00e8me d&#8217;\u00e9chographie fonctionne de mani\u00e8re optimale, vous devez mettre \u00e0 jour votre syst\u00e8me avec la version la plus r\u00e9cente du micrologiciel. Le micrologiciel est pr\u00eat \u00e0 \u00eatre t\u00e9l\u00e9charg\u00e9 gratuitement et souligne notre engagement \u00e0 tenir compte des commentaires de nos clients et des innovations que nous continuons \u00e0 d\u00e9velopper pour vos syst\u00e8mes d&#8217;imagerie.<\/p>\n<p>Remplissez le formulaire de demande de mise \u00e0 jour du micrologiciel ci-dessous et cliquez sur SOUMETTRE. Une fois le formulaire envoy\u00e9, vous recevrez une page de remerciement contenant des instructions sur la mani\u00e8re de mettre \u00e0 jour votre syst\u00e8me et un lien vers le fichier de mise \u00e0 jour du micrologiciel.[\/vc_column_text][\/vc_column][vc_column width=&#8221;3\/5&#8243; el_class=&#8221;pl-md-4&#8243;][vc_column_text]\n<div class=\"wpcf7 no-js\" id=\"wpcf7-f5240-o1\" lang=\"fr-FR\" dir=\"ltr\" data-wpcf7-id=\"5240\">\n<div class=\"screen-reader-response\"><p role=\"status\" aria-live=\"polite\" aria-atomic=\"true\"><\/p> <ul><\/ul><\/div>\n<form action=\"\/fr\/wp-json\/wp\/v2\/pages\/5106#wpcf7-f5240-o1\" method=\"post\" class=\"wpcf7-form init firmware-update-form\" aria-label=\"Formulaire de contact\" novalidate=\"novalidate\" data-status=\"init\">\n<fieldset class=\"hidden-fields-container\"><input type=\"hidden\" name=\"_wpcf7\" value=\"5240\" \/><input type=\"hidden\" name=\"_wpcf7_version\" value=\"6.1.4\" \/><input type=\"hidden\" name=\"_wpcf7_locale\" value=\"fr_FR\" \/><input type=\"hidden\" name=\"_wpcf7_unit_tag\" value=\"wpcf7-f5240-o1\" \/><input type=\"hidden\" name=\"_wpcf7_container_post\" value=\"0\" \/><input type=\"hidden\" name=\"_wpcf7_posted_data_hash\" value=\"\" \/><input type=\"hidden\" name=\"_wpcf7_recaptcha_response\" value=\"\" \/>\n<\/fieldset>\n<div class=\"size1of2-wrapper\">\n\t<p class=\"size1of2\"><br \/>\n<label> Pr\u00e9nom *<br \/>\n<span class=\"wpcf7-form-control-wrap\" data-name=\"first-name\"><input size=\"40\" maxlength=\"400\" class=\"wpcf7-form-control wpcf7-text wpcf7-validates-as-required\" aria-required=\"true\" aria-invalid=\"false\" value=\"\" type=\"text\" name=\"first-name\" \/><\/span> <\/label>\n\t<\/p>\n\t<p class=\"size1of2\"><br \/>\n<label> Nom de famille *<br \/>\n<span class=\"wpcf7-form-control-wrap\" data-name=\"last-name\"><input size=\"40\" maxlength=\"400\" class=\"wpcf7-form-control wpcf7-text wpcf7-validates-as-required\" aria-required=\"true\" aria-invalid=\"false\" value=\"\" type=\"text\" name=\"last-name\" \/><\/span> <\/label>\n\t<\/p>\n<\/div>\n<div class=\"size1of2-wrapper\">\n\t<p class=\"size1of2\"><br \/>\n<label> Adresse \u00e9lectronique *<br \/>\n<span class=\"wpcf7-form-control-wrap\" data-name=\"email-address\"><input size=\"40\" maxlength=\"400\" class=\"wpcf7-form-control wpcf7-email wpcf7-validates-as-required wpcf7-text wpcf7-validates-as-email\" aria-required=\"true\" aria-invalid=\"false\" value=\"\" type=\"email\" name=\"email-address\" \/><\/span> <\/label>\n\t<\/p>\n\t<p class=\"size1of2\"><br \/>\n<label> Num\u00e9ro de s\u00e9rie *<br \/>\n<span class=\"wpcf7-form-control-wrap\" data-name=\"serial-number\"><input size=\"40\" maxlength=\"400\" class=\"wpcf7-form-control wpcf7-text wpcf7-validates-as-required\" aria-required=\"true\" aria-invalid=\"false\" value=\"\" type=\"text\" name=\"serial-number\" \/><\/span> <\/label>\n\t<\/p>\n<\/div>\n<p class=\"select-wrapper\"><br \/>\n<label> \u00c9quipement poss\u00e9d\u00e9 (veuillez s\u00e9lectionner un appareil) :<\/label><br \/>\n<span class=\"wpcf7-form-control-wrap\" data-name=\"equipment-owned\"><span class=\"wpcf7-form-control wpcf7-checkbox wpcf7-validates-as-required form-checkboxes\"><span class=\"wpcf7-list-item first\"><label><input type=\"checkbox\" name=\"equipment-owned[]\" value=\"EVO III\" \/><span class=\"wpcf7-list-item-label\">EVO III<\/span><\/label><\/span><span class=\"wpcf7-list-item\"><label><input type=\"checkbox\" name=\"equipment-owned[]\" value=\"SA 2\" \/><span class=\"wpcf7-list-item-label\">SA 2<\/span><\/label><\/span><span class=\"wpcf7-list-item\"><label><input type=\"checkbox\" name=\"equipment-owned[]\" value=\"4Vet Blue\" \/><span class=\"wpcf7-list-item-label\">4Vet Blue<\/span><\/label><\/span><span class=\"wpcf7-list-item\"><label><input type=\"checkbox\" name=\"equipment-owned[]\" value=\"4Vet Slim\" \/><span class=\"wpcf7-list-item-label\">4Vet Slim<\/span><\/label><\/span><span class=\"wpcf7-list-item\"><label><input type=\"checkbox\" name=\"equipment-owned[]\" value=\"iScan 2\" \/><span class=\"wpcf7-list-item-label\">iScan 2<\/span><\/label><\/span><span class=\"wpcf7-list-item\"><label><input type=\"checkbox\" name=\"equipment-owned[]\" value=\"iScan 3\" \/><span class=\"wpcf7-list-item-label\">iScan 3<\/span><\/label><\/span><span class=\"wpcf7-list-item\"><label><input type=\"checkbox\" name=\"equipment-owned[]\" value=\"iScan Mini\" \/><span class=\"wpcf7-list-item-label\">iScan Mini<\/span><\/label><\/span><span class=\"wpcf7-list-item\"><label><input type=\"checkbox\" name=\"equipment-owned[]\" value=\"iScan2 Multi\" \/><span class=\"wpcf7-list-item-label\">iScan2 Multi<\/span><\/label><\/span><span class=\"wpcf7-list-item\"><label><input type=\"checkbox\" name=\"equipment-owned[]\" value=\"SonoFarm Mini\" \/><span class=\"wpcf7-list-item-label\">SonoFarm Mini<\/span><\/label><\/span><span class=\"wpcf7-list-item\"><label><input type=\"checkbox\" name=\"equipment-owned[]\" value=\"ScanPad Plus\" \/><span class=\"wpcf7-list-item-label\">ScanPad Plus<\/span><\/label><\/span><span class=\"wpcf7-list-item\"><label><input type=\"checkbox\" name=\"equipment-owned[]\" value=\"ScanX\" \/><span class=\"wpcf7-list-item-label\">ScanX<\/span><\/label><\/span><span class=\"wpcf7-list-item\"><label><input type=\"checkbox\" name=\"equipment-owned[]\" value=\"LiteNXT\" \/><span class=\"wpcf7-list-item-label\">LiteNXT<\/span><\/label><\/span><span class=\"wpcf7-list-item last\"><label><input type=\"checkbox\" name=\"equipment-owned[]\" value=\"ProNXT\" \/><span class=\"wpcf7-list-item-label\">ProNXT<\/span><\/label><\/span><\/span><\/span>\n<\/p>\n<p><span id=\"wpcf7-69eb5a2cb96fe-wrapper\" class=\"wpcf7-form-control-wrap your-business-website-wrap\" style=\"display:none !important; visibility:hidden !important;\"><label for=\"wpcf7-69eb5a2cb96fe-field\" class=\"hp-message\">Veuillez laisser ce champ vide.<\/label><input id=\"wpcf7-69eb5a2cb96fe-field\"  class=\"wpcf7-form-control wpcf7-text\" type=\"text\" name=\"your-business-website\" value=\"\" size=\"40\" tabindex=\"-1\" autocomplete=\"new-password\" \/><\/span>\n<\/p>\n<div class=\"captcha-message\" style=\"margin-bottom:2.5em;margin-top: -1em;font-size: 11.5px;color:var(--text)\">\n\t<p><span>Ce site est prot\u00e9g\u00e9 par reCAPTCHA et les <a style=\"text-decoration:underline;color:var(--text)\" href=\"https:\/\/policies.google.com\/privacy\">r\u00e8gles de confidentialit\u00e9 de<\/a> Google<br \/>\nainsi que les <a style=\"text-decoration:underline;color:var(--text)\" href=\"https:\/\/policies.google.com\/terms\">conditions d'utilisation<\/a> de<br \/>\ns'appliquent.<\/span>\n\t<\/p>\n<\/div>\n<p class=\"submit-wrapper\"><br \/>\n<input class=\"wpcf7-form-control wpcf7-submit has-spinner\" type=\"submit\" value=\"Envoyer\" \/>\n<\/p><div class=\"wpcf7-response-output\" aria-hidden=\"true\"><\/div>\n<\/form>\n<\/div>\n[\/vc_column_text][\/vc_column][\/vc_row][vc_row][vc_column][vc_empty_space][\/vc_column][\/vc_row]\n<\/section>","protected":false},"excerpt":{"rendered":"<p>[vc_row][vc_column][vc_empty_space height=&#8221;54px&#8221;][\/vc_column][\/vc_row][vc_row][vc_column width=&#8221;2\/5&#8243; el_class=&#8221;pr-md-4&#8243;][vc_column_text el_class=&#8221;list-special&#8221;] Maintenez vos logiciels \u00e0 jour Pour que votre syst\u00e8me d&#8217;\u00e9chographie fonctionne de mani\u00e8re optimale, vous devez mettre \u00e0 jour votre syst\u00e8me avec la version la plus r\u00e9cente du micrologiciel. Le micrologiciel est pr\u00eat \u00e0 \u00eatre t\u00e9l\u00e9charg\u00e9 gratuitement et souligne notre engagement \u00e0 tenir compte des commentaires de nos clients et&hellip;<\/p>\n","protected":false},"author":1,"featured_media":0,"parent":5131,"menu_order":0,"comment_status":"closed","ping_status":"closed","template":"page-info.php","meta":{"_acf_changed":false,"inline_featured_image":false,"footnotes":""},"class_list":["post-5106","page","type-page","status-publish","hentry"],"acf":[],"yoast_head":"<!-- This site is optimized with the Yoast SEO plugin v26.8 - https:\/\/yoast.com\/product\/yoast-seo-wordpress\/ -->\n<title>Mises \u00e0 jour des microprogrammes | ViiSona<\/title>\n<meta name=\"robots\" content=\"index, follow, max-snippet:-1, max-image-preview:large, max-video-preview:-1\" \/>\n<link rel=\"canonical\" href=\"https:\/\/viisona.com\/fr\/soutien\/mises-a-jour-des-microprogrammes\/\" \/>\n<meta property=\"og:locale\" content=\"fr_FR\" \/>\n<meta property=\"og:type\" content=\"article\" \/>\n<meta property=\"og:title\" content=\"Mises \u00e0 jour des microprogrammes | ViiSona\" \/>\n<meta property=\"og:description\" content=\"[vc_row][vc_column][vc_empty_space height=&#8221;54px&#8221;][\/vc_column][\/vc_row][vc_row][vc_column width=&#8221;2\/5&#8243; el_class=&#8221;pr-md-4&#8243;][vc_column_text el_class=&#8221;list-special&#8221;] Maintenez vos logiciels \u00e0 jour Pour que votre syst\u00e8me d&#8217;\u00e9chographie fonctionne de mani\u00e8re optimale, vous devez mettre \u00e0 jour votre syst\u00e8me avec la version la plus r\u00e9cente du micrologiciel. Le micrologiciel est pr\u00eat \u00e0 \u00eatre t\u00e9l\u00e9charg\u00e9 gratuitement et souligne notre engagement \u00e0 tenir compte des commentaires de nos clients et&hellip;\" \/>\n<meta property=\"og:url\" content=\"https:\/\/viisona.com\/fr\/soutien\/mises-a-jour-des-microprogrammes\/\" \/>\n<meta property=\"og:site_name\" content=\"ViiSona\" \/>\n<meta property=\"article:modified_time\" content=\"2024-04-10T01:31:53+00:00\" \/>\n<meta name=\"twitter:card\" content=\"summary_large_image\" \/>\n<meta name=\"twitter:label1\" content=\"Dur\u00e9e de lecture estim\u00e9e\" \/>\n\t<meta name=\"twitter:data1\" content=\"1 minute\" \/>\n<script type=\"application\/ld+json\" class=\"yoast-schema-graph\">{\"@context\":\"https:\/\/schema.org\",\"@graph\":[{\"@type\":\"WebPage\",\"@id\":\"https:\/\/viisona.com\/fr\/soutien\/mises-a-jour-des-microprogrammes\/\",\"url\":\"https:\/\/viisona.com\/fr\/soutien\/mises-a-jour-des-microprogrammes\/\",\"name\":\"Mises \u00e0 jour des microprogrammes | ViiSona\",\"isPartOf\":{\"@id\":\"https:\/\/viisona.com\/fr\/#website\"},\"datePublished\":\"2022-12-19T20:26:54+00:00\",\"dateModified\":\"2024-04-10T01:31:53+00:00\",\"breadcrumb\":{\"@id\":\"https:\/\/viisona.com\/fr\/soutien\/mises-a-jour-des-microprogrammes\/#breadcrumb\"},\"inLanguage\":\"fr-FR\",\"potentialAction\":[{\"@type\":\"ReadAction\",\"target\":[\"https:\/\/viisona.com\/fr\/soutien\/mises-a-jour-des-microprogrammes\/\"]}]},{\"@type\":\"BreadcrumbList\",\"@id\":\"https:\/\/viisona.com\/fr\/soutien\/mises-a-jour-des-microprogrammes\/#breadcrumb\",\"itemListElement\":[{\"@type\":\"ListItem\",\"position\":1,\"name\":\"Home\",\"item\":\"https:\/\/viisona.com\/fr\/accueil\/\"},{\"@type\":\"ListItem\",\"position\":2,\"name\":\"Soutien\",\"item\":\"https:\/\/viisona.com\/fr\/soutien\/\"},{\"@type\":\"ListItem\",\"position\":3,\"name\":\"Mises \u00e0 jour des microprogrammes\"}]},{\"@type\":\"WebSite\",\"@id\":\"https:\/\/viisona.com\/fr\/#website\",\"url\":\"https:\/\/viisona.com\/fr\/\",\"name\":\"ViiSona\",\"description\":\"Am\u00e9liorer les r\u00e9sultats pour les agriculteurs et les s\u00e9lectionneurs dans les communaut\u00e9s agricoles et de s\u00e9lection.\",\"publisher\":{\"@id\":\"https:\/\/viisona.com\/fr\/#organization\"},\"potentialAction\":[{\"@type\":\"SearchAction\",\"target\":{\"@type\":\"EntryPoint\",\"urlTemplate\":\"https:\/\/viisona.com\/fr\/?s={search_term_string}\"},\"query-input\":{\"@type\":\"PropertyValueSpecification\",\"valueRequired\":true,\"valueName\":\"search_term_string\"}}],\"inLanguage\":\"fr-FR\"},{\"@type\":\"Organization\",\"@id\":\"https:\/\/viisona.com\/fr\/#organization\",\"name\":\"ViiSona\",\"url\":\"https:\/\/viisona.com\/fr\/\",\"logo\":{\"@type\":\"ImageObject\",\"inLanguage\":\"fr-FR\",\"@id\":\"https:\/\/viisona.com\/fr\/#\/schema\/logo\/image\/\",\"url\":\"https:\/\/viisona.com\/wp-content\/uploads\/2020\/08\/viisona_1_FULLY_RASTERED.png\",\"contentUrl\":\"https:\/\/viisona.com\/wp-content\/uploads\/2020\/08\/viisona_1_FULLY_RASTERED.png\",\"width\":1080,\"height\":307,\"caption\":\"ViiSona\"},\"image\":{\"@id\":\"https:\/\/viisona.com\/fr\/#\/schema\/logo\/image\/\"}}]}<\/script>\n<!-- \/ Yoast SEO plugin. -->","yoast_head_json":{"title":"Mises \u00e0 jour des microprogrammes | ViiSona","robots":{"index":"index","follow":"follow","max-snippet":"max-snippet:-1","max-image-preview":"max-image-preview:large","max-video-preview":"max-video-preview:-1"},"canonical":"https:\/\/viisona.com\/fr\/soutien\/mises-a-jour-des-microprogrammes\/","og_locale":"fr_FR","og_type":"article","og_title":"Mises \u00e0 jour des microprogrammes | ViiSona","og_description":"[vc_row][vc_column][vc_empty_space height=&#8221;54px&#8221;][\/vc_column][\/vc_row][vc_row][vc_column width=&#8221;2\/5&#8243; el_class=&#8221;pr-md-4&#8243;][vc_column_text el_class=&#8221;list-special&#8221;] Maintenez vos logiciels \u00e0 jour Pour que votre syst\u00e8me d&#8217;\u00e9chographie fonctionne de mani\u00e8re optimale, vous devez mettre \u00e0 jour votre syst\u00e8me avec la version la plus r\u00e9cente du micrologiciel. Le micrologiciel est pr\u00eat \u00e0 \u00eatre t\u00e9l\u00e9charg\u00e9 gratuitement et souligne notre engagement \u00e0 tenir compte des commentaires de nos clients et&hellip;","og_url":"https:\/\/viisona.com\/fr\/soutien\/mises-a-jour-des-microprogrammes\/","og_site_name":"ViiSona","article_modified_time":"2024-04-10T01:31:53+00:00","twitter_card":"summary_large_image","twitter_misc":{"Dur\u00e9e de lecture estim\u00e9e":"1 minute"},"schema":{"@context":"https:\/\/schema.org","@graph":[{"@type":"WebPage","@id":"https:\/\/viisona.com\/fr\/soutien\/mises-a-jour-des-microprogrammes\/","url":"https:\/\/viisona.com\/fr\/soutien\/mises-a-jour-des-microprogrammes\/","name":"Mises \u00e0 jour des microprogrammes | ViiSona","isPartOf":{"@id":"https:\/\/viisona.com\/fr\/#website"},"datePublished":"2022-12-19T20:26:54+00:00","dateModified":"2024-04-10T01:31:53+00:00","breadcrumb":{"@id":"https:\/\/viisona.com\/fr\/soutien\/mises-a-jour-des-microprogrammes\/#breadcrumb"},"inLanguage":"fr-FR","potentialAction":[{"@type":"ReadAction","target":["https:\/\/viisona.com\/fr\/soutien\/mises-a-jour-des-microprogrammes\/"]}]},{"@type":"BreadcrumbList","@id":"https:\/\/viisona.com\/fr\/soutien\/mises-a-jour-des-microprogrammes\/#breadcrumb","itemListElement":[{"@type":"ListItem","position":1,"name":"Home","item":"https:\/\/viisona.com\/fr\/accueil\/"},{"@type":"ListItem","position":2,"name":"Soutien","item":"https:\/\/viisona.com\/fr\/soutien\/"},{"@type":"ListItem","position":3,"name":"Mises \u00e0 jour des microprogrammes"}]},{"@type":"WebSite","@id":"https:\/\/viisona.com\/fr\/#website","url":"https:\/\/viisona.com\/fr\/","name":"ViiSona","description":"Am\u00e9liorer les r\u00e9sultats pour les agriculteurs et les s\u00e9lectionneurs dans les communaut\u00e9s agricoles et de s\u00e9lection.","publisher":{"@id":"https:\/\/viisona.com\/fr\/#organization"},"potentialAction":[{"@type":"SearchAction","target":{"@type":"EntryPoint","urlTemplate":"https:\/\/viisona.com\/fr\/?s={search_term_string}"},"query-input":{"@type":"PropertyValueSpecification","valueRequired":true,"valueName":"search_term_string"}}],"inLanguage":"fr-FR"},{"@type":"Organization","@id":"https:\/\/viisona.com\/fr\/#organization","name":"ViiSona","url":"https:\/\/viisona.com\/fr\/","logo":{"@type":"ImageObject","inLanguage":"fr-FR","@id":"https:\/\/viisona.com\/fr\/#\/schema\/logo\/image\/","url":"https:\/\/viisona.com\/wp-content\/uploads\/2020\/08\/viisona_1_FULLY_RASTERED.png","contentUrl":"https:\/\/viisona.com\/wp-content\/uploads\/2020\/08\/viisona_1_FULLY_RASTERED.png","width":1080,"height":307,"caption":"ViiSona"},"image":{"@id":"https:\/\/viisona.com\/fr\/#\/schema\/logo\/image\/"}}]}},"jetpack_sharing_enabled":true,"_links":{"self":[{"href":"https:\/\/viisona.com\/fr\/wp-json\/wp\/v2\/pages\/5106","targetHints":{"allow":["GET"]}}],"collection":[{"href":"https:\/\/viisona.com\/fr\/wp-json\/wp\/v2\/pages"}],"about":[{"href":"https:\/\/viisona.com\/fr\/wp-json\/wp\/v2\/types\/page"}],"author":[{"embeddable":true,"href":"https:\/\/viisona.com\/fr\/wp-json\/wp\/v2\/users\/1"}],"replies":[{"embeddable":true,"href":"https:\/\/viisona.com\/fr\/wp-json\/wp\/v2\/comments?post=5106"}],"version-history":[{"count":2,"href":"https:\/\/viisona.com\/fr\/wp-json\/wp\/v2\/pages\/5106\/revisions"}],"predecessor-version":[{"id":5108,"href":"https:\/\/viisona.com\/fr\/wp-json\/wp\/v2\/pages\/5106\/revisions\/5108"}],"up":[{"embeddable":true,"href":"https:\/\/viisona.com\/fr\/wp-json\/wp\/v2\/pages\/5131"}],"wp:attachment":[{"href":"https:\/\/viisona.com\/fr\/wp-json\/wp\/v2\/media?parent=5106"}],"curies":[{"name":"wp","href":"https:\/\/api.w.org\/{rel}","templated":true}]}}