{"id":5100,"date":"2020-10-30T16:29:04","date_gmt":"2020-10-30T16:29:04","guid":{"rendered":"https:\/\/viisona.com\/garantie-et-echanges\/"},"modified":"2024-04-10T01:31:53","modified_gmt":"2024-04-10T01:31:53","slug":"garantie-et-echanges","status":"publish","type":"page","link":"https:\/\/viisona.com\/fr\/soutien\/garantie-et-echanges\/","title":{"rendered":"Garantie et \u00e9changes"},"content":{"rendered":"<section class=\"wpb-content-wrapper\">[vc_row][vc_column][vc_empty_space height=&#8221;16px&#8221;][\/vc_column][\/vc_row][vc_row][vc_column el_class=&#8221;col-solo&#8221;][vc_column_text el_class=&#8221;list-special&#8221;]\n<h2>La satisfaction du client est notre priorit\u00e9 absolue<\/h2>\n<p>Nous nous engageons \u00e0 vous fournir le meilleur service et la meilleure assistance, afin que vous soyez enti\u00e8rement satisfait de votre achat.<\/p>\n<p>Si votre commande est incorrecte, endommag\u00e9e, d\u00e9fectueuse ou si elle ne vous satisfait pas, veuillez nous contacter dans les 15 jours suivant la r\u00e9ception de votre commande.[\/vc_column_text][vc_empty_space height=&#8221;16px&#8221;][vc_column_text]<div class=\"row media-row\">\n                <div class=\"small-12 columns\">\n                    <ul class=\"unstyled d-flex contact-iconbox\">\n                  <li>\n                    <img decoding=\"async\" class=\"media-icon lazyload\" draggable=\"false\" alt=\"phone icon\" src=\"data:image\/gif;base64,R0lGODlhAQABAAAAACH5BAEKAAEALAAAAAABAAEAAAICTAEAOw==\" data-src=\"https:\/\/viisona.com\/wp-content\/uploads\/2020\/10\/260E.svg\">\n                    <a href=\"tel:18006729182\">1 (800) 672-9182<\/a>\n                  <\/li>\n                   <li>\n                    <img decoding=\"async\" class=\"media-icon lazyload\" draggable=\"false\" alt=\"email icon\" src=\"data:image\/gif;base64,R0lGODlhAQABAAAAACH5BAEKAAEALAAAAAABAAEAAAICTAEAOw==\" data-src=\"https:\/\/viisona.com\/wp-content\/uploads\/2020\/11\/2709-1.svg\">\n                    <a href=\"mailto:info@viisona.com\">info@viisona.com<\/a>\n                  <\/li>\n\n                <\/ul>\n                <\/div>\n                <\/div>[\/vc_column_text][vc_empty_space][vc_column_text el_class=&#8221;list-special media-row&#8221;]\n<h3>Politique de retour<\/h3>\n<p>La plupart des articles disponibles \u00e0 l&#8217;achat sont remboursables dans un d\u00e9lai de 15 jours \u00e0 compter de la date de r\u00e9ception de la livraison ; toutefois, les restrictions suivantes s&#8217;appliquent :[\/vc_column_text][vc_row_inner][vc_column_inner width=&#8221;2\/3&#8243;][vc_column_text el_class=&#8221;list-special&#8221;]\n<ul>\n<li>Notre garantie s&#8217;applique pendant 15 jours \u00e0 compter de la date du r\u00e9c\u00e9piss\u00e9 de livraison.<\/li>\n<li>Si votre commande ne vous parvient pas dans les 15 jours suivant votre confirmation d&#8217;exp\u00e9dition, veuillez nous en informer par t\u00e9l\u00e9phone ou par courrier \u00e9lectronique.<\/li>\n<li>Une autorisation de retour doit \u00eatre obtenue aupr\u00e8s de ViiSona avant de retourner au point de vente.<\/li>\n<li>Les frais d&#8217;exp\u00e9dition et de manutention ne sont pas remboursables ; toutefois, si nous avons commis une erreur dans le traitement de votre commande, ou si le produit est endommag\u00e9 ou d\u00e9fectueux, nous serons heureux de vous rembourser les frais d&#8217;exp\u00e9dition et de manutention.<\/li>\n<li>Les articles dont le retour a \u00e9t\u00e9 approuv\u00e9 seront livr\u00e9s conform\u00e9ment aux instructions d&#8217;exp\u00e9dition de ViiSona. Des frais de restockage de 10 % peuvent s&#8217;appliquer aux retours approuv\u00e9s.<\/li>\n<li>Les produits retourn\u00e9s doivent \u00eatre re\u00e7us dans leur \u00e9tat d&#8217;origine &#8220;comme neuf&#8221;, en parfait \u00e9tat de fonctionnement, sans marques, rayures ou d\u00e9fauts visibles, et dans leur emballage d&#8217;origine. Cela comprend tous les accessoires, les cartes de garantie et les manuels.<\/li>\n<li>Les articles de remplacement ou consommables qui ont \u00e9t\u00e9 ouverts de leur emballage d&#8217;origine (piles suppl\u00e9mentaires, gants, etc.) ne sont pas retournables, sauf s&#8217;ils sont d\u00e9fectueux ou endommag\u00e9s \u00e0 la r\u00e9ception, auquel cas une autorisation de retour sera n\u00e9cessaire pour traiter une r\u00e9clamation au titre de la garantie du fabricant.<\/li>\n<li>Tous les articles retourn\u00e9s seront inspect\u00e9s par ViiSona avant qu&#8217;un remboursement autoris\u00e9 ne soit trait\u00e9 et \u00e9mis. Veuillez noter que les articles ou pi\u00e8ces manquants peuvent retarder le traitement de votre remboursement et\/ou entra\u00eener un ajustement du remboursement pour les r\u00e9parations ou le remplacement n\u00e9cessaires afin de retrouver l&#8217;\u00e9tat neuf et vendable d&#8217;origine.<\/li>\n<li>Tous les remboursements autoris\u00e9s seront effectu\u00e9s sur la base du type de paiement utilis\u00e9 pour effectuer l&#8217;achat.<\/li>\n<\/ul>\n[\/vc_column_text][\/vc_column_inner][vc_column_inner width=&#8221;1\/3&#8243; offset=&#8221;vc_hidden-sm vc_hidden-xs&#8221;][\/vc_column_inner][\/vc_row_inner][\/vc_column][\/vc_row][vc_row][vc_column][vc_empty_space][\/vc_column][\/vc_row][vc_row][vc_column width=&#8221;1\/2&#8243; el_class=&#8221;media-row pr-md-4&#8243;][vc_column_text]\n<h3>Garantie et assistance aux r\u00e9parations<\/h3>\n<p>Nous nous alignons sur les fabricants qui offrent des produits bien construits, de haute qualit\u00e9 et enti\u00e8rement couverts par les garanties du fabricant. Nous promettons que tous les d\u00e9fis seront g\u00e9r\u00e9s rapidement, efficacement et \u00e0 moindre co\u00fbt.<\/p>\n[\/vc_column_text][vc_empty_space height=&#8221;12px&#8221;][vc_column_text]<div class=\"contact-details new-contact\"><h5>Our Offices<\/h5><div class=\"blockwrap\"><address class=\"main-address mb-1\">\n                <span class=\"address-header\" style=\"color: var(--text);\"><strong>Sales & Technical Services<\/strong><\/span>\n                <span>38 Rue Canvin<\/span>\n\t\t\t\t<span>Kirkland, QC H9H 4S4<\/span>\n                <span>Canada<\/span>\n\t\t\t\t<\/address><address class=\"main-address secondary-address mt-3 mb-1\">\n                <span class=\"address-header\" style=\"color: var(--text);\"><strong>Administration<\/strong><\/span>\n                <span>PO Box 93088<\/span>\n                <span>West Vancouver, BC  V7W 3G4<\/span>\n                <span>Canada<\/span>\n                <\/address><div class=\"contact-links mt-2 pb-2\"><span class=\"contact-link\"><a href=\"mailto:info@viisona.com\">info@viisona.com<\/a><\/span><span class=\"contact-link\"><a href=\"tel:+18006729182\">1 (800) 672-9182<\/a><\/span><\/div><\/div> <\/div>[\/vc_column_text][vc_empty_space height=&#8221;16px&#8221;]\t<div id=\"thb-social-links-69d120f881f4e\" class=\"thb-social-links-element style3\">\n\t\t\t\t\t<div class=\"thb-social-links-container style3\">\n\t\t\t\t\t<a href=\"https:\/\/facebook.com\/viisona\" target=\"_blank\" class=\"thb-social-link social-link-facebook\" rel=\"noreferrer\">\n\t\t\t\t<div class=\"thb-social-icon-container\"><i class=\"thb-icon-facebook\"><\/i><\/div>\n\t\t\t\t\t\t\t<\/a>\n\t\t\t\t\t<a href=\"https:\/\/twitter.com\/farmtechsol\" target=\"_blank\" class=\"thb-social-link social-link-twitter\" rel=\"noreferrer\">\n\t\t\t\t<div class=\"thb-social-icon-container\"><i class=\"thb-icon-twitter\"><\/i><\/div>\n\t\t\t\t\t\t\t<\/a>\n\t\t\t\t\t<a href=\"https:\/\/youtube.com\/channel\/UCknV8j-JmENizDmAIyMYjHQ\" target=\"_blank\" class=\"thb-social-link social-link-youtube\" rel=\"noreferrer\">\n\t\t\t\t<div class=\"thb-social-icon-container\"><i class=\"thb-icon-youtube\"><\/i><\/div>\n\t\t\t\t\t\t\t<\/a>\n\t\t\t\t<\/div>\n\t\t\t<\/div>\n\t[\/vc_column][vc_column width=&#8221;1\/2&#8243; el_class=&#8221;pl-md-4 my-auto&#8221;][vc_column_text]\n<div class=\"wpcf7 no-js\" id=\"wpcf7-f5238-o1\" lang=\"fr-FR\" dir=\"ltr\" data-wpcf7-id=\"5238\">\n<div class=\"screen-reader-response\"><p role=\"status\" aria-live=\"polite\" aria-atomic=\"true\"><\/p> <ul><\/ul><\/div>\n<form action=\"\/fr\/wp-json\/wp\/v2\/pages\/5100#wpcf7-f5238-o1\" method=\"post\" class=\"wpcf7-form init\" aria-label=\"Formulaire de contact\" novalidate=\"novalidate\" data-status=\"init\">\n<fieldset class=\"hidden-fields-container\"><input type=\"hidden\" name=\"_wpcf7\" value=\"5238\" \/><input type=\"hidden\" name=\"_wpcf7_version\" value=\"6.1.4\" \/><input type=\"hidden\" name=\"_wpcf7_locale\" value=\"fr_FR\" \/><input type=\"hidden\" name=\"_wpcf7_unit_tag\" value=\"wpcf7-f5238-o1\" \/><input type=\"hidden\" name=\"_wpcf7_container_post\" value=\"0\" \/><input type=\"hidden\" name=\"_wpcf7_posted_data_hash\" value=\"\" \/><input type=\"hidden\" name=\"_wpcf7_recaptcha_response\" value=\"\" \/>\n<\/fieldset>\n<div class=\"size1of2-wrapper\">\n\t<p class=\"size1of2\"><br \/>\n<label> Votre nom *<br \/>\n<span class=\"wpcf7-form-control-wrap\" data-name=\"your-name\"><input size=\"40\" maxlength=\"400\" class=\"wpcf7-form-control wpcf7-text wpcf7-validates-as-required\" aria-required=\"true\" aria-invalid=\"false\" value=\"\" type=\"text\" name=\"your-name\" \/><\/span> <\/label>\n\t<\/p>\n\t<p class=\"size1of2\"><br \/>\n<label> Votre Email *<br \/>\n<span class=\"wpcf7-form-control-wrap\" data-name=\"your-email\"><input size=\"40\" maxlength=\"400\" class=\"wpcf7-form-control wpcf7-email wpcf7-validates-as-required wpcf7-text wpcf7-validates-as-email\" aria-required=\"true\" aria-invalid=\"false\" value=\"\" type=\"email\" name=\"your-email\" \/><\/span> <\/label>\n\t<\/p>\n<\/div>\n<p class=\"select-wrapper\"><br \/>\n<label> Quelle est votre question ?<br \/>\n<span class=\"wpcf7-form-control-wrap\" data-name=\"menu-324\"><select class=\"wpcf7-form-control wpcf7-select\" aria-invalid=\"false\" name=\"menu-324\"><option value=\"Demande de devis\">Demande de devis<\/option><option value=\"Planifier une d\u00e9monstration ou un essai\">Planifier une d\u00e9monstration ou un essai<\/option><option value=\"Demande de reprise\/mise \u00e0 niveau\">Demande de reprise\/mise \u00e0 niveau<\/option><option value=\"Question sur un produit particulier\">Question sur un produit particulier<\/option><option value=\"Service ou assistance technique\">Service ou assistance technique<\/option><option value=\"Demande de pr\u00eat \u00e9tudiant\">Demande de pr\u00eat \u00e9tudiant<\/option><\/select><\/span> <\/label>\n<\/p>\n<p><span id=\"wpcf7-69d120f883d62-wrapper\" class=\"wpcf7-form-control-wrap your-website-link-wrap\" style=\"display:none !important; visibility:hidden !important;\"><label for=\"wpcf7-69d120f883d62-field\" class=\"hp-message\">Veuillez laisser ce champ vide.<\/label><input id=\"wpcf7-69d120f883d62-field\"  class=\"wpcf7-form-control wpcf7-text\" type=\"text\" name=\"your-website-link\" value=\"\" size=\"40\" tabindex=\"-1\" autocomplete=\"new-password\" \/><\/span>\n<\/p>\n<p class=\"message-wrapper\"><br \/>\n<label> Votre message<br \/>\n<span class=\"wpcf7-form-control-wrap\" data-name=\"your-message\"><textarea cols=\"40\" rows=\"10\" maxlength=\"2000\" class=\"wpcf7-form-control wpcf7-textarea\" aria-invalid=\"false\" name=\"your-message\"><\/textarea><\/span> <\/label>\n<\/p>\n<div class=\"captcha-message\" style=\"margin-bottom:2.5em;margin-top: -1em;font-size: 11.5px;color:var(--text)\">\n\t<p><span>Ce site est prot\u00e9g\u00e9 par reCAPTCHA et les <a style=\"text-decoration:underline;color:var(--text)\" href=\"https:\/\/policies.google.com\/privacy\">r\u00e8gles de confidentialit\u00e9 de<\/a> Google<br \/>\nainsi que les <a style=\"text-decoration:underline;color:var(--text)\" href=\"https:\/\/policies.google.com\/terms\">conditions d'utilisation<\/a> de<br \/>\ns'appliquent.<\/span>\n\t<\/p>\n<\/div>\n<p class=\"submit-wrapper\"><br \/>\n<input class=\"wpcf7-form-control wpcf7-submit has-spinner\" type=\"submit\" value=\"Envoyer\" \/>\n<\/p><div class=\"wpcf7-response-output\" aria-hidden=\"true\"><\/div>\n<\/form>\n<\/div>\n[\/vc_column_text][\/vc_column][\/vc_row]\n<\/section>","protected":false},"excerpt":{"rendered":"<p>[vc_row][vc_column][vc_empty_space height=&#8221;16px&#8221;][\/vc_column][\/vc_row][vc_row][vc_column el_class=&#8221;col-solo&#8221;][vc_column_text el_class=&#8221;list-special&#8221;] La satisfaction du client est notre priorit\u00e9 absolue Nous nous engageons \u00e0 vous fournir le meilleur service et la meilleure assistance, afin que vous soyez enti\u00e8rement satisfait de votre achat. Si votre commande est incorrecte, endommag\u00e9e, d\u00e9fectueuse ou si elle ne vous satisfait pas, veuillez nous contacter dans les 15 jours&hellip;<\/p>\n","protected":false},"author":1,"featured_media":0,"parent":5131,"menu_order":0,"comment_status":"closed","ping_status":"closed","template":"page-info.php","meta":{"_acf_changed":false,"inline_featured_image":false,"footnotes":""},"class_list":["post-5100","page","type-page","status-publish","hentry"],"acf":[],"yoast_head":"<!-- This site is optimized with the Yoast SEO plugin v26.8 - https:\/\/yoast.com\/product\/yoast-seo-wordpress\/ -->\n<title>Garantie et \u00e9changes | ViiSona<\/title>\n<meta name=\"robots\" content=\"index, follow, max-snippet:-1, max-image-preview:large, max-video-preview:-1\" \/>\n<link rel=\"canonical\" href=\"https:\/\/viisona.com\/fr\/soutien\/garantie-et-echanges\/\" \/>\n<meta property=\"og:locale\" content=\"fr_FR\" \/>\n<meta property=\"og:type\" content=\"article\" \/>\n<meta property=\"og:title\" content=\"Garantie et \u00e9changes | ViiSona\" \/>\n<meta property=\"og:description\" content=\"[vc_row][vc_column][vc_empty_space height=&#8221;16px&#8221;][\/vc_column][\/vc_row][vc_row][vc_column el_class=&#8221;col-solo&#8221;][vc_column_text el_class=&#8221;list-special&#8221;] La satisfaction du client est notre priorit\u00e9 absolue Nous nous engageons \u00e0 vous fournir le meilleur service et la meilleure assistance, afin que vous soyez enti\u00e8rement satisfait de votre achat. Si votre commande est incorrecte, endommag\u00e9e, d\u00e9fectueuse ou si elle ne vous satisfait pas, veuillez nous contacter dans les 15 jours&hellip;\" \/>\n<meta property=\"og:url\" content=\"https:\/\/viisona.com\/fr\/soutien\/garantie-et-echanges\/\" \/>\n<meta property=\"og:site_name\" content=\"ViiSona\" \/>\n<meta property=\"article:modified_time\" content=\"2024-04-10T01:31:53+00:00\" \/>\n<meta name=\"twitter:card\" content=\"summary_large_image\" \/>\n<meta name=\"twitter:label1\" content=\"Dur\u00e9e de lecture estim\u00e9e\" \/>\n\t<meta name=\"twitter:data1\" content=\"3 minutes\" \/>\n<script type=\"application\/ld+json\" class=\"yoast-schema-graph\">{\"@context\":\"https:\/\/schema.org\",\"@graph\":[{\"@type\":\"WebPage\",\"@id\":\"https:\/\/viisona.com\/fr\/soutien\/garantie-et-echanges\/\",\"url\":\"https:\/\/viisona.com\/fr\/soutien\/garantie-et-echanges\/\",\"name\":\"Garantie et \u00e9changes | ViiSona\",\"isPartOf\":{\"@id\":\"https:\/\/viisona.com\/fr\/#website\"},\"datePublished\":\"2020-10-30T16:29:04+00:00\",\"dateModified\":\"2024-04-10T01:31:53+00:00\",\"breadcrumb\":{\"@id\":\"https:\/\/viisona.com\/fr\/soutien\/garantie-et-echanges\/#breadcrumb\"},\"inLanguage\":\"fr-FR\",\"potentialAction\":[{\"@type\":\"ReadAction\",\"target\":[\"https:\/\/viisona.com\/fr\/soutien\/garantie-et-echanges\/\"]}]},{\"@type\":\"BreadcrumbList\",\"@id\":\"https:\/\/viisona.com\/fr\/soutien\/garantie-et-echanges\/#breadcrumb\",\"itemListElement\":[{\"@type\":\"ListItem\",\"position\":1,\"name\":\"Home\",\"item\":\"https:\/\/viisona.com\/fr\/accueil\/\"},{\"@type\":\"ListItem\",\"position\":2,\"name\":\"Soutien\",\"item\":\"https:\/\/viisona.com\/fr\/soutien\/\"},{\"@type\":\"ListItem\",\"position\":3,\"name\":\"Garantie et \u00e9changes\"}]},{\"@type\":\"WebSite\",\"@id\":\"https:\/\/viisona.com\/fr\/#website\",\"url\":\"https:\/\/viisona.com\/fr\/\",\"name\":\"ViiSona\",\"description\":\"Am\u00e9liorer les r\u00e9sultats pour les agriculteurs et les s\u00e9lectionneurs dans les communaut\u00e9s agricoles et de s\u00e9lection.\",\"publisher\":{\"@id\":\"https:\/\/viisona.com\/fr\/#organization\"},\"potentialAction\":[{\"@type\":\"SearchAction\",\"target\":{\"@type\":\"EntryPoint\",\"urlTemplate\":\"https:\/\/viisona.com\/fr\/?s={search_term_string}\"},\"query-input\":{\"@type\":\"PropertyValueSpecification\",\"valueRequired\":true,\"valueName\":\"search_term_string\"}}],\"inLanguage\":\"fr-FR\"},{\"@type\":\"Organization\",\"@id\":\"https:\/\/viisona.com\/fr\/#organization\",\"name\":\"ViiSona\",\"url\":\"https:\/\/viisona.com\/fr\/\",\"logo\":{\"@type\":\"ImageObject\",\"inLanguage\":\"fr-FR\",\"@id\":\"https:\/\/viisona.com\/fr\/#\/schema\/logo\/image\/\",\"url\":\"https:\/\/viisona.com\/wp-content\/uploads\/2020\/08\/viisona_1_FULLY_RASTERED.png\",\"contentUrl\":\"https:\/\/viisona.com\/wp-content\/uploads\/2020\/08\/viisona_1_FULLY_RASTERED.png\",\"width\":1080,\"height\":307,\"caption\":\"ViiSona\"},\"image\":{\"@id\":\"https:\/\/viisona.com\/fr\/#\/schema\/logo\/image\/\"}}]}<\/script>\n<!-- \/ Yoast SEO plugin. -->","yoast_head_json":{"title":"Garantie et \u00e9changes | ViiSona","robots":{"index":"index","follow":"follow","max-snippet":"max-snippet:-1","max-image-preview":"max-image-preview:large","max-video-preview":"max-video-preview:-1"},"canonical":"https:\/\/viisona.com\/fr\/soutien\/garantie-et-echanges\/","og_locale":"fr_FR","og_type":"article","og_title":"Garantie et \u00e9changes | ViiSona","og_description":"[vc_row][vc_column][vc_empty_space height=&#8221;16px&#8221;][\/vc_column][\/vc_row][vc_row][vc_column el_class=&#8221;col-solo&#8221;][vc_column_text el_class=&#8221;list-special&#8221;] La satisfaction du client est notre priorit\u00e9 absolue Nous nous engageons \u00e0 vous fournir le meilleur service et la meilleure assistance, afin que vous soyez enti\u00e8rement satisfait de votre achat. Si votre commande est incorrecte, endommag\u00e9e, d\u00e9fectueuse ou si elle ne vous satisfait pas, veuillez nous contacter dans les 15 jours&hellip;","og_url":"https:\/\/viisona.com\/fr\/soutien\/garantie-et-echanges\/","og_site_name":"ViiSona","article_modified_time":"2024-04-10T01:31:53+00:00","twitter_card":"summary_large_image","twitter_misc":{"Dur\u00e9e de lecture estim\u00e9e":"3 minutes"},"schema":{"@context":"https:\/\/schema.org","@graph":[{"@type":"WebPage","@id":"https:\/\/viisona.com\/fr\/soutien\/garantie-et-echanges\/","url":"https:\/\/viisona.com\/fr\/soutien\/garantie-et-echanges\/","name":"Garantie et \u00e9changes | ViiSona","isPartOf":{"@id":"https:\/\/viisona.com\/fr\/#website"},"datePublished":"2020-10-30T16:29:04+00:00","dateModified":"2024-04-10T01:31:53+00:00","breadcrumb":{"@id":"https:\/\/viisona.com\/fr\/soutien\/garantie-et-echanges\/#breadcrumb"},"inLanguage":"fr-FR","potentialAction":[{"@type":"ReadAction","target":["https:\/\/viisona.com\/fr\/soutien\/garantie-et-echanges\/"]}]},{"@type":"BreadcrumbList","@id":"https:\/\/viisona.com\/fr\/soutien\/garantie-et-echanges\/#breadcrumb","itemListElement":[{"@type":"ListItem","position":1,"name":"Home","item":"https:\/\/viisona.com\/fr\/accueil\/"},{"@type":"ListItem","position":2,"name":"Soutien","item":"https:\/\/viisona.com\/fr\/soutien\/"},{"@type":"ListItem","position":3,"name":"Garantie et \u00e9changes"}]},{"@type":"WebSite","@id":"https:\/\/viisona.com\/fr\/#website","url":"https:\/\/viisona.com\/fr\/","name":"ViiSona","description":"Am\u00e9liorer les r\u00e9sultats pour les agriculteurs et les s\u00e9lectionneurs dans les communaut\u00e9s agricoles et de s\u00e9lection.","publisher":{"@id":"https:\/\/viisona.com\/fr\/#organization"},"potentialAction":[{"@type":"SearchAction","target":{"@type":"EntryPoint","urlTemplate":"https:\/\/viisona.com\/fr\/?s={search_term_string}"},"query-input":{"@type":"PropertyValueSpecification","valueRequired":true,"valueName":"search_term_string"}}],"inLanguage":"fr-FR"},{"@type":"Organization","@id":"https:\/\/viisona.com\/fr\/#organization","name":"ViiSona","url":"https:\/\/viisona.com\/fr\/","logo":{"@type":"ImageObject","inLanguage":"fr-FR","@id":"https:\/\/viisona.com\/fr\/#\/schema\/logo\/image\/","url":"https:\/\/viisona.com\/wp-content\/uploads\/2020\/08\/viisona_1_FULLY_RASTERED.png","contentUrl":"https:\/\/viisona.com\/wp-content\/uploads\/2020\/08\/viisona_1_FULLY_RASTERED.png","width":1080,"height":307,"caption":"ViiSona"},"image":{"@id":"https:\/\/viisona.com\/fr\/#\/schema\/logo\/image\/"}}]}},"jetpack_sharing_enabled":true,"_links":{"self":[{"href":"https:\/\/viisona.com\/fr\/wp-json\/wp\/v2\/pages\/5100","targetHints":{"allow":["GET"]}}],"collection":[{"href":"https:\/\/viisona.com\/fr\/wp-json\/wp\/v2\/pages"}],"about":[{"href":"https:\/\/viisona.com\/fr\/wp-json\/wp\/v2\/types\/page"}],"author":[{"embeddable":true,"href":"https:\/\/viisona.com\/fr\/wp-json\/wp\/v2\/users\/1"}],"replies":[{"embeddable":true,"href":"https:\/\/viisona.com\/fr\/wp-json\/wp\/v2\/comments?post=5100"}],"version-history":[{"count":2,"href":"https:\/\/viisona.com\/fr\/wp-json\/wp\/v2\/pages\/5100\/revisions"}],"predecessor-version":[{"id":5102,"href":"https:\/\/viisona.com\/fr\/wp-json\/wp\/v2\/pages\/5100\/revisions\/5102"}],"up":[{"embeddable":true,"href":"https:\/\/viisona.com\/fr\/wp-json\/wp\/v2\/pages\/5131"}],"wp:attachment":[{"href":"https:\/\/viisona.com\/fr\/wp-json\/wp\/v2\/media?parent=5100"}],"curies":[{"name":"wp","href":"https:\/\/api.w.org\/{rel}","templated":true}]}}